{"id":1047546,"date":"2024-06-17T15:26:18","date_gmt":"2024-06-17T07:26:18","guid":{"rendered":"https:\/\/vimaterial.de\/product\/cloruro-di-molibdeno-2\/"},"modified":"2024-06-17T15:26:18","modified_gmt":"2024-06-17T07:26:18","slug":"cloruro-di-molibdeno-2","status":"publish","type":"product","link":"https:\/\/vimaterial.de\/it\/product\/cloruro-di-molibdeno-2\/","title":{"rendered":"Cloruro di molibdeno"},"content":{"rendered":"<p><span style=\"color: #0000ff;\"><a style=\"color: #0000ff;\" href=\"https:\/\/vimaterial.de\/it\/search\/?type=name&#038;keyword=Molybdenum+Chloride\">Cloruro di molibdeno<\/a><\/span> (MoCl\u2085) \u00e8 un importante composto inorganico, che si presenta tipicamente come cristallo o polvere di colore scuro ed \u00e8 caratterizzato da un&#8217;elevata reattivit\u00e0. \u00c8 ampiamente utilizzato nella catalisi della sintesi organica, nei reagenti chimici e nella ricerca sui materiali, svolgendo un ruolo significativo nella chimica fine e nella ricerca scientifica.<\/p>\n<p>Forniamo pentacloruro di molibdeno di alta qualit\u00e0 con elevata purezza e prestazioni stabili, adatto per applicazioni quali la catalisi di sintesi organica, i reagenti chimici e la ricerca. Per qualsiasi esigenza, non esitate a contattarci; vi offriremo soluzioni e servizi professionali e personalizzati in base alle vostre specifiche esigenze applicative e ai vostri requisiti tecnici.<\/p>\n<h2><span style=\"font-size: 14pt;\">Propriet\u00e0 fisiche <\/span><\/h2>\n<p>Formula chimica: MoCl\u2085<\/p>\n<p>Peso molecolare: 273,20 g\/mol<\/p>\n<p>Aspetto: Nero-verdastro<\/p>\n<p>Punto di fusione: Si decompone intorno a 194 \u00b0C.<\/p>\n<p>Solubilit\u00e0: si idrolizza in acqua e reagisce con l&#8217;umidit\u00e0 dell&#8217;aria.<\/p>\n<p>Struttura: MoCl\u2085 \u00e8 generalmente dimerico allo stato solido, formando unit\u00e0 (MoCl\u2085)\u2082.<\/p>\n<h2><span style=\"font-size: 14pt;\">Applicazioni del cloruro di molibdeno(V) in polvere<\/span><\/h2>\n<p><strong>1. Catalisi:<\/strong> Il cloruro di molibdeno \u00e8 utilizzato come catalizzatore nella sintesi organica, in particolare in reazioni come la polimerizzazione delle olefine e altri tipi di trasformazioni chimiche in cui il molibdeno pu\u00f2 agire come un acido di Lewis.<\/p>\n<p><strong>2. Scienza dei materiali:<\/strong> Viene utilizzato nella preparazione di composti e materiali a base di molibdeno, utilizzati in applicazioni ad alta temperatura e resistenti alla corrosione.<\/p>\n<p><strong>3. Precursori per film sottili:<\/strong> MoCl\u2085 pu\u00f2 servire come precursore per la deposizione di film sottili di molibdeno o di composti contenenti molibdeno, soprattutto nella produzione di elettronica e semiconduttori.<\/p>\n<p><strong>4. Sintesi dei composti di molibdeno:<\/strong> MoCl\u2085 viene utilizzato per sintetizzare altri composti del molibdeno, come ossidi, solfuri e alogenuri di molibdeno, che trovano varie applicazioni nella catalisi e nella scienza dei materiali.<\/p>\n<h2><span style=\"font-size: 14pt;\">Manipolazione e stoccaggio<\/span><\/h2>\n<p><strong>Condizioni di manipolazione:<\/strong> Il pentacloruro di molibdeno \u00e8 altamente reattivo e deve essere maneggiato in un ambiente asciutto e ben ventilato. Evitare l&#8217;esposizione prolungata all&#8217;umidit\u00e0 e all&#8217;aria. Si raccomanda di operare in atmosfera inerte e di indossare dispositivi di protezione individuale adeguati, come guanti protettivi, occhiali di sicurezza e indumenti da laboratorio, per evitare irritazioni o corrosione della pelle e degli occhi.<\/p>\n<p><strong>Condizioni di stoccaggio:<\/strong> Il cloruro di molibdeno deve essere conservato in un contenitore ermetico in un luogo fresco e asciutto, lontano da umidit\u00e0 e agenti ossidanti forti. Si consiglia di utilizzare contenitori con una buona resistenza alla corrosione e a tenuta d&#8217;aria, e di conservarli sotto gas inerte o in un ambiente asciutto per mantenere la stabilit\u00e0 chimica e la qualit\u00e0 del prodotto.<\/p>\n<h2><span style=\"font-size: 14pt;\">Confezionamento di pentacloruro di molibdeno in polvere<\/span><\/h2>\n<p>Il pentacloruro di molibdeno in polvere \u00e8 tipicamente confezionato in contenitori ermetici rivestiti con materiali inerti per isolarlo efficacemente dall&#8217;aria e dall&#8217;umidit\u00e0. \u00c8 possibile fornire imballaggi di diverse dimensioni e specifiche in base alle esigenze del cliente, garantendo una qualit\u00e0 stabile e la sicurezza durante il trasporto e lo stoccaggio.<\/p>\n<p>Prodotti correlati<\/p>\n<table style=\"border-collapse: collapse; width: 100%; height: 48px;\">\n<tbody>\n<tr style=\"height: 24px;\">\n<td style=\"width: 33.3333%; height: 24px;\"><strong><span style=\"color: #0000ff;\"><a style=\"color: #0000ff;\" href=\"https:\/\/vimaterial.de\/it\/search\/?type=name&#038;keyword=Molybdenum+metal\">Molibdeno metallo<\/a><\/span><\/strong><\/td>\n<td style=\"width: 33.3333%; height: 24px;\"><strong><span style=\"color: #0000ff;\"><a style=\"color: #0000ff;\" href=\"https:\/\/vimaterial.de\/it\/search\/?type=name&#038;keyword=Molybdenum+oxide\">Ossido di molibdeno<\/a><\/span><\/strong><\/td>\n<td style=\"width: 33.3333%; height: 24px;\"><strong><span style=\"color: #0000ff;\"><a style=\"color: #0000ff;\" href=\"https:\/\/vimaterial.de\/it\/search\/?type=name&#038;keyword=Molybdenum+sulfide\">Solfuro di molibdeno<\/a><\/span><\/strong><\/td>\n<\/tr>\n<tr style=\"height: 24px;\">\n<td style=\"width: 33.3333%; height: 24px;\"><strong><span style=\"color: #0000ff;\"><a style=\"color: #0000ff;\" href=\"https:\/\/vimaterial.de\/it\/search\/?type=name&#038;keyword=Molybdenum+boride\">Boruro di molibdeno<\/a><\/span><\/strong><\/td>\n<td style=\"width: 33.3333%; height: 24px;\"><strong><span style=\"color: #0000ff;\"><a style=\"color: #0000ff;\" href=\"https:\/\/vimaterial.de\/it\/search\/?type=name&#038;keyword=Molybdenum+carbide\">Carburo di molibdeno<\/a><\/span><\/strong><\/td>\n<td style=\"width: 33.3333%; height: 24px;\"><strong><span style=\"color: #0000ff;\"><a style=\"color: #0000ff;\" href=\"https:\/\/vimaterial.de\/it\/search\/?type=name&#038;keyword=Molybdenum+silicide\">Siliciuro di molibdeno<\/a><\/span><\/strong><\/td>\n<\/tr>\n<\/tbody>\n<\/table>\n","protected":false},"excerpt":{"rendered":"<p>Cloruro di molibdeno (MoCl\u2085) \u00e8 un importante composto inorganico, che si presenta tipicamente come cristallo o polvere di colore scuro ed \u00e8 caratterizzato da un&#8217;elevata reattivit\u00e0. \u00c8 ampiamente utilizzato nella catalisi della sintesi organica, nei reagenti chimici e nella ricerca sui materiali, svolgendo un ruolo significativo nella chimica fine e nella ricerca scientifica. Forniamo pentacloruro [&hellip;]<\/p>\n","protected":false},"featured_media":1031811,"comment_status":"open","ping_status":"closed","template":"","meta":{"_acf_changed":false},"product_brand":[],"product_cat":[201],"product_tag":[],"class_list":{"0":"post-1047546","1":"product","2":"type-product","3":"status-publish","4":"has-post-thumbnail","6":"product_cat-materiali-a-base-di-alogenuri","8":"first","9":"instock","10":"shipping-taxable","11":"purchasable","12":"product-type-variable"},"acf":[],"_links":{"self":[{"href":"https:\/\/vimaterial.de\/it\/wp-json\/wp\/v2\/product\/1047546","targetHints":{"allow":["GET"]}}],"collection":[{"href":"https:\/\/vimaterial.de\/it\/wp-json\/wp\/v2\/product"}],"about":[{"href":"https:\/\/vimaterial.de\/it\/wp-json\/wp\/v2\/types\/product"}],"replies":[{"embeddable":true,"href":"https:\/\/vimaterial.de\/it\/wp-json\/wp\/v2\/comments?post=1047546"}],"wp:featuredmedia":[{"embeddable":true,"href":"https:\/\/vimaterial.de\/it\/wp-json\/wp\/v2\/media\/1031811"}],"wp:attachment":[{"href":"https:\/\/vimaterial.de\/it\/wp-json\/wp\/v2\/media?parent=1047546"}],"wp:term":[{"taxonomy":"product_brand","embeddable":true,"href":"https:\/\/vimaterial.de\/it\/wp-json\/wp\/v2\/product_brand?post=1047546"},{"taxonomy":"product_cat","embeddable":true,"href":"https:\/\/vimaterial.de\/it\/wp-json\/wp\/v2\/product_cat?post=1047546"},{"taxonomy":"product_tag","embeddable":true,"href":"https:\/\/vimaterial.de\/it\/wp-json\/wp\/v2\/product_tag?post=1047546"}],"curies":[{"name":"wp","href":"https:\/\/api.w.org\/{rel}","templated":true}]}}