{"id":1046879,"date":"2024-06-17T15:29:41","date_gmt":"2024-06-17T07:29:41","guid":{"rendered":"https:\/\/vimaterial.de\/product\/siliciuro-di-molibdeno-2\/"},"modified":"2024-06-17T15:29:41","modified_gmt":"2024-06-17T07:29:41","slug":"siliciuro-di-molibdeno-2","status":"publish","type":"product","link":"https:\/\/vimaterial.de\/it\/product\/siliciuro-di-molibdeno-2\/","title":{"rendered":"Siliciuro di molibdeno"},"content":{"rendered":"<p>Le <strong>polveri<span style=\"color: #0000ff;\"><a style=\"color: #0000ff;\" href=\"https:\/\/vimaterial.de\/it\/search\/?type=element&#038;keyword=MoSi2\">di molibdeno silicizzato<\/a><\/span><\/strong> sono polveri intermetalliche composte da molibdeno e silicio con elevati punti di fusione, elevata durezza, buona resistenza all&#8217;ossidazione e conducibilit\u00e0 elettrica.<\/p>\n<p><span style=\"color: #0000ff;\"><a style=\"color: #0000ff;\" href=\"https:\/\/vimaterial.de\/it\/su-di-noi\/\"><strong>VIMATERIALE<\/strong><\/a><\/span> offre polvere di molibdeno silicizzato di elevata purezza, garantendo la qualit\u00e0 del prodotto. Diamo inoltre priorit\u00e0 ai tempi di consegna, assicurando la consegna tempestiva di prodotti di alta qualit\u00e0. Inoltre, offriamo un sistema completo di assistenza post-vendita per offrirvi un&#8217;esperienza di servizio superiore. <span style=\"color: #0000ff;\"><strong><a style=\"color: #0000ff;\" href=\"https:\/\/vimaterial.de\/it\/contatto\/\">Contattateci<\/a><\/strong><\/span> se necessario!<\/p>\n<h2><span style=\"font-size: 14pt;\">Propriet\u00e0 fisiche<\/span><\/h2>\n<table style=\"border-collapse: collapse; width: 62.5646%; height: 171px;\">\n<tbody>\n<tr style=\"height: 24px;\">\n<td style=\"width: 20.1261%; height: 24px;\"><strong>Parametro<\/strong><\/td>\n<td style=\"width: 48.0371%; height: 24px;\"><strong>Valore<\/strong><\/td>\n<\/tr>\n<tr style=\"height: 27px;\">\n<td style=\"width: 20.1261%; height: 27px;\">Formula chimica<\/td>\n<td style=\"width: 48.0371%; height: 27px;\"><sub>MoSi2<\/sub><\/td>\n<\/tr>\n<tr style=\"height: 24px;\">\n<td style=\"width: 20.1261%; height: 24px;\">Peso molecolare<\/td>\n<td style=\"width: 48.0371%; height: 24px;\">152.13 g\/mol<\/td>\n<\/tr>\n<tr style=\"height: 24px;\">\n<td style=\"width: 20.1261%; height: 24px;\">Aspetto<\/td>\n<td style=\"width: 48.0371%; height: 24px;\">Grigio scuro<\/td>\n<\/tr>\n<tr style=\"height: 24px;\">\n<td style=\"width: 20.1261%; height: 24px;\">Densit\u00e0<\/td>\n<td style=\"width: 48.0371%; height: 24px;\">6.31g\/cm\u00b3<\/td>\n<\/tr>\n<tr style=\"height: 24px;\">\n<td style=\"width: 20.1261%; height: 24px;\">Punto di fusione<\/td>\n<td style=\"width: 48.0371%; height: 24px;\">1870-2030 \u00b0C<\/td>\n<\/tr>\n<tr style=\"height: 24px;\">\n<td style=\"width: 20.1261%; height: 24px;\">Solubilit\u00e0<\/td>\n<td style=\"width: 48.0371%; height: 24px;\">Insolubile nella maggior parte degli acidi, ma solubile in acido fluoridrico e acido nitrico.<\/td>\n<\/tr>\n<\/tbody>\n<\/table>\n<h2><span style=\"font-size: 14pt;\">Perch\u00e9 scegliere noi?<\/span><\/h2>\n<p><strong>Supporto tecnico completo:<\/strong> Dalla consultazione pre-vendita all&#8217;assistenza post-vendita, ci assicuriamo che i clienti acquistino i prodotti adatti e siano soddisfatti dei nostri servizi, formando una cooperazione a lungo termine e sostenibile.<\/p>\n<p><strong>Prodotti personalizzati:<\/strong> Offriamo servizi di personalizzazione: se le vostre esigenze non sono presenti nel nostro elenco, possiamo personalizzarle per voi.<\/p>\n<p><strong>Possiamo fornire campioni per test di terze parti:<\/strong> Se avete domande sulla qualit\u00e0 del prodotto, possiamo fornire campioni per test di terze parti su richiesta per garantire i vostri diritti.<\/p>\n<p><strong>Rapporto TDS\/MSDS\/COA:<\/strong> Forniremo un rapporto COA con ogni lotto di prodotti per garantire che la qualit\u00e0 sia monitorata e controllata. Forniamo anche rapporti MSDS e TDS su richiesta.<\/p>\n<h2><span style=\"font-size: 14pt;\">Informazioni sull&#8217;imballaggio<\/span><\/h2>\n<p><strong>Imballaggio interno:<\/strong> Bottiglia\/sacchetto a doppio strato sigillato sottovuoto<\/p>\n<p><strong>Imballaggio esterno:<\/strong> Cartone riempito di schiuma morbida<\/p>\n<p>Conservare in un ambiente asciutto, fresco e ben ventilato, mantenere la confezione sigillata e tenerla lontana da sostanze chimiche incompatibili.<\/p>\n<h2><span style=\"font-size: 14pt;\">Applicazioni del molibdeno silicizzato in polvere<\/span><\/h2>\n<p><span style=\"color: #000000;\"><strong>Campo delle alte temperature<\/strong><\/span><\/p>\n<p>Elemento riscaldante elettrico: utilizzato in forni e fornaci ad alta temperatura, apparecchiature di riscaldamento per laboratori, ecc.<\/p>\n<p>Scambiatore di calore: utilizzato nei reattori atomici e in altri scambiatori di calore, pu\u00f2 trasferire efficacemente il calore.<\/p>\n<p><span style=\"color: #000000;\"><strong>Campo elettronico<\/strong><\/span><\/p>\n<p>Circuiti integrati: come materiale candidato per i film di fili di interconnessione e di gate dei circuiti integrati su larga scala.<\/p>\n<p><span style=\"color: #000000;\"><strong>Aerospaziale<\/strong><\/span><\/p>\n<p>Rivestimento antiossidante: Il siliciuro di molibdeno pu\u00f2 formare un film protettivo ossidativo denso, migliorando le prestazioni antiossidanti dei componenti.<\/p>\n<p><span style=\"color: #000000;\"><strong>Settore automobilistico<\/strong><\/span><\/p>\n<p>Componenti del motore: come il rotore del turbocompressore, il corpo valvola, le candele, ecc.<\/p>\n<p><span style=\"color: #000000;\"><strong>Altri aspetti<\/strong><\/span><\/p>\n<p>Materiali resistenti all&#8217;usura: Il siliciuro di molibdeno \u00e8 utilizzato per produrre parti resistenti all&#8217;usura come utensili da taglio, stampi, cuscinetti, ecc.<\/p>\n<p>Materiale di collegamento ceramico: come materiale di collegamento della ceramica strutturale, pu\u00f2 collegare parti in ceramica in parti strutturali complesse.<\/p>\n<h2><span style=\"font-size: 14pt;\">Prodotti correlati<\/span><\/h2>\n<table style=\"border-collapse: collapse; width: 100%;\">\n<tbody>\n<tr>\n<td style=\"width: 33.3333%;\"><span style=\"color: #0000ff;\"><strong><a style=\"color: #0000ff;\" href=\"https:\/\/vimaterial.de\/it\/product\/molibdeno-metallico-3\/\">Polvere di molibdeno<\/a><\/strong><\/span><\/td>\n<td style=\"width: 33.3333%;\"><span style=\"color: #0000ff;\"><strong><a style=\"color: #0000ff;\" href=\"https:\/\/vimaterial.de\/it\/product\/molibdeno-metallico-6\/\">Foglio di molibdeno<\/a><\/strong><\/span><\/td>\n<td style=\"width: 33.3333%;\"><span style=\"color: #0000ff;\"><strong><a style=\"color: #0000ff;\" href=\"https:\/\/vimaterial.de\/it\/product\/carburo-di-molibdeno-2\/\">Carburo di molibdeno<\/a><\/strong><\/span><\/td>\n<\/tr>\n<tr>\n<td style=\"width: 33.3333%;\"><span style=\"color: #0000ff;\"><strong><a style=\"color: #0000ff;\" href=\"https:\/\/vimaterial.de\/it\/product\/ossido-di-molibdeno-4\/\">Ossido di molibdeno<\/a><\/strong><\/span><\/td>\n<td style=\"width: 33.3333%;\"><span style=\"color: #0000ff;\"><strong><a style=\"color: #0000ff;\" href=\"https:\/\/vimaterial.de\/it\/product\/boruro-di-molibdeno\/\">Boruro di molibdeno<\/a><\/strong><\/span><\/td>\n<td style=\"width: 33.3333%;\"><span style=\"color: #0000ff;\"><strong><a style=\"color: #0000ff;\" href=\"https:\/\/vimaterial.de\/it\/product\/solfuro-di-molibdeno\/\">Solfuro di molibdeno<\/a><\/strong><\/span><\/td>\n<\/tr>\n<\/tbody>\n<\/table>\n<h2><span style=\"font-size: 14pt;\">DOMANDE FREQUENTI<\/span><\/h2>\n<p><strong>Q1: A cosa serve il disiliciuro di molibdeno?<\/strong><\/p>\n<p>R: Il siliciuro di molibdeno ha un&#8217;ampia gamma di applicazioni nei settori ad alta temperatura, nell&#8217;elettronica, nell&#8217;aerospaziale e nell&#8217;industria automobilistica, come illustrato nel modulo applicativo sopra riportato.<\/p>\n<p><strong>D2: Il bisolfuro di molibdeno \u00e8 pericoloso?<\/strong><\/p>\n<p>R: Il disiliciuro di molibdeno non \u00e8 una merce pericolosa e pu\u00f2 essere trasportato come carico generale.<\/p>\n<p><strong>D3: Qual \u00e8 la resistivit\u00e0 dei siliciuri di molibdeno?<\/strong><\/p>\n<p>R: La resistivit\u00e0 del siliciuro di molibdeno varia con la temperatura e altre condizioni, ma a temperatura ambiente la sua resistivit\u00e0 varia tipicamente da pochi microohm (\u03bc\u03a9-m) a decine di microohm. I valori specifici dipendono dalla purezza e dalla struttura cristallina del materiale. Secondo ricerche specializzate, la resistivit\u00e0 del molibdeno silicizzato di elevata purezza a temperatura ambiente pu\u00f2 arrivare a circa 5 \u03bc\u03a9-m.<\/p>\n","protected":false},"excerpt":{"rendered":"<p>Le polveridi molibdeno silicizzato sono polveri intermetalliche composte da molibdeno e silicio con elevati punti di fusione, elevata durezza, buona resistenza all&#8217;ossidazione e conducibilit\u00e0 elettrica. VIMATERIALE offre polvere di molibdeno silicizzato di elevata purezza, garantendo la qualit\u00e0 del prodotto. Diamo inoltre priorit\u00e0 ai tempi di consegna, assicurando la consegna tempestiva di prodotti di alta qualit\u00e0. [&hellip;]<\/p>\n","protected":false},"featured_media":1031901,"comment_status":"open","ping_status":"closed","template":"","meta":{"_acf_changed":false},"product_brand":[],"product_cat":[202],"product_tag":[],"class_list":{"0":"post-1046879","1":"product","2":"type-product","3":"status-publish","4":"has-post-thumbnail","6":"product_cat-materiali-c-n-b-si","8":"first","9":"instock","10":"shipping-taxable","11":"purchasable","12":"product-type-variable"},"acf":[],"_links":{"self":[{"href":"https:\/\/vimaterial.de\/it\/wp-json\/wp\/v2\/product\/1046879","targetHints":{"allow":["GET"]}}],"collection":[{"href":"https:\/\/vimaterial.de\/it\/wp-json\/wp\/v2\/product"}],"about":[{"href":"https:\/\/vimaterial.de\/it\/wp-json\/wp\/v2\/types\/product"}],"replies":[{"embeddable":true,"href":"https:\/\/vimaterial.de\/it\/wp-json\/wp\/v2\/comments?post=1046879"}],"wp:featuredmedia":[{"embeddable":true,"href":"https:\/\/vimaterial.de\/it\/wp-json\/wp\/v2\/media\/1031901"}],"wp:attachment":[{"href":"https:\/\/vimaterial.de\/it\/wp-json\/wp\/v2\/media?parent=1046879"}],"wp:term":[{"taxonomy":"product_brand","embeddable":true,"href":"https:\/\/vimaterial.de\/it\/wp-json\/wp\/v2\/product_brand?post=1046879"},{"taxonomy":"product_cat","embeddable":true,"href":"https:\/\/vimaterial.de\/it\/wp-json\/wp\/v2\/product_cat?post=1046879"},{"taxonomy":"product_tag","embeddable":true,"href":"https:\/\/vimaterial.de\/it\/wp-json\/wp\/v2\/product_tag?post=1046879"}],"curies":[{"name":"wp","href":"https:\/\/api.w.org\/{rel}","templated":true}]}}