{"id":1046840,"date":"2024-06-17T15:56:42","date_gmt":"2024-06-17T07:56:42","guid":{"rendered":"https:\/\/vimaterial.de\/product\/bismuto-metallico-4\/"},"modified":"2024-06-17T15:56:42","modified_gmt":"2024-06-17T07:56:42","slug":"bismuto-metallico-4","status":"publish","type":"product","link":"https:\/\/vimaterial.de\/it\/product\/bismuto-metallico-4\/","title":{"rendered":"Bismuto metallico"},"content":{"rendered":"<p><span style=\"color: #0000ff;\"><a style=\"color: #0000ff;\" href=\"http:\/\/vimaterial.de\/en\/search\/?type=name&amp;keyword=bismuth\"><strong>Il bismuto metallico<\/strong><\/a><\/span> \u00e8 un metallo bianco-argenteo con una forma cristallina esaedrica ortorombica. \u00c8 comunemente usato per sostituire metalli tossici come il piombo e l&#8217;antimonio ed \u00e8 ampiamente riconosciuto come un &#8220;metallo verde&#8221; sano ed ecologico <strong><span style=\"color: #0000ff;\"><a style=\"color: #0000ff;\" href=\"https:\/\/vimaterial.de\/it\/su-di-noi\/\">VIMATERIALE<\/a><\/span><\/strong> offre <strong>granuli di bismuto di elevata purezza<\/strong>, personalizzabili in purezza e dimensioni per soddisfare esigenze specifiche. Impieghiamo rigorosi processi di controllo della qualit\u00e0 per garantire la qualit\u00e0 del prodotto.<\/p>\n<p>Inoltre, garantiamo consegne puntuali, assicurando la qualit\u00e0 del prodotto e servendo i nostri clienti con la massima rapidit\u00e0. Forniamo anche un sistema completo di assistenza post-vendita per garantire un supporto completo durante l&#8217;utilizzo. Per favore <strong><span style=\"color: #0000ff;\"><a style=\"color: #0000ff;\" href=\"https:\/\/vimaterial.de\/it\/contatto\/\">contattateci<\/a><\/span><\/strong> se necessario!<\/p>\n<h2><span style=\"font-size: 14pt;\">Propriet\u00e0 fisiche<\/span><\/h2>\n<table style=\"border-collapse: collapse; width: 61.238%; height: 168px;\">\n<tbody>\n<tr style=\"height: 24px;\">\n<td style=\"width: 25.2458%; height: 24px;\"><strong>Parametro<\/strong><\/td>\n<td style=\"width: 35.9922%; height: 24px;\"><strong>Valore<\/strong><\/td>\n<\/tr>\n<tr style=\"height: 24px;\">\n<td style=\"width: 25.2458%; height: 24px;\">Formula chimica<\/td>\n<td style=\"width: 35.9922%; height: 24px;\">Bi<\/td>\n<\/tr>\n<tr style=\"height: 24px;\">\n<td style=\"width: 25.2458%; height: 24px;\">Peso molecolare<\/td>\n<td style=\"width: 35.9922%; height: 24px;\">208.98 g\/mol<\/td>\n<\/tr>\n<tr style=\"height: 24px;\">\n<td style=\"width: 25.2458%; height: 24px;\">Aspetto<\/td>\n<td style=\"width: 35.9922%; height: 24px;\">Bianco-argento con lucentezza metallica<\/td>\n<\/tr>\n<tr style=\"height: 24px;\">\n<td style=\"width: 25.2458%; height: 24px;\">Purezza<\/td>\n<td style=\"width: 35.9922%; height: 24px;\">99.99%-99.999%<\/td>\n<\/tr>\n<tr style=\"height: 24px;\">\n<td style=\"width: 25.2458%; height: 24px;\">Densit\u00e0<\/td>\n<td style=\"width: 35.9922%; height: 24px;\">9.78g\/cm3<\/td>\n<\/tr>\n<tr style=\"height: 24px;\">\n<td style=\"width: 25.2458%; height: 24px;\">Punto di fusione<\/td>\n<td style=\"width: 35.9922%; height: 24px;\">271.5\u2103<\/td>\n<\/tr>\n<tr>\n<td style=\"width: 25.2458%;\">Durezza<\/td>\n<td style=\"width: 35.9922%;\">La consistenza \u00e8 fragile, la durezza non \u00e8 elevata.<\/td>\n<\/tr>\n<tr>\n<td style=\"width: 25.2458%;\">Stabilit\u00e0<\/td>\n<td style=\"width: 35.9922%;\">Stabile; tenere lontano da ambienti fortemente acidi o alcalini.<\/td>\n<\/tr>\n<\/tbody>\n<\/table>\n<h2><span style=\"font-size: 14pt;\">Perch\u00e9 scegliere noi?<\/span><\/h2>\n<p><strong>Supporto tecnico completo:<\/strong> Dalla consultazione pre-vendita all&#8217;assistenza post-vendita, ci assicuriamo che i clienti acquistino i prodotti adatti e siano soddisfatti dei nostri servizi, formando una cooperazione a lungo termine e sostenibile.<\/p>\n<p><strong>Prodotti personalizzati:<\/strong> Offriamo servizi di personalizzazione: se le vostre esigenze non sono presenti nel nostro elenco, possiamo personalizzarle per voi.<\/p>\n<p><strong>Possiamo fornire campioni per test di terze parti:<\/strong> Se avete domande sulla qualit\u00e0 del prodotto, possiamo fornire campioni per test di terze parti su richiesta per garantire i vostri diritti.<\/p>\n<p><strong>Rapporto TDS\/MSDS\/COA:<\/strong> Forniremo un rapporto COA con ogni lotto di prodotti per garantire che la qualit\u00e0 sia monitorata e controllata. Forniamo anche rapporti MSDS e TDS su richiesta.<\/p>\n<h2><span style=\"font-size: 14pt;\">Informazioni sull&#8217;imballaggio dei granuli di bismuto<\/span><\/h2>\n<p><strong>Imballaggio interno:<\/strong> Bottiglia\/sacchetto a doppio strato sigillato sottovuoto<\/p>\n<p><strong>Imballaggio esterno:<\/strong> Cartone riempito di schiuma morbida<\/p>\n<p>Il prodotto deve essere conservato in un ambiente asciutto, fresco e ben ventilato, mantenendo la confezione sigillata ed evitando temperature elevate, alta umidit\u00e0, luce e contatto con altre sostanze chimiche.<\/p>\n<h2><span style=\"font-size: 14pt;\">Metodi di fusione dei granuli di bismuto <\/span><\/h2>\n<p><strong>1. Pirometallurgia<\/strong><\/p>\n<p>La pirometallurgia \u00e8 un metodo di fusione tradizionale. Il suo principio consiste nell&#8217;utilizzare l&#8217;elevato punto di fusione del bismuto metallico, riscaldando la materia prima di bismuto fino a farla fondere, per poi solidificarla e modellarla. I vantaggi di questo metodo sono la semplicit\u00e0 e il basso costo, ma presenta anche degli svantaggi come l&#8217;elevato consumo energetico e il notevole inquinamento.<\/p>\n<p><strong>3. Idrometallurgia<\/strong><\/p>\n<p>L&#8217;idrometallurgia \u00e8 un metodo di fusione pi\u00f9 avanzato. Il suo principio consiste nell&#8217;utilizzare la reazione chimica degli ioni di bismuto in soluzione per ridurli a bismuto metallico. I vantaggi di questo metodo sono il rispetto dell&#8217;ambiente, l&#8217;efficienza energetica e l&#8217;alto rendimento, ma presenta anche degli svantaggi, come gli alti costi delle attrezzature e la complessit\u00e0 dei processi.<\/p>\n<h2><span style=\"font-size: 14pt;\">Applicazioni dei granuli di bismuto metallico<\/span><\/h2>\n<p>Industria elettronica: Poich\u00e9 il bismuto ha una certa conducibilit\u00e0 elettrica e termica, le particelle di bismuto possono essere utilizzate come riempitivi conduttivi per migliorare la conducibilit\u00e0 elettrica degli impasti.<\/p>\n<p>Produzione di leghe: Le particelle di bismuto possono essere utilizzate come componenti aggiunti della lega per regolarne le propriet\u00e0, come la riduzione del punto di fusione della lega e l&#8217;aumento della sua durezza.<\/p>\n<p>Applicazione industriale: Le particelle di bismuto possono essere utilizzate per produrre catalizzatori a base di bismuto, pigmenti, cosmetici, ecc.<\/p>\n<h2><span style=\"font-size: 14pt;\">Prodotti correlati<\/span><\/h2>\n<table style=\"border-collapse: collapse; width: 100%; height: 48px;\">\n<tbody>\n<tr style=\"height: 24px;\">\n<td style=\"width: 33.3333%; height: 24px;\"><strong><span style=\"color: #0000ff;\"><a style=\"color: #0000ff;\" href=\"https:\/\/vimaterial.de\/it\/product\/bismuto-metallico-5\/\">Bismuto in polvere<\/a><\/span><\/strong><\/td>\n<td style=\"width: 33.3333%; height: 24px;\"><strong><span style=\"color: #0000ff;\"><a style=\"color: #0000ff;\" href=\"https:\/\/vimaterial.de\/it\/product\/bismuto-metallico-3\/\">Bersaglio sputtering di bismuto<\/a><\/span><\/strong><\/td>\n<td style=\"width: 33.3333%; height: 24px;\"><strong><span style=\"color: #0000ff;\"><a style=\"color: #0000ff;\" href=\"https:\/\/vimaterial.de\/it\/product\/bismuto-metallico-2\/\">Asta di bismuto<\/a><\/span><\/strong><\/td>\n<\/tr>\n<tr style=\"height: 24px;\">\n<td style=\"width: 33.3333%; height: 24px;\"><strong><span style=\"color: #0000ff;\"><a style=\"color: #0000ff;\" href=\"https:\/\/vimaterial.de\/it\/search\/?type=name&#038;keyword=bismuth+oxide\">Ossido di bismuto<\/a><\/span><\/strong><\/td>\n<td style=\"width: 33.3333%; height: 24px;\"><strong><span style=\"color: #0000ff;\"><a style=\"color: #0000ff;\" href=\"https:\/\/vimaterial.de\/it\/search\/?type=element&#038;keyword=Bi2Te3\">Tellururo di bismuto<\/a><\/span><\/strong><\/td>\n<td style=\"width: 33.3333%; height: 24px;\"><strong><span style=\"color: #0000ff;\"><a style=\"color: #0000ff;\" href=\"https:\/\/vimaterial.de\/it\/search\/?type=name&#038;keyword=Bismuth+Sulfide\">Solfuro di bismuto<\/a><\/span><\/strong><\/td>\n<\/tr>\n<\/tbody>\n<\/table>\n<h2><span style=\"font-size: 14pt;\">DOMANDE FREQUENTI<\/span><\/h2>\n<p><strong>D1: Il bismuto \u00e8 un materiale pericoloso?<\/strong><\/p>\n<p>R: I granuli di bismuto non sono merci pericolose e possono essere gestiti come merci ordinarie.<\/p>\n<p>Tuttavia, la polvere di bismuto \u00e8 pericolosa e infiammabile. Quando la si utilizza, \u00e8 necessario tenerla lontana da fonti di calore, superfici calde, scintille, fiamme libere e altre fonti di accensione. \u00c8 vietato fumare e occorre adottare misure per evitare la formazione di elettricit\u00e0 statica.<\/p>\n<p><strong>D2: Quali sono i tempi di consegna?<\/strong><\/p>\n<p>R: In magazzino: Spedizione immediata<\/p>\n<p>Prodotti standard: Generalmente 2-4 settimane<\/p>\n<p>Prodotti personalizzati: Determinati in base ai dettagli richiesti<\/p>\n<p>I requisiti speciali possono essere discussi<\/p>\n<p><strong>Q3: Fornite un file MSDS?<\/strong><\/p>\n<p>R: S\u00ec, forniamo file TDS e MSDS. Il pulsante &#8220;MSDS&#8221; e &#8220;TDS&#8221; si trova sotto la casella di richiesta a destra dell&#8217;immagine del prodotto.<\/p>\n","protected":false},"excerpt":{"rendered":"<p>Il bismuto metallico \u00e8 un metallo bianco-argenteo con una forma cristallina esaedrica ortorombica. \u00c8 comunemente usato per sostituire metalli tossici come il piombo e l&#8217;antimonio ed \u00e8 ampiamente riconosciuto come un &#8220;metallo verde&#8221; sano ed ecologico VIMATERIALE offre granuli di bismuto di elevata purezza, personalizzabili in purezza e dimensioni per soddisfare esigenze specifiche. Impieghiamo rigorosi [&hellip;]<\/p>\n","protected":false},"featured_media":1033566,"comment_status":"open","ping_status":"closed","template":"","meta":{"_acf_changed":false},"product_brand":[],"product_cat":[198],"product_tag":[],"class_list":{"0":"post-1046840","1":"product","2":"type-product","3":"status-publish","4":"has-post-thumbnail","6":"product_cat-materiali-per-levaporazione","8":"first","9":"instock","10":"shipping-taxable","11":"purchasable","12":"product-type-variable"},"acf":[],"_links":{"self":[{"href":"https:\/\/vimaterial.de\/it\/wp-json\/wp\/v2\/product\/1046840","targetHints":{"allow":["GET"]}}],"collection":[{"href":"https:\/\/vimaterial.de\/it\/wp-json\/wp\/v2\/product"}],"about":[{"href":"https:\/\/vimaterial.de\/it\/wp-json\/wp\/v2\/types\/product"}],"replies":[{"embeddable":true,"href":"https:\/\/vimaterial.de\/it\/wp-json\/wp\/v2\/comments?post=1046840"}],"wp:featuredmedia":[{"embeddable":true,"href":"https:\/\/vimaterial.de\/it\/wp-json\/wp\/v2\/media\/1033566"}],"wp:attachment":[{"href":"https:\/\/vimaterial.de\/it\/wp-json\/wp\/v2\/media?parent=1046840"}],"wp:term":[{"taxonomy":"product_brand","embeddable":true,"href":"https:\/\/vimaterial.de\/it\/wp-json\/wp\/v2\/product_brand?post=1046840"},{"taxonomy":"product_cat","embeddable":true,"href":"https:\/\/vimaterial.de\/it\/wp-json\/wp\/v2\/product_cat?post=1046840"},{"taxonomy":"product_tag","embeddable":true,"href":"https:\/\/vimaterial.de\/it\/wp-json\/wp\/v2\/product_tag?post=1046840"}],"curies":[{"name":"wp","href":"https:\/\/api.w.org\/{rel}","templated":true}]}}