{"id":1046802,"date":"2024-06-17T15:56:42","date_gmt":"2024-06-17T07:56:42","guid":{"rendered":"https:\/\/vimaterial.de\/product\/bismuto-metallico-5\/"},"modified":"2024-06-17T15:56:42","modified_gmt":"2024-06-17T07:56:42","slug":"bismuto-metallico-5","status":"publish","type":"product","link":"https:\/\/vimaterial.de\/it\/product\/bismuto-metallico-5\/","title":{"rendered":"Bismuto metallico"},"content":{"rendered":"<p>La <strong>polvere di bismuto<\/strong> \u00e8 un&#8217;importante materia prima funzionale ampiamente utilizzata nei materiali elettronici, nei prodotti chimici, nella metallurgia e in altri settori industriali. La <strong>polvere<span style=\"color: #0000ff;\"><a style=\"color: #0000ff;\" href=\"https:\/\/vimaterial.de\/it\/search\/?type=name&#038;keyword=bismuth+metal\">di bismuto metallico<\/a><\/span><\/strong> di VIMATERIAL vanta una purezza fino al 99,999%, grazie a un rigoroso controllo di qualit\u00e0 e a molteplici processi di raffinazione e purificazione. I rigorosi processi di produzione e la gestione della qualit\u00e0 garantiscono un&#8217;elevata costanza e stabilit\u00e0 da lotto a lotto.<\/p>\n<p>Inoltre, diamo priorit\u00e0 ai tempi di consegna, assicurando una consegna tempestiva e sicura ai nostri clienti. Inoltre, forniamo un sistema completo di assistenza post-vendita per garantire un supporto completo durante l&#8217;utilizzo. <span style=\"color: #0000ff;\"><strong><a style=\"color: #0000ff;\" href=\"https:\/\/vimaterial.de\/it\/contatto\/\">Contattateci<\/a><\/strong><\/span> ora!<\/p>\n<h2><span style=\"font-size: 14pt;\">Propriet\u00e0 fisiche<\/span><\/h2>\n<table style=\"border-collapse: collapse; width: 53.9425%; height: 216px;\">\n<tbody>\n<tr style=\"height: 24px;\">\n<td style=\"width: 23.1761%; height: 24px;\"><strong>Parametro<\/strong><\/td>\n<td style=\"width: 30.7664%; height: 24px;\"><strong>Valore<\/strong><\/td>\n<\/tr>\n<tr style=\"height: 24px;\">\n<td style=\"width: 23.1761%; height: 24px;\">Formula chimica<\/td>\n<td style=\"width: 30.7664%; height: 24px;\">Bi<\/td>\n<\/tr>\n<tr style=\"height: 24px;\">\n<td style=\"width: 23.1761%; height: 24px;\">Peso molecolare<\/td>\n<td style=\"width: 30.7664%; height: 24px;\">208.98 g\/mol<\/td>\n<\/tr>\n<tr style=\"height: 24px;\">\n<td style=\"width: 23.1761%; height: 24px;\">Aspetto<\/td>\n<td style=\"width: 30.7664%; height: 24px;\">Grigio scuro<\/td>\n<\/tr>\n<tr style=\"height: 24px;\">\n<td style=\"width: 23.1761%; height: 24px;\">Purezza<\/td>\n<td style=\"width: 30.7664%; height: 24px;\">99.95%-99.999%<\/td>\n<\/tr>\n<tr style=\"height: 24px;\">\n<td style=\"width: 23.1761%; height: 24px;\">Densit\u00e0<\/td>\n<td style=\"width: 30.7664%; height: 24px;\">9.<sup>78g\/cm3<\/sup><\/td>\n<\/tr>\n<tr style=\"height: 24px;\">\n<td style=\"width: 23.1761%; height: 24px;\">Punto di fusione<\/td>\n<td style=\"width: 30.7664%; height: 24px;\">271.5\u2103<\/td>\n<\/tr>\n<tr style=\"height: 24px;\">\n<td style=\"width: 23.1761%; height: 24px;\">Punto di ebollizione<\/td>\n<td style=\"width: 30.7664%; height: 24px;\">1564\u2103<\/td>\n<\/tr>\n<tr style=\"height: 24px;\">\n<td style=\"width: 23.1761%; height: 24px;\">Stabilit\u00e0<\/td>\n<td style=\"width: 30.7664%; height: 24px;\">Relativamente stabile, non facile da reagire con ossigeno, acqua e altre sostanze<\/td>\n<\/tr>\n<\/tbody>\n<\/table>\n<h2><span style=\"font-size: 14pt;\">Servizi<\/span><\/h2>\n<p>Assistenza tecnica completa<\/p>\n<p>Prodotti personalizzati<\/p>\n<p>Rapporto TDS\/MSDS\/COA<\/p>\n<p>Campioni disponibili per test di terze parti su richiesta<\/p>\n<p>Esperienza completa di assistenza post-vendita<\/p>\n<h2><span style=\"font-size: 14pt;\">Tempi di consegna<\/span><\/h2>\n<p>In magazzino: Spedizione immediata<\/p>\n<p>Prodotti standard: Generalmente 2-4 settimane<\/p>\n<p>Prodotti personalizzati: Determinati in base ai dettagli richiesti<\/p>\n<p>I requisiti speciali possono essere discussi<\/p>\n<h2><span style=\"font-size: 14pt;\">Informazioni sull&#8217;imballaggio della polvere di bismuto<\/span><\/h2>\n<p><strong>Interno:<\/strong> Bottiglia\/sacchetto a doppio strato sigillato sottovuoto<\/p>\n<p><strong>Esterno:<\/strong> Cartone riempito con schiuma morbida<\/p>\n<p>Conservare il prodotto in un ambiente asciutto, fresco e ben ventilato, mantenendo la confezione sigillata ed evitando temperature elevate, umidit\u00e0, luce e contatto con altre sostanze chimiche.<\/p>\n<h2><span style=\"font-size: 14pt;\">Applicazioni del bismuto in polvere<\/span><\/h2>\n<p><strong>Campi della metallurgia:<\/strong> La polvere di bismuto pu\u00f2 essere utilizzata come additivo metallurgico per migliorare le propriet\u00e0 delle leghe.<\/p>\n<p><strong>Industria elettronica:<\/strong> Il bismuto ha determinate propriet\u00e0 conduttive e semiconduttrici e la sua <strong>polvere metallica<\/strong> pu\u00f2 essere utilizzata per preparare ceramiche elettroniche, condensatori, resistenze, termistori e altri componenti elettronici.<\/p>\n<p><strong>Materiali superconduttori e industria nucleare:<\/strong> La polvere di bismuto trova applicazione anche nell&#8217;industria dei materiali superconduttori e nell&#8217;industria nucleare, ad esempio come mezzo di trasferimento del calore per i reattori nucleari.<\/p>\n<h2><span style=\"font-size: 14pt;\">Prodotti correlati<\/span><\/h2>\n<table style=\"border-collapse: collapse; width: 100%;\">\n<tbody>\n<tr>\n<td style=\"width: 33.3333%;\"><span style=\"color: #0000ff;\"><strong><a style=\"color: #0000ff;\" href=\"https:\/\/vimaterial.de\/it\/product\/bismuto-metallico-3\/\">Bersaglio sputtering di bismuto<\/a><\/strong><\/span><\/td>\n<td style=\"width: 33.3333%;\"><span style=\"color: #0000ff;\"><strong><a style=\"color: #0000ff;\" href=\"https:\/\/vimaterial.de\/it\/product\/bismuto-metallico-2\/\">Asta di bismuto<\/a><\/strong><\/span><\/td>\n<td style=\"width: 33.3333%;\"><span style=\"color: #0000ff;\"><strong><a style=\"color: #0000ff;\" href=\"https:\/\/vimaterial.de\/it\/product\/bismuto-metallico-4\/\">Granuli di bismuto<\/a><\/strong><\/span><\/td>\n<\/tr>\n<tr>\n<td style=\"width: 33.3333%;\"><span style=\"color: #0000ff;\"><strong><a style=\"color: #0000ff;\" href=\"https:\/\/vimaterial.de\/it\/search\/?type=name&#038;keyword=bismuth+oxide\">Ossido di bismuto<\/a><\/strong><\/span><\/td>\n<td style=\"width: 33.3333%;\"><span style=\"color: #0000ff;\"><strong><a style=\"color: #0000ff;\" href=\"https:\/\/vimaterial.de\/it\/search\/?type=element&#038;keyword=Bi2Te3\">Tellururo di bismuto<\/a><\/strong><\/span><\/td>\n<td style=\"width: 33.3333%;\"><span style=\"color: #0000ff;\"><strong><a style=\"color: #0000ff;\" href=\"https:\/\/vimaterial.de\/it\/search\/?type=name&#038;keyword=bismuth+sulfide\">Solfuro di bismuto<\/a><\/strong><\/span><\/td>\n<\/tr>\n<\/tbody>\n<\/table>\n<h2><span style=\"font-size: 14pt;\">DOMANDE FREQUENTI<\/span><\/h2>\n<p><strong>D1: Il bismuto \u00e8 un materiale pericoloso?<\/strong><\/p>\n<p>R: S\u00ec, la polvere di bismuto \u00e8 un materiale pericoloso e presenta un rischio di infiammabilit\u00e0. Quando lo si utilizza, \u00e8 necessario tenerlo lontano da fonti di calore, superfici calde, scintille, fiamme libere e altre fonti di accensione. \u00c8 vietato fumare e occorre adottare misure per evitare l&#8217;accumulo di elettricit\u00e0 statica.<\/p>\n<p>Tuttavia, altre forme di bismuto oltre alla polvere, come bersagli per sputtering di bismuto, lingotti di bismuto e granuli di bismuto, non sono materiali pericolosi.<\/p>\n<p><strong>D2: Qual \u00e8 il processo di produzione della polvere di bismuto?<\/strong><\/p>\n<p>R: In genere produciamo la polvere di bismuto con i metodi della macinazione a sfere o dell&#8217;atomizzazione.<br \/>\nMetodo di macinazione a sfere: Il blocco di bismuto metallico viene gradualmente frantumato in particelle fini mediante macinazione meccanica a sfere, in modo da ottenere polvere di bismuto metallico.<br \/>\nMetodo di atomizzazione: Il bismuto liquido viene atomizzato in minuscole goccioline attraverso un flusso d&#8217;aria ad alta velocit\u00e0 o un flusso d&#8217;acqua ad alta pressione, e poi solidificato per formare polvere di bismuto durante il raffreddamento. La polvere di bismuto prodotta con il metodo di atomizzazione ha dimensioni uniformi, buona sfericit\u00e0 ed elevata purezza.<\/p>\n<p><strong>Q3: Fornite un file MSDS?<\/strong><\/p>\n<p>R: S\u00ec, forniamo file TDS e MSDS. \u00c8 possibile trovare il pulsante &#8220;MSDS&#8221; e &#8220;TDS&#8221; sotto la casella di richiesta a destra dell&#8217;immagine del prodotto.<\/p>\n<p><strong>Q4: Per cosa viene utilizzata la polvere di bismuto?<\/strong><\/p>\n<p>R: La polvere di bismuto pu\u00f2 essere utilizzata come additivo metallurgico e per la produzione di ceramiche elettroniche, condensatori, resistenze, termistori e altri componenti elettronici. Inoltre, trova applicazione nel campo dei materiali superconduttori e nell&#8217;industria nucleare.<\/p>\n","protected":false},"excerpt":{"rendered":"<p>La polvere di bismuto \u00e8 un&#8217;importante materia prima funzionale ampiamente utilizzata nei materiali elettronici, nei prodotti chimici, nella metallurgia e in altri settori industriali. La polveredi bismuto metallico di VIMATERIAL vanta una purezza fino al 99,999%, grazie a un rigoroso controllo di qualit\u00e0 e a molteplici processi di raffinazione e purificazione. I rigorosi processi di [&hellip;]<\/p>\n","protected":false},"featured_media":1033561,"comment_status":"open","ping_status":"closed","template":"","meta":{"_acf_changed":false},"product_brand":[],"product_cat":[212],"product_tag":[],"class_list":{"0":"post-1046802","1":"product","2":"type-product","3":"status-publish","4":"has-post-thumbnail","6":"product_cat-polvere-di-metallo-puro-e-leghe","8":"first","9":"instock","10":"shipping-taxable","11":"purchasable","12":"product-type-variable"},"acf":[],"_links":{"self":[{"href":"https:\/\/vimaterial.de\/it\/wp-json\/wp\/v2\/product\/1046802","targetHints":{"allow":["GET"]}}],"collection":[{"href":"https:\/\/vimaterial.de\/it\/wp-json\/wp\/v2\/product"}],"about":[{"href":"https:\/\/vimaterial.de\/it\/wp-json\/wp\/v2\/types\/product"}],"replies":[{"embeddable":true,"href":"https:\/\/vimaterial.de\/it\/wp-json\/wp\/v2\/comments?post=1046802"}],"wp:featuredmedia":[{"embeddable":true,"href":"https:\/\/vimaterial.de\/it\/wp-json\/wp\/v2\/media\/1033561"}],"wp:attachment":[{"href":"https:\/\/vimaterial.de\/it\/wp-json\/wp\/v2\/media?parent=1046802"}],"wp:term":[{"taxonomy":"product_brand","embeddable":true,"href":"https:\/\/vimaterial.de\/it\/wp-json\/wp\/v2\/product_brand?post=1046802"},{"taxonomy":"product_cat","embeddable":true,"href":"https:\/\/vimaterial.de\/it\/wp-json\/wp\/v2\/product_cat?post=1046802"},{"taxonomy":"product_tag","embeddable":true,"href":"https:\/\/vimaterial.de\/it\/wp-json\/wp\/v2\/product_tag?post=1046802"}],"curies":[{"name":"wp","href":"https:\/\/api.w.org\/{rel}","templated":true}]}}