{"id":1046734,"date":"2024-06-17T15:56:43","date_gmt":"2024-06-17T07:56:43","guid":{"rendered":"https:\/\/vimaterial.de\/product\/bismuto-metallico-3\/"},"modified":"2024-06-17T15:56:43","modified_gmt":"2024-06-17T07:56:43","slug":"bismuto-metallico-3","status":"publish","type":"product","link":"https:\/\/vimaterial.de\/it\/product\/bismuto-metallico-3\/","title":{"rendered":"Bismuto metallico"},"content":{"rendered":"<h2><span style=\"font-size: 14pt;\">Bersaglio di sputtering al bismuto Panoramica<\/span><\/h2>\n<p>Il<strong>target sputtering<span style=\"color: #0000ff;\"><a style=\"color: #0000ff;\" href=\"https:\/\/vimaterial.de\/it\/search\/?type=name&#038;keyword=bismuth\">al bismuto<\/a><\/span><\/strong> \u00e8 una materia prima fondamentale per la preparazione di materiali a film sottile ed \u00e8 ampiamente utilizzato nei circuiti integrati e in altri settori. Il <strong>target sputtering di bismuto ad alta purezza<\/strong> di VIMATERIAL ha una purezza fino al <strong>99,999%<\/strong>. Per garantire la qualit\u00e0 del prodotto, vengono adottati rigorosi controlli di qualit\u00e0.<\/p>\n<p>I nostri <strong>target metallici di bismuto<\/strong> hanno un&#8217;alta densit\u00e0, una buona struttura cristallina e sono facili da lavorare e da modellare. \u00c8 possibile personalizzare dimensioni e purezza diverse e supportare una variet\u00e0 di forme, come obiettivi rotondi piatti, obiettivi rettangolari piatti, obiettivi tubolari, obiettivi di forma speciale, ecc. Allo stesso tempo, forniamo un sistema completo <strong>di assistenza post-vendita<\/strong> per garantire un supporto completo durante l&#8217;uso. Se necessario, <span style=\"color: #0000ff;\"><a style=\"color: #0000ff;\" href=\"https:\/\/vimaterial.de\/it\/contatto\/\"><strong>contattateci<\/strong><\/a><\/span> immediatamente!<\/p>\n<h2><span style=\"font-size: 14pt;\">Propriet\u00e0 fisiche<\/span><\/h2>\n<table style=\"border-collapse: collapse; width: 61.238%; height: 168px;\">\n<tbody>\n<tr style=\"height: 24px;\">\n<td style=\"width: 25.2458%; height: 24px;\"><strong>Parametro<\/strong><\/td>\n<td style=\"width: 35.9922%; height: 24px;\"><strong>Valore<\/strong><\/td>\n<\/tr>\n<tr style=\"height: 24px;\">\n<td style=\"width: 25.2458%; height: 24px;\">Formula chimica<\/td>\n<td style=\"width: 35.9922%; height: 24px;\">Bi<\/td>\n<\/tr>\n<tr style=\"height: 24px;\">\n<td style=\"width: 25.2458%; height: 24px;\">Peso molecolare<\/td>\n<td style=\"width: 35.9922%; height: 24px;\">208.98 g\/mol<\/td>\n<\/tr>\n<tr style=\"height: 24px;\">\n<td style=\"width: 25.2458%; height: 24px;\">Aspetto<\/td>\n<td style=\"width: 35.9922%; height: 24px;\">Bianco-argento con lucentezza metallica<\/td>\n<\/tr>\n<tr style=\"height: 24px;\">\n<td style=\"width: 25.2458%; height: 24px;\">Purezza<\/td>\n<td style=\"width: 35.9922%; height: 24px;\">99.99%-99.999%<\/td>\n<\/tr>\n<tr style=\"height: 24px;\">\n<td style=\"width: 25.2458%; height: 24px;\">Densit\u00e0<\/td>\n<td style=\"width: 35.9922%; height: 24px;\">9.78g\/cm3<\/td>\n<\/tr>\n<tr style=\"height: 24px;\">\n<td style=\"width: 25.2458%; height: 24px;\">Punto di fusione<\/td>\n<td style=\"width: 35.9922%; height: 24px;\">271.5\u2103<\/td>\n<\/tr>\n<tr>\n<td style=\"width: 25.2458%;\">Durezza<\/td>\n<td style=\"width: 35.9922%;\">La consistenza \u00e8 fragile, la durezza non \u00e8 elevata.<\/td>\n<\/tr>\n<tr>\n<td style=\"width: 25.2458%;\">Stabilit\u00e0<\/td>\n<td style=\"width: 35.9922%;\">Stabile; tenere lontano da ambienti fortemente acidi o alcalini.<\/td>\n<\/tr>\n<\/tbody>\n<\/table>\n<h2><span style=\"font-size: 14pt;\">Servizi<\/span><\/h2>\n<p>Assistenza tecnica completa<\/p>\n<p>Prodotti personalizzati<\/p>\n<p>Rapporto TDS\/MSDS\/COA<\/p>\n<p>Campioni disponibili per test di terze parti su richiesta<\/p>\n<p>Esperienza completa di assistenza post-vendita<\/p>\n<h2><span style=\"font-size: 14pt;\">Informazioni sull&#8217;imballaggio del target di sputtering al bismuto<\/span><\/h2>\n<p>Imballaggio interno: doppio strato di sigillatura del sacchetto sottovuoto<\/p>\n<p>Imballaggio esterno: cartone\/scatola di legno riempita di schiuma morbida<\/p>\n<p>Il prodotto deve essere conservato in un ambiente asciutto, fresco e ben ventilato, mantenendo la confezione sigillata ed evitando temperature elevate, alta umidit\u00e0, luce e contatto con altre sostanze chimiche.<\/p>\n<h2><span style=\"font-size: 14pt;\">Processo di produzione<\/span><\/h2>\n<p>Fusione e purificazione: Innanzitutto, la materia prima deve essere fusa e purificata per rimuovere le impurit\u00e0 e migliorare la purezza del bismuto.<\/p>\n<p>Processo di forgiatura: Il materiale di bismuto raffinato deve essere forgiato per ottenere la forma e le dimensioni desiderate.<\/p>\n<p>Lavorazione: Il bersaglio di bismuto forgiato richiede anche una lavorazione, come il taglio, la rettifica, ecc. per soddisfare i requisiti del cliente in termini di dimensioni e precisione della superficie del bersaglio.<\/p>\n<p>Pacchetto di ispezione: Infine, la qualit\u00e0 del target di sputtering al bismuto lavorato viene testata, compresa la rilevazione della purezza, la rilevazione delle dimensioni, la rilevazione della planarit\u00e0 della superficie, ecc. I target qualificati vengono confezionati sotto vuoto per evitare l&#8217;ossidazione e la contaminazione.<\/p>\n<h2><span style=\"font-size: 14pt;\">Applicazioni del target di bismuto<\/span><\/h2>\n<p><strong>Campi dell&#8217;elettronica:<\/strong> il target metallico di bismuto pu\u00f2 essere utilizzato per preparare film sottili elettronici, come ad esempio nel processo di produzione di circuiti integrati, dispositivi a semiconduttore, ecc.<\/p>\n<p><strong>Campi ottici:<\/strong> Grazie alle propriet\u00e0 ottiche uniche del bismuto, i target di bismuto possono essere utilizzati per preparare film ottici, come la deposizione di film di bismuto sulla superficie di lenti ottiche, dispositivi laser, ecc. che possono migliorare le propriet\u00e0 ottiche, come l&#8217;aumento della riflettivit\u00e0 e la riduzione dell&#8217;indice di rifrazione.<\/p>\n<p><strong>Campi di decorazione:<\/strong> Nel settore del rivestimento decorativo, i target metallici di bismuto possono fornire una texture metallica e un colore unici ai prodotti, come il rivestimento della superficie di gioielli, orologi, ornamenti, ecc. per aumentarne la bellezza e la resistenza all&#8217;usura.<\/p>\n<h2><span style=\"font-size: 14pt;\">Prodotti correlati<\/span><\/h2>\n<table style=\"border-collapse: collapse; width: 100%; height: 48px;\">\n<tbody>\n<tr style=\"height: 24px;\">\n<td style=\"width: 33.3333%; height: 24px;\"><span style=\"color: #0000ff;\"><strong><a style=\"color: #0000ff;\" href=\"https:\/\/vimaterial.de\/it\/product\/bismuto-metallico-5\/\">Bismuto in polvere<\/a><\/strong><\/span><\/td>\n<td style=\"width: 33.3333%; height: 24px;\"><span style=\"color: #0000ff;\"><strong><a style=\"color: #0000ff;\" href=\"https:\/\/vimaterial.de\/it\/product\/bismuto-metallico-4\/\">Granuli di bismuto<\/a><\/strong><\/span><\/td>\n<td style=\"width: 33.3333%; height: 24px;\"><span style=\"color: #0000ff;\"><strong><a style=\"color: #0000ff;\" href=\"https:\/\/vimaterial.de\/it\/product\/bismuto-metallico-2\/\">Bismuto in barre<\/a><\/strong><\/span><\/td>\n<\/tr>\n<tr style=\"height: 24px;\">\n<td style=\"width: 33.3333%; height: 24px;\"><span style=\"color: #0000ff;\"><strong><a style=\"color: #0000ff;\" href=\"https:\/\/vimaterial.de\/it\/search\/?type=name&#038;keyword=bismuth+oxide\">Ossido di bismuto<\/a><\/strong><\/span><\/td>\n<td style=\"width: 33.3333%; height: 24px;\"><span style=\"color: #0000ff;\"><strong><a style=\"color: #0000ff;\" href=\"https:\/\/vimaterial.de\/it\/search\/?type=element&#038;keyword=Bi2Te3\">Tellururo di bismuto<\/a><\/strong><\/span><\/td>\n<td style=\"width: 33.3333%; height: 24px;\"><span style=\"color: #0000ff;\"><strong><a style=\"color: #0000ff;\" href=\"https:\/\/vimaterial.de\/it\/search\/?type=name&#038;keyword=bismuth+sulfide\">Solfuro di bismuto<\/a><\/strong><\/span><\/td>\n<\/tr>\n<\/tbody>\n<\/table>\n<h2><span style=\"font-size: 14pt;\">DOMANDE FREQUENTI<\/span><\/h2>\n<p><strong>D1: Il bismuto \u00e8 un materiale pericoloso?<\/strong><\/p>\n<p>R: Gli obiettivi di bismuto non sono merci pericolose e possono essere gestiti come merci ordinarie.<\/p>\n<p>Tuttavia, la polvere di bismuto \u00e8 pericolosa e infiammabile. Quando la si utilizza, \u00e8 necessario tenerla lontana da fonti di calore, superfici calde, scintille, fiamme libere e altre fonti di accensione. \u00c8 vietato fumare e occorre adottare misure per evitare la formazione di elettricit\u00e0 statica.<\/p>\n<p><strong>D2: Quali sono i tempi di consegna?<\/strong><\/p>\n<p>R: In magazzino: Spedizione immediata<\/p>\n<p>Prodotti standard: Generalmente 2-4 settimane<\/p>\n<p>Prodotti personalizzati: Determinati in base ai dettagli richiesti<\/p>\n<p>I requisiti speciali possono essere discussi<\/p>\n<p><strong>Q3: Fornite un file MSDS?<\/strong><\/p>\n<p>R: S\u00ec, forniamo file TDS e MSDS. Il pulsante &#8220;MSDS&#8221; e &#8220;TDS&#8221; si trova sotto la casella di richiesta a destra dell&#8217;immagine del prodotto.<\/p>\n","protected":false},"excerpt":{"rendered":"<p>Bersaglio di sputtering al bismuto Panoramica Iltarget sputteringal bismuto \u00e8 una materia prima fondamentale per la preparazione di materiali a film sottile ed \u00e8 ampiamente utilizzato nei circuiti integrati e in altri settori. Il target sputtering di bismuto ad alta purezza di VIMATERIAL ha una purezza fino al 99,999%. Per garantire la qualit\u00e0 del prodotto, [&hellip;]<\/p>\n","protected":false},"featured_media":1033581,"comment_status":"open","ping_status":"closed","template":"","meta":{"_acf_changed":false},"product_brand":[],"product_cat":[197],"product_tag":[],"class_list":{"0":"post-1046734","1":"product","2":"type-product","3":"status-publish","4":"has-post-thumbnail","6":"product_cat-obiettivi-di-sputtering-planari","8":"first","9":"instock","10":"shipping-taxable","11":"purchasable","12":"product-type-variable"},"acf":[],"_links":{"self":[{"href":"https:\/\/vimaterial.de\/it\/wp-json\/wp\/v2\/product\/1046734","targetHints":{"allow":["GET"]}}],"collection":[{"href":"https:\/\/vimaterial.de\/it\/wp-json\/wp\/v2\/product"}],"about":[{"href":"https:\/\/vimaterial.de\/it\/wp-json\/wp\/v2\/types\/product"}],"replies":[{"embeddable":true,"href":"https:\/\/vimaterial.de\/it\/wp-json\/wp\/v2\/comments?post=1046734"}],"wp:featuredmedia":[{"embeddable":true,"href":"https:\/\/vimaterial.de\/it\/wp-json\/wp\/v2\/media\/1033581"}],"wp:attachment":[{"href":"https:\/\/vimaterial.de\/it\/wp-json\/wp\/v2\/media?parent=1046734"}],"wp:term":[{"taxonomy":"product_brand","embeddable":true,"href":"https:\/\/vimaterial.de\/it\/wp-json\/wp\/v2\/product_brand?post=1046734"},{"taxonomy":"product_cat","embeddable":true,"href":"https:\/\/vimaterial.de\/it\/wp-json\/wp\/v2\/product_cat?post=1046734"},{"taxonomy":"product_tag","embeddable":true,"href":"https:\/\/vimaterial.de\/it\/wp-json\/wp\/v2\/product_tag?post=1046734"}],"curies":[{"name":"wp","href":"https:\/\/api.w.org\/{rel}","templated":true}]}}