{"id":1046703,"date":"2024-06-17T15:56:43","date_gmt":"2024-06-17T07:56:43","guid":{"rendered":"https:\/\/vimaterial.de\/product\/bismuto-metallico-2\/"},"modified":"2024-06-17T15:56:43","modified_gmt":"2024-06-17T07:56:43","slug":"bismuto-metallico-2","status":"publish","type":"product","link":"https:\/\/vimaterial.de\/it\/product\/bismuto-metallico-2\/","title":{"rendered":"Bismuto metallico"},"content":{"rendered":"<p>La <strong><span style=\"color: #0000ff;\"><a style=\"color: #0000ff;\" href=\"https:\/\/vimaterial.de\/it\/search\/?type=name&#038;keyword=bismuth\">bacchetta<\/a><\/span> di<span style=\"color: #0000ff;\"><a style=\"color: #0000ff;\" href=\"https:\/\/vimaterial.de\/it\/search\/?type=name&#038;keyword=bismuth\">bismuto<\/a><\/span><\/strong> \u00e8 un metallo bianco-argento, fragile e facilmente polverizzabile. Viene utilizzato principalmente per produrre leghe fusibili. Le <strong>barre di bismuto ad alta purezza<\/strong> <strong>di<span style=\"color: #0000ff;\"><a style=\"color: #0000ff;\" href=\"https:\/\/vimaterial.de\/it\/su-di-noi\/\">VIMATERIAL<\/a><\/span><\/strong> hanno una purezza fino al 99,999% e possono essere personalizzate in varie specifiche e dimensioni in base alle esigenze dei clienti. Come prodotto di base della serie del bismuto, le nostre <strong>barre metalliche di bismuto<\/strong> occupano una posizione importante nell&#8217;industria elettronica grazie alla loro elevata purezza e alla buona conducibilit\u00e0 elettrica.<\/p>\n<p>Inoltre, garantiamo la qualit\u00e0 del prodotto e la consegna e serviamo i clienti nel pi\u00f9 breve tempo possibile. Forniamo anche un sistema completo <strong>di assistenza post-vendita<\/strong> per garantire un supporto completo durante l&#8217;utilizzo. Se necessario, vi preghiamo di <span style=\"color: #0000ff;\"><strong><a style=\"color: #0000ff;\" href=\"https:\/\/vimaterial.de\/it\/contatto\/\">contattateci<\/a><\/strong><\/span>!<\/p>\n<h2><span style=\"font-size: 14pt;\">Propriet\u00e0 fisiche<\/span><\/h2>\n<table style=\"border-collapse: collapse; width: 61.238%; height: 216px;\">\n<tbody>\n<tr style=\"height: 24px;\">\n<td style=\"width: 25.2458%; height: 24px;\"><strong>Parametro<\/strong><\/td>\n<td style=\"width: 35.9922%; height: 24px;\"><strong>Valore<\/strong><\/td>\n<\/tr>\n<tr style=\"height: 24px;\">\n<td style=\"width: 25.2458%; height: 24px;\">Formula chimica<\/td>\n<td style=\"width: 35.9922%; height: 24px;\">Bi<\/td>\n<\/tr>\n<tr style=\"height: 24px;\">\n<td style=\"width: 25.2458%; height: 24px;\">Peso molecolare<\/td>\n<td style=\"width: 35.9922%; height: 24px;\">208.98 g\/mol<\/td>\n<\/tr>\n<tr style=\"height: 24px;\">\n<td style=\"width: 25.2458%; height: 24px;\">Aspetto<\/td>\n<td style=\"width: 35.9922%; height: 24px;\">Bianco-argento<\/td>\n<\/tr>\n<tr style=\"height: 24px;\">\n<td style=\"width: 25.2458%; height: 24px;\">Purezza<\/td>\n<td style=\"width: 35.9922%; height: 24px;\">99.99%-99.999%<\/td>\n<\/tr>\n<tr style=\"height: 24px;\">\n<td style=\"width: 25.2458%; height: 24px;\">Densit\u00e0<\/td>\n<td style=\"width: 35.9922%; height: 24px;\">9.78g\/cm3<\/td>\n<\/tr>\n<tr style=\"height: 24px;\">\n<td style=\"width: 25.2458%; height: 24px;\">Punto di fusione<\/td>\n<td style=\"width: 35.9922%; height: 24px;\">271.5\u2103<\/td>\n<\/tr>\n<tr style=\"height: 24px;\">\n<td style=\"width: 25.2458%; height: 24px;\">Durezza<\/td>\n<td style=\"width: 35.9922%; height: 24px;\">La consistenza \u00e8 fragile, la durezza non \u00e8 elevata.<\/td>\n<\/tr>\n<tr style=\"height: 24px;\">\n<td style=\"width: 25.2458%; height: 24px;\">Stabilit\u00e0<\/td>\n<td style=\"width: 35.9922%; height: 24px;\">Stabile; tenere lontano da ambienti fortemente acidi o alcalini.<\/td>\n<\/tr>\n<\/tbody>\n<\/table>\n<h2><span style=\"font-size: 14pt;\">Processo di produzione:<\/span><\/h2>\n<p><strong>Preparazione della materia prima:<\/strong> Il bismuto metallico di elevata purezza viene selezionato come materia prima per garantire la qualit\u00e0 e le prestazioni della barra di bismuto.<\/p>\n<p><strong>Stampaggio per fusione:<\/strong> Il bismuto metallico viene riscaldato fino allo stato fuso e poi versato in uno stampo predefinito, in modo che si raffreddi e si solidifichi in una barra.<\/p>\n<p><strong>Successiva lavorazione:<\/strong> Dopo la formazione della barra di bismuto, si procede alla successiva lavorazione, come il taglio, la rettifica, la lucidatura, ecc. per soddisfare i diversi requisiti di dimensione e qualit\u00e0 superficiale.<\/p>\n<h2><span style=\"font-size: 14pt;\">Perch\u00e9 scegliere noi?<\/span><\/h2>\n<p><strong>Supporto tecnico completo:<\/strong> Dalla consultazione pre-vendita al servizio post-vendita, ci assicuriamo che i clienti acquistino i prodotti adatti e siano soddisfatti dei nostri servizi, formando una cooperazione a lungo termine e sostenibile.<\/p>\n<p><strong>Prodotti personalizzati:<\/strong> Offriamo servizi di personalizzazione: se le vostre esigenze non sono presenti nel nostro elenco, possiamo personalizzarle per voi.<\/p>\n<p><strong>Possiamo fornire campioni per test di terze parti:<\/strong> Se avete domande sulla qualit\u00e0 del prodotto, possiamo fornire campioni per test di terze parti su richiesta per garantire i vostri diritti.<\/p>\n<p><strong>Rapporto TDS\/MSDS\/COA:<\/strong> Forniremo un rapporto COA con ogni lotto di prodotti per garantire che la qualit\u00e0 sia monitorata e controllata. Forniamo anche rapporti MSDS e TDS su richiesta.<\/p>\n<h2><span style=\"font-size: 14pt;\">Applicazioni della barra di bismuto<\/span><\/h2>\n<p><strong>Area di ricerca:<\/strong> Utilizzata per studiare le propriet\u00e0 fisiche e chimiche del bismuto e la sua interazione con altre sostanze.<\/p>\n<p><strong>Applicazioni industriali<\/strong>: In alcuni settori industriali, le barre di bismuto possono essere utilizzate come additivi o componenti di leghe.<\/p>\n<p><strong>Materiale di rivestimento:<\/strong> Nel rivestimento sotto vuoto e in altri processi, le barre di bismuto possono essere utilizzate come materiali di evaporazione per rivestire uno strato di pellicola di bismuto sulla superficie dell&#8217;oggetto per migliorarne le propriet\u00e0 superficiali, come l&#8217;aumento della durezza, la resistenza all&#8217;usura, le propriet\u00e0 ottiche, ecc.<\/p>\n<h2><span style=\"font-size: 14pt;\">Prodotti correlati<\/span><\/h2>\n<table style=\"border-collapse: collapse; width: 100%; height: 48px;\">\n<tbody>\n<tr style=\"height: 24px;\">\n<td style=\"width: 33.3333%; height: 24px;\"><strong><span style=\"color: #0000ff;\"><a style=\"color: #0000ff;\" href=\"https:\/\/vimaterial.de\/it\/product\/bismuto-metallico-5\/\">Polvere di bismuto<\/a><\/span><\/strong><\/td>\n<td style=\"width: 33.3333%; height: 24px;\"><strong><span style=\"color: #0000ff;\"><a style=\"color: #0000ff;\" href=\"https:\/\/vimaterial.de\/it\/product\/metallo-di-bismuto\/\">Bersaglio sputtering di bismuto<\/a><\/span><\/strong><\/td>\n<td style=\"width: 33.3333%; height: 24px;\"><strong><span style=\"color: #0000ff;\"><a style=\"color: #0000ff;\" href=\"https:\/\/vimaterial.de\/it\/product\/bismuto-metallico-4\/\">Granuli di bismuto<\/a><\/span><\/strong><\/td>\n<\/tr>\n<tr style=\"height: 24px;\">\n<td style=\"width: 33.3333%; height: 24px;\"><strong><span style=\"color: #0000ff;\"><a style=\"color: #0000ff;\" href=\"https:\/\/vimaterial.de\/it\/search\/?type=name&#038;keyword=bismuth+oxide\">Ossido di bismuto<\/a><\/span><\/strong><\/td>\n<td style=\"width: 33.3333%; height: 24px;\"><strong><span style=\"color: #0000ff;\"><a style=\"color: #0000ff;\" href=\"https:\/\/vimaterial.de\/it\/search\/?type=element&#038;keyword=Bi2Te3\">Tellururo di bismuto<\/a><\/span><\/strong><\/td>\n<td style=\"width: 33.3333%; height: 24px;\"><strong><span style=\"color: #0000ff;\"><a style=\"color: #0000ff;\" href=\"https:\/\/vimaterial.de\/it\/search\/?type=name&#038;keyword=bismuth+sulfide\">Solfuro di bismuto<\/a><\/span><\/strong><\/td>\n<\/tr>\n<\/tbody>\n<\/table>\n<h2><span style=\"font-size: 14pt;\">DOMANDE FREQUENTI<\/span><\/h2>\n<p><strong>D1: Il bismuto \u00e8 un materiale pericoloso?<\/strong><\/p>\n<p>R: Le barre di bismuto non sono merci pericolose e possono essere trattate come merci ordinarie.<\/p>\n<p>Tuttavia, la polvere di bismuto \u00e8 pericolosa e infiammabile. Quando la si utilizza, \u00e8 necessario tenerla lontana da fonti di calore, superfici calde, scintille, fiamme libere e altre fonti di accensione. \u00c8 vietato fumare e occorre adottare misure per evitare la formazione di elettricit\u00e0 statica.<\/p>\n<p><strong>D2: Come vengono confezionate le barre di bismuto?<\/strong><\/p>\n<p>R: Imballaggio interno: sacchetto a doppio strato con chiusura a vuoto<\/p>\n<p>Imballaggio esterno: cartone\/scatola di legno riempita di schiuma morbida<\/p>\n<p>Il prodotto deve essere conservato in un ambiente asciutto, fresco e ben ventilato, mantenendo la confezione sigillata ed evitando temperature elevate, alta umidit\u00e0, luce e contatto con altre sostanze chimiche.<\/p>\n<p><strong>Q3: Qual \u00e8 il vostro tempo di consegna?<\/strong><\/p>\n<p>A: In magazzino: Spedizione immediata<\/p>\n<p>Prodotti standard: Generalmente 2-4 settimane<\/p>\n<p>Prodotti personalizzati: Determinati in base ai dettagli richiesti<\/p>\n<p>I requisiti speciali possono essere discussi<\/p>\n<p><strong>Q4: Fornite un file MSDS?<\/strong><\/p>\n<p>R: S\u00ec, forniamo file TDS e MSDS. Il pulsante &#8220;MSDS&#8221; e &#8220;TDS&#8221; si trova sotto la casella di richiesta a destra dell&#8217;immagine del prodotto.<\/p>\n","protected":false},"excerpt":{"rendered":"<p>La bacchetta dibismuto \u00e8 un metallo bianco-argento, fragile e facilmente polverizzabile. Viene utilizzato principalmente per produrre leghe fusibili. Le barre di bismuto ad alta purezza diVIMATERIAL hanno una purezza fino al 99,999% e possono essere personalizzate in varie specifiche e dimensioni in base alle esigenze dei clienti. Come prodotto di base della serie del bismuto, [&hellip;]<\/p>\n","protected":false},"featured_media":1033576,"comment_status":"open","ping_status":"closed","template":"","meta":{"_acf_changed":false},"product_brand":[],"product_cat":[207],"product_tag":[],"class_list":{"0":"post-1046703","1":"product","2":"type-product","3":"status-publish","4":"has-post-thumbnail","6":"product_cat-profilo","8":"first","9":"instock","10":"shipping-taxable","11":"purchasable","12":"product-type-variable"},"acf":[],"_links":{"self":[{"href":"https:\/\/vimaterial.de\/it\/wp-json\/wp\/v2\/product\/1046703","targetHints":{"allow":["GET"]}}],"collection":[{"href":"https:\/\/vimaterial.de\/it\/wp-json\/wp\/v2\/product"}],"about":[{"href":"https:\/\/vimaterial.de\/it\/wp-json\/wp\/v2\/types\/product"}],"replies":[{"embeddable":true,"href":"https:\/\/vimaterial.de\/it\/wp-json\/wp\/v2\/comments?post=1046703"}],"wp:featuredmedia":[{"embeddable":true,"href":"https:\/\/vimaterial.de\/it\/wp-json\/wp\/v2\/media\/1033576"}],"wp:attachment":[{"href":"https:\/\/vimaterial.de\/it\/wp-json\/wp\/v2\/media?parent=1046703"}],"wp:term":[{"taxonomy":"product_brand","embeddable":true,"href":"https:\/\/vimaterial.de\/it\/wp-json\/wp\/v2\/product_brand?post=1046703"},{"taxonomy":"product_cat","embeddable":true,"href":"https:\/\/vimaterial.de\/it\/wp-json\/wp\/v2\/product_cat?post=1046703"},{"taxonomy":"product_tag","embeddable":true,"href":"https:\/\/vimaterial.de\/it\/wp-json\/wp\/v2\/product_tag?post=1046703"}],"curies":[{"name":"wp","href":"https:\/\/api.w.org\/{rel}","templated":true}]}}