{"id":1046690,"date":"2024-06-17T15:56:43","date_gmt":"2024-06-17T07:56:43","guid":{"rendered":"https:\/\/vimaterial.de\/product\/bismuto-metallico\/"},"modified":"2024-06-17T15:56:43","modified_gmt":"2024-06-17T07:56:43","slug":"bismuto-metallico","status":"publish","type":"product","link":"https:\/\/vimaterial.de\/it\/product\/bismuto-metallico\/","title":{"rendered":"Bismuto metallico"},"content":{"rendered":"<p>Gli <strong>aghi<span style=\"color: #0000ff;\"><a style=\"color: #0000ff;\" href=\"https:\/\/vimaterial.de\/it\/search\/?type=name&#038;keyword=Bismuth\">di bismuto<\/a><\/span><\/strong> sono materiali a forma di ago realizzati con <strong>bismuto metallico di elevata purezza<\/strong>, ampiamente utilizzati in metallurgia, semiconduttori e prodotti farmaceutici. <strong><a href=\"https:\/\/vimaterial.de\/it\/su-di-noi\/\">VIMATERIALE<\/a><\/strong> fornisce materiali metallici di bismuto di elevata purezza, tra cui polvere di bismuto, bersagli di bismuto, barre di bismuto e granuli di bismuto. Impieghiamo un rigoroso controllo di qualit\u00e0, sottoponendoci a molteplici processi di raffinazione e purificazione per garantire coerenza e stabilit\u00e0 da lotto a lotto.<\/p>\n<p>Inoltre, oltre a garantire la qualit\u00e0 dei prodotti, assicuriamo anche la puntualit\u00e0 delle consegne, consegnando i prodotti ai clienti nel pi\u00f9 breve tempo possibile. Forniamo anche un sistema completo di assistenza post-vendita per garantire un supporto completo durante l&#8217;utilizzo. <strong><span style=\"color: #0000ff;\"><a style=\"color: #0000ff;\" href=\"https:\/\/vimaterial.de\/it\/contatto\/\">Contattateci<\/a><\/span><\/strong> se necessario!<\/p>\n<h2><span style=\"font-size: 14pt;\">Propriet\u00e0 fisiche<\/span><\/h2>\n<table style=\"border-collapse: collapse; width: 61.238%; height: 168px;\">\n<tbody>\n<tr style=\"height: 24px;\">\n<td style=\"width: 25.2458%; height: 24px;\"><strong>Parametro<\/strong><\/td>\n<td style=\"width: 35.9922%; height: 24px;\"><strong>Valore<\/strong><\/td>\n<\/tr>\n<tr style=\"height: 24px;\">\n<td style=\"width: 25.2458%; height: 24px;\">Formula chimica<\/td>\n<td style=\"width: 35.9922%; height: 24px;\">Bi<\/td>\n<\/tr>\n<tr style=\"height: 24px;\">\n<td style=\"width: 25.2458%; height: 24px;\">Peso molecolare<\/td>\n<td style=\"width: 35.9922%; height: 24px;\">208.98 g\/mol<\/td>\n<\/tr>\n<tr style=\"height: 24px;\">\n<td style=\"width: 25.2458%; height: 24px;\">Aspetto<\/td>\n<td style=\"width: 35.9922%; height: 24px;\">Bianco-argento con lucentezza metallica<\/td>\n<\/tr>\n<tr style=\"height: 24px;\">\n<td style=\"width: 25.2458%; height: 24px;\">Purezza<\/td>\n<td style=\"width: 35.9922%; height: 24px;\">99.99%-99.999%<\/td>\n<\/tr>\n<tr style=\"height: 24px;\">\n<td style=\"width: 25.2458%; height: 24px;\">Densit\u00e0<\/td>\n<td style=\"width: 35.9922%; height: 24px;\">9.<sup>78g\/cm3<\/sup><\/td>\n<\/tr>\n<tr style=\"height: 24px;\">\n<td style=\"width: 25.2458%; height: 24px;\">Punto di fusione<\/td>\n<td style=\"width: 35.9922%; height: 24px;\">271.5\u2103<\/td>\n<\/tr>\n<tr>\n<td style=\"width: 25.2458%;\">Durezza<\/td>\n<td style=\"width: 35.9922%;\">La consistenza \u00e8 fragile, la durezza non \u00e8 elevata.<\/td>\n<\/tr>\n<tr>\n<td style=\"width: 25.2458%;\">Stabilit\u00e0<\/td>\n<td style=\"width: 35.9922%;\">Stabile; tenere lontano da ambienti fortemente acidi o alcalini.<\/td>\n<\/tr>\n<\/tbody>\n<\/table>\n<h2><span style=\"font-size: 14pt;\">Processo di produzione<\/span><\/h2>\n<p>Preparazione delle materie prime: Le materie prime per la produzione di aghi Bi sono principalmente bismuto metallico di elevata purezza.<\/p>\n<p>Lavorazione di stampaggio: Il bismuto metallico viene riscaldato a una certa temperatura per ammorbidirlo, quindi viene trasformato in aghi mediante estrusione, stiramento e altri processi.<\/p>\n<p>Trattamento superficiale: I metodi pi\u00f9 comuni di trattamento della superficie includono la lucidatura, la galvanoplastica, ecc.<\/p>\n<p>Ispezione della qualit\u00e0: Ispezione della qualit\u00e0 degli aghi di bismuto, compresa l&#8217;ispezione delle dimensioni, della qualit\u00e0 della superficie, della durezza, ecc.<\/p>\n<h2><span style=\"font-size: 14pt;\">Perch\u00e9 scegliere noi?<\/span><\/h2>\n<p><strong>Assistenza tecnica completa:<\/strong> Dalla consultazione pre-vendita all&#8217;assistenza post-vendita, ci assicuriamo che i clienti acquistino i prodotti adatti e siano soddisfatti dei nostri servizi, formando una cooperazione a lungo termine e sostenibile.<\/p>\n<p><strong>Prodotti personalizzati:<\/strong> Offriamo servizi di personalizzazione: se le vostre esigenze non sono presenti nel nostro elenco, possiamo personalizzarle per voi.<\/p>\n<p><strong>Possiamo fornire campioni per test di terze parti<\/strong>: Se avete domande sulla qualit\u00e0 del prodotto, possiamo fornire campioni per test di terze parti su richiesta per garantire i vostri diritti.<\/p>\n<p><strong>Rapporto TDS\/MSDS\/COA:<\/strong> Forniremo un rapporto COA con ogni lotto di prodotti per garantire che la qualit\u00e0 sia monitorata e controllata. Forniamo anche rapporti MSDS e TDS su richiesta.<\/p>\n<h2><span style=\"font-size: 14pt;\">Informazioni sull&#8217;imballaggio degli aghi di bismuto<\/span><\/h2>\n<p><strong>Imballaggio interno:<\/strong> Bottiglia\/sacchetto a doppio strato sigillato sottovuoto<\/p>\n<p><strong>Imballaggio esterno:<\/strong> Cartone riempito di schiuma morbida<\/p>\n<p>Il prodotto deve essere conservato in un ambiente asciutto, fresco e ben ventilato, mantenendo la confezione sigillata ed evitando temperature elevate, alta umidit\u00e0, luce e contatto con altre sostanze chimiche.<\/p>\n<h2><span style=\"font-size: 14pt;\">Applicazioni degli aghi di bismuto<\/span><\/h2>\n<p><strong>Settore medico<\/strong>: Gli aghi di bismuto possono essere utilizzati in alcuni trattamenti speciali.<\/p>\n<p><strong>Industria elettronica:<\/strong> Gli aghi di bismuto possono essere utilizzati nell&#8217;industria elettronica per collegare componenti elettronici, realizzare elettrodi, ecc.<\/p>\n<p><strong>Ricerca di laboratorio:<\/strong> Gli aghi di bismuto possono essere utilizzati come materiale sperimentale per studiare le propriet\u00e0 fisiche e chimiche del bismuto.<\/p>\n<h2><span style=\"font-size: 14pt;\">Prodotti correlati<\/span><\/h2>\n<table style=\"border-collapse: collapse; width: 100%; height: 48px;\">\n<tbody>\n<tr style=\"height: 24px;\">\n<td style=\"width: 33.3333%; height: 24px;\"><strong><span style=\"color: #0000ff;\"><a style=\"color: #0000ff;\" href=\"https:\/\/vimaterial.de\/it\/product\/bismuto-metallico-5\/\">Bismuto in polvere<\/a><\/span><\/strong><\/td>\n<td style=\"width: 33.3333%; height: 24px;\"><strong><span style=\"color: #0000ff;\"><a style=\"color: #0000ff;\" href=\"https:\/\/vimaterial.de\/it\/product\/metallo-di-bismuto\/\">Bersaglio sputtering di bismuto<\/a><\/span><\/strong><\/td>\n<td style=\"width: 33.3333%; height: 24px;\"><strong><span style=\"color: #0000ff;\"><a style=\"color: #0000ff;\" href=\"https:\/\/vimaterial.de\/it\/product\/metallo-di-bismuto-3\/\">Asta di bismuto<\/a><\/span><\/strong><\/td>\n<\/tr>\n<tr style=\"height: 24px;\">\n<td style=\"width: 33.3333%; height: 24px;\"><strong><span style=\"color: #0000ff;\"><a style=\"color: #0000ff;\" href=\"https:\/\/vimaterial.de\/it\/search\/?type=name&#038;keyword=Bismuth+oxide\">Ossido di bismuto<\/a><\/span><\/strong><\/td>\n<td style=\"width: 33.3333%; height: 24px;\"><strong><span style=\"color: #0000ff;\"><a style=\"color: #0000ff;\" href=\"https:\/\/vimaterial.de\/it\/search\/?type=element&#038;keyword=Bi2Te3\">Tellururo di bismuto<\/a><\/span><\/strong><\/td>\n<td style=\"width: 33.3333%; height: 24px;\"><strong><span style=\"color: #0000ff;\"><a style=\"color: #0000ff;\" href=\"https:\/\/vimaterial.de\/it\/search\/?type=name&#038;keyword=Bismuth+Sulfide\">Solfuro di bismuto<\/a><\/span><\/strong><\/td>\n<\/tr>\n<\/tbody>\n<\/table>\n<h2><span style=\"font-size: 14pt;\">DOMANDE FREQUENTI<\/span><\/h2>\n<p><strong>D1: Il bismuto \u00e8 un materiale pericoloso?<\/strong><\/p>\n<p>R: Gli obiettivi di bismuto non sono merci pericolose e possono essere gestiti come merci ordinarie.<\/p>\n<p>Tuttavia, la polvere di bismuto \u00e8 pericolosa e infiammabile. Quando la si utilizza, \u00e8 necessario tenerla lontana da fonti di calore, superfici calde, scintille, fiamme libere e altre fonti di accensione. \u00c8 vietato fumare e occorre adottare misure per evitare la formazione di elettricit\u00e0 statica.<\/p>\n<p><strong>D2: Quali sono i tempi di consegna?<\/strong><\/p>\n<p>R: In magazzino: Spedizione immediata<\/p>\n<p>Prodotti standard: Generalmente 2-4 settimane<\/p>\n<p>Prodotti personalizzati: Determinati in base ai dettagli richiesti<\/p>\n<p>I requisiti speciali possono essere discussi<\/p>\n<p><strong>Q3: Fornite un file MSDS?<\/strong><\/p>\n<p>R: S\u00ec, forniamo file TDS e MSDS. Il pulsante &#8220;MSDS&#8221; e &#8220;TDS&#8221; si trova sotto la casella di richiesta a destra dell&#8217;immagine del prodotto.<\/p>\n","protected":false},"excerpt":{"rendered":"<p>Gli aghidi bismuto sono materiali a forma di ago realizzati con bismuto metallico di elevata purezza, ampiamente utilizzati in metallurgia, semiconduttori e prodotti farmaceutici. VIMATERIALE fornisce materiali metallici di bismuto di elevata purezza, tra cui polvere di bismuto, bersagli di bismuto, barre di bismuto e granuli di bismuto. Impieghiamo un rigoroso controllo di qualit\u00e0, sottoponendoci [&hellip;]<\/p>\n","protected":false},"featured_media":1033571,"comment_status":"open","ping_status":"closed","template":"","meta":{"_acf_changed":false},"product_brand":[],"product_cat":[198],"product_tag":[],"class_list":{"0":"post-1046690","1":"product","2":"type-product","3":"status-publish","4":"has-post-thumbnail","6":"product_cat-materiali-per-levaporazione","8":"first","9":"instock","10":"shipping-taxable","11":"purchasable","12":"product-type-variable"},"acf":[],"_links":{"self":[{"href":"https:\/\/vimaterial.de\/it\/wp-json\/wp\/v2\/product\/1046690","targetHints":{"allow":["GET"]}}],"collection":[{"href":"https:\/\/vimaterial.de\/it\/wp-json\/wp\/v2\/product"}],"about":[{"href":"https:\/\/vimaterial.de\/it\/wp-json\/wp\/v2\/types\/product"}],"replies":[{"embeddable":true,"href":"https:\/\/vimaterial.de\/it\/wp-json\/wp\/v2\/comments?post=1046690"}],"wp:featuredmedia":[{"embeddable":true,"href":"https:\/\/vimaterial.de\/it\/wp-json\/wp\/v2\/media\/1033571"}],"wp:attachment":[{"href":"https:\/\/vimaterial.de\/it\/wp-json\/wp\/v2\/media?parent=1046690"}],"wp:term":[{"taxonomy":"product_brand","embeddable":true,"href":"https:\/\/vimaterial.de\/it\/wp-json\/wp\/v2\/product_brand?post=1046690"},{"taxonomy":"product_cat","embeddable":true,"href":"https:\/\/vimaterial.de\/it\/wp-json\/wp\/v2\/product_cat?post=1046690"},{"taxonomy":"product_tag","embeddable":true,"href":"https:\/\/vimaterial.de\/it\/wp-json\/wp\/v2\/product_tag?post=1046690"}],"curies":[{"name":"wp","href":"https:\/\/api.w.org\/{rel}","templated":true}]}}