{"id":1046556,"date":"2025-10-17T17:10:33","date_gmt":"2025-10-17T09:10:33","guid":{"rendered":"https:\/\/vimaterial.de\/product\/nichel-metallico-10\/"},"modified":"2025-10-17T17:10:33","modified_gmt":"2025-10-17T09:10:33","slug":"nichel-metallico-10","status":"publish","type":"product","link":"https:\/\/vimaterial.de\/it\/product\/nichel-metallico-10\/","title":{"rendered":"Nichel metallico"},"content":{"rendered":"<p><span style=\"color: #0000ff;\"><a style=\"color: #0000ff;\" href=\"https:\/\/vimaterial.de\/it\/search\/?type=element&#038;keyword=Ni\">Nichel<\/a><\/span> la polvere sferica di nichel \u00e8 una polvere metallica grigio-argento con un&#8217;eccellente fluidit\u00e0 e buone propriet\u00e0 di imballaggio. Le particelle sono di forma uniforme, con superfici lisce e basso contenuto di impurit\u00e0. \u00c8 ampiamente utilizzata nei componenti elettronici, nella metallurgia delle polveri, nella stampa 3D, nelle paste conduttive, nei materiali per batterie e nella produzione di leghe ad alte prestazioni.<\/p>\n<p><strong><span style=\"color: #0000ff;\"><a style=\"color: #0000ff;\" href=\"https:\/\/vimaterial.de\/it\/su-di-noi\/\">VIAMTERIALE<\/a><\/span><\/strong> fornisce polveri sferiche di nichel di elevata purezza e offre anche la possibilit\u00e0 di confezionare e ordinare piccoli lotti<strong><span style=\"color: #0000ff;\"><a style=\"color: #0000ff;\" href=\"https:\/\/vimaterial.de\/it\/contatto\/\"> contattarci.<\/a><\/span><\/strong><\/p>\n<h2><span style=\"font-size: 14pt;\">Propriet\u00e0 fisiche della polvere di nichel<\/span><\/h2>\n<table style=\"border-collapse: collapse; width: 69.1956%; height: 168px;\">\n<tbody>\n<tr style=\"height: 24px;\">\n<td style=\"width: 29.2926%; height: 24px;\">Formula molecolare<\/td>\n<td style=\"width: 39.9042%; height: 24px;\">Ni<\/td>\n<\/tr>\n<tr style=\"height: 24px;\">\n<td style=\"width: 29.2926%; height: 24px;\">Peso molecolare<\/td>\n<td style=\"width: 39.9042%; height: 24px;\">58.69 g\/mol<\/td>\n<\/tr>\n<tr style=\"height: 24px;\">\n<td style=\"width: 29.2926%; height: 24px;\">Aspetto<\/td>\n<td style=\"width: 39.9042%; height: 24px;\">grigio<\/td>\n<\/tr>\n<tr style=\"height: 24px;\">\n<td style=\"width: 29.2926%; height: 24px;\">Densit\u00e0<\/td>\n<td style=\"width: 39.9042%; height: 24px;\">8.908 g\/cm\u00b3<\/td>\n<\/tr>\n<tr style=\"height: 24px;\">\n<td style=\"width: 29.2926%; height: 24px;\">Punto di fusione<\/td>\n<td style=\"width: 39.9042%; height: 24px;\">1453\u00b0C<\/td>\n<\/tr>\n<tr style=\"height: 24px;\">\n<td style=\"width: 29.2926%; height: 24px;\">Punto di ebollizione<\/td>\n<td style=\"width: 39.9042%; height: 24px;\">2732\u00b0C<\/td>\n<\/tr>\n<tr style=\"height: 24px;\">\n<td style=\"width: 29.2926%; height: 24px;\">Struttura cristallina<\/td>\n<td style=\"width: 39.9042%; height: 24px;\">struttura cristallina cubica a facce centrate<\/td>\n<\/tr>\n<\/tbody>\n<\/table>\n<h2><span style=\"font-size: 14pt;\">Applicazioni del nichel sferico <\/span><span style=\"font-size: 14pt;\">Polvere di nichel<\/span><\/h2>\n<p><strong>Metallurgia delle polveri<\/strong>: Utilizzata per produrre componenti in lega a base di nichel ad alta densit\u00e0, resistenti all&#8217;usura e ad alta resistenza.<\/p>\n<p><strong>stampa 3D\/Produzione additiva<\/strong>: Adatta ai processi di fabbricazione additiva, come la fusione a letto di polvere metallica e la fusione laser selettiva, per produrre parti strutturali complesse.<\/p>\n<p><strong>Componenti elettronici<\/strong>: Utilizzato in adesivi conduttivi, pellicole conduttive, materiali di contatto, ecc. per ottenere un&#8217;eccellente conduttivit\u00e0 elettrica.<\/p>\n<p><strong>Materiali per batterie<\/strong>: Utilizzati come materiali catodici nelle batterie al nichel-metallo idruro e agli ioni di litio, per migliorare la densit\u00e0 energetica e le prestazioni dei cicli.<\/p>\n<p><strong>Preparazione di leghe ad alte prestazioni<\/strong>: Utilizzato come additivo o materiale di base nella produzione di leghe aerospaziali, di apparecchiature energetiche e di leghe resistenti alle alte temperature.<\/p>\n<p><strong>Vettori di catalizzatori<\/strong>: Utilizzati come catalizzatori o vettori catalitici nell&#8217;industria chimica per migliorare l&#8217;efficienza delle reazioni.<\/p>\n<p><strong>Rivestimenti superficiali e spruzzatura<\/strong>: Utilizzati in placcatura, elettroplaccatura o spruzzatura termica per migliorare la resistenza alla corrosione e all&#8217;usura.<\/p>\n<h2><span style=\"font-size: 14pt;\">Suggerimenti per l&#8217;utilizzo della polvere di nichel sferico<\/span><\/h2>\n<ol>\n<li>Indossare una maschera antipolvere o utilizzare la ventilazione di scarico locale durante la manipolazione per ridurre il rischio di inalazione della polvere o di esplosione.<\/li>\n<li>Quando si mescolano gli ingredienti o si preparano gli impasti, mescolare accuratamente per garantire una distribuzione uniforme delle particelle e migliorare le prestazioni del prodotto finito.<\/li>\n<li>Quando si utilizza la polvere di nichel in ambienti ad alta temperatura, prestare attenzione alla stabilit\u00e0 termica della polvere per evitare l&#8217;ossidazione o la combustione spontanea.<\/li>\n<li>Aggiungere polvere di nichel in base ai requisiti del processo; quantit\u00e0 eccessive possono influire sulla densit\u00e0 o sulla conduttivit\u00e0 del materiale.<\/li>\n<li>Per alcune applicazioni (come le batterie e la galvanotecnica), l&#8217;attivazione superficiale o il rivestimento delle polveri sferiche pu\u00f2 migliorare le prestazioni.<\/li>\n<\/ol>\n<h2><span style=\"font-size: 14pt;\">Imballaggio e stoccaggio<\/span><\/h2>\n<p>Le polveri sferiche di nichel sono confezionate in sacchi a doppio vuoto o in bottiglie a doppio vuoto in cartoni.<\/p>\n<p>Le polveri di nichel devono essere conservate in un ambiente asciutto, fresco e ben ventilato, sigillato per evitare l&#8217;umidit\u00e0 e l&#8217;ossidazione, lontano da sostanze corrosive come acidi, alcali, fonti di fuoco e forti agenti ossidanti, e conservate correttamente in conformit\u00e0 alle norme sullo stoccaggio dei prodotti chimici.<\/p>\n<h2><span style=\"font-size: 14pt;\">Prodotti correlati<\/span><\/h2>\n<table style=\"border-collapse: collapse; width: 100%; height: 48px;\">\n<tbody>\n<tr style=\"height: 24px;\">\n<td style=\"width: 33.3333%; height: 24px;\"><span style=\"color: #0000ff;\"><a style=\"color: #0000ff;\" href=\"https:\/\/vimaterial.de\/it\/search\/?type=element&#038;keyword=Ni%2CO\">Ossido di nichel<\/a><\/span><\/td>\n<td style=\"width: 33.3333%; height: 24px;\"><span style=\"color: #0000ff;\"><a style=\"color: #0000ff;\" href=\"https:\/\/vimaterial.de\/it\/search\/?type=element&#038;keyword=Ni%2CS\">Solfuro di nichel<\/a><\/span><\/td>\n<td style=\"width: 33.3333%; height: 24px;\"><span style=\"color: #0000ff;\"><a style=\"color: #0000ff;\" href=\"https:\/\/vimaterial.de\/it\/search\/?type=element&#038;keyword=Ni%2CB\">Boruro di nichel<\/a><\/span><\/td>\n<\/tr>\n<tr style=\"height: 24px;\">\n<td style=\"width: 33.3333%; height: 24px;\"><span style=\"color: #0000ff;\"><a style=\"color: #0000ff;\" href=\"https:\/\/vimaterial.de\/it\/search\/?type=element&#038;keyword=Ni%2CV\">Lega di nichel vanadio<\/a><\/span><\/td>\n<td style=\"width: 33.3333%; height: 24px;\"><span style=\"color: #0000ff;\"><a style=\"color: #0000ff;\" href=\"https:\/\/vimaterial.de\/it\/search\/?type=element&#038;keyword=Ni%2CAl\">Lega di nichel e alluminio<\/a><\/span><\/td>\n<td style=\"width: 33.3333%; height: 24px;\"><span style=\"color: #0000ff;\"><a style=\"color: #0000ff;\" href=\"https:\/\/vimaterial.de\/it\/search\/?type=element&#038;keyword=Ni%2CCr\">Lega di nichel e cromo<\/a><\/span><\/td>\n<\/tr>\n<\/tbody>\n<\/table>\n","protected":false},"excerpt":{"rendered":"<p>Nichel la polvere sferica di nichel \u00e8 una polvere metallica grigio-argento con un&#8217;eccellente fluidit\u00e0 e buone propriet\u00e0 di imballaggio. Le particelle sono di forma uniforme, con superfici lisce e basso contenuto di impurit\u00e0. \u00c8 ampiamente utilizzata nei componenti elettronici, nella metallurgia delle polveri, nella stampa 3D, nelle paste conduttive, nei materiali per batterie e nella [&hellip;]<\/p>\n","protected":false},"featured_media":1046029,"comment_status":"open","ping_status":"closed","template":"","meta":{"_acf_changed":false},"product_brand":[],"product_cat":[212],"product_tag":[],"class_list":{"0":"post-1046556","1":"product","2":"type-product","3":"status-publish","4":"has-post-thumbnail","6":"product_cat-polvere-di-metallo-puro-e-leghe","8":"first","9":"instock","10":"shipping-taxable","11":"purchasable","12":"product-type-variable"},"acf":[],"_links":{"self":[{"href":"https:\/\/vimaterial.de\/it\/wp-json\/wp\/v2\/product\/1046556","targetHints":{"allow":["GET"]}}],"collection":[{"href":"https:\/\/vimaterial.de\/it\/wp-json\/wp\/v2\/product"}],"about":[{"href":"https:\/\/vimaterial.de\/it\/wp-json\/wp\/v2\/types\/product"}],"replies":[{"embeddable":true,"href":"https:\/\/vimaterial.de\/it\/wp-json\/wp\/v2\/comments?post=1046556"}],"wp:featuredmedia":[{"embeddable":true,"href":"https:\/\/vimaterial.de\/it\/wp-json\/wp\/v2\/media\/1046029"}],"wp:attachment":[{"href":"https:\/\/vimaterial.de\/it\/wp-json\/wp\/v2\/media?parent=1046556"}],"wp:term":[{"taxonomy":"product_brand","embeddable":true,"href":"https:\/\/vimaterial.de\/it\/wp-json\/wp\/v2\/product_brand?post=1046556"},{"taxonomy":"product_cat","embeddable":true,"href":"https:\/\/vimaterial.de\/it\/wp-json\/wp\/v2\/product_cat?post=1046556"},{"taxonomy":"product_tag","embeddable":true,"href":"https:\/\/vimaterial.de\/it\/wp-json\/wp\/v2\/product_tag?post=1046556"}],"curies":[{"name":"wp","href":"https:\/\/api.w.org\/{rel}","templated":true}]}}