{"id":1043450,"date":"2025-03-25T10:28:00","date_gmt":"2025-03-25T02:28:00","guid":{"rendered":"https:\/\/vimaterial.de\/product\/tungsteno-metallo\/"},"modified":"2025-06-16T17:50:04","modified_gmt":"2025-06-16T09:50:04","slug":"tungsteno-metallo","status":"publish","type":"product","link":"https:\/\/vimaterial.de\/it\/product\/tungsteno-metallo\/","title":{"rendered":"Tungsteno metallo"},"content":{"rendered":"<p>Il bersaglio del tubo <span style=\"color: #0000ff;\"><a style=\"color: #0000ff;\" href=\"https:\/\/vimaterial.de\/it\/product\/metallo-tungsteno-6\/\">metallico di tungsteno<\/a> <\/span>\u00e8 un bersaglio cavo realizzato in tungsteno ad alta purezza mediante pressatura isostatica a caldo (HIP), spruzzatura al plasma, sinterizzazione o lavorazione di filatura, che \u00e8 ampiamente utilizzato nel processo di deposizione di film sottili di display a schermo piatto, celle solari, vetro fotovoltaico e pannelli touch. Il suo alto punto di fusione, l&#8217;alta densit\u00e0 e l&#8217;eccellente conduttivit\u00e0 elettrica e termica lo rendono dotato di un&#8217;eccellente stabilit\u00e0 strutturale e uniformit\u00e0 del film in ambienti di vuoto ad alta temperatura.<\/p>\n<p>I bersagli per tubi in metallo di tungsteno forniti da VIMATERIAL hanno un alto punto di fusione e stabilit\u00e0 termica, velocit\u00e0 di uscita del film veloce, strato di film uniforme, alto tasso di riciclaggio, elevata purezza, bassa impurit\u00e0 e forte resistenza alla corrosione,<span style=\"color: #0000ff;\"><a style=\"color: #0000ff;\" href=\"https:\/\/vimaterial.de\/it\/contatto\/\"> contattaci<\/a><\/span> per supporto tecnico.<\/p>\n<h2><span style=\"font-size: 14pt;\">Caratteristiche<\/span><\/h2>\n<p>Formula chimica: W<\/p>\n<p>Densit\u00e0: La densit\u00e0 teorica \u00e8 di 19,3 g\/cm\u00b3.<\/p>\n<p>Punto di fusione: 3422\u00b0C<\/p>\n<p>Resistivit\u00e0: circa 5,5 \u03bc\u03a9-cm<\/p>\n<p>Struttura cristallina Corpo centrato cubico (BCC)<\/p>\n<p>Dimensioni: personalizzate in base all&#8217;attrezzatura<\/p>\n<h2><span style=\"font-size: 14pt;\">Applicazioni<\/span><\/h2>\n<p>Display a schermo piatto: i bersagli in tubo metallico di tungsteno sono ampiamente utilizzati per lo sputtering di film sottili di elettrodi metallici nella produzione di TFT-LCD e OLED per fornire un percorso conduttivo stabile. La sua elevata purezza e il basso tasso di particelle garantiscono la qualit\u00e0 del display e la resa del pannello.<\/p>\n<p>Rivestimento in vetro solare fotovoltaico: nel rivestimento low-e del vetro fotovoltaico, i bersagli di tungsteno vengono utilizzati per depositare strati di pellicola funzionale altamente riflettenti o riflettenti a infrarossi. La loro elevata uniformit\u00e0 contribuisce a migliorare la trasmissione della luce e l&#8217;efficienza di conversione delle celle. 3.<\/p>\n<p>Deposizione di materiale di ricambio per touch screen e ITO: come materiale conduttivo per lo sputtering a film sottile, il metallo di tungsteno pu\u00f2 essere co-sputterizzato con ossidi per formare uno strato conduttivo trasparente per sostituire l \u201cITO. Come materiale conduttivo per lo sputtering a film sottile, il tungsteno pu\u00f2 essere co-sputtered con ossidi per formare strati conduttivi trasparenti invece di ITO. I target in tungsteno hanno un\u201d eccellente adesione e stabilit\u00e0 dello strato e sono adatti per schermi flessibili e altre tecnologie di visualizzazione emergenti.<\/p>\n<p>Semiconduttori e microelettronica: come materiale di interconnessione metallica ad alte prestazioni, il tungsteno metallico pu\u00f2 essere utilizzato per la deposizione di strati di inserzione di gate e contatti nei processi BEOL (back-end-of-chip). I bersagli di tungsteno vengono depositati mediante magnetron sputtering per formare film metallici ad alta densit\u00e0 con bassa resistenza e buona stabilit\u00e0 termica.<\/p>\n<h2><span style=\"font-size: 14pt;\">Controllo qualit\u00e0<\/span><\/h2>\n<p><span style=\"color: #0000ff;\"><a style=\"color: #0000ff;\" href=\"https:\/\/vimaterial.de\/it\/controllo-qualita\/\">VIMATERIAL<\/a> <\/span>implementa rigorosamente un sistema di gestione della qualit\u00e0 per garantire la coerenza e l&#8217;elevato standard dei nostri prodotti durante l&#8217;intero processo di ricerca e sviluppo, produzione, spedizione e servizio. Tutti i lotti devono superare i test standardizzati prima di lasciare la fabbrica e qualsiasi deviazione viene gestita in conformit\u00e0 con l&#8217;8D procedimento. Rispettiamo pienamente gli standard internazionali come REACH e ASTM e ci impegniamo per la costruzione di una catena di fornitura sostenibile e socialmente responsabile.<\/p>\n<h2><span style=\"font-size: 14pt;\">Imballaggio e stoccaggio<\/span><\/h2>\n<p>I bersagli in tubo metallico di tungsteno sono confezionati sottovuoto singolarmente e collocati in scatole di legno personalizzate.<\/p>\n<p>I bersagli in tubo metallico di tungsteno sono conservati in un ambiente asciutto, pulito e a prova di luce per evitare l \u201cossidazione e la contaminazione superficiale; la temperatura di conservazione consigliata \u00e8 di 5-35\u00b0C e l\u201d umidit\u00e0 &lt; relativa del 50%; possono essere riaspirati quando non vengono utilizzati per molto tempo.<\/p>\n","protected":false},"excerpt":{"rendered":"<p>Il bersaglio del tubo <span style=\"color: #0000ff;\"><a style=\"color: #0000ff;\" href=\"https:\/\/vimaterial.de\/it\/product\/metallo-tungsteno-6\/\">Tungsteno metallo<\/a><\/span>\u00e8 un bersaglio cavo realizzato in tungsteno ad alta purezza mediante pressatura isostatica a caldo (HIP), spruzzatura al plasma, sinterizzazione o lavorazione di filatura, che \u00e8 ampiamente utilizzato nel processo di deposizione di film sottili di display a schermo piatto, celle solari, vetro fotovoltaico e pannelli touch. Il suo alto punto di fusione, l&#8217;alta densit\u00e0 e l&#8217;eccellente conduttivit\u00e0 elettrica e termica lo rendono dotato di un&#8217;eccellente stabilit\u00e0 strutturale e uniformit\u00e0 del film in ambienti di vuoto ad alta temperatura.<\/p>\n<p>I bersagli per tubi in metallo di tungsteno forniti da VIMATERIAL hanno un alto punto di fusione e stabilit\u00e0 termica, velocit\u00e0 di uscita del film veloce, strato di film uniforme, alto tasso di riciclaggio, elevata purezza, bassa impurit\u00e0 e forte resistenza alla corrosione,<span style=\"color: #0000ff;\"><a style=\"color: #0000ff;\" href=\"https:\/\/vimaterial.de\/it\/contatto\/\"> contattaci<\/a><\/span> per supporto tecnico.<\/p>\n","protected":false},"featured_media":1042685,"comment_status":"open","ping_status":"closed","template":"","meta":{"_acf_changed":false},"product_brand":[],"product_cat":[209],"product_tag":[],"class_list":{"0":"post-1043450","1":"product","2":"type-product","3":"status-publish","4":"has-post-thumbnail","6":"product_cat-obiettivi-di-sputtering-rotanti","8":"first","9":"instock","10":"shipping-taxable","11":"product-type-variable"},"acf":[],"_links":{"self":[{"href":"https:\/\/vimaterial.de\/it\/wp-json\/wp\/v2\/product\/1043450","targetHints":{"allow":["GET"]}}],"collection":[{"href":"https:\/\/vimaterial.de\/it\/wp-json\/wp\/v2\/product"}],"about":[{"href":"https:\/\/vimaterial.de\/it\/wp-json\/wp\/v2\/types\/product"}],"replies":[{"embeddable":true,"href":"https:\/\/vimaterial.de\/it\/wp-json\/wp\/v2\/comments?post=1043450"}],"wp:featuredmedia":[{"embeddable":true,"href":"https:\/\/vimaterial.de\/it\/wp-json\/wp\/v2\/media\/1042685"}],"wp:attachment":[{"href":"https:\/\/vimaterial.de\/it\/wp-json\/wp\/v2\/media?parent=1043450"}],"wp:term":[{"taxonomy":"product_brand","embeddable":true,"href":"https:\/\/vimaterial.de\/it\/wp-json\/wp\/v2\/product_brand?post=1043450"},{"taxonomy":"product_cat","embeddable":true,"href":"https:\/\/vimaterial.de\/it\/wp-json\/wp\/v2\/product_cat?post=1043450"},{"taxonomy":"product_tag","embeddable":true,"href":"https:\/\/vimaterial.de\/it\/wp-json\/wp\/v2\/product_tag?post=1043450"}],"curies":[{"name":"wp","href":"https:\/\/api.w.org\/{rel}","templated":true}]}}