{"id":1043438,"date":"2025-03-25T10:46:46","date_gmt":"2025-03-25T02:46:46","guid":{"rendered":"https:\/\/vimaterial.de\/product\/metallo-cobalto-9\/"},"modified":"2025-06-16T17:32:05","modified_gmt":"2025-06-16T09:32:05","slug":"metallo-cobalto-9","status":"publish","type":"product","link":"https:\/\/vimaterial.de\/it\/product\/metallo-cobalto-9\/","title":{"rendered":"Metallo cobalto"},"content":{"rendered":"<p><span style=\"color: #0000ff;\"><a style=\"color: #0000ff;\" href=\"https:\/\/vimaterial.de\/it\/product\/metallo-cobalto-8\/\">La polvere di cobalto metallico<\/a><\/span> \u00e8 una polvere metallica da grigia a grigio-nera con propriet\u00e0 magnetiche, conduttivit\u00e0 elettrica e buona stabilit\u00e0 termica. \u00c8 un&#8217;importante materia prima per la produzione di leghe ad alte prestazioni, materiali per batterie, catalizzatori e materiali magnetici ed \u00e8 ampiamente utilizzata nel settore aerospaziale, nelle nuove energie, nel carburo cementato e in altri campi.<\/p>\n<p>La <strong>polvere di cobalto<\/strong> fornita da VIMATERIAL \u00e8 caratterizzata da elevata purezza, elevata consistenza, eccellente magnetismo e conduttivit\u00e0 elettrica, buona stabilit\u00e0 chimica e distribuzione controllabile delle dimensioni delle particelle, vieni a <span style=\"color: #0000ff;\"><a style=\"color: #0000ff;\" href=\"https:\/\/vimaterial.de\/it\/contatto\/\">contattarci<\/a> <\/span>per i campioni.<\/p>\n<h2><span style=\"font-size: 14pt;\">Caratteristiche<\/span><\/h2>\n<p>Formula molecolare Co<\/p>\n<p>Peso molecolare 58,93 g\/mol<\/p>\n<p>Aspetto Polvere metallizzata da grigia a grigio-nera con lucentezza.<\/p>\n<p>Densit\u00e0 8,90 g\/cm\u00b3<\/p>\n<p>Punto di fusione 1495\u00b0C<\/p>\n<p>Punto di ebollizione 2927\u00b0C<\/p>\n<p>Struttura cristallina Struttura esagonale compatta (hcp)<\/p>\n<p>Propriet\u00e0 magnetiche Ferromagnetico (cobalto metallico)<\/p>\n<h2><span style=\"font-size: 14pt;\">Applicazione<\/span><\/h2>\n<p>Carburo cementato e utensili da taglio: la <strong>polvere di cobalto metallico<\/strong> \u00e8 il materiale della fase legante per la produzione di carburo cementato a base di carburo di tungsteno, che pu\u00f2 migliorare significativamente la tenacit\u00e0 e la resistenza all&#8217;usura della lega. \u00c8 ampiamente utilizzato nel taglio dei metalli, negli strumenti minerari, nei trapani e in altri pezzi in condizioni di carico elevato.<\/p>\n<p>Materiali della batteria: <strong>la polvere di cobalto metallico<\/strong> \u00e8 un importante precursore dei materiali anodici ternari (come NCM, NCA) e del cobaltato di litio per le batterie agli ioni di litio. La sua elevata stabilit\u00e0 elettrochimica aiuta a migliorare la densit\u00e0 di energia e la durata del ciclo della batteria.<\/p>\n<p>Materiali magnetici: utilizzati nella produzione di materiali magnetici permanenti ad alte prestazioni, come i magneti al neodimio-ferro-boro (NdFeB) e al samario-cobalto (SmCo). L&#8217;aggiunta di cobalto pu\u00f2 migliorare la coercitivit\u00e0 e la resistenza al calore dei magneti, adatti per occasioni ad alta temperatura.<\/p>\n<p>Materiale del catalizzatore: <strong>la polvere di cobalto metallico<\/strong> viene utilizzata come catalizzatore metallico per la sintesi di Fischer-Tropsch, l \u201cossidazione dell\u201d ammoniaca e altre reazioni nell \u201cindustria chimica. La sua elevata superficie specifica e la dispersione possono migliorare significativamente l\u201d efficienza catalitica e la durata.<\/p>\n<h2><span style=\"font-size: 14pt;\">Controllo qualit\u00e0<\/span><\/h2>\n<p><span style=\"color: #0000ff;\"><a style=\"color: #0000ff;\" href=\"https:\/\/vimaterial.de\/it\/controllo-qualita\/\">VIMATERIAL<\/a><\/span> implementa rigorosamente un sistema di gestione della qualit\u00e0 per garantire la coerenza e l&#8217;elevato standard dei nostri prodotti durante l&#8217;intero processo di ricerca e sviluppo, produzione, spedizione e servizio. Tutti i lotti devono superare i test standardizzati prima di lasciare la fabbrica e qualsiasi deviazione viene gestita in conformit\u00e0 con l&#8217;8D procedimento. Rispettiamo pienamente gli standard internazionali come REACH e ASTM e ci impegniamo per la costruzione di una catena di fornitura sostenibile e socialmente responsabile.<\/p>\n<h2><span style=\"font-size: 14pt;\">Imballaggio e stoccaggio<\/span><\/h2>\n<p><strong>La polvere di cobalto metallico<\/strong> in piccole quantit\u00e0 \u00e8 confezionata in flaconi a doppio vuoto con cartone esterno. Grandi quantit\u00e0 vengono confezionate in fusti con appositi sacchetti di alluminio, oppure in imballi personalizzati in base alle esigenze del cliente.<\/p>\n<p><strong>La polvere di cobalto metallico<\/strong> deve essere conservata in un ambiente asciutto e ben ventilato per evitare umidit\u00e0 e ossidazione. Prevenire la luce solare diretta, tenere lontano da acidi, ossidanti e altri reagenti. Temperatura di conservazione consigliata: 5-30\u00b0C, umidit\u00e0 &lt; relativa 50%.<\/p>\n","protected":false},"excerpt":{"rendered":"<p><span style=\"color: #0000ff;\"><a style=\"color: #0000ff;\" href=\"https:\/\/vimaterial.de\/it\/product\/metallo-cobalto-8\/\">Metallo cobalto \u00a0<\/a><\/span>\u00e8 una polvere metallica da grigia a grigio-nera con propriet\u00e0 magnetiche, conduttivit\u00e0 elettrica e buona stabilit\u00e0 termica. \u00c8 un&#8217;importante materia prima per la produzione di leghe ad alte prestazioni, materiali per batterie, catalizzatori e materiali magnetici ed \u00e8 ampiamente utilizzata nel settore aerospaziale, nelle nuove energie, nel carburo cementato e in altri campi.<\/p>\n<p>La <strong>polvere di cobalto<\/strong> fornita da VIMATERIAL \u00e8 caratterizzata da elevata purezza, elevata consistenza, eccellente magnetismo e conduttivit\u00e0 elettrica, buona stabilit\u00e0 chimica e distribuzione controllabile delle dimensioni delle particelle, vieni a <span style=\"color: #0000ff;\"><a style=\"color: #0000ff;\" href=\"https:\/\/vimaterial.de\/it\/contatto\/\">contattarci<\/a> <\/span>per i campioni.<\/p>\n","protected":false},"featured_media":1042696,"comment_status":"open","ping_status":"closed","template":"","meta":{"_acf_changed":false},"product_brand":[],"product_cat":[212],"product_tag":[],"class_list":{"0":"post-1043438","1":"product","2":"type-product","3":"status-publish","4":"has-post-thumbnail","6":"product_cat-polvere-di-metallo-puro-e-leghe","8":"first","9":"instock","10":"shipping-taxable","11":"product-type-variable"},"acf":[],"_links":{"self":[{"href":"https:\/\/vimaterial.de\/it\/wp-json\/wp\/v2\/product\/1043438","targetHints":{"allow":["GET"]}}],"collection":[{"href":"https:\/\/vimaterial.de\/it\/wp-json\/wp\/v2\/product"}],"about":[{"href":"https:\/\/vimaterial.de\/it\/wp-json\/wp\/v2\/types\/product"}],"replies":[{"embeddable":true,"href":"https:\/\/vimaterial.de\/it\/wp-json\/wp\/v2\/comments?post=1043438"}],"wp:featuredmedia":[{"embeddable":true,"href":"https:\/\/vimaterial.de\/it\/wp-json\/wp\/v2\/media\/1042696"}],"wp:attachment":[{"href":"https:\/\/vimaterial.de\/it\/wp-json\/wp\/v2\/media?parent=1043438"}],"wp:term":[{"taxonomy":"product_brand","embeddable":true,"href":"https:\/\/vimaterial.de\/it\/wp-json\/wp\/v2\/product_brand?post=1043438"},{"taxonomy":"product_cat","embeddable":true,"href":"https:\/\/vimaterial.de\/it\/wp-json\/wp\/v2\/product_cat?post=1043438"},{"taxonomy":"product_tag","embeddable":true,"href":"https:\/\/vimaterial.de\/it\/wp-json\/wp\/v2\/product_tag?post=1043438"}],"curies":[{"name":"wp","href":"https:\/\/api.w.org\/{rel}","templated":true}]}}