{"id":1043425,"date":"2025-03-25T17:51:04","date_gmt":"2025-03-25T09:51:04","guid":{"rendered":"https:\/\/vimaterial.de\/product\/fluoruro-di-magnesio-4\/"},"modified":"2025-06-16T17:04:18","modified_gmt":"2025-06-16T09:04:18","slug":"fluoruro-di-magnesio-4","status":"publish","type":"product","link":"https:\/\/vimaterial.de\/it\/product\/fluoruro-di-magnesio-4\/","title":{"rendered":"Fluoruro di magnesio"},"content":{"rendered":"<p><span style=\"color: #0000ff;\"><a style=\"color: #0000ff;\" href=\"https:\/\/vimaterial.de\/it\/product\/fluoruro-di-magnesio-2\/\">Il fluoruro di magnesio<\/a><\/span> \u00e8 un composto inorganico incolore e trasparente con eccellenti propriet\u00e0 ottiche e stabilit\u00e0 chimica. La sua forma granulare \u00e8 comunemente usata nei rivestimenti ottici, nei materiali per finestre a infrarossi, nei dispositivi laser e in altri campi.<\/p>\n<p>Il fluoruro di magnesio fornito da VIMATERIAL \u00e8 caratterizzato da elevata trasmittanza, elevata stabilit\u00e0 chimica, elevata durezza e buona stabilit\u00e0 termica, basso indice di rifrazione, bassissima igroscopicit\u00e0, ecc. <a href=\"https:\/\/vimaterial.de\/it\/contatto\/\"><span style=\"color: #0000ff;\">Contattaci<\/span><\/a> per supporto tecnico gratuito.<\/p>\n<h2><span style=\"font-size: 14pt;\">Caratteristiche<\/span><\/h2>\n<p>Formula chimica: MgF\u2082<\/p>\n<p>Peso molecolare: 62,30 g\/mol<\/p>\n<p>Densit\u00e0: 3,15 g\/cm\u00b3<\/p>\n<p>Punto di fusione: 1255\u00b0C<\/p>\n<p>Struttura cristallina: Sistema cristallino tetragonale<\/p>\n<h2><span style=\"font-size: 14pt;\">Applicazioni<\/span><\/h2>\n<p>Rivestimento ottico: i granuli di fluoruro di magnesio sono ampiamente utilizzati nella produzione di rivestimenti antiriflesso, in particolare per i componenti ottici nelle bande da UV a IR. Il loro basso indice di rifrazione li rende uno dei materiali preferiti per i rivestimenti ottici multistrato.<\/p>\n<p>Componenti ottici a infrarossi: nelle applicazioni con finestre e lenti a infrarossi, il fluoruro di magnesio ha un&#8217;eccellente trasmissione della luce e stabilit\u00e0 termica. \u00c8 ampiamente utilizzato nei sistemi di imaging termico, nei sensori a infrarossi e nelle apparecchiature per la visione notturna.<\/p>\n<p>Sistema laser: il fluoruro di magnesio pu\u00f2 essere utilizzato come materiale per finestre ottiche nelle cavit\u00e0 di risonanza laser e pu\u00f2 resistere a radiazioni laser ad alta potenza. La sua elevata purezza e le buone propriet\u00e0 termiche possono ridurre efficacemente la perdita ottica e la distorsione termica.<\/p>\n<p>Apparecchiature ottiche UV: il fluoruro di magnesio ha una trasmittanza molto elevata nella banda UV ed \u00e8 un materiale ideale per finestre e lenti per spettrometri UV e sistemi di lampade UV. La sua stabilit\u00e0 chimica lo rende anche meno soggetto a deteriorarsi sotto i raggi UV ad alta energia.<\/p>\n<h2><span style=\"font-size: 14pt;\">Controllo qualit\u00e0<\/span><\/h2>\n<p><span style=\"color: #0000ff;\"><a style=\"color: #0000ff;\" href=\"https:\/\/vimaterial.de\/it\/controllo-qualita\/\">VIMATERIAL<\/a> <\/span>esegue rigorosamente il sistema di gestione della qualit\u00e0 per garantire coerenza e standard elevati nell&#8217;intero processo di ricerca e sviluppo, produzione, spedizione e servizio. Tutti i lotti devono superare il test standardizzato prima della spedizione e qualsiasi deviazione viene gestita in conformit\u00e0 con 8D procedimento. Siamo pienamente conformi agli standard internazionali come REACH e ASTM e ci impegniamo a costruire una catena di approvvigionamento sostenibile e socialmente responsabile.<\/p>\n<h2><span style=\"font-size: 14pt;\">Imballaggio e stoccaggio<\/span><\/h2>\n<p>I granuli di fluoruro di magnesio sono confezionati in imballaggi sottovuoto a doppio strato con protezione della bottiglia e imballaggio in cartone esterno per ordini di piccole quantit\u00e0. Su richiesta \u00e8 disponibile un imballaggio personalizzato.<\/p>\n<p>Conservare i granuli di fluoruro di magnesio in un luogo asciutto e fresco, evitando ambienti umidi. Conservare sigillato ed evitare il contatto con l&#8217;acido. Temperatura di conservazione consigliata: 5\u00b0C-35\u00b0C, umidit\u00e0 &lt; relativa 60%.<\/p>\n","protected":false},"excerpt":{"rendered":"<p><span style=\"color: #0000ff;\"><a style=\"color: #0000ff;\" href=\"https:\/\/vimaterial.de\/it\/product\/fluoruro-di-magnesio-2\/\">Il fluoruro di magnesio<\/a><\/span> \u00e8 un composto inorganico incolore e trasparente con eccellenti propriet\u00e0 ottiche e stabilit\u00e0 chimica. La sua forma granulare \u00e8 comunemente usata nei rivestimenti ottici, nei materiali per finestre a infrarossi, nei dispositivi laser e in altri campi.<\/p>\n<p>Il fluoruro di magnesio fornito da VIMATERIAL \u00e8 caratterizzato da elevata trasmittanza, elevata stabilit\u00e0 chimica, elevata durezza e buona stabilit\u00e0 termica, basso indice di rifrazione, bassissima igroscopicit\u00e0, ecc. <a href=\"https:\/\/vimaterial.de\/it\/contatto\/\"><span style=\"color: #0000ff;\">Contattaci<\/span><\/a> per supporto tecnico gratuito.<\/p>\n","protected":false},"featured_media":1042758,"comment_status":"open","ping_status":"closed","template":"","meta":{"_acf_changed":false},"product_brand":[],"product_cat":[198],"product_tag":[],"class_list":{"0":"post-1043425","1":"product","2":"type-product","3":"status-publish","4":"has-post-thumbnail","6":"product_cat-materiali-per-levaporazione","8":"first","9":"instock","10":"shipping-taxable","11":"purchasable","12":"product-type-variable"},"acf":[],"_links":{"self":[{"href":"https:\/\/vimaterial.de\/it\/wp-json\/wp\/v2\/product\/1043425","targetHints":{"allow":["GET"]}}],"collection":[{"href":"https:\/\/vimaterial.de\/it\/wp-json\/wp\/v2\/product"}],"about":[{"href":"https:\/\/vimaterial.de\/it\/wp-json\/wp\/v2\/types\/product"}],"replies":[{"embeddable":true,"href":"https:\/\/vimaterial.de\/it\/wp-json\/wp\/v2\/comments?post=1043425"}],"wp:featuredmedia":[{"embeddable":true,"href":"https:\/\/vimaterial.de\/it\/wp-json\/wp\/v2\/media\/1042758"}],"wp:attachment":[{"href":"https:\/\/vimaterial.de\/it\/wp-json\/wp\/v2\/media?parent=1043425"}],"wp:term":[{"taxonomy":"product_brand","embeddable":true,"href":"https:\/\/vimaterial.de\/it\/wp-json\/wp\/v2\/product_brand?post=1043425"},{"taxonomy":"product_cat","embeddable":true,"href":"https:\/\/vimaterial.de\/it\/wp-json\/wp\/v2\/product_cat?post=1043425"},{"taxonomy":"product_tag","embeddable":true,"href":"https:\/\/vimaterial.de\/it\/wp-json\/wp\/v2\/product_tag?post=1043425"}],"curies":[{"name":"wp","href":"https:\/\/api.w.org\/{rel}","templated":true}]}}