{"id":1043015,"date":"2025-04-09T18:32:07","date_gmt":"2025-04-09T10:32:07","guid":{"rendered":"https:\/\/vimaterial.de\/?post_type=product&#038;p=1043015"},"modified":"2025-06-10T17:01:18","modified_gmt":"2025-06-10T09:01:18","slug":"ferrite-di-ittrio-ossido-di-ferro-di-ittrio-yig-copy","status":"publish","type":"product","link":"https:\/\/vimaterial.de\/it\/product\/ferrite-di-ittrio-ossido-di-ferro-di-ittrio-yig-copy\/","title":{"rendered":"Ferrite di ittrio (ossido di ferro di ittrio) (YIG)"},"content":{"rendered":"<p><strong><span style=\"color: #0000ff;\"><a style=\"color: #0000ff;\" href=\"https:\/\/vimaterial.de\/it\/product\/ferrite-di-ittrio-ossido-di-ferro-di-ittrio-yig\/\">La polvere di ferrite di ittrio<\/a><\/span> (Y\u2083Fe\u2085O\u2081\u2082<\/strong>) \u00e8 un materiale ceramico funzionale magnetico con una struttura cristallina di granato. Ha eccellenti propriet\u00e0 magneto-ottiche, bassa perdita di magnetoresistenza, larghezza di linea di risonanza magnetica ridotta e buona stabilit\u00e0 chimica. \u00c8 ampiamente utilizzato nelle comunicazioni a microonde, nei dispositivi magneto-ottici, nei sensori senza contatto e in altri campi. YIG ha una buona risposta magnetica alla frequenza GHz ed \u00e8 un importante oggetto di ricerca e applicazione nel campo dei materiali magnetici.<\/p>\n<p>VIMATERIAL fornisce alla polvere <strong>YIG<\/strong> un&#8217;elevata purezza, un&#8217;elevata superficie specifica e un&#8217;eccellente sinterizzabilit\u00e0. Il rapporto Y:Fe \u00e8 rigorosamente controllato durante la produzione per garantire la purezza della fase cristallina e le propriet\u00e0 magnetiche per supportare la personalizzazione di diverse dimensioni e morfologie delle particelle. <span style=\"color: #0000ff;\"><a style=\"color: #0000ff;\" href=\"https:\/\/vimaterial.de\/it\/contatto\/\">Contattaci.<\/a><\/span><\/p>\n<h2><span style=\"font-size: 14pt;\">Caratteristiche<\/span><\/h2>\n<p>Formula molecolare: Y\u2083Fe\u2085O\u2081\u2082<\/p>\n<p>Peso molecolare: 737,93 g\/mol<\/p>\n<p>Aspetto: polvere fine bruno-rossa o rosso-marrone scuro<\/p>\n<p>Densit\u00e0: 5,17 g\/cm\u00b3<\/p>\n<p>Punto di fusione: 1760\u00b0C<\/p>\n<p>Struttura cristallina: sistema cubico (tipo granato, gruppo spaziale Ia-3d)<\/p>\n<p>Costante reticolare: a \u2248 12,376 \u00c5<\/p>\n<h2><span style=\"font-size: 14pt;\">Applicazione<\/span><\/h2>\n<p>Dispositivi di comunicazione a microonde: la polvere di <strong>ferrite di ittrio<\/strong> ha una larghezza di linea ridotta e caratteristiche di bassa perdita. \u00c8 ampiamente utilizzato nei filtri passa-banda a microonde, nei circolatori, negli isolatori e negli sfasatori, ecc. e pu\u00f2 controllare con precisione i segnali alle frequenze GHz.<\/p>\n<p>Dispositivi magneto-ottici e modulatori magneto-ottici: la polvere di <strong>ferrite di ittrio<\/strong> pu\u00f2 essere utilizzata per rotatori di Faraday, modulatori magneto-ottici, isolatori ottici, ecc. grazie al suo eccellente effetto magneto-ottico. \u00c8 un materiale chiave per la comunicazione ottica e i sistemi laser.<\/p>\n<p>Sensori magnetici e dispositivi di rilevamento senza contatto: la polvere di <strong>ferrite di ittrio<\/strong> \u00e8 sensibile ai campi magnetici e ha una risposta stabile, adatta per sonde magnetiche, sensori di corrente e dispositivi di misurazione dello spostamento senza contatto.<\/p>\n<p>Archiviazione magnetica ed elettronica di spin: come parte di film magnetici o materiali compositi, la polvere di <strong>ferrite di ittrio<\/strong> supporta la trasmissione e la regolazione delle onde di spin ed \u00e8 un \u201cimportante piattaforma di ricerca nel campo dell\u201d elettronica di spin.<\/p>\n<h2><span style=\"font-size: 14pt;\">Controllo qualit\u00e0<\/span><\/h2>\n<p><span style=\"color: #0000ff;\"><a style=\"color: #0000ff;\" href=\"https:\/\/vimaterial.de\/it\/controllo-qualita\/\">I nostri prodotti<\/a> <\/span>utilizzano materie prime di elevata purezza, controllano rigorosamente il rapporto molare delle materie prime, evitano la precipitazione della seconda fase,<br \/>\nutilizzano processi di produzione avanzati, controllo della temperatura a pi\u00f9 stadi, metodi di ispezione scientifica, XRD, SEM\/TEM, ICP-MS, VSM, BET, per produrre prodotti di qualit\u00e0 superiore.<\/p>\n<h2><span style=\"font-size: 14pt;\">Imballaggio e stoccaggio<\/span><\/h2>\n<p>Imballaggio di piccole dimensioni: 50 g \/ 100 g \/ 500 g \/ 1 kg e altre capacit\u00e0, imballaggio esterno della bottiglia in PE, protezione del sacchetto sottovuoto, le specifiche dell&#8217;imballaggio possono essere personalizzate.<\/p>\n<p>Imballaggio sfuso: sacco di alluminio da 5 kg\/10 kg\/25 kg, doppia protezione esterna standard per fusto e infine fissato sul pallet.<\/p>\n<p>La polvere di <strong>ferrite di ittrio<\/strong> deve essere conservata in un contenitore sigillato in un ambiente fresco e asciutto per evitare l&#8217;esposizione a lungo termine all&#8217;aria per assorbire l&#8217;umidit\u00e0 o l&#8217;ossidazione. Deve essere conservato a bassa temperatura e al riparo dalla luce e completamente disperso prima dell&#8217;uso.<\/p>\n","protected":false},"excerpt":{"rendered":"<p><strong><span style=\"color: #0000ff;\"><a style=\"color: #0000ff;\" href=\"https:\/\/vimaterial.de\/it\/product\/ferrite-di-ittrio-ossido-di-ferro-di-ittrio-yig\/\">La polvere di ferrite di ittrio<\/a><\/span> (Y\u2083Fe\u2085O\u2081\u2082<\/strong>) \u00e8 un materiale ceramico funzionale magnetico con una struttura cristallina di granato. Ha eccellenti propriet\u00e0 magneto-ottiche, bassa perdita di magnetoresistenza, larghezza di linea di risonanza magnetica ridotta e buona stabilit\u00e0 chimica. \u00c8 ampiamente utilizzato nelle comunicazioni a microonde, nei dispositivi magneto-ottici, nei sensori senza contatto e in altri campi. YIG ha una buona risposta magnetica alla frequenza GHz ed \u00e8 un importante oggetto di ricerca e applicazione nel campo dei materiali magnetici.<\/p>\n<p>VIMATERIAL fornisce alla polvere <strong>YIG<\/strong> un&#8217;elevata purezza, un&#8217;elevata superficie specifica e un&#8217;eccellente sinterizzabilit\u00e0. Il rapporto Y:Fe \u00e8 rigorosamente controllato durante la produzione per garantire la purezza della fase cristallina e le propriet\u00e0 magnetiche per supportare la personalizzazione di diverse dimensioni e morfologie delle particelle. <span style=\"color: #0000ff;\"><a style=\"color: #0000ff;\" href=\"https:\/\/vimaterial.de\/it\/contatto\/\">Contattaci.<\/a><\/span><\/p>\n<p>&nbsp;<\/p>\n","protected":false},"featured_media":1043040,"comment_status":"open","ping_status":"closed","template":"","meta":{"_acf_changed":false},"product_brand":[],"product_cat":[206],"product_tag":[],"class_list":{"0":"post-1043015","1":"product","2":"type-product","3":"status-publish","4":"has-post-thumbnail","6":"product_cat-altri-materiali","8":"first","9":"instock","10":"shipping-taxable","11":"product-type-variable"},"acf":[],"_links":{"self":[{"href":"https:\/\/vimaterial.de\/it\/wp-json\/wp\/v2\/product\/1043015","targetHints":{"allow":["GET"]}}],"collection":[{"href":"https:\/\/vimaterial.de\/it\/wp-json\/wp\/v2\/product"}],"about":[{"href":"https:\/\/vimaterial.de\/it\/wp-json\/wp\/v2\/types\/product"}],"replies":[{"embeddable":true,"href":"https:\/\/vimaterial.de\/it\/wp-json\/wp\/v2\/comments?post=1043015"}],"wp:featuredmedia":[{"embeddable":true,"href":"https:\/\/vimaterial.de\/it\/wp-json\/wp\/v2\/media\/1043040"}],"wp:attachment":[{"href":"https:\/\/vimaterial.de\/it\/wp-json\/wp\/v2\/media?parent=1043015"}],"wp:term":[{"taxonomy":"product_brand","embeddable":true,"href":"https:\/\/vimaterial.de\/it\/wp-json\/wp\/v2\/product_brand?post=1043015"},{"taxonomy":"product_cat","embeddable":true,"href":"https:\/\/vimaterial.de\/it\/wp-json\/wp\/v2\/product_cat?post=1043015"},{"taxonomy":"product_tag","embeddable":true,"href":"https:\/\/vimaterial.de\/it\/wp-json\/wp\/v2\/product_tag?post=1043015"}],"curies":[{"name":"wp","href":"https:\/\/api.w.org\/{rel}","templated":true}]}}