{"id":1042180,"date":"2025-03-05T14:24:46","date_gmt":"2025-03-05T06:24:46","guid":{"rendered":"https:\/\/vimaterial.de\/?post_type=product&#038;p=1042180"},"modified":"2025-06-26T16:33:38","modified_gmt":"2025-06-26T08:33:38","slug":"ossido-di-zinco-drogato-con-allumina-copy","status":"publish","type":"product","link":"https:\/\/vimaterial.de\/it\/product\/ossido-di-zinco-drogato-con-allumina-copy\/","title":{"rendered":"Alluminio metallico"},"content":{"rendered":"<p><span style=\"color: #0000ff;\"><a style=\"color: #0000ff;\" href=\"https:\/\/vimaterial.de\/it\/product\/alluminio-metallico\/\">Il bersaglio rotante in alluminio<\/a><\/span> \u00e8 un tipo di bersaglio sputtering utilizzato nell&#8217;industria del rivestimento sottovuoto. \u00c8 un prodotto di alluminio di elevata purezza dopo una serie di lavorazioni. Ha una dimensione e una forma specifiche di materiale in alluminio ad alta purezza. Viene installato su una macchina di rivestimento sottovuoto e spruzzato per formare un film.<\/p>\n<p>Il target del tubo di alluminio di VIMATERIAL ha un contenuto di elementi di impurit\u00e0 estremamente basso, una buona conduttivit\u00e0, una buona riflessione della luce, una buona duttilit\u00e0 e un&#8217;eccellente resistenza alla corrosione. <span style=\"color: #0000ff;\"><a style=\"color: #0000ff;\" href=\"https:\/\/vimaterial.de\/it\/contatto\/\">Contattateci<\/a><\/span>.<\/p>\n<h2><span style=\"font-size: 14pt;\">Classificazione<\/span><\/h2>\n<p>I bersagli metallici in alluminio si dividono in bersagli piatti in alluminio e bersagli rotanti in alluminio:<\/p>\n<p>I bersagli piatti in alluminio hanno la forma di fogli, come rotondi e quadrati.<\/p>\n<p>I bersagli rotanti in alluminio sono tubolari, con un&#8217;elevata efficienza di utilizzo, ma difficili da lavorare. Richiedono l&#8217;estrusione di alluminio ad alta purezza, lo stiramento, il trattamento termico di raddrizzatura, la lavorazione e altre fasi di lavorazione per produrre infine bersagli rotanti in alluminio.<\/p>\n<h2><span style=\"font-size: 14pt;\">Caratteristiche<\/span><\/h2>\n<p>Leggero e resistente<\/p>\n<p>Elevata conducibilit\u00e0 termica ed elettrica<\/p>\n<p>Eccellente riflettivit\u00e0<\/p>\n<p>Adatto per lo sputtering magnetron a radiofrequenza (RF) e corrente continua (CC)<\/p>\n<h2><span style=\"font-size: 14pt;\">Applicazioni<\/span><\/h2>\n<p>Deposizione di film sottili per la produzione di semiconduttori<\/p>\n<p>Strati riflettenti nei dispositivi ottici<\/p>\n<p>Rivestimenti protettivi e decorativi nell&#8217;industria aerospaziale e automobilistica<\/p>\n<p>Strati barriera nei materiali di imballaggio<\/p>\n<h2><span style=\"font-size: 14pt;\">Controllo qualit\u00e0<\/span><\/h2>\n<p>VI HALBLEITERMATERIAL GmbH (<span style=\"color: #0000ff;\"><a style=\"color: #0000ff;\" href=\"https:\/\/vimaterial.de\/it\/controllo-qualita\/\">VIMATERIAL)<\/a><\/span> implementa un rigoroso sistema di garanzia della qualit\u00e0, conducendo severi controlli di qualit\u00e0 lungo l&#8217;intera catena di produzione, rielaborando i prodotti difettosi e rilasciando ogni lotto solo dopo aver superato test dettagliati delle specifiche. L&#8217;azienda aderisce ai pi\u00f9 alti standard in ricerca e sviluppo, produzione, spedizione e servizio clienti, indaga sulle deviazioni tramite l&#8217;8D , \u00e8 conforme agli standard REACH e ASTM, garantisce la coerenza e la tracciabilit\u00e0 dei lotti e si impegna a costruire una catena di approvvigionamento socialmente responsabile per proteggere la salute umana e l&#8217;ambiente.<\/p>\n<h2><span style=\"font-size: 14pt;\">Imballaggio e stoccaggio<\/span><\/h2>\n<p>Il bersaglio rotante in alluminio \u00e8 confezionato sottovuoto e spedito in casse di legno personalizzate professionalmente.<\/p>\n<p>Il bersaglio rotante in alluminio deve essere conservato in un ambiente asciutto e pulito, a una temperatura compresa tra 15 e 30 \u00b0C, un&#8217;umidit\u00e0 relativa \u2264 al 60%, evitare il contatto diretto con acqua, acidi, alcali e altre sostanze corrosive, garantendo al contempo che il confezionamento sottovuoto e l&#8217;impilamento siano mantenuti stabili per evitare l&#8217;estrusione e la deformazione, per garantire che le propriet\u00e0 fisiche del bersaglio e la qualit\u00e0 del rivestimento non siano influenzate.<\/p>\n","protected":false},"excerpt":{"rendered":"<p><span style=\"color: #0000ff;\"><a style=\"color: #0000ff;\" href=\"https:\/\/vimaterial.de\/it\/product\/alluminio-metallico\/\">Il bersaglio rotante in alluminio<\/a><\/span> \u00e8 un tipo di bersaglio sputtering utilizzato nell&#8217;industria del rivestimento sottovuoto. \u00c8 un prodotto di alluminio di elevata purezza dopo una serie di lavorazioni. Ha una dimensione e una forma specifiche di materiale in alluminio ad alta purezza. Viene installato su una macchina di rivestimento sottovuoto e spruzzato per formare un film.<\/p>\n<p>Il target del tubo di alluminio di VIMATERIAL ha un contenuto di elementi di impurit\u00e0 estremamente basso, una buona conduttivit\u00e0, una buona riflessione della luce, una buona duttilit\u00e0 e un&#8217;eccellente resistenza alla corrosione. <span style=\"color: #0000ff;\"><a style=\"color: #0000ff;\" href=\"https:\/\/vimaterial.de\/it\/contatto\/\">Contattateci<\/a><\/span>.<\/p>\n","protected":false},"featured_media":1042152,"comment_status":"open","ping_status":"closed","template":"","meta":{"_acf_changed":false},"product_brand":[],"product_cat":[209],"product_tag":[],"class_list":{"0":"post-1042180","1":"product","2":"type-product","3":"status-publish","4":"has-post-thumbnail","6":"product_cat-obiettivi-di-sputtering-rotanti","8":"first","9":"instock","10":"shipping-taxable","11":"product-type-variable"},"acf":[],"_links":{"self":[{"href":"https:\/\/vimaterial.de\/it\/wp-json\/wp\/v2\/product\/1042180","targetHints":{"allow":["GET"]}}],"collection":[{"href":"https:\/\/vimaterial.de\/it\/wp-json\/wp\/v2\/product"}],"about":[{"href":"https:\/\/vimaterial.de\/it\/wp-json\/wp\/v2\/types\/product"}],"replies":[{"embeddable":true,"href":"https:\/\/vimaterial.de\/it\/wp-json\/wp\/v2\/comments?post=1042180"}],"wp:featuredmedia":[{"embeddable":true,"href":"https:\/\/vimaterial.de\/it\/wp-json\/wp\/v2\/media\/1042152"}],"wp:attachment":[{"href":"https:\/\/vimaterial.de\/it\/wp-json\/wp\/v2\/media?parent=1042180"}],"wp:term":[{"taxonomy":"product_brand","embeddable":true,"href":"https:\/\/vimaterial.de\/it\/wp-json\/wp\/v2\/product_brand?post=1042180"},{"taxonomy":"product_cat","embeddable":true,"href":"https:\/\/vimaterial.de\/it\/wp-json\/wp\/v2\/product_cat?post=1042180"},{"taxonomy":"product_tag","embeddable":true,"href":"https:\/\/vimaterial.de\/it\/wp-json\/wp\/v2\/product_tag?post=1042180"}],"curies":[{"name":"wp","href":"https:\/\/api.w.org\/{rel}","templated":true}]}}