{"id":1041824,"date":"2025-02-28T14:46:56","date_gmt":"2025-02-28T06:46:56","guid":{"rendered":"https:\/\/vimaterial.de\/product\/arsenico-metallico-2\/"},"modified":"2025-03-10T14:36:24","modified_gmt":"2025-03-10T06:36:24","slug":"arsenico-metallico-2","status":"publish","type":"product","link":"https:\/\/vimaterial.de\/it\/product\/arsenico-metallico-2\/","title":{"rendered":"Arsenico metallico"},"content":{"rendered":"<p>I granuli di <span style=\"color: #0000ff;\"><a style=\"color: #0000ff;\" href=\"https:\/\/vimaterial.de\/it\/product\/arsenico-metallico\/\">arsenico \u00e8<\/a><\/span>una sorta di lucentezza metallica, materiale granulare grigio-nero, la formula chimica \u00e8 As, che ha un certo grado di stabilit\u00e0 chimica e propriet\u00e0 fisiche speciali, nell&#8217;elettronica, nelle leghe e in altri campi hanno applicazioni.<\/p>\n<p>VIMATERIAL fornisce granuli metallici di arsenico in varie specifiche e supporta il servizio di legatura del bersaglio. Accettiamo la personalizzazione dei prodotti, <span style=\"color: #0000ff;\"><a style=\"color: #0000ff;\" href=\"https:\/\/vimaterial.de\/it\/contatto\/\">contattaci.<\/a><\/span><\/p>\n<h2><span style=\"font-size: 14pt;\">Propriet\u00e0<\/span><\/h2>\n<p>Formula molecolare:As<\/p>\n<p>Peso molecolare: 74,92<\/p>\n<p>Aspetto: particelle solitamente grigio argento con lucentezza metallica, dure e fragili<\/p>\n<p>Densit\u00e0: 5,727 g\/mL a 25\u00b0C<\/p>\n<p>Punto di fusione: 817\u00b0C<\/p>\n<p>Punto di ebollizione: 613\u00b0C<\/p>\n<p>Struttura cristallina: l&#8217;arsenico grigio \u00e8 un sistema cristallino esagonale.<\/p>\n<h2><span style=\"font-size: 14pt;\">Applicazioni<\/span><\/h2>\n<p>Campo elettronico: nell&#8217;industria elettronica, le particelle metalliche di arsenico possono essere utilizzate per produrre alcuni componenti elettronici speciali, come i dispositivi a semiconduttore. Grazie alle sue specifiche propriet\u00e0 elettriche, pu\u00f2 svolgere un ruolo importante nelle apparecchiature elettroniche, come in alcuni circuiti integrati come drogante per migliorare le propriet\u00e0 elettriche dei semiconduttori, migliorare le prestazioni e l&#8217;affidabilit\u00e0 dei dispositivi elettronici.<\/p>\n<p>Campo di leghe: poich\u00e9 il metallo pu\u00f2 formare leghe con rame, piombo e altri metalli, queste leghe hanno propriet\u00e0 uniche, come il miglioramento della resistenza all&#8217;usura e alla corrosione dei metalli. In alcuni settori della produzione di macchinari, aerospaziale e in altri campi, queste leghe metalliche di arsenico sono ampiamente utilizzate nella produzione di componenti chiave per soddisfare i requisiti di elevata resistenza e alta affidabilit\u00e0.<\/p>\n<p>Altri campi: Oltre ai principali campi di applicazione di cui sopra, le particelle metalliche di arsenico hanno anche un potenziale valore applicativo in altri campi, come la ricerca sulla scienza dei materiali come materiale di base per esplorare la sintesi di nuovi materiali e la ricerca sulle prestazioni; Nel campo della medicina, sebbene l&#8217;arsenico metallico stesso abbia tossicit\u00e0, ma dopo un trattamento speciale e un rigoroso controllo del dosaggio, i suoi composti nel trattamento di alcune malattie hanno anche una certa ricerca e applicazione.<\/p>\n<h2><span style=\"font-size: 14pt;\">Controllo qualit\u00e0<\/span><\/h2>\n<p><span style=\"color: #0000ff;\"><a style=\"color: #0000ff;\" href=\"https:\/\/vimaterial.de\/it\/controllo-qualita\/\">Ogni lotto<\/a><\/span> di prodotti protegge rigorosamente la qualit\u00e0, dalla selezione dei fornitori di materie prime, all&#8217;uso di apparecchiature di collaudo avanzate per monitorare accuratamente l&#8217;intero processo di produzione, al prodotto finito attraverso molti cicli di campionamento severo e certificazione autorevole di terze parti, al sistema di controllo della qualit\u00e0 a tutto tondo e a tolleranza zero per garantire che ogni lotto di prodotti soddisfi e superi gli elevati standard del settore, per fornire ai nostri clienti la migliore qualit\u00e0 e i prodotti pi\u00f9 stabili.<\/p>\n<h2><span style=\"font-size: 14pt;\">Imballaggio e stoccaggio<\/span><\/h2>\n<p>I granuli di metallo all&#8217;arsenico sono confezionati in un sacchetto sottovuoto o in una bottiglia sottovuoto in cartone per garantire un trasporto sicuro.<\/p>\n<p>Le particelle metalliche di arsenico devono essere conservate separatamente in magazzini freschi, asciutti e ben ventilati dedicati a sostanze chimiche altamente tossiche, in particolare sostanze ossidanti, acidi, ecc., I contenitori di stoccaggio devono essere sigillati ermeticamente e i magazzini devono essere dotati di una perfetta anti-perdita, prevenzione incendi, strutture antideflagranti e attrezzature per la movimentazione delle emergenze.<\/p>\n","protected":false},"excerpt":{"rendered":"<p>I granuli di <span style=\"color: #0000ff;\"><a style=\"color: #0000ff;\" href=\"https:\/\/vimaterial.de\/it\/product\/arsenico-metallico\/\">arsenico <\/a><\/span>\u00e8una sorta di lucentezza metallica, materiale granulare grigio-nero, la formula chimica \u00e8 As, che ha un certo grado di stabilit\u00e0 chimica e propriet\u00e0 fisiche speciali, nell&#8217;elettronica, nelle leghe e in altri campi hanno applicazioni.<\/p>\n<p>VIMATERIAL fornisce granuli metallici di arsenico in varie specifiche e supporta il servizio di legatura del bersaglio. Accettiamo la personalizzazione dei prodotti, <span style=\"color: #0000ff;\"><a style=\"color: #0000ff;\" href=\"https:\/\/vimaterial.de\/it\/contatto\/\">contattaci.<\/a><\/span><\/p>\n<p>&nbsp;<\/p>\n","protected":false},"featured_media":1041791,"comment_status":"open","ping_status":"closed","template":"","meta":{"_acf_changed":false},"product_brand":[],"product_cat":[198],"product_tag":[],"class_list":{"0":"post-1041824","1":"product","2":"type-product","3":"status-publish","4":"has-post-thumbnail","6":"product_cat-materiali-per-levaporazione","8":"first","9":"instock","10":"shipping-taxable","11":"purchasable","12":"product-type-variable"},"acf":[],"_links":{"self":[{"href":"https:\/\/vimaterial.de\/it\/wp-json\/wp\/v2\/product\/1041824","targetHints":{"allow":["GET"]}}],"collection":[{"href":"https:\/\/vimaterial.de\/it\/wp-json\/wp\/v2\/product"}],"about":[{"href":"https:\/\/vimaterial.de\/it\/wp-json\/wp\/v2\/types\/product"}],"replies":[{"embeddable":true,"href":"https:\/\/vimaterial.de\/it\/wp-json\/wp\/v2\/comments?post=1041824"}],"wp:featuredmedia":[{"embeddable":true,"href":"https:\/\/vimaterial.de\/it\/wp-json\/wp\/v2\/media\/1041791"}],"wp:attachment":[{"href":"https:\/\/vimaterial.de\/it\/wp-json\/wp\/v2\/media?parent=1041824"}],"wp:term":[{"taxonomy":"product_brand","embeddable":true,"href":"https:\/\/vimaterial.de\/it\/wp-json\/wp\/v2\/product_brand?post=1041824"},{"taxonomy":"product_cat","embeddable":true,"href":"https:\/\/vimaterial.de\/it\/wp-json\/wp\/v2\/product_cat?post=1041824"},{"taxonomy":"product_tag","embeddable":true,"href":"https:\/\/vimaterial.de\/it\/wp-json\/wp\/v2\/product_tag?post=1041824"}],"curies":[{"name":"wp","href":"https:\/\/api.w.org\/{rel}","templated":true}]}}