{"id":1041812,"date":"2025-02-28T14:46:57","date_gmt":"2025-02-28T06:46:57","guid":{"rendered":"https:\/\/vimaterial.de\/product\/arsenico-metallico\/"},"modified":"2025-03-10T14:18:45","modified_gmt":"2025-03-10T06:18:45","slug":"arsenico-metallico","status":"publish","type":"product","link":"https:\/\/vimaterial.de\/it\/product\/arsenico-metallico\/","title":{"rendered":"Arsenico metallico"},"content":{"rendered":"<p><span style=\"color: #0000ff;\"><a style=\"color: #0000ff;\" href=\"https:\/\/vimaterial.de\/it\/product\/arsenico-metallico-2\/\">La polvere di arsenico metallico<\/a> <\/span>\u00e8 una polvere grigia con lucentezza metallica, che pu\u00f2 essere ossidata lentamente a temperatura ambiente e pu\u00f2 reagire con molti metalli e non metalli, ed \u00e8 comunemente usata nei campi della produzione di leghe, materiali semiconduttori e pesticidi.<\/p>\n<p>VIMATERIAL fornisce polvere di arsenico in varie specifiche e supporta il servizio di legatura del bersaglio. Accettiamo la personalizzazione dei prodotti, <span style=\"color: #0000ff;\"><a style=\"color: #0000ff;\" href=\"https:\/\/vimaterial.de\/it\/contatto\/\">contattaci<\/a><\/span>.<\/p>\n<h2><span style=\"font-size: 14pt;\">Propriet\u00e0<\/span><\/h2>\n<p>Formula molecolare: come<\/p>\n<p>Peso molecolare: 74,92<\/p>\n<p>Aspetto: polvere grigio acciaio, anche da nero a grigio argento<\/p>\n<p>Densit\u00e0: 5,727 g\/mL a 25\u00b0C<\/p>\n<p>Punto di fusione: 817\u00b0C<\/p>\n<p>Punto di ebollizione: 613\u00b0C<\/p>\n<p>Struttura cristallina: struttura cristallina rombica<\/p>\n<h2><span style=\"font-size: 14pt;\">Applicazione<\/span><\/h2>\n<p>Industria metallurgica: poich\u00e9 la polvere pu\u00f2 essere utilizzata come additivo nella produzione di leghe con propriet\u00e0 speciali, come migliorare la resistenza e la durezza della lega di rame e migliorarne la resistenza alla corrosione.<\/p>\n<p>Campo dei semiconduttori: poich\u00e9 la polvere \u00e8 un&#8217;importante materia prima per la produzione di composti semiconduttori come l&#8217;arseniuro di gallio, che viene utilizzato nella produzione di dispositivi elettronici ad alta velocit\u00e0 e ad alta frequenza e dispositivi optoelettronici.<\/p>\n<p>Produzione di pesticidi: un tempo utilizzati per preparare alcuni pesticidi contenenti arsenico, utilizzati per prevenire e controllare parassiti e malattie delle colture, ma a causa di problemi di tossicit\u00e0, l&#8217;uso di \u00e8 stato gradualmente limitato.<\/p>\n<p>Settore farmaceutico: c&#8217;era una certa applicazione nella medicina tradizionale, la ricerca medica moderna sta anche esplorando il suo potenziale ruolo nel trattamento di alcuni tumori, come il triossido di arsenico utilizzato nel trattamento della leucemia promielocitica acuta.<\/p>\n<h2><span style=\"font-size: 14pt;\">Controllo qualit\u00e0<\/span><\/h2>\n<p><span style=\"color: #0000ff;\"><a style=\"color: #0000ff;\" href=\"https:\/\/vimaterial.de\/it\/controllo-qualita\/\">Ogni lotto<\/a> <\/span>di prodotti protegge rigorosamente la qualit\u00e0, dalla selezione dei fornitori di materie prime, all&#8217;uso di apparecchiature di collaudo avanzate per monitorare accuratamente l&#8217;intero processo di produzione, al prodotto finito attraverso molti cicli di campionamento severo e certificazione autorevole di terze parti, al sistema di controllo della qualit\u00e0 a tutto tondo e a tolleranza zero per garantire che ogni lotto di prodotti soddisfi e superi gli elevati standard del settore, per fornire ai nostri clienti la migliore qualit\u00e0 e i prodotti pi\u00f9 stabili.<\/p>\n<h2><span style=\"font-size: 14pt;\">Imballaggio e stoccaggio<\/span><\/h2>\n<p>La polvere di arsenico metallico \u00e8 confezionata in un sacchetto sottovuoto o in una bottiglia sottovuoto in cartone per garantire un trasporto sicuro.<\/p>\n<p>La polvere di arsenico metallico deve essere conservata in un magazzino speciale fresco e ben ventilato e deve essere conservata separatamente da agenti ossidanti, acidi, alogeni, prodotti chimici commestibili, ecc., Lontano da fuoco e fonti di calore, il magazzino deve essere dotato delle variet\u00e0 e del numero appropriati di attrezzature antincendio e attrezzature di risposta alle emergenze per le perdite e i contenitori di stoccaggio devono essere sigillati per evitare perdite di sostanze pericolose come avvelenamento e inquinamento ambientale.<\/p>\n","protected":false},"excerpt":{"rendered":"<p><span style=\"color: #0000ff;\"><a style=\"color: #0000ff;\" href=\"https:\/\/vimaterial.de\/it\/product\/arsenico-metallico-2\/\">La polvere di arsenico metallico<\/a> <\/span>\u00e8 una polvere grigia con lucentezza metallica, che pu\u00f2 essere ossidata lentamente a temperatura ambiente e pu\u00f2 reagire con molti metalli e non metalli, ed \u00e8 comunemente usata nei campi della produzione di leghe, materiali semiconduttori e pesticidi.<\/p>\n<p>VIMATERIAL fornisce polvere di arsenico in varie specifiche e supporta il servizio di legatura del bersaglio. Accettiamo la personalizzazione dei prodotti, <span style=\"color: #0000ff;\"><a style=\"color: #0000ff;\" href=\"https:\/\/vimaterial.de\/it\/contatto\/\">contattaci<\/a><\/span>.<\/p>\n","protected":false},"featured_media":1041799,"comment_status":"open","ping_status":"closed","template":"","meta":{"_acf_changed":false},"product_brand":[],"product_cat":[212],"product_tag":[],"class_list":{"0":"post-1041812","1":"product","2":"type-product","3":"status-publish","4":"has-post-thumbnail","6":"product_cat-polvere-di-metallo-puro-e-leghe","8":"first","9":"instock","10":"shipping-taxable","11":"purchasable","12":"product-type-variable"},"acf":[],"_links":{"self":[{"href":"https:\/\/vimaterial.de\/it\/wp-json\/wp\/v2\/product\/1041812","targetHints":{"allow":["GET"]}}],"collection":[{"href":"https:\/\/vimaterial.de\/it\/wp-json\/wp\/v2\/product"}],"about":[{"href":"https:\/\/vimaterial.de\/it\/wp-json\/wp\/v2\/types\/product"}],"replies":[{"embeddable":true,"href":"https:\/\/vimaterial.de\/it\/wp-json\/wp\/v2\/comments?post=1041812"}],"wp:featuredmedia":[{"embeddable":true,"href":"https:\/\/vimaterial.de\/it\/wp-json\/wp\/v2\/media\/1041799"}],"wp:attachment":[{"href":"https:\/\/vimaterial.de\/it\/wp-json\/wp\/v2\/media?parent=1041812"}],"wp:term":[{"taxonomy":"product_brand","embeddable":true,"href":"https:\/\/vimaterial.de\/it\/wp-json\/wp\/v2\/product_brand?post=1041812"},{"taxonomy":"product_cat","embeddable":true,"href":"https:\/\/vimaterial.de\/it\/wp-json\/wp\/v2\/product_cat?post=1041812"},{"taxonomy":"product_tag","embeddable":true,"href":"https:\/\/vimaterial.de\/it\/wp-json\/wp\/v2\/product_tag?post=1041812"}],"curies":[{"name":"wp","href":"https:\/\/api.w.org\/{rel}","templated":true}]}}