{"id":1041271,"date":"2025-01-15T15:28:10","date_gmt":"2025-01-15T07:28:10","guid":{"rendered":"https:\/\/vimaterial.de\/?post_type=product&#038;p=1041271"},"modified":"2025-01-22T16:11:35","modified_gmt":"2025-01-22T08:11:35","slug":"zirconato-di-litio-lantanio-llzo","status":"publish","type":"product","link":"https:\/\/vimaterial.de\/it\/product\/zirconato-di-litio-lantanio-llzo\/","title":{"rendered":"Zirconato di litio lantanio (LLZO)"},"content":{"rendered":"<p>Lo zirconato di litio lantanio \u00e8 un materiale elettrolitico solido con un&#8217;eccellente conduttivit\u00e0 ionica fino a 1,5&#215;10-4S\/cm, che pu\u00f2 essere utilizzato nella preparazione di batterie al litio allo stato solido.<\/p>\n<h2><span style=\"font-size: 14pt;\">Propriet\u00e0 dello zirconato di litio lantanio<\/span><\/h2>\n<p>Il componente principale della polvere di LLZO \u00e8 Li7La3Zr2O12, che ha un&#8217;elevata conduttivit\u00e0 ionica, \u00e8 stabile al litio metallico e ha condizioni di preparazione amichevoli. Queste caratteristiche lo rendono un materiale elettrolitico chiave per le batterie al litio metallico allo stato solido, che dovrebbe risolvere i rischi per la sicurezza delle batterie agli ioni di litio liquido e migliorare la densit\u00e0 energetica.<\/p>\n<h2><span style=\"font-size: 14pt;\">Qual \u00e8 l&#8217;applicazione di LLZO?<\/span><\/h2>\n<p>La polvere di LLZO viene utilizzata principalmente come elettrolita per le batterie allo stato solido, in particolare nelle batterie al litio metallico allo stato solido. La sua elevata conduttivit\u00e0 ionica e la buona stabilit\u00e0 chimica lo rendono un punto caldo nella ricerca sulle batterie allo stato solido, che aiuta a migliorare la sicurezza e la densit\u00e0 energetica delle batterie.<\/p>\n<h2><span style=\"font-size: 14pt;\">Controllo qualit\u00e0<\/span><\/h2>\n<p>I nostri prodotti implementano il pi\u00f9 rigoroso sistema di gestione della qualit\u00e0. Esistono rigorosi standard di ispezione per i materiali in entrata, i processi, le ispezioni finali e le ispezioni in fabbrica. Saranno adottate rigorose misure di isolamento per la lavorazione non qualificata per evitare che i prodotti non qualificati fluiscano nel processo successivo. I campioni saranno forniti ai clienti in base alle esigenze del cliente per una nuova ispezione.<\/p>\n<h2><span style=\"font-size: 14pt;\">Imballaggio e stoccaggio<\/span><\/h2>\n<p>Confezionamento sottovuoto, la quantit\u00e0 di imballaggio pu\u00f2 essere fornita in base alle esigenze del cliente e confezionata separatamente. Questo prodotto deve essere sigillato e conservato in un ambiente asciutto e fresco. Non deve essere esposto all&#8217;aria per lungo tempo per evitare l&#8217;agglomerazione dell&#8217;umidit\u00e0, che influenzer\u00e0 le prestazioni di dispersione e l&#8217;effetto d&#8217;uso. Inoltre, dovrebbe evitare forti pressioni e il contatto con gli ossidanti. Deve essere trasportato come merce ordinaria.<\/p>\n<p>&nbsp;<\/p>\n","protected":false},"excerpt":{"rendered":"<p>Lo zirconato di litio lantanio \u00e8 un materiale elettrolitico solido con un&#8217;eccellente conduttivit\u00e0 ionica fino a 1,5&#215;10-4S\/cm, che pu\u00f2 essere utilizzato nella preparazione di batterie al litio allo stato solido. Propriet\u00e0 dello zirconato di litio lantanio Il componente principale della polvere di LLZO \u00e8 Li7La3Zr2O12, che ha un&#8217;elevata conduttivit\u00e0 ionica, \u00e8 stabile al litio metallico [&hellip;]<\/p>\n","protected":false},"featured_media":1041282,"comment_status":"open","ping_status":"closed","template":"","meta":{"_acf_changed":false},"product_brand":[],"product_cat":[201],"product_tag":[],"class_list":{"0":"post-1041271","1":"product","2":"type-product","3":"status-publish","4":"has-post-thumbnail","6":"product_cat-materiali-a-base-di-alogenuri","8":"first","9":"instock","10":"shipping-taxable","11":"product-type-variable"},"acf":[],"_links":{"self":[{"href":"https:\/\/vimaterial.de\/it\/wp-json\/wp\/v2\/product\/1041271","targetHints":{"allow":["GET"]}}],"collection":[{"href":"https:\/\/vimaterial.de\/it\/wp-json\/wp\/v2\/product"}],"about":[{"href":"https:\/\/vimaterial.de\/it\/wp-json\/wp\/v2\/types\/product"}],"replies":[{"embeddable":true,"href":"https:\/\/vimaterial.de\/it\/wp-json\/wp\/v2\/comments?post=1041271"}],"wp:featuredmedia":[{"embeddable":true,"href":"https:\/\/vimaterial.de\/it\/wp-json\/wp\/v2\/media\/1041282"}],"wp:attachment":[{"href":"https:\/\/vimaterial.de\/it\/wp-json\/wp\/v2\/media?parent=1041271"}],"wp:term":[{"taxonomy":"product_brand","embeddable":true,"href":"https:\/\/vimaterial.de\/it\/wp-json\/wp\/v2\/product_brand?post=1041271"},{"taxonomy":"product_cat","embeddable":true,"href":"https:\/\/vimaterial.de\/it\/wp-json\/wp\/v2\/product_cat?post=1041271"},{"taxonomy":"product_tag","embeddable":true,"href":"https:\/\/vimaterial.de\/it\/wp-json\/wp\/v2\/product_tag?post=1041271"}],"curies":[{"name":"wp","href":"https:\/\/api.w.org\/{rel}","templated":true}]}}