{"id":1041109,"date":"2025-01-09T10:43:39","date_gmt":"2025-01-09T02:43:39","guid":{"rendered":"https:\/\/vimaterial.de\/?post_type=product&#038;p=1041109"},"modified":"2025-02-05T15:42:31","modified_gmt":"2025-02-05T07:42:31","slug":"carburo-di-titanio-e-silicio-ti3sic2","status":"publish","type":"product","link":"https:\/\/vimaterial.de\/it\/product\/carburo-di-titanio-e-silicio-ti3sic2\/","title":{"rendered":"Carburo di titanio e silicio"},"content":{"rendered":"<p>Ti3SiC2 (Titanio Silicio Carburo) \u00e8 un materiale ceramico di fase MAX composto da titanio (Ti), silicio (Si) e carbonio (C). I materiali della fase MAX sono un tipo di materiale ceramico con struttura e propriet\u00e0 speciali. Hanno le caratteristiche degli elementi metallici, carbonio e azoto e sono spesso utilizzati in materiali strutturali ad alta temperatura e materiali compositi ceramici.<\/p>\n<h2><span style=\"font-size: 14pt;\">Propriet\u00e0 di Ti3SiC2<\/span><\/h2>\n<p>1. Stabilit\u00e0 alle alte temperature: il carburo di titanio e silicio ha una buona stabilit\u00e0 alle alte temperature e pu\u00f2 mantenere la stabilit\u00e0 strutturale e le prestazioni in ambienti ad alta temperatura.<\/p>\n<p>2. Propriet\u00e0 meccaniche: ha propriet\u00e0 meccaniche, tra cui elevata resistenza, durezza e resistenza all&#8217;usura, ed \u00e8 adatto per la preparazione di materiali strutturali ad alte prestazioni.<\/p>\n<p>3. Conduttivit\u00e0 termica: grazie alla sua struttura speciale, Ti3SiC2 ha una buona conduttivit\u00e0 termica e pu\u00f2 essere utilizzato per preparare materiali di gestione termica efficienti.<\/p>\n<p>4. Resistenza alla corrosione: ha una buona resistenza ad una certa corrosione chimica ed \u00e8 adatto per applicazioni in alcuni ambienti speciali.<\/p>\n<h2><span style=\"font-size: 14pt;\">Tabella dei test di caratterizzazione<\/span><\/h2>\n<p>% in peso di Ti3SiC2<\/p>\n<table style=\"border-collapse: collapse; width: 40.8118%;\">\n<tbody>\n<tr>\n<td style=\"width: 16.2749%;\">Elemento<\/td>\n<td style=\"width: 16.4373%;\">% in peso<\/td>\n<\/tr>\n<tr>\n<td style=\"width: 16.2749%;\">Ti<\/td>\n<td style=\"width: 16.4373%;\">73,38<\/td>\n<\/tr>\n<tr>\n<td style=\"width: 16.2749%;\">Si<\/td>\n<td style=\"width: 16.4373%;\">Ore 14.35<\/td>\n<\/tr>\n<tr>\n<td style=\"width: 16.2749%;\">E<\/td>\n<td style=\"width: 16.4373%;\">12.27<\/td>\n<\/tr>\n<\/tbody>\n<\/table>\n<h2><span style=\"font-size: 14pt;\">Qual \u00e8 l&#8217;applicazione di Ti3SiC2?<\/span><\/h2>\n<p>Poich\u00e9 ha un coefficiente di attrito inferiore e buone propriet\u00e0 autolubrificanti rispetto alla grafite e al bisolfuro di molibdeno (MoS2), pu\u00f2 essere utilizzato per parti scorrevoli nell&#8217;industria meccanica, come anelli di scorrimento, cuscinetti, cuscinetti autolubrificanti e cuscinetti resistenti alle alte temperature utilizzati in atmosfere ossidanti.<\/p>\n<p>Il carburo di titanio e silicio pu\u00f2 essere utilizzato per lo scorrimento di parti di contatto elettrico nell&#8217;ingegneria elettromeccanica, come slitte a pantografo, elettrodi, materiali a spazzole, commutatori di micromotori, contatti elettrici, ecc.<\/p>\n<p>Il carburo di silicio di titanio pu\u00f2 essere utilizzato nell&#8217;industria elettronica come radiatori per imballaggi elettronici, telai di piombo, ecc.<\/p>\n<p>Il carburo di titanio e silicio pu\u00f2 essere utilizzato in cristallizzatori a colata continua nell&#8217;industria metallurgica, ecc.<\/p>\n<h2><span style=\"font-size: 14pt;\">Controllo qualit\u00e0<\/span><\/h2>\n<p>I nostri prodotti implementano il pi\u00f9 rigoroso sistema di gestione della qualit\u00e0. Esistono rigorosi standard di ispezione per i materiali in entrata, i processi, le ispezioni finali e le ispezioni in fabbrica. Saranno adottate rigorose misure di isolamento per la lavorazione non qualificata per evitare che i prodotti non qualificati fluiscano nel processo successivo. I campioni saranno forniti ai clienti in base alle esigenze del cliente per una nuova ispezione.<\/p>\n<h2><span style=\"font-size: 14pt;\">Imballaggio e stoccaggio<\/span><\/h2>\n<p>Interno: sacchetto trasparente per sottovuoto, esterno: foglio di alluminio sacchetto sottovuoto\/cartone\/barile di carta\/barile di ferro. L&#8217;imballaggio pu\u00f2 essere specificato in base alle esigenze del cliente.<\/p>\n<p>Questo prodotto deve essere sigillato e conservato in un ambiente asciutto e fresco. Non deve essere esposto all&#8217;aria per lungo tempo per evitare l&#8217;agglomerazione dell&#8217;umidit\u00e0, che influenzer\u00e0 le prestazioni di dispersione e l&#8217;effetto d&#8217;uso. Inoltre, dovrebbe evitare forti pressioni e il contatto con gli ossidanti. Deve essere trasportato come merce ordinaria.<\/p>\n","protected":false},"excerpt":{"rendered":"<p>Ti3SiC2 (Titanio Silicio Carburo) \u00e8 un materiale ceramico di fase MAX composto da titanio (Ti), silicio (Si) e carbonio (C). I materiali della fase MAX sono un tipo di materiale ceramico con struttura e propriet\u00e0 speciali. Hanno le caratteristiche degli elementi metallici, carbonio e azoto e sono spesso utilizzati in materiali strutturali ad alta temperatura e materiali compositi ceramici.<\/p>\n","protected":false},"featured_media":1041140,"comment_status":"open","ping_status":"closed","template":"","meta":{"_acf_changed":false},"product_brand":[],"product_cat":[202],"product_tag":[],"class_list":{"0":"post-1041109","1":"product","2":"type-product","3":"status-publish","4":"has-post-thumbnail","6":"product_cat-materiali-c-n-b-si","8":"first","9":"instock","10":"shipping-taxable","11":"product-type-variable"},"acf":[],"_links":{"self":[{"href":"https:\/\/vimaterial.de\/it\/wp-json\/wp\/v2\/product\/1041109","targetHints":{"allow":["GET"]}}],"collection":[{"href":"https:\/\/vimaterial.de\/it\/wp-json\/wp\/v2\/product"}],"about":[{"href":"https:\/\/vimaterial.de\/it\/wp-json\/wp\/v2\/types\/product"}],"replies":[{"embeddable":true,"href":"https:\/\/vimaterial.de\/it\/wp-json\/wp\/v2\/comments?post=1041109"}],"wp:featuredmedia":[{"embeddable":true,"href":"https:\/\/vimaterial.de\/it\/wp-json\/wp\/v2\/media\/1041140"}],"wp:attachment":[{"href":"https:\/\/vimaterial.de\/it\/wp-json\/wp\/v2\/media?parent=1041109"}],"wp:term":[{"taxonomy":"product_brand","embeddable":true,"href":"https:\/\/vimaterial.de\/it\/wp-json\/wp\/v2\/product_brand?post=1041109"},{"taxonomy":"product_cat","embeddable":true,"href":"https:\/\/vimaterial.de\/it\/wp-json\/wp\/v2\/product_cat?post=1041109"},{"taxonomy":"product_tag","embeddable":true,"href":"https:\/\/vimaterial.de\/it\/wp-json\/wp\/v2\/product_tag?post=1041109"}],"curies":[{"name":"wp","href":"https:\/\/api.w.org\/{rel}","templated":true}]}}