{"id":1040358,"date":"2024-11-27T16:18:31","date_gmt":"2024-11-27T08:18:31","guid":{"rendered":"https:\/\/vimaterial.de\/product\/bromuro-di-piombo-di-cesio\/"},"modified":"2025-02-06T10:34:35","modified_gmt":"2025-02-06T02:34:35","slug":"bromuro-di-piombo-di-cesio","status":"publish","type":"product","link":"https:\/\/vimaterial.de\/it\/product\/bromuro-di-piombo-di-cesio\/","title":{"rendered":"Bromuro di piombo di cesio"},"content":{"rendered":"<p>Il bromuro di piombo di cesio (CsPbBr3) \u00e8 un materiale composto inorganico composto da tribromuro di piombo e ioni cesio. Ha eccellenti propriet\u00e0 di fluorescenza, pu\u00f2 emettere forti segnali di fluorescenza nello spettro del vicino infrarosso e ha un&#8217;elevata resa quantica e una lunga durata.<\/p>\n<p>VIMATERIAL \u00e8 specializzata nella fornitura di vari tipi di bersagli sputtering: bersagli in metallo, bersagli in lega, bersagli in ceramica, ecc.<\/p>\n<h2><span style=\"font-size: 14pt;\">Propriet\u00e0 del bromuro di piombo di cesio<\/span><\/h2>\n<p>Rispetto ai tradizionali materiali organico-inorganici a base di perovskite, il bromuro di piombo di cesio presenta una migliore stabilit\u00e0 termica e fotostabilit\u00e0, nonch\u00e9 una maggiore resistenza agli antiossidanti e all&#8217;umidit\u00e0.<\/p>\n<h2><span style=\"font-size: 14pt;\">Qual \u00e8 l&#8217;applicazione del bromuro di piombo di cesio?<\/span><\/h2>\n<p>Gli usi principali dei bersagli al bromuro di piombo di cesio includono applicazioni nei fotorivelatori e nelle celle solari. Come materiale perovskitico, il bromuro di piombo di cesio (CsPbBr3) ha eccellenti propriet\u00e0 fotoelettriche e stabilit\u00e0, quindi ha ampie prospettive di applicazione nei dispositivi optoelettronici.<\/p>\n<p>Inoltre, i punti quantici in perovskite CsPbBr3 hanno anche regolabilit\u00e0 delle dimensioni, elevata efficienza luminosa e stabilit\u00e0 e possono essere utilizzati in una variet\u00e0 di dispositivi optoelettronici come LED, laser, fotorilevatori, ecc. La sua buona solubilit\u00e0 lo rende facile da preparare in film sottili e rivestimenti.<\/p>\n<h2><span style=\"font-size: 14pt;\">Controllo qualit\u00e0<\/span><\/h2>\n<p>I nostri prodotti implementano il pi\u00f9 rigoroso sistema di gestione della qualit\u00e0. Esistono rigorosi standard di ispezione per i materiali in entrata, i processi, le ispezioni finali e le ispezioni in fabbrica. Saranno adottate rigorose misure di isolamento per la lavorazione non qualificata per evitare che i prodotti non qualificati fluiscano nel processo successivo. I campioni saranno forniti ai clienti in base alle esigenze del cliente per una nuova ispezione.<\/p>\n<h2><span style=\"font-size: 14pt;\">Imballaggio e stoccaggio<\/span><\/h2>\n<p>Interno: sacchetto sottovuoto trasparente, esterno: scatola di cartone\/legno.<\/p>\n<p>Questo prodotto deve essere sigillato e conservato in un ambiente asciutto e fresco, evitando forti pressioni.<\/p>\n","protected":false},"excerpt":{"rendered":"<p>Il bromuro di piombo di cesio (CsPbBr3) \u00e8 un materiale composto inorganico composto da tribromuro di piombo e ioni cesio. Ha eccellenti propriet\u00e0 di fluorescenza, pu\u00f2 emettere forti segnali di fluorescenza nello spettro del vicino infrarosso e ha un&#8217;elevata resa quantica e una lunga durata. VIMATERIAL \u00e8 specializzata nella fornitura di vari tipi di bersagli [&hellip;]<\/p>\n","protected":false},"featured_media":1040313,"comment_status":"open","ping_status":"closed","template":"","meta":{"_acf_changed":false},"product_brand":[],"product_cat":[197],"product_tag":[],"class_list":{"0":"post-1040358","1":"product","2":"type-product","3":"status-publish","4":"has-post-thumbnail","6":"product_cat-obiettivi-di-sputtering-planari","8":"first","9":"instock","10":"shipping-taxable","11":"product-type-variable"},"acf":[],"_links":{"self":[{"href":"https:\/\/vimaterial.de\/it\/wp-json\/wp\/v2\/product\/1040358","targetHints":{"allow":["GET"]}}],"collection":[{"href":"https:\/\/vimaterial.de\/it\/wp-json\/wp\/v2\/product"}],"about":[{"href":"https:\/\/vimaterial.de\/it\/wp-json\/wp\/v2\/types\/product"}],"replies":[{"embeddable":true,"href":"https:\/\/vimaterial.de\/it\/wp-json\/wp\/v2\/comments?post=1040358"}],"wp:featuredmedia":[{"embeddable":true,"href":"https:\/\/vimaterial.de\/it\/wp-json\/wp\/v2\/media\/1040313"}],"wp:attachment":[{"href":"https:\/\/vimaterial.de\/it\/wp-json\/wp\/v2\/media?parent=1040358"}],"wp:term":[{"taxonomy":"product_brand","embeddable":true,"href":"https:\/\/vimaterial.de\/it\/wp-json\/wp\/v2\/product_brand?post=1040358"},{"taxonomy":"product_cat","embeddable":true,"href":"https:\/\/vimaterial.de\/it\/wp-json\/wp\/v2\/product_cat?post=1040358"},{"taxonomy":"product_tag","embeddable":true,"href":"https:\/\/vimaterial.de\/it\/wp-json\/wp\/v2\/product_tag?post=1040358"}],"curies":[{"name":"wp","href":"https:\/\/api.w.org\/{rel}","templated":true}]}}