{"id":1036843,"date":"2024-09-14T14:27:43","date_gmt":"2024-09-14T06:27:43","guid":{"rendered":"https:\/\/vimaterial.de\/?post_type=product&#038;p=1036843"},"modified":"2025-02-06T11:31:04","modified_gmt":"2025-02-06T03:31:04","slug":"nb521-lega-di-niobio-e-tungsteno","status":"publish","type":"product","link":"https:\/\/vimaterial.de\/it\/product\/nb521-lega-di-niobio-e-tungsteno\/","title":{"rendered":"Nb521 Lega di niobio e tungsteno"},"content":{"rendered":"<p>Nb521 \u00e8 una lega a base di niobio con propriet\u00e0 speciali. \u00c8 composto principalmente da niobio (Nb) come matrice e aggiunto con tungsteno (W), molibdeno (Mo), zirconio (Zr) e altri elementi di lega, nonch\u00e9 tracce di elemento di carbonio (C).<\/p>\n<p>La lega di tungsteno niobio Nb521 \u00e8 un materiale con eccellenti propriet\u00e0 meccaniche a temperatura ambiente e ad alta temperatura, alto punto di fusione e bassa densit\u00e0. Questa lega \u00e8 ampiamente utilizzata nei motori aerospaziali, nei propulsori per armi, nei motori bicomponenti liquidi per missili a razzo, nei reattori nucleari, nei sommergibili, nelle turbine a gas, nei motori automobilistici, nei motori diesel, nelle zone di riscaldamento dei forni ad alta temperatura, nella produzione ad alta temperatura di stampi, nei dispositivi ad alta temperatura e nei crogioli ad alta temperatura.<\/p>\n<p>&nbsp;<\/p>\n<h3>Composizione chimica della lega di niobio e tungsteno Nb521<\/h3>\n<p>&nbsp;<\/p>\n<table style=\"border-collapse: collapse; width: 100%; height: 130px;\">\n<tbody>\n<tr style=\"height: 34px;\">\n<td style=\"width: 100%; text-align: center; height: 34px;\" colspan=\"4\"><strong>Composizione della lega Nb521 in peso%<\/strong><\/td>\n<\/tr>\n<tr style=\"height: 24px;\">\n<td style=\"width: 25%; height: 24px; text-align: center;\">Nb<\/td>\n<td style=\"width: 25%; height: 24px; text-align: center;\">W<\/td>\n<td style=\"width: 25%; height: 24px; text-align: center;\">Mo<\/td>\n<td style=\"width: 25%; height: 24px; text-align: center;\">Zr<\/td>\n<\/tr>\n<tr style=\"height: 24px;\">\n<td style=\"width: 25%; height: 24px; text-align: center;\">Bilancia<\/td>\n<td style=\"width: 25%; height: 24px; text-align: center;\">5.22<\/td>\n<td style=\"width: 25%; height: 24px; text-align: center;\">1,82<\/td>\n<td style=\"width: 25%; height: 24px; text-align: center;\">0,76<\/td>\n<\/tr>\n<tr style=\"height: 24px;\">\n<td style=\"width: 25%; height: 24px; text-align: center;\">Fe<\/td>\n<td style=\"width: 25%; height: 24px; text-align: center;\">Si<\/td>\n<td style=\"width: 25%; height: 24px; text-align: center;\">Ale<\/td>\n<td style=\"width: 25%; height: 24px; text-align: center;\"><\/td>\n<\/tr>\n<tr style=\"height: 24px;\">\n<td style=\"width: 25%; height: 24px; text-align: center;\">&lt;0,01<\/td>\n<td style=\"width: 25%; height: 24px; text-align: center;\">0,01<\/td>\n<td style=\"width: 25%; height: 24px; text-align: center;\">&lt;0,01<\/td>\n<td style=\"width: 25%; height: 24px; text-align: center;\"><\/td>\n<\/tr>\n<\/tbody>\n<\/table>\n<h3><\/h3>\n<h3>Impurit\u00e0 gassose della lega di niobio e tungsteno Nb521<\/h3>\n<table style=\"border-collapse: collapse; width: 100%;\">\n<tbody>\n<tr>\n<td style=\"width: 25%; text-align: center;\" colspan=\"4\"><strong>Impurit\u00e0 gassose<\/strong><\/td>\n<\/tr>\n<tr>\n<td style=\"width: 25%; text-align: center;\">E<\/td>\n<td style=\"width: 25%; text-align: center;\">E<\/td>\n<td style=\"width: 25%; text-align: center;\">H<\/td>\n<td style=\"width: 25%; text-align: center;\">N<\/td>\n<\/tr>\n<tr>\n<td style=\"width: 25%; text-align: center;\">0,087<\/td>\n<td style=\"width: 25%; text-align: center;\">0,016<\/td>\n<td style=\"width: 25%; text-align: center;\">0,0012<\/td>\n<td style=\"width: 25%; text-align: center;\">0,013<\/td>\n<\/tr>\n<\/tbody>\n<\/table>\n<h3><\/h3>\n<h3>Propriet\u00e0 fisiche della polvere sferica Nb521<\/h3>\n<table style=\"border-collapse: collapse; width: 100%; height: 72px;\">\n<tbody>\n<tr style=\"height: 24px;\">\n<td style=\"width: 33.3333%; text-align: center; height: 24px;\" colspan=\"3\"><strong>Propriet\u00e0 fisiche<\/strong><\/td>\n<\/tr>\n<tr style=\"height: 24px;\">\n<td style=\"width: 33.3333%; height: 24px; text-align: center;\">Densit\u00e0 dell&#8217;abbigliamento (g\/cm3)<\/td>\n<td style=\"width: 33.3333%; height: 24px; text-align: center;\">Densit\u00e0 rubinetto (g\/cm3)<\/td>\n<td style=\"width: 33.3333%; height: 24px; text-align: center;\">Portata Hall (s\/50g)<\/td>\n<\/tr>\n<tr style=\"height: 24px;\">\n<td style=\"width: 33.3333%; height: 24px; text-align: center;\">5.208<\/td>\n<td style=\"width: 33.3333%; height: 24px; text-align: center;\">5.434<\/td>\n<td style=\"width: 33.3333%; height: 24px; text-align: center;\">10.93<\/td>\n<\/tr>\n<\/tbody>\n<\/table>\n<h3><\/h3>\n<h3>Propriet\u00e0 fisiche e meccaniche<\/h3>\n<p>Nb521 offre un&#8217;eccellente combinazione di resistenza alle alte temperature e resistenza all&#8217;ossidazione, che lo rende adatto a condizioni termiche estreme.<\/p>\n<ul>\n<li>Densit\u00e0: simile ad altre leghe di niobio, Nb521 ha una densit\u00e0 relativamente bassa rispetto alle leghe a base di nichel, offrendo vantaggi in termini di peso nelle applicazioni aerospaziali.<\/li>\n<li>Punto di fusione: Nb521 pu\u00f2 resistere a temperature estremamente elevate, con un punto di fusione di oltre 2400\u00b0C.<\/li>\n<li>Resistenza alla trazione: elevata resistenza alla trazione a temperature elevate, che garantisce durata in ambienti ad alta sollecitazione.<\/li>\n<li>Resistenza allo scorrimento: l&#8217;eccellente resistenza allo scorrimento consente a Nb521 di mantenere la sua integrit\u00e0 strutturale durante l&#8217;esposizione prolungata al calore e alle sollecitazioni.<\/li>\n<\/ul>\n<p>&nbsp;<\/p>\n<h3>Applicazioni<\/h3>\n<p>Nb521 viene utilizzato principalmente in applicazioni ad alta temperatura e ad alta sollecitazione. Gli usi comuni includono:<\/p>\n<p>Motori a razzo: Nb521 viene utilizzato negli ugelli dei motori a razzo e in altri componenti ad alta temperatura grazie alla sua capacit\u00e0 di mantenere la forza e la resistenza all&#8217;ossidazione in condizioni estreme.<\/p>\n<p>Motori a turbina: la lega \u00e8 adatta per componenti come le pale delle turbine e altre parti dei motori degli aerei che sono esposti a calore elevato.<br \/>\nScudi termici e protezione termica: Nb521 \u00e8 impiegato in sistemi in cui la protezione termica \u00e8 fondamentale, come gli scudi di rientro per veicoli spaziali.<\/p>\n<p>&nbsp;<\/p>\n<h3>Confronto con altre leghe di niobio<\/h3>\n<p>Rispetto ad altre leghe di niobio come la C103, la Nb521 offre una migliore resistenza all&#8217;ossidazione e una resistenza meccanica simile alle alte temperature. Mentre il C103 \u00e8 pi\u00f9 comunemente usato nelle applicazioni aerospaziali, l&#8217;Nb521 pu\u00f2 essere preferito in situazioni in cui \u00e8 richiesta una maggiore resistenza allo scorrimento e all&#8217;ossidazione. Anche le sue prestazioni sono paragonabili a quelle delle leghe a base di molibdeno e a base di tungsteno ma con una densit\u00e0 inferiore e una migliore lavorabilit\u00e0.<\/p>\n","protected":false},"excerpt":{"rendered":"<p>La lega di niobio e tungsteno Nb521 \u00e8 una lega a base di niobio con propriet\u00e0 speciali. \u00c8 composto principalmente da niobio (Nb) come matrice e aggiunto con tungsteno (W), molibdeno (Mo), zirconio (Zr) e altri elementi di lega, nonch\u00e9 tracce di elemento di carbonio (C).<\/p>\n","protected":false},"featured_media":1036860,"comment_status":"open","ping_status":"closed","template":"","meta":{"_acf_changed":false},"product_brand":[],"product_cat":[201],"product_tag":[],"class_list":{"0":"post-1036843","1":"product","2":"type-product","3":"status-publish","4":"has-post-thumbnail","6":"product_cat-materiali-a-base-di-alogenuri","8":"first","9":"instock","10":"shipping-taxable","11":"product-type-variable"},"acf":[],"_links":{"self":[{"href":"https:\/\/vimaterial.de\/it\/wp-json\/wp\/v2\/product\/1036843","targetHints":{"allow":["GET"]}}],"collection":[{"href":"https:\/\/vimaterial.de\/it\/wp-json\/wp\/v2\/product"}],"about":[{"href":"https:\/\/vimaterial.de\/it\/wp-json\/wp\/v2\/types\/product"}],"replies":[{"embeddable":true,"href":"https:\/\/vimaterial.de\/it\/wp-json\/wp\/v2\/comments?post=1036843"}],"wp:featuredmedia":[{"embeddable":true,"href":"https:\/\/vimaterial.de\/it\/wp-json\/wp\/v2\/media\/1036860"}],"wp:attachment":[{"href":"https:\/\/vimaterial.de\/it\/wp-json\/wp\/v2\/media?parent=1036843"}],"wp:term":[{"taxonomy":"product_brand","embeddable":true,"href":"https:\/\/vimaterial.de\/it\/wp-json\/wp\/v2\/product_brand?post=1036843"},{"taxonomy":"product_cat","embeddable":true,"href":"https:\/\/vimaterial.de\/it\/wp-json\/wp\/v2\/product_cat?post=1036843"},{"taxonomy":"product_tag","embeddable":true,"href":"https:\/\/vimaterial.de\/it\/wp-json\/wp\/v2\/product_tag?post=1036843"}],"curies":[{"name":"wp","href":"https:\/\/api.w.org\/{rel}","templated":true}]}}