{"id":1036815,"date":"2024-09-11T10:07:31","date_gmt":"2024-09-11T02:07:31","guid":{"rendered":"https:\/\/vimaterial.de\/?post_type=product&#038;p=1036815"},"modified":"2025-02-06T13:28:07","modified_gmt":"2025-02-06T05:28:07","slug":"lega-di-niobio-c103","status":"publish","type":"product","link":"https:\/\/vimaterial.de\/it\/product\/lega-di-niobio-c103\/","title":{"rendered":"Lega di niobio C103"},"content":{"rendered":"<p>La lega di niobio C103 \u00e8 una lega ad alta temperatura composta principalmente da niobio (Nb), afnio (Hf) e titanio (Ti), progettata per applicazioni in condizioni di calore estremo. La sua superiore resistenza al calore, resistenza meccanica, resistenza all&#8217;ossidazione e resistenza alla corrosione lo rendono ampiamente utilizzato nell&#8217;industria aerospaziale, nucleare e in altri ambienti ad alta temperatura.<\/p>\n<p>&nbsp;<\/p>\n<h3>Composizione chimica<\/h3>\n<p>La composizione chimica della lega di niobio C103 comprende:<\/p>\n<ul>\n<li><strong>Niobio (Nb):<\/strong>~89%<\/li>\n<li><strong>Afnio (Hf):<\/strong>~10%<\/li>\n<li><strong>Titanio (Ti):<\/strong> ~ 1%<\/li>\n<\/ul>\n<h3>Propriet\u00e0 fisiche e meccaniche<\/h3>\n<p>C103 offre una gamma di eccellenti propriet\u00e0 fisiche e meccaniche, che gli consentono di mantenere l&#8217;integrit\u00e0 strutturale e la funzionalit\u00e0 in condizioni estreme.<\/p>\n<ul>\n<li>Densit\u00e0: 8,57 g\/cm\u00b3, che lo rende pi\u00f9 leggero di altre leghe ad alta temperatura come le leghe a base di nichel.<\/li>\n<li>Punto di fusione: 4260\u00b0F (2349\u00b0C), ideale per ambienti ad altissima temperatura.<\/li>\n<li>Resistenza alla trazione: C103 mantiene un&#8217;elevata resistenza alla trazione anche a temperature superiori a 1200\u00b0C.<\/li>\n<li>Duttilit\u00e0: Presenta un&#8217;eccellente duttilit\u00e0 e lavorabilit\u00e0, consentendo vari processi di formatura.<\/li>\n<li>Resistenza allo scorrimento: Eccezionale resistenza allo scorrimento ad alte temperature, che gli consente di resistere a sollecitazioni termiche prolungate.<\/li>\n<\/ul>\n<h3>Resistenza alla corrosione e all&#8217;ossidazione<\/h3>\n<p>Uno dei vantaggi significativi del C103 \u00e8 la sua resistenza all&#8217;ossidazione a temperature elevate. Ci\u00f2 \u00e8 dovuto principalmente alla presenza di zirconio, che aiuta a formare uno strato protettivo di ossido, ritardando l&#8217;ossidazione. Inoltre, C103 offre un&#8217;eccellente resistenza alla corrosione in vari ambienti corrosivi, rendendolo adatto per componenti ad alta temperatura esposti ad atmosfere corrosive, come ugelli per razzi e sistemi di protezione termica.<\/p>\n<p>&nbsp;<\/p>\n<h3>Caratteristiche di fabbricazione e lavorazione<\/h3>\n<p>La lega di niobio C103 pu\u00f2 essere lavorata attraverso diversi metodi, tra cui forgiatura, laminazione e lavorazione. La sua buona duttilit\u00e0 e saldabilit\u00e0 consentono la fabbricazione di forme complesse.<\/p>\n<ul>\n<li>Forgiatura e laminazione: C103 pu\u00f2 essere lavorato a caldo in lamiere, tubi, barre e altre forme.<\/li>\n<li>Saldatura: La lega presenta una buona saldabilit\u00e0 ma richiede un&#8217;atmosfera protettiva durante la saldatura per prevenire l&#8217;ossidazione e la contaminazione.<\/li>\n<li>Trattamento termico: C103 pu\u00f2 essere trattato termicamente per migliorarne ulteriormente le propriet\u00e0 meccaniche, come la ricottura per migliorare la tenacit\u00e0 e la duttilit\u00e0.<\/li>\n<\/ul>\n<h3>Applicazioni tipiche<\/h3>\n<p>C103 viene utilizzato principalmente in ambienti ad alta temperatura, corrosivi e meccanicamente impegnativi. Alcune delle sue applicazioni tipiche includono:<\/p>\n<ul>\n<li>Motori a razzo: Ampiamente utilizzato in componenti critici come ugelli e camere di combustione grazie alla sua eccellente resistenza alle alte temperature e all&#8217;ossidazione.<\/li>\n<li>Componenti delle turbine: nei motori aerospaziali, il C103 viene utilizzato per le pale delle turbine ad alta temperatura e altre parti strutturali.<\/li>\n<li>Reattori nucleari: la sua resistenza alla corrosione e la tolleranza alle radiazioni rendono il C103 adatto per i componenti chiave dei reattori nucleari.<\/li>\n<\/ul>\n<h3>Confronto con altre leghe per alte temperature<\/h3>\n<p>Rispetto ad altre comuni leghe ad alta temperatura, come le leghe a base di nichel (Inconel 718) e le leghe a base di molibdeno (TZM), C103 si comporta eccezionalmente bene in ambienti ad altissima temperatura, soprattutto sopra i 2000\u00b0C. Mantiene un&#8217;ottima resistenza meccanica e resistenza all&#8217;ossidazione in queste condizioni. Inoltre, la minore densit\u00e0 del C103 lo rende vantaggioso nelle applicazioni ad alta temperatura in cui la riduzione del peso \u00e8 fondamentale.<\/p>\n<p>Tuttavia, C103 \u00e8 suscettibile all&#8217;ossidazione in ambienti ricchi di ossigeno, quindi spesso richiede un&#8217;atmosfera protettiva o rivestimenti superficiali per prolungarne la durata.<\/p>\n","protected":false},"excerpt":{"rendered":"<p>La lega di niobio C103 \u00e8 una lega ad alta temperatura composta principalmente da niobio (Nb), titanio (Ti) e zirconio (Zr), progettata per applicazioni in condizioni di calore estremo.<br \/>\nLa sua superiore resistenza al calore, resistenza meccanica, resistenza all&#8217;ossidazione e resistenza alla corrosione lo rendono ampiamente utilizzato nell&#8217;industria aerospaziale, nucleare e in altri ambienti ad alta temperatura.<\/p>\n","protected":false},"featured_media":1036806,"comment_status":"open","ping_status":"closed","template":"","meta":{"_acf_changed":false},"product_brand":[],"product_cat":[201],"product_tag":[],"class_list":{"0":"post-1036815","1":"product","2":"type-product","3":"status-publish","4":"has-post-thumbnail","6":"product_cat-materiali-a-base-di-alogenuri","8":"first","9":"instock","10":"shipping-taxable","11":"product-type-variable"},"acf":[],"_links":{"self":[{"href":"https:\/\/vimaterial.de\/it\/wp-json\/wp\/v2\/product\/1036815","targetHints":{"allow":["GET"]}}],"collection":[{"href":"https:\/\/vimaterial.de\/it\/wp-json\/wp\/v2\/product"}],"about":[{"href":"https:\/\/vimaterial.de\/it\/wp-json\/wp\/v2\/types\/product"}],"replies":[{"embeddable":true,"href":"https:\/\/vimaterial.de\/it\/wp-json\/wp\/v2\/comments?post=1036815"}],"wp:featuredmedia":[{"embeddable":true,"href":"https:\/\/vimaterial.de\/it\/wp-json\/wp\/v2\/media\/1036806"}],"wp:attachment":[{"href":"https:\/\/vimaterial.de\/it\/wp-json\/wp\/v2\/media?parent=1036815"}],"wp:term":[{"taxonomy":"product_brand","embeddable":true,"href":"https:\/\/vimaterial.de\/it\/wp-json\/wp\/v2\/product_brand?post=1036815"},{"taxonomy":"product_cat","embeddable":true,"href":"https:\/\/vimaterial.de\/it\/wp-json\/wp\/v2\/product_cat?post=1036815"},{"taxonomy":"product_tag","embeddable":true,"href":"https:\/\/vimaterial.de\/it\/wp-json\/wp\/v2\/product_tag?post=1036815"}],"curies":[{"name":"wp","href":"https:\/\/api.w.org\/{rel}","templated":true}]}}