{"id":1036614,"date":"2024-08-16T11:21:13","date_gmt":"2024-08-16T03:21:13","guid":{"rendered":"https:\/\/vimaterial.de\/product\/ossido-di-litio-manganese\/"},"modified":"2025-02-08T17:04:34","modified_gmt":"2025-02-08T09:04:34","slug":"ossido-di-litio-manganese","status":"publish","type":"product","link":"https:\/\/vimaterial.de\/it\/product\/ossido-di-litio-manganese\/","title":{"rendered":"Ossido di litio manganese"},"content":{"rendered":"<p>L&#8217;obiettivo di sputtering <span style=\"color: #0000ff;\"><a style=\"color: #0000ff;\" href=\"https:\/\/vimaterial.de\/it\/product\/ossido-di-litio-e-manganese\/\">dell&#8217;ossido di litio manganese<\/a> <\/span>\u00e8 la principale materia prima del manganato di litio come materiale di partenza da spruzzare nel processo di rivestimento sputtering, che viene utilizzato principalmente nella preparazione del film di elettrodi per batterie agli ioni di litio per migliorare le prestazioni delle batterie, nel campo dei dispositivi elettronici per la produzione di componenti a film sottile con funzioni specifiche, cos\u00ec come nell&#8217;industria dei display a schermo piatto per la preparazione di film pertinenti, e cos\u00ec via.<\/p>\n<p>I nostri obiettivi hanno una buona densificazione, un&#8217;elevata efficienza di sputtering, una buona planarit\u00e0 e finitura e eccellenti prestazioni del prodotto. VIMATERIAL ha un team di ricerca e sviluppo professionale, accetta la personalizzazione e lo sviluppo del prodotto e supporta il servizio di rilegatura del bersaglio, <span style=\"color: #0000ff;\"><a style=\"color: #0000ff;\" href=\"https:\/\/vimaterial.de\/it\/contatto\/\">contattaci<\/a><\/span>!<\/p>\n<h2><span style=\"font-size: 14pt;\">Caratteristiche<\/span><\/h2>\n<p>Formula molecolare: LiMn\u2082O\u2084<\/p>\n<p>Peso molecolare: 180,8147<\/p>\n<p>Aspetto: di solito si presenta come polvere grigio nera<\/p>\n<p>Densit\u00e0: circa 4,28 g\/cm\u00b3 circa<\/p>\n<p>Punto di fusione: pi\u00f9 di 400\u00b0C<\/p>\n<p>Struttura cristallina: Sistema cristallino cubico, gruppo spaziale Fd3m, struttura tipica dello spinello. Gli ioni ossigeno sono cubici a facce centrate e densamente impacchettati, con il litio che occupa 1\/8 della posizione interstiziale tetraedrica dell&#8217;ossigeno e il manganese che occupa 1\/2 della posizione interstiziale ottaedrica dell&#8217;ossigeno.<\/p>\n<h2><span style=\"font-size: 14pt;\">Applicazioni<\/span><\/h2>\n<p>Batterie agli ioni di litio: i bersagli sputtering di ossido di litio manganese vengono utilizzati nella preparazione di film catodici per batterie agli ioni di litio, che possono migliorare le prestazioni di carica e scarica e la stabilit\u00e0 ciclica della batteria e aiutare a realizzare un&#8217;elevata densit\u00e0 di energia e una lunga durata.<\/p>\n<p>Dispositivi elettronici: nella produzione di dispositivi elettronici, i film sottili preparati mediante processo di sputtering utilizzando questo target possono essere utilizzati come materiali funzionali per resistori, condensatori e altri componenti, al fine di soddisfare la domanda di materiali per la miniaturizzazione e le alte prestazioni dei dispositivi elettronici.<\/p>\n<p>Sensori: Nel campo dei sensori, le pellicole sensibili preparate sulla base di bersagli sputtering LiMn\u2082O\u2084 possono rispondere a gas, ioni e altre sostanze specifiche, realizzando cos\u00ec un rilevamento altamente sensibile di sostanze rilevanti nell&#8217;ambiente.<\/p>\n<p>Campo ottico: Grazie alle sue determinate propriet\u00e0 ottiche, il bersaglio sputtering all&#8217;ossido di litio manganese pu\u00f2 essere utilizzato per la preparazione di pellicole ottiche, che vengono applicate a filtri ottici, pellicole di miglioramento della trasmittanza e cos\u00ec via, al fine di realizzare la modulazione e il controllo della luce.<\/p>\n<h2><span style=\"font-size: 14pt;\">Controllo qualit\u00e0<\/span><\/h2>\n<p><span style=\"color: #0000ff;\"><a style=\"color: #0000ff;\" href=\"https:\/\/vimaterial.de\/it\/controllo-qualita\/\">Ogni lotto<\/a> <\/span>dei nostri prodotti, dalle materie prime ai prodotti finiti, segue un rigoroso sistema di controllo della qualit\u00e0, il nostro sistema pone l&#8217;accento sulla gestione standardizzata dell&#8217;intero processo di produzione per garantire la coerenza del prodotto, la creazione di record di qualit\u00e0 perfetti, la tracciabilit\u00e0 sperimentale del prodotto, fornire ai clienti una documentazione completa sulla qualit\u00e0 del prodotto per garantire che la qualit\u00e0 del prodotto superi le aspettative del cliente.<\/p>\n<h2><span style=\"font-size: 14pt;\">Imballaggio e stoccaggio<\/span><\/h2>\n<p>I bersagli di sputtering di ossido di litio manganese sono confezionati in imballaggi sottovuoto a doppio strato e quindi inseriti in cartoni per lo stoccaggio fisso interno e infine rinforzati con cartoni o scatole di legno all&#8217;esterno.<\/p>\n<p>I bersagli sputtering di ossido di litio manganese devono essere conservati in un ambiente asciutto, ventilato, a prova di luce, in un imballaggio sottovuoto e devono essere tenuti lontani da sostanze corrosive, infiammabili ed esplosive, collocati in un luogo stabile per evitare l&#8217;estrusione e la collisione.<\/p>\n","protected":false},"excerpt":{"rendered":"<p>L&#8217;obiettivo di sputtering <span style=\"color: #0000ff;\"><a style=\"color: #0000ff;\" href=\"https:\/\/vimaterial.de\/it\/product\/ossido-di-litio-e-manganese\/\">dell&#8217;ossido di litio manganese<\/a> <\/span>\u00e8 la principale materia prima del manganato di litio come materiale di partenza da spruzzare nel processo di rivestimento sputtering, che viene utilizzato principalmente nella preparazione del film di elettrodi per batterie agli ioni di litio per migliorare le prestazioni delle batterie, nel campo dei dispositivi elettronici per la produzione di componenti a film sottile con funzioni specifiche, cos\u00ec come nell&#8217;industria dei display a schermo piatto per la preparazione di film pertinenti, e cos\u00ec via.<\/p>\n","protected":false},"featured_media":1029888,"comment_status":"open","ping_status":"closed","template":"","meta":{"_acf_changed":false},"product_brand":[],"product_cat":[197],"product_tag":[],"class_list":{"0":"post-1036614","1":"product","2":"type-product","3":"status-publish","4":"has-post-thumbnail","6":"product_cat-obiettivi-di-sputtering-planari","8":"first","9":"instock","10":"shipping-taxable","11":"product-type-variable"},"acf":[],"_links":{"self":[{"href":"https:\/\/vimaterial.de\/it\/wp-json\/wp\/v2\/product\/1036614","targetHints":{"allow":["GET"]}}],"collection":[{"href":"https:\/\/vimaterial.de\/it\/wp-json\/wp\/v2\/product"}],"about":[{"href":"https:\/\/vimaterial.de\/it\/wp-json\/wp\/v2\/types\/product"}],"replies":[{"embeddable":true,"href":"https:\/\/vimaterial.de\/it\/wp-json\/wp\/v2\/comments?post=1036614"}],"wp:featuredmedia":[{"embeddable":true,"href":"https:\/\/vimaterial.de\/it\/wp-json\/wp\/v2\/media\/1029888"}],"wp:attachment":[{"href":"https:\/\/vimaterial.de\/it\/wp-json\/wp\/v2\/media?parent=1036614"}],"wp:term":[{"taxonomy":"product_brand","embeddable":true,"href":"https:\/\/vimaterial.de\/it\/wp-json\/wp\/v2\/product_brand?post=1036614"},{"taxonomy":"product_cat","embeddable":true,"href":"https:\/\/vimaterial.de\/it\/wp-json\/wp\/v2\/product_cat?post=1036614"},{"taxonomy":"product_tag","embeddable":true,"href":"https:\/\/vimaterial.de\/it\/wp-json\/wp\/v2\/product_tag?post=1036614"}],"curies":[{"name":"wp","href":"https:\/\/api.w.org\/{rel}","templated":true}]}}