{"id":1036590,"date":"2024-08-16T11:21:29","date_gmt":"2024-08-16T03:21:29","guid":{"rendered":"https:\/\/vimaterial.de\/product\/tellururo-di-indio-5\/"},"modified":"2025-02-06T17:54:59","modified_gmt":"2025-02-06T09:54:59","slug":"tellururo-di-indio-in2te3","status":"publish","type":"product","link":"https:\/\/vimaterial.de\/it\/product\/tellururo-di-indio-in2te3\/","title":{"rendered":"Tellururo di indio"},"content":{"rendered":"<p>Le polveri di <span style=\"color: #0000ff;\"><a style=\"color: #0000ff;\" href=\"https:\/\/vimaterial.de\/it\/product\/tellururo-di-indio-2\/\">tellururo di indio<\/a> <\/span>sono cristalli cubici neri con propriet\u00e0 fotovoltaiche uniche e sono comunemente utilizzate nella fabbricazione di dispositivi optoelettronici come rivelatori a infrarossi, celle solari, dispositivi a semiconduttore e come isolanti topologici in campi all&#8217;avanguardia come l&#8217;informazione quantistica.<\/p>\n<p>VIMATERIAL \u00e8 un&#8217;azienda all&#8217;avanguardia nel settore dell&#8217;innovazione chimica specializzata in materiali ad alte prestazioni per applicazioni ingegneristiche avanzate. I nostri prodotti sono caratterizzati da elevata purezza, prestazioni stabili, supporto per ordini di piccoli lotti, inventario sufficiente e tempi di consegna brevi. Supportiamo anche il servizio di rilegatura target e accettiamo qualsiasi personalizzazione e sperimentazione del prodotto, vi preghiamo di<span style=\"color: #0000ff;\"> <a style=\"color: #0000ff;\" href=\"https:\/\/vimaterial.de\/it\/contatto\/\">contattarci<\/a> <\/span>se avete bisogno di qualcosa.<\/p>\n<h2><span style=\"font-size: 14pt;\">Caratteristiche<\/span><\/h2>\n<p>Formula molecolare: In\u2082Te\u2083<\/p>\n<p>Peso molecolare: 612,44<\/p>\n<p>Aspetto: cristallo cubico nero<\/p>\n<p>Densit\u00e0: 5,8 g\/cm\u00b3<\/p>\n<p>Punto di fusione: 667\u00b0C<\/p>\n<p>Struttura cristallina: Struttura cristallina cubica<\/p>\n<h2><span style=\"font-size: 14pt;\">Applicazioni<\/span><\/h2>\n<p>Campo di rilevamento a infrarossi: con le sue speciali propriet\u00e0 fotoelettriche, pu\u00f2 produrre una risposta sensibile alla luce infrarossa e pu\u00f2 essere utilizzato per produrre rilevatori a infrarossi ad alta sensibilit\u00e0, ampiamente utilizzati nei campi della visione notturna militare, del monitoraggio della sicurezza e dell&#8217;imaging termico.<\/p>\n<p>Campo delle celle solari: come materiale semiconduttore, pu\u00f2 assorbire efficacemente l&#8217;energia luminosa e realizzare la conversione fotoelettrica, che pu\u00f2 essere utilizzata per la preparazione delle celle solari, contribuendo a migliorare l&#8217;efficienza e la stabilit\u00e0 della conversione fotoelettrica delle celle solari.<\/p>\n<p>Dispositivi a semiconduttore: la polvere di tellururo di indio pu\u00f2 essere utilizzata nella produzione di una variet\u00e0 di dispositivi a semiconduttore, come transistor, diodi, ecc., Per sfruttare le sue propriet\u00e0 elettriche uniche, pu\u00f2 migliorare le prestazioni e la frequenza operativa del dispositivo, ridurre il consumo di energia.<\/p>\n<p>Campo dell&#8217;optoelettronica: nel campo dell&#8217;optoelettronica come la comunicazione ottica, la memorizzazione ottica, ecc., Pu\u00f2 essere utilizzato come materiale di dispositivi chiave come modulatore ottico, rivelatore ottico, ecc., Che pu\u00f2 realizzare la modulazione, il rilevamento e la memorizzazione efficienti dei segnali ottici.<\/p>\n<h2><span style=\"font-size: 14pt;\">Controllo qualit\u00e0<\/span><\/h2>\n<p><a href=\"https:\/\/vimaterial.de\/it\/controllo-qualita\/\"><span style=\"color: #0000ff;\">I nostri prodotti <\/span><\/a>sono soggetti a un rigoroso sistema di gestione della qualit\u00e0. Dai materiali in entrata, alla lavorazione, all&#8217;ispezione finale all&#8217;ispezione in fabbrica, ci sono rigorosi standard di ispezione. Per la lavorazione non qualificata vengono adottate rigorose misure di isolamento per evitare che prodotti non qualificati fluiscano nel processo successivo. In base alle esigenze del cliente, forniamo campioni per la nuova ispezione del cliente.<\/p>\n<h2><span style=\"font-size: 14pt;\">Imballaggio e stoccaggio<\/span><\/h2>\n<p>La polvere di tellurio indio \u00e8 confezionata in sacchetti a doppio vuoto o in flaconi a doppio vuoto con cartoni esterni.<\/p>\n<p>La polvere di telluriuro di indio deve essere conservata in un ambiente asciutto, fresco e ventilato, lontano da aria umida e forti agenti ossidanti, evitando la luce e il contatto con acidi, alcali e altre sostanze corrosive per prevenirne il deterioramento.<\/p>\n","protected":false},"excerpt":{"rendered":"<p>Le polveri di <span style=\"color: #0000ff;\"><a style=\"color: #0000ff;\" href=\"https:\/\/vimaterial.de\/it\/product\/tellururo-di-indio-2\/\">tellururo di indio<\/a> <\/span>sono cristalli cubici neri con propriet\u00e0 fotovoltaiche uniche e sono comunemente utilizzate nella fabbricazione di dispositivi optoelettronici come rivelatori a infrarossi, celle solari, dispositivi a semiconduttore e come isolanti topologici in campi all&#8217;avanguardia come l&#8217;informazione quantistica.<\/p>\n","protected":false},"featured_media":1041401,"comment_status":"open","ping_status":"closed","template":"","meta":{"_acf_changed":false},"product_brand":[],"product_cat":[200],"product_tag":[],"class_list":{"0":"post-1036590","1":"product","2":"type-product","3":"status-publish","4":"has-post-thumbnail","6":"product_cat-materiali-calcogenidici","8":"first","9":"instock","10":"shipping-taxable","11":"product-type-variable"},"acf":[],"_links":{"self":[{"href":"https:\/\/vimaterial.de\/it\/wp-json\/wp\/v2\/product\/1036590","targetHints":{"allow":["GET"]}}],"collection":[{"href":"https:\/\/vimaterial.de\/it\/wp-json\/wp\/v2\/product"}],"about":[{"href":"https:\/\/vimaterial.de\/it\/wp-json\/wp\/v2\/types\/product"}],"replies":[{"embeddable":true,"href":"https:\/\/vimaterial.de\/it\/wp-json\/wp\/v2\/comments?post=1036590"}],"wp:featuredmedia":[{"embeddable":true,"href":"https:\/\/vimaterial.de\/it\/wp-json\/wp\/v2\/media\/1041401"}],"wp:attachment":[{"href":"https:\/\/vimaterial.de\/it\/wp-json\/wp\/v2\/media?parent=1036590"}],"wp:term":[{"taxonomy":"product_brand","embeddable":true,"href":"https:\/\/vimaterial.de\/it\/wp-json\/wp\/v2\/product_brand?post=1036590"},{"taxonomy":"product_cat","embeddable":true,"href":"https:\/\/vimaterial.de\/it\/wp-json\/wp\/v2\/product_cat?post=1036590"},{"taxonomy":"product_tag","embeddable":true,"href":"https:\/\/vimaterial.de\/it\/wp-json\/wp\/v2\/product_tag?post=1036590"}],"curies":[{"name":"wp","href":"https:\/\/api.w.org\/{rel}","templated":true}]}}