{"id":1036583,"date":"2024-08-16T11:21:46","date_gmt":"2024-08-16T03:21:46","guid":{"rendered":"https:\/\/vimaterial.de\/product\/ossido-di-lantanio-e-titanio\/"},"modified":"2025-02-06T17:18:48","modified_gmt":"2025-02-06T09:18:48","slug":"ossido-di-lantanio-e-titanio-la2ti2o7","status":"publish","type":"product","link":"https:\/\/vimaterial.de\/it\/product\/ossido-di-lantanio-e-titanio-la2ti2o7\/","title":{"rendered":"Ossido di lantanio e titanio"},"content":{"rendered":"<p><span style=\"color: #0000ff;\"><a style=\"color: #0000ff;\" href=\"https:\/\/vimaterial.de\/it\/product\/titanato-di-lantanio-ossido-di-lantanio-e-titanio-2\/\">Ossido di titanio lantanio<\/a> <\/span>La2Ti2O7 \u00e8 una polvere di ossido di metallo composito con una struttura di tipo calcogenuro, che di solito \u00e8 di colore bianco o giallo chiaro, con buona stabilit\u00e0 chimica, struttura cristallina unica e alcune propriet\u00e0 fotocatalitiche e di altro tipo, e viene utilizzata nella catalisi, nella ceramica elettronica e in altri campi.<\/p>\n<p>VIMATERIAL \u00e8 un&#8217;azienda all&#8217;avanguardia nel settore dell&#8217;innovazione chimica specializzata in materiali ad alte prestazioni per applicazioni ingegneristiche avanzate. I nostri prodotti sono caratterizzati da elevata purezza, prestazioni stabili, supporto per ordini di piccoli lotti, inventario sufficiente e tempi di consegna brevi. Supportiamo anche il servizio di rilegatura target e accettiamo qualsiasi personalizzazione e sperimentazione del prodotto, vi preghiamo di<span style=\"color: #0000ff;\"><a style=\"color: #0000ff;\" href=\"https:\/\/vimaterial.de\/it\/contatto\/\"> contattarci<\/a> <\/span>se avete bisogno di qualcosa.<\/p>\n<h2><span style=\"font-size: 14pt;\">Caratteristiche<\/span><\/h2>\n<p>Formula molecolare: La\u2082Ti\u2082O\u2087<\/p>\n<p>Peso molecolare: 485,54<\/p>\n<p>Aspetto: solitamente polvere nera<\/p>\n<p>Densit\u00e0: 5,79 g\/cm\u00b3<\/p>\n<p>Punto di fusione: 1790\u00b0C<\/p>\n<p>Struttura cristallina: pirocloro con struttura calcocitica<\/p>\n<h2><span style=\"font-size: 14pt;\">Applicazioni<\/span><\/h2>\n<p>Materiali elettronici: con le sue buone propriet\u00e0 dielettriche, la polvere di ossido di titanio lantanio La2Ti2O7 pu\u00f2 essere utilizzata nella produzione di dispositivi ceramici elettronici, come i condensatori ceramici multistrato, che aiutano a migliorare le prestazioni e la stabilit\u00e0 dei dispositivi elettronici.<\/p>\n<p>Campo ottico: la polvere di ossido di titanio lantanio La2Ti2O7 pu\u00f2 essere utilizzata nella preparazione di film ottici o rivestimenti ottici grazie alle sue propriet\u00e0 ottiche, che possono modulare e controllare la luce ed essere applicate in filtri ottici, specchi e altri componenti ottici.<\/p>\n<p>Campo energetico: nell&#8217;accumulo e nella conversione dell&#8217;energia, la polvere di La\u2082Ti\u2082O\u2087 pu\u00f2 essere utilizzata come materiale per elettrodi o materiale elettrolita, che pu\u00f2 aiutare a migliorare le prestazioni di carica e scarica e la stabilit\u00e0 delle batterie, oltre a svolgere un ruolo nei dispositivi energetici come le celle a combustibile a ossido solido.<\/p>\n<p>Campo del sensore: utilizzando le speciali caratteristiche di risposta della polvere di La\u2082Ti\u2082O\u2087 a determinati gas o sostanze, pu\u00f2 essere utilizzata per preparare sensori di gas o sensori chimici, realizzando il rilevamento e l&#8217;identificazione altamente sensibili di gas o sostanze chimiche specifiche.<\/p>\n<h2><span style=\"font-size: 14pt;\">Controllo qualit\u00e0<\/span><\/h2>\n<p><span style=\"color: #0000ff;\"><a style=\"color: #0000ff;\" href=\"https:\/\/vimaterial.de\/it\/controllo-qualita\/\">I nostri prodotti<\/a> <\/span>sono soggetti a un rigoroso sistema di gestione della qualit\u00e0. Dai materiali in entrata, alla lavorazione, all&#8217;ispezione finale all&#8217;ispezione in fabbrica, ci sono rigorosi standard di ispezione. Per la lavorazione non qualificata vengono adottate rigorose misure di isolamento per evitare che prodotti non qualificati fluiscano nel processo successivo. In base alle esigenze del cliente, forniamo campioni per la nuova ispezione del cliente.<\/p>\n<h2><span style=\"font-size: 14pt;\">Imballaggio e stoccaggio<\/span><\/h2>\n<p>La polvere di ossido di titanio lantanio La2Ti2O7 \u00e8 confezionata in sacchetti sottovuoto a doppio strato o flaconi sottovuoto a doppio strato con cartoni esterni.<\/p>\n<p>La polvere di ossido di titanio lantanio La2Ti2O7 deve essere conservata in un ambiente asciutto, fresco e ventilato, utilizzando un imballaggio sigillato per prevenire l&#8217;umidit\u00e0, evitare il contatto con forti sostanze ossidanti e riducenti, per garantire la stabilit\u00e0 delle sue propriet\u00e0.<\/p>\n","protected":false},"excerpt":{"rendered":"<p><span style=\"color: #0000ff;\"><a style=\"color: #0000ff;\" href=\"https:\/\/vimaterial.de\/it\/product\/titanato-di-lantanio-ossido-di-lantanio-e-titanio-2\/\">Ossido di titanio lantanio<\/a> <\/span>La2Ti2O7 \u00e8 una polvere di ossido di metallo composito con una struttura di tipo calcogenuro, che di solito \u00e8 di colore bianco o giallo chiaro, con buona stabilit\u00e0 chimica, struttura cristallina unica e alcune propriet\u00e0 fotocatalitiche e di altro tipo, e viene utilizzata nella catalisi, nella ceramica elettronica e in altri campi.<\/p>\n","protected":false},"featured_media":1036364,"comment_status":"open","ping_status":"closed","template":"","meta":{"_acf_changed":false},"product_brand":[],"product_cat":[203],"product_tag":[],"class_list":{"0":"post-1036583","1":"product","2":"type-product","3":"status-publish","4":"has-post-thumbnail","6":"product_cat-materiali-per-terre-rare","8":"first","9":"instock","10":"shipping-taxable","11":"product-type-variable"},"acf":[],"_links":{"self":[{"href":"https:\/\/vimaterial.de\/it\/wp-json\/wp\/v2\/product\/1036583","targetHints":{"allow":["GET"]}}],"collection":[{"href":"https:\/\/vimaterial.de\/it\/wp-json\/wp\/v2\/product"}],"about":[{"href":"https:\/\/vimaterial.de\/it\/wp-json\/wp\/v2\/types\/product"}],"replies":[{"embeddable":true,"href":"https:\/\/vimaterial.de\/it\/wp-json\/wp\/v2\/comments?post=1036583"}],"wp:featuredmedia":[{"embeddable":true,"href":"https:\/\/vimaterial.de\/it\/wp-json\/wp\/v2\/media\/1036364"}],"wp:attachment":[{"href":"https:\/\/vimaterial.de\/it\/wp-json\/wp\/v2\/media?parent=1036583"}],"wp:term":[{"taxonomy":"product_brand","embeddable":true,"href":"https:\/\/vimaterial.de\/it\/wp-json\/wp\/v2\/product_brand?post=1036583"},{"taxonomy":"product_cat","embeddable":true,"href":"https:\/\/vimaterial.de\/it\/wp-json\/wp\/v2\/product_cat?post=1036583"},{"taxonomy":"product_tag","embeddable":true,"href":"https:\/\/vimaterial.de\/it\/wp-json\/wp\/v2\/product_tag?post=1036583"}],"curies":[{"name":"wp","href":"https:\/\/api.w.org\/{rel}","templated":true}]}}