{"id":1036578,"date":"2024-08-16T11:21:29","date_gmt":"2024-08-16T03:21:29","guid":{"rendered":"https:\/\/vimaterial.de\/product\/boruro-di-bario\/"},"modified":"2025-02-06T18:11:58","modified_gmt":"2025-02-06T10:11:58","slug":"boruro-di-bario","status":"publish","type":"product","link":"https:\/\/vimaterial.de\/it\/product\/boruro-di-bario\/","title":{"rendered":"Boruro di bario"},"content":{"rendered":"<p><span style=\"color: #0000ff;\"><a style=\"color: #0000ff;\" href=\"https:\/\/vimaterial.de\/it\/product\/bromuro-di-bario\/\">Boruro di bario<\/a> <\/span>La polvere \u00e8 una polvere nera con lucentezza metallica, caratterizzata da alto punto di fusione, elevata durezza, buona conducibilit\u00e0 elettrica e stabilit\u00e0 chimica, che ha importanti applicazioni in elettronica, metallurgia e ceramica.<\/p>\n<p>VIMATERIAL \u00e8 un&#8217;azienda all&#8217;avanguardia nel settore dell&#8217;innovazione chimica specializzata in materiali ad alte prestazioni per applicazioni ingegneristiche avanzate. I nostri prodotti sono caratterizzati da elevata purezza, prestazioni stabili, supporto per ordini di piccoli lotti, inventario sufficiente e tempi di consegna brevi. Supportiamo anche il servizio di rilegatura target e accettiamo qualsiasi personalizzazione e sperimentazione del prodotto, vi preghiamo di <span style=\"color: #0000ff;\"><a style=\"color: #0000ff;\" href=\"https:\/\/vimaterial.de\/it\/contatto\/\">contattarci<\/a><\/span> se avete bisogno di qualcosa.<\/p>\n<h2><span style=\"font-size: 14pt;\">Caratteristiche<\/span><\/h2>\n<p>Formula molecolare: BaB\u2086.<\/p>\n<p>Peso molecolare: 202.193<\/p>\n<p>Aspetto: Viola-nero o polvere nera<\/p>\n<p>Densit\u00e0: 4,36 g\/cm\u00b3<\/p>\n<p>Punto di fusione: 2270\u00b0C<\/p>\n<p>Struttura cristallina: Sistema cristallino cubico.<\/p>\n<h2><span style=\"font-size: 14pt;\">Applicazioni<\/span><\/h2>\n<p>Campo di emissione di elettroni: la polvere di boruro di bario viene utilizzata come materiale catodico per il cannone elettronico grazie alle sue eccellenti prestazioni di emissione di elettroni termici, che migliorano significativamente l&#8217;efficienza e la stabilit\u00e0 dell&#8217;emissione di elettroni e aiutano il normale funzionamento delle apparecchiature di elaborazione del fascio di elettroni e del microscopio elettronico.<\/p>\n<p>Rivestimento dell&#8217;utensile da taglio: la polvere di boruro di bario viene applicata sulla superficie degli utensili da taglio come rivestimento, che pu\u00f2 migliorare notevolmente la resistenza all&#8217;usura e le prestazioni di taglio degli utensili da taglio, realizzare tagli ad alta velocit\u00e0 e ad alta efficienza e prolungare la durata degli utensili da taglio.<\/p>\n<p>Produzione di ceramiche: come additivo aggiunto alle materie prime ceramiche, la polvere di boruro di bario pu\u00f2 ottimizzare le prestazioni di sinterizzazione della ceramica, migliorare la resistenza meccanica e la resistenza alle alte temperature della ceramica ed \u00e8 ampiamente utilizzata nella produzione di ceramiche speciali.<\/p>\n<h2><span style=\"font-size: 14pt;\">Controllo qualit\u00e0<\/span><\/h2>\n<p><span style=\"color: #0000ff;\"><a style=\"color: #0000ff;\" href=\"https:\/\/vimaterial.de\/it\/controllo-qualita\/\">I nostri prodotti<\/a> <\/span>sono soggetti a un rigoroso sistema di gestione della qualit\u00e0. Dai materiali in entrata, alla lavorazione, all&#8217;ispezione finale all&#8217;ispezione in fabbrica, ci sono rigorosi standard di ispezione. Per la lavorazione non qualificata vengono adottate rigorose misure di isolamento per evitare che prodotti non qualificati fluiscano nel processo successivo. In base alle esigenze del cliente, forniamo campioni per la nuova ispezione del cliente.<\/p>\n<h2><span style=\"font-size: 14pt;\">Imballaggio e stoccaggio<\/span><\/h2>\n<p>La polvere di boruro di bario \u00e8 confezionata in un sacchetto sottovuoto a doppio strato o in un flacone sottovuoto a doppio strato con cartone esterno.<\/p>\n<p>La polvere di boruro di bario deve essere conservata in un ambiente sigillato, asciutto e fresco, lontano da forti agenti ossidanti, acidi, alcali e altre sostanze, per evitare umidit\u00e0, ossidazione e altre reazioni chimiche che ne influiscono sulle prestazioni.<\/p>\n","protected":false},"excerpt":{"rendered":"<p><span style=\"color: #0000ff;\"><a style=\"color: #0000ff;\" href=\"https:\/\/vimaterial.de\/it\/product\/bromuro-di-bario\/\">Boruro di bario<\/a> <\/span>La polvere \u00e8 una polvere nera con lucentezza metallica, caratterizzata da alto punto di fusione, elevata durezza, buona conducibilit\u00e0 elettrica e stabilit\u00e0 chimica, che ha importanti applicazioni in elettronica, metallurgia e ceramica.<\/p>\n","protected":false},"featured_media":1036357,"comment_status":"open","ping_status":"closed","template":"","meta":{"_acf_changed":false},"product_brand":[],"product_cat":[202],"product_tag":[],"class_list":{"0":"post-1036578","1":"product","2":"type-product","3":"status-publish","4":"has-post-thumbnail","6":"product_cat-materiali-c-n-b-si","8":"first","9":"instock","10":"shipping-taxable","11":"product-type-variable"},"acf":[],"_links":{"self":[{"href":"https:\/\/vimaterial.de\/it\/wp-json\/wp\/v2\/product\/1036578","targetHints":{"allow":["GET"]}}],"collection":[{"href":"https:\/\/vimaterial.de\/it\/wp-json\/wp\/v2\/product"}],"about":[{"href":"https:\/\/vimaterial.de\/it\/wp-json\/wp\/v2\/types\/product"}],"replies":[{"embeddable":true,"href":"https:\/\/vimaterial.de\/it\/wp-json\/wp\/v2\/comments?post=1036578"}],"wp:featuredmedia":[{"embeddable":true,"href":"https:\/\/vimaterial.de\/it\/wp-json\/wp\/v2\/media\/1036357"}],"wp:attachment":[{"href":"https:\/\/vimaterial.de\/it\/wp-json\/wp\/v2\/media?parent=1036578"}],"wp:term":[{"taxonomy":"product_brand","embeddable":true,"href":"https:\/\/vimaterial.de\/it\/wp-json\/wp\/v2\/product_brand?post=1036578"},{"taxonomy":"product_cat","embeddable":true,"href":"https:\/\/vimaterial.de\/it\/wp-json\/wp\/v2\/product_cat?post=1036578"},{"taxonomy":"product_tag","embeddable":true,"href":"https:\/\/vimaterial.de\/it\/wp-json\/wp\/v2\/product_tag?post=1036578"}],"curies":[{"name":"wp","href":"https:\/\/api.w.org\/{rel}","templated":true}]}}