{"id":1036542,"date":"2024-08-16T11:21:14","date_gmt":"2024-08-16T03:21:14","guid":{"rendered":"https:\/\/vimaterial.de\/product\/criolite-3\/"},"modified":"2025-02-07T15:39:54","modified_gmt":"2025-02-07T07:39:54","slug":"esafluoroalluminato-di-sodio-criolite-3","status":"publish","type":"product","link":"https:\/\/vimaterial.de\/it\/product\/esafluoroalluminato-di-sodio-criolite-3\/","title":{"rendered":"Esafluoroalluminato di sodio (criolite)"},"content":{"rendered":"<p><span style=\"color: #0000ff;\"><a style=\"color: #0000ff;\" href=\"https:\/\/vimaterial.de\/it\/product\/criolite\/\">Esafluoroalluminato di sodio<\/a> <\/span>I granuli, comunemente noti come criolite, sono un materiale composto inorganico con un ruolo importante nella produzione industriale, utilizzato principalmente nell&#8217;industria manifatturiera del vetro, nell&#8217;industria dello smalto e in altre industrie.<\/p>\n<p>L&#8217;esafluoroalluminato di sodio di VIMATERIAL offre i vantaggi di un&#8217;elevata purezza, propriet\u00e0 fisiche e chimiche stabili, supporto per la personalizzazione di ordini di piccoli lotti, scorte sufficienti e tempi di consegna brevi. Allo stesso tempo, offriamo una gamma completa di servizi di personalizzazione, che si tratti di un requisito speciale di pellet o di un&#8217;esplorazione di applicazioni innovative, siete invitati a comunicare con noi in qualsiasi momento. Non esitate a <span style=\"color: #0000ff;\"><a style=\"color: #0000ff;\" href=\"https:\/\/vimaterial.de\/it\/contatto\/\">contattarci<\/a> <\/span>per qualsiasi vostra esigenza.<\/p>\n<h2><span style=\"font-size: 14pt;\">Propriet\u00e0<\/span><\/h2>\n<p>Formula molecolare: Na\u2083AlF\u2086<\/p>\n<p>Peso molecolare: 209,94<\/p>\n<p>Aspetto: particelle solitamente bianche o biancastre, forma regolare e granulometria uniforme.<\/p>\n<p>Punto di fusione: 1009\u00b0C<\/p>\n<p>Struttura cristallina: sistema cristallino esagonale, questa struttura cristallina conferisce al Na\u2083AlF\u2086 una buona stabilit\u00e0 chimica e specifiche propriet\u00e0 di conducibilit\u00e0 ionica.<\/p>\n<h2><span style=\"font-size: 14pt;\">Applicazioni<\/span><\/h2>\n<p>Industria dell&#8217;elettrolisi dell&#8217;alluminio: \u00e8 un flusso indispensabile nel processo di elettrolisi dell&#8217;alluminio. Pu\u00f2 abbassare significativamente il punto di fusione dell&#8217;allumina da circa 2050\u00b0C a circa 1000\u00b0C, il che riduce significativamente il consumo di energia nel processo di elettrolisi.<\/p>\n<p>Industria manifatturiera del vetro: come additivo nella produzione del vetro, Na\u2083AlF\u2086 pu\u00f2 ridurre la temperatura di fusione del vetro, migliorare l&#8217;effetto di chiarificazione e omogeneizzazione del vetro, ridurre le bolle e le impurit\u00e0 nel vetro e migliorare la trasparenza e la resistenza meccanica del vetro.<\/p>\n<p>Industria dello smalto: l&#8217;aggiunta di Na\u2083AlF\u2086 nello smalto pu\u00f2 ridurre la temperatura di fusione dello smalto, promuovere la buona combinazione dello smalto e del substrato metallico e migliorare la resistenza alla corrosione, la resistenza all&#8217;abrasione e la lucentezza dei prodotti smaltati.<\/p>\n<p>Industria della fusione: se utilizzato nella fusione della lega di alluminio, pu\u00f2 affinare la grana, migliorare le prestazioni di colata e le propriet\u00e0 meccaniche della lega di alluminio. Pu\u00f2 ridurre efficacemente i difetti come la porosit\u00e0 e il restringimento nei getti e migliorare la precisione dimensionale e la qualit\u00e0 della superficie dei getti.<\/p>\n<h2><span style=\"font-size: 14pt;\">Controllo qualit\u00e0<\/span><\/h2>\n<p><span style=\"color: #0000ff;\"><a style=\"color: #0000ff;\" href=\"https:\/\/vimaterial.de\/it\/controllo-qualita\/\">Ogni lotto<\/a><\/span> del prodotto viene accuratamente e meticolosamente testato per indicatori chiave come la purezza, la distribuzione granulometrica, il punto di fusione e la densit\u00e0. Per qualsiasi prodotto che non soddisfi gli standard di qualit\u00e0, adottiamo immediatamente rigorose misure di isolamento e ne vietiamo severamente l&#8217;ingresso nel successivo processo di produzione o vendita.<\/p>\n<h2><span style=\"font-size: 14pt;\">Imballaggio e stoccaggio<\/span><\/h2>\n<p>I granuli di esafluoroalluminato di sodio sono confezionati in flaconi sottovuoto seguiti da cartoni o fusti di carta.<\/p>\n<p>I granuli di esafluoroalluminato di sodio devono essere conservati in un magazzino asciutto e ben ventilato, lontano dalla luce solare diretta.<\/p>\n","protected":false},"excerpt":{"rendered":"<p><span style=\"color: #0000ff;\"><a style=\"color: #0000ff;\" href=\"https:\/\/vimaterial.de\/it\/product\/criolite\/\">Esafluoroalluminato di sodio<\/a> <\/span>I granuli, comunemente noti come criolite, sono un materiale composto inorganico con un ruolo importante nella produzione industriale, utilizzato principalmente nell&#8217;industria manifatturiera del vetro, nell&#8217;industria dello smalto e in altre industrie.<\/p>\n","protected":false},"featured_media":999246,"comment_status":"open","ping_status":"closed","template":"","meta":{"_acf_changed":false},"product_brand":[],"product_cat":[198],"product_tag":[],"class_list":{"0":"post-1036542","1":"product","2":"type-product","3":"status-publish","4":"has-post-thumbnail","6":"product_cat-materiali-per-levaporazione","8":"first","9":"instock","10":"shipping-taxable","11":"product-type-variable"},"acf":[],"_links":{"self":[{"href":"https:\/\/vimaterial.de\/it\/wp-json\/wp\/v2\/product\/1036542","targetHints":{"allow":["GET"]}}],"collection":[{"href":"https:\/\/vimaterial.de\/it\/wp-json\/wp\/v2\/product"}],"about":[{"href":"https:\/\/vimaterial.de\/it\/wp-json\/wp\/v2\/types\/product"}],"replies":[{"embeddable":true,"href":"https:\/\/vimaterial.de\/it\/wp-json\/wp\/v2\/comments?post=1036542"}],"wp:featuredmedia":[{"embeddable":true,"href":"https:\/\/vimaterial.de\/it\/wp-json\/wp\/v2\/media\/999246"}],"wp:attachment":[{"href":"https:\/\/vimaterial.de\/it\/wp-json\/wp\/v2\/media?parent=1036542"}],"wp:term":[{"taxonomy":"product_brand","embeddable":true,"href":"https:\/\/vimaterial.de\/it\/wp-json\/wp\/v2\/product_brand?post=1036542"},{"taxonomy":"product_cat","embeddable":true,"href":"https:\/\/vimaterial.de\/it\/wp-json\/wp\/v2\/product_cat?post=1036542"},{"taxonomy":"product_tag","embeddable":true,"href":"https:\/\/vimaterial.de\/it\/wp-json\/wp\/v2\/product_tag?post=1036542"}],"curies":[{"name":"wp","href":"https:\/\/api.w.org\/{rel}","templated":true}]}}