{"id":1036520,"date":"2024-08-16T11:21:13","date_gmt":"2024-08-16T03:21:13","guid":{"rendered":"https:\/\/vimaterial.de\/product\/tetraborato-di-litio\/"},"modified":"2025-02-07T17:59:40","modified_gmt":"2025-02-07T09:59:40","slug":"tetraborato-di-litio","status":"publish","type":"product","link":"https:\/\/vimaterial.de\/it\/product\/tetraborato-di-litio\/","title":{"rendered":"Tetraborato di litio"},"content":{"rendered":"<p>La polvere di tetraborato di litio \u00e8 una polvere di composto inorganico dall&#8217;aspetto bianco utilizzata come flusso, additivo o reagente di decomposizione del campione nella produzione di vetro, nella produzione di ceramica, nell&#8217;industria metallurgica e nella chimica analitica.<\/p>\n<p>La polvere di tetraborato di litio di VIMATERIAL presenta i vantaggi di un&#8217;elevata purezza, prestazioni stabili, supporto per la personalizzazione di ordini di piccoli lotti, scorte di inventario sufficienti e tempi di consegna brevi. Allo stesso tempo, forniamo anche servizi di prodotti personalizzati per i nostri clienti, che si tratti di requisiti di purezza speciali, controllo della distribuzione delle dimensioni delle particelle o esperimenti di esplorazione di applicazioni innovative, vi diamo il benvenuto per comunicare e collaborare con noi. Vi preghiamo di <span style=\"color: #0000ff;\"><a style=\"color: #0000ff;\" href=\"https:\/\/vimaterial.de\/it\/contatto\/\">contattarci<\/a><\/span> se avete esigenze correlate.<\/p>\n<h2><span style=\"font-size: 14pt;\">Caratteristiche<\/span><\/h2>\n<p>Formula molecolare: Li\u2082B\u2084O\u2087<\/p>\n<p>Peso molecolare: 169,12<\/p>\n<p>Aspetto: polvere bianca con tessitura fine e uniforme<\/p>\n<p>Densit\u00e0: circa 2,46 g\/cm3<\/p>\n<p>Punto di fusione: circa 917\u00b0C<\/p>\n<p>Struttura cristallina: La struttura cristallina comune \u00e8 un sistema cristallino monoclino.<\/p>\n<h2><span style=\"font-size: 14pt;\">Applicazioni<\/span><\/h2>\n<p>Industria manifatturiera del vetro: \u00e8 un flusso e un additivo importanti nella produzione del vetro, la polvere di Li\u2082B\u2084O\u2087 pu\u00f2 ridurre la temperatura di fusione del vetro, promuovere la fusione uniforme delle materie prime del vetro, ridurre le bolle e le impurit\u00e0 nel vetro e migliorare la trasparenza e la resistenza meccanica del vetro.<\/p>\n<p>Campo ceramico: l&#8217;aggiunta di polvere di Li\u2082B\u2084O\u2087 a grezzi e smalti ceramici pu\u00f2 ridurre la temperatura di cottura della ceramica, accorciare il tempo di cottura e migliorare l&#8217;efficienza produttiva, oltre a migliorare la lucentezza superficiale, la durezza e la resistenza all&#8217;usura della ceramica.<\/p>\n<p>Industria metallurgica: utilizzato come fondente nel processo metallurgico, pu\u00f2 abbassare il punto di fusione e la viscosit\u00e0 delle scorie, promuovere la separazione di metallo e scorie e migliorare il tasso di recupero e la purezza del metallo. Allo stesso tempo, pu\u00f2 anche formare un film protettivo sulla superficie del metallo, riducendo la perdita ossidativa del metallo nel processo di fusione ad alta temperatura.<\/p>\n<p>Nel campo della chimica analitica: poich\u00e9 la polvere di Li\u2082B\u2084O\u2087 ha una buona solubilit\u00e0 per molti ossidi metallici, viene spesso utilizzata nella preparazione di flussi per la decomposizione di campioni di minerali, rocce, ecc. per l&#8217;analisi elementare. Si tratta di un reagente di pretrattamento del campione comunemente utilizzato nelle moderne tecniche analitiche come la spettroscopia di fluorescenza a raggi X (XRF) e la spettrometria di massa al plasma accoppiato induttivamente (ICP &#8211; MS).<\/p>\n<h2><span style=\"font-size: 14pt;\">Controllo qualit\u00e0<\/span><\/h2>\n<p><span style=\"color: #0000ff;\"><a style=\"color: #0000ff;\" href=\"https:\/\/vimaterial.de\/it\/controllo-qualita\/\">I nostri prodotti<\/a><\/span> seguono un sistema di gestione della qualit\u00e0 rigoroso e completo. Nell&#8217;ispezione dei prodotti finiti, utilizziamo apparecchiature di collaudo avanzate, come il diffrattometro a raggi X (XRD), il microscopio elettronico a scansione (SEM), l&#8217;analizzatore granulometrico laser, ecc., per eseguire un test completo e dettagliato di indicatori chiave come purezza, struttura cristallina, distribuzione granulometrica, superficie specifica e cos\u00ec via. In base alle esigenze speciali dei clienti, forniamo campioni di campionamento del prodotto per facilitare i clienti a eseguire test indipendenti e valutazione della qualit\u00e0.<\/p>\n<h2><span style=\"font-size: 14pt;\">Imballaggio e stoccaggio<\/span><\/h2>\n<p>La polvere di tetraborato di litio \u00e8 confezionata in una soluzione di imballaggio professionale che protegge dall&#8217;umidit\u00e0 e dall&#8217;ossidazione. La protezione esterna \u00e8 fornita da scatole di cartone o fusti di carta.<\/p>\n<p>La polvere di tetraborato di litio deve essere conservata in un magazzino asciutto e ben ventilato, lontano dalla luce solare diretta. Allo stesso tempo, deve essere tenuto lontano da sostanze corrosive come acidi e alcali, nonch\u00e9 da forti ossidanti per prevenire reazioni chimiche.<\/p>\n","protected":false},"excerpt":{"rendered":"<p>La polvere di tetraborato di litio \u00e8 una polvere di composto inorganico dall&#8217;aspetto bianco utilizzata come flusso, additivo o reagente di decomposizione del campione nella produzione di vetro, nella produzione di ceramica, nell&#8217;industria metallurgica e nella chimica analitica.<\/p>\n","protected":false},"featured_media":998603,"comment_status":"open","ping_status":"closed","template":"","meta":{"_acf_changed":false},"product_brand":[],"product_cat":[199],"product_tag":[],"class_list":{"0":"post-1036520","1":"product","2":"type-product","3":"status-publish","4":"has-post-thumbnail","6":"product_cat-materiali-della-batteria","8":"first","9":"instock","10":"shipping-taxable","11":"purchasable","12":"product-type-variable"},"acf":[],"_links":{"self":[{"href":"https:\/\/vimaterial.de\/it\/wp-json\/wp\/v2\/product\/1036520","targetHints":{"allow":["GET"]}}],"collection":[{"href":"https:\/\/vimaterial.de\/it\/wp-json\/wp\/v2\/product"}],"about":[{"href":"https:\/\/vimaterial.de\/it\/wp-json\/wp\/v2\/types\/product"}],"replies":[{"embeddable":true,"href":"https:\/\/vimaterial.de\/it\/wp-json\/wp\/v2\/comments?post=1036520"}],"wp:featuredmedia":[{"embeddable":true,"href":"https:\/\/vimaterial.de\/it\/wp-json\/wp\/v2\/media\/998603"}],"wp:attachment":[{"href":"https:\/\/vimaterial.de\/it\/wp-json\/wp\/v2\/media?parent=1036520"}],"wp:term":[{"taxonomy":"product_brand","embeddable":true,"href":"https:\/\/vimaterial.de\/it\/wp-json\/wp\/v2\/product_brand?post=1036520"},{"taxonomy":"product_cat","embeddable":true,"href":"https:\/\/vimaterial.de\/it\/wp-json\/wp\/v2\/product_cat?post=1036520"},{"taxonomy":"product_tag","embeddable":true,"href":"https:\/\/vimaterial.de\/it\/wp-json\/wp\/v2\/product_tag?post=1036520"}],"curies":[{"name":"wp","href":"https:\/\/api.w.org\/{rel}","templated":true}]}}