{"id":1036510,"date":"2024-08-16T11:21:14","date_gmt":"2024-08-16T03:21:14","guid":{"rendered":"https:\/\/vimaterial.de\/product\/ortosilicato-di-magnesio\/"},"modified":"2025-02-07T17:08:56","modified_gmt":"2025-02-07T09:08:56","slug":"ortosilicato-di-magnesio","status":"publish","type":"product","link":"https:\/\/vimaterial.de\/it\/product\/ortosilicato-di-magnesio\/","title":{"rendered":"Ortosilicato di magnesio"},"content":{"rendered":"<p>Il bersaglio per sputtering <span style=\"color: #0000ff;\"><a style=\"color: #0000ff;\" href=\"https:\/\/vimaterial.de\/product\/magnesium-orthosilikat\/\">in ortosilicato di magnesio <\/a><\/span>\u00e8 un materiale per sputtering ad alte prestazioni con un ruolo chiave nel campo del trattamento superficiale dei materiali e della preparazione di film sottili. Con la sua composizione chimica unica e la struttura cristallina, pu\u00f2 essere applicato nei campi dell&#8217;ottica, dell&#8217;elettronica, dell&#8217;energia e cos\u00ec via.<\/p>\n<p>VIMATERIAL si concentra sempre su una ricerca e uno sviluppo approfonditi e sulla produzione innovativa di materiali ad alte prestazioni e si impegna a fornire soluzioni mirate affidabili e di alta qualit\u00e0 per varie applicazioni ingegneristiche avanzate. I nostri bersagli di sputtering in ortosilicato di magnesio sono ben noti per la loro elevata purezza, prestazioni di sputtering stabili, flessibilit\u00e0 nell&#8217;accettare piccoli ordini, garanzia di scorte sufficienti e ciclo di consegna rapido. <span style=\"color: #0000ff;\"><a style=\"color: #0000ff;\" href=\"https:\/\/vimaterial.de\/it\/contatto\/\">Contattaci<\/a> <\/span>per qualsiasi domanda o necessit\u00e0.<\/p>\n<h2><span style=\"font-size: 14pt;\">Caratteristiche<\/span><\/h2>\n<p>Formula chimica: Mg\u2082SiO\u2084.<\/p>\n<p>Densit\u00e0 teorica: circa 3,21 &#8211; 3,34 g\/cm3<\/p>\n<p>Punto di fusione: fino a 1890\u00b0C<\/p>\n<p>Struttura cristallina: mostra principalmente la struttura cristallina dell&#8217;olivina di magnesio, la disposizione ordinata dei tetraedri silice-ossigeno e degli ioni magnesio forma una struttura reticolare cristallina stabile.<\/p>\n<h2><span style=\"font-size: 14pt;\">Applicazioni<\/span><\/h2>\n<p>Campo delle pellicole ottiche: ha importanti applicazioni nella preparazione di filtri ottici, pellicole riflettenti e che migliorano la trasmittanza, ecc. I film preparati mediante sputtering del bersaglio sputtering in ortosilicato di magnesio hanno buone propriet\u00e0 ottiche.<\/p>\n<p>Campo dei dispositivi elettronici: Viene utilizzato per preparare lo strato isolante, lo strato di passivazione e lo strato tampone nei dispositivi elettronici.<\/p>\n<p>Nel campo dell&#8217;accumulo e della conversione dell&#8217;energia: ha potenziali applicazioni nella modifica della superficie dei materiali degli elettrodi per batterie agli ioni di litio e nella preparazione di film elettrolitici allo stato solido.<\/p>\n<p>Campo dei rivestimenti biomedicali: grazie alla buona biocompatibilit\u00e0 del Mg\u2082SiO\u2084, il suo materiale target pu\u00f2 essere utilizzato per preparare rivestimenti biomedicali.<\/p>\n<h2><span style=\"font-size: 14pt;\">Controllo qualit\u00e0<\/span><\/h2>\n<p><span style=\"color: #0000ff;\"><a style=\"color: #0000ff;\" href=\"https:\/\/vimaterial.de\/it\/controllo-qualita\/\">I nostri prodotti<\/a><\/span> seguono un sistema di gestione della qualit\u00e0 completo e rigoroso per controllare la qualit\u00e0 del prodotto dalla fonte. Nella fase di ispezione del prodotto finito, vengono utilizzate apparecchiature di prova avanzate, come lo spettrometro a fluorescenza a raggi X (XRF), il microscopio elettronico a scansione (SEM), lo spettrometro di energia (EDS), ecc., per eseguire un&#8217;ispezione completa e dettagliata degli indici chiave, come la purezza, la densit\u00e0, la struttura organizzativa, la planarit\u00e0, la rugosit\u00e0 e le prestazioni di sputtering del materiale target.<\/p>\n<h2><span style=\"font-size: 14pt;\">Imballaggio e stoccaggio<\/span><\/h2>\n<p>I bersagli sputtering in ortosilicato di magnesio vengono confezionati in doppi sacchetti sottovuoto e quindi inscatolati, e infine i bersagli vengono messi in cartoni resistenti o scatole di legno.<\/p>\n<p>I bersagli di sputtering dell&#8217;ortosilicato di magnesio devono essere conservati in un ambiente asciutto, ben ventilato e a temperatura stabile, allo stesso tempo, per evitare il bersaglio e l&#8217;acido, gli alcali e altre sostanze corrosive, nonch\u00e9 un forte campo magnetico, il contatto del campo elettrico, per evitare il cambiamento della composizione chimica e delle propriet\u00e0 fisiche del bersaglio.<\/p>\n","protected":false},"excerpt":{"rendered":"<p>Il bersaglio per sputtering <span style=\"color: #0000ff;\"><a style=\"color: #0000ff;\" href=\"https:\/\/vimaterial.de\/product\/magnesium-orthosilikat\/\">in ortosilicato di magnesio <\/a><\/span>\u00e8 un materiale per sputtering ad alte prestazioni con un ruolo chiave nel campo del trattamento superficiale dei materiali e della preparazione di film sottili. Con la sua composizione chimica unica e la struttura cristallina, pu\u00f2 essere applicato nei campi dell&#8217;ottica, dell&#8217;elettronica, dell&#8217;energia e cos\u00ec via.<\/p>\n","protected":false},"featured_media":999403,"comment_status":"open","ping_status":"closed","template":"","meta":{"_acf_changed":false},"product_brand":[],"product_cat":[197],"product_tag":[],"class_list":{"0":"post-1036510","1":"product","2":"type-product","3":"status-publish","4":"has-post-thumbnail","6":"product_cat-obiettivi-di-sputtering-planari","8":"first","9":"instock","10":"shipping-taxable","11":"product-type-variable"},"acf":[],"_links":{"self":[{"href":"https:\/\/vimaterial.de\/it\/wp-json\/wp\/v2\/product\/1036510","targetHints":{"allow":["GET"]}}],"collection":[{"href":"https:\/\/vimaterial.de\/it\/wp-json\/wp\/v2\/product"}],"about":[{"href":"https:\/\/vimaterial.de\/it\/wp-json\/wp\/v2\/types\/product"}],"replies":[{"embeddable":true,"href":"https:\/\/vimaterial.de\/it\/wp-json\/wp\/v2\/comments?post=1036510"}],"wp:featuredmedia":[{"embeddable":true,"href":"https:\/\/vimaterial.de\/it\/wp-json\/wp\/v2\/media\/999403"}],"wp:attachment":[{"href":"https:\/\/vimaterial.de\/it\/wp-json\/wp\/v2\/media?parent=1036510"}],"wp:term":[{"taxonomy":"product_brand","embeddable":true,"href":"https:\/\/vimaterial.de\/it\/wp-json\/wp\/v2\/product_brand?post=1036510"},{"taxonomy":"product_cat","embeddable":true,"href":"https:\/\/vimaterial.de\/it\/wp-json\/wp\/v2\/product_cat?post=1036510"},{"taxonomy":"product_tag","embeddable":true,"href":"https:\/\/vimaterial.de\/it\/wp-json\/wp\/v2\/product_tag?post=1036510"}],"curies":[{"name":"wp","href":"https:\/\/api.w.org\/{rel}","templated":true}]}}