{"id":1031155,"date":"2024-06-27T19:57:02","date_gmt":"2024-06-27T11:57:02","guid":{"rendered":"https:\/\/vimaterial.de\/product\/itterbio-metallico-7\/"},"modified":"2025-02-11T17:24:33","modified_gmt":"2025-02-11T09:24:33","slug":"itterbio-metallico-7","status":"publish","type":"product","link":"https:\/\/vimaterial.de\/it\/product\/itterbio-metallico-7\/","title":{"rendered":"Metallo itterbio"},"content":{"rendered":"<p>Il bersaglio del tubo metallico di <a href=\"https:\/\/vimaterial.de\/it\/product\/itterbio-metallico\/\"><span style=\"color: #0000ff;\">itterbio<\/span><\/a> \u00e8 un bersaglio sputtering con una forma tubolare e l&#8217;itterbio come componente principale, che pu\u00f2 essere trasferito sulla superficie di altri oggetti attraverso il processo di sputtering e viene utilizzato principalmente nei settori della produzione di semiconduttori, del rivestimento ottico, degli esperimenti di ricerca scientifica, delle celle solari, dei display a schermo piatto e cos\u00ec via.<\/p>\n<p>Siamo in grado di accettare la personalizzazione del prodotto e gli esperimenti e di supportare il servizio di rilegatura del bersaglio. I prodotti VIMATERIAL supportano piccoli pacchetti, piccolo MOQ, scorte sufficienti, buoni vantaggi del servizio post-vendita, se ne hai bisogno <span style=\"color: #0000ff;\"><a style=\"color: #0000ff;\" href=\"https:\/\/vimaterial.de\/it\/contatto\/\">contattaci<\/a><\/span>.<\/p>\n<h2><span style=\"font-size: 14pt;\">Caratteristiche<\/span><\/h2>\n<p>Formula molecolare: Yb<\/p>\n<p>Peso molecolare: 173,0546<\/p>\n<p>Aspetto: solitamente trasformato in tubi, con una lucentezza metallica bianco-argento.<\/p>\n<p>Densit\u00e0: 6,979 g\/cm\u00b3 (\u03b1 fasi), 6,54 g\/cm\u00b3 (\u03b2 fasi)<\/p>\n<p>Punto di fusione: 824\u00b0C<\/p>\n<p>Punto di ebollizione: 1196\u00b0C<\/p>\n<p>Struttura cristallina: Face Centred Cubic (FCC) a temperatura ambiente.<\/p>\n<h2><span style=\"font-size: 14pt;\">Applicazioni<\/span><\/h2>\n<p>Elettronica: i bersagli in tubo metallico di itterbio sono utilizzati nella produzione di dispositivi elettronici. I film sottili di itterbio formati dallo sputtering possono ottimizzare le prestazioni dei componenti a semiconduttore e migliorare la stabilit\u00e0 e la velocit\u00e0 di funzionamento dei circuiti integrati.<\/p>\n<p>Ottica: nel rivestimento ottico, i film sottili spruzzati da bersagli del tubo di itterbio possono migliorare le propriet\u00e0 antiriflesso e di trasmittanza delle lenti ottiche, migliorando la qualit\u00e0 dell&#8217;imaging degli strumenti ottici.<\/p>\n<p>Magnetismo: i bersagli del tubo di itterbio vengono utilizzati per preparare materiali magnetici, contribuendo allo sviluppo di film magnetici ad alte prestazioni per supportare tecnologie come la memorizzazione magnetica e i sensori magnetici.<\/p>\n<p>Energia: nella produzione di celle solari ed elettrodi per batterie, i materiali spruzzati da bersagli del tubo di itterbio possono migliorare l&#8217;efficienza di conversione fotoelettrica e le prestazioni di carica\/scarica della batteria, aumentando l&#8217;efficienza energetica.<\/p>\n<h2><span style=\"font-size: 14pt;\">Controllo qualit\u00e0<\/span><\/h2>\n<p><span style=\"color: #0000ff;\"><a style=\"color: #0000ff;\" href=\"https:\/\/vimaterial.de\/it\/controllo-qualita\/\">I nostri prodotti<\/a> <\/span>sono fabbricati secondo un rigoroso sistema di garanzia della qualit\u00e0 per garantire l&#8217;affidabilit\u00e0 della qualit\u00e0 del prodotto, aderendo agli standard pi\u00f9 elevati in tutti gli aspetti del processo, dalla ricerca e sviluppo, alla produzione alla spedizione e al servizio clienti, l&#8217;intero processo \u00e8 gestito con attenzione e qualsiasi deviazione o non conformit\u00e0 viene esaminata in stretta conformit\u00e0 con l&#8217;8D procedure di risoluzione dei problemi, mantenendo la documentazione completa e la tracciabilit\u00e0 dei lotti.<\/p>\n<h2><span style=\"font-size: 14pt;\">Imballaggio e stoccaggio<\/span><\/h2>\n<p>I bersagli in tubo metallico di itterbio sono confezionati in doppi sacchetti sottovuoto rinforzati con scatole di legno protettive in schiuma morbida.<\/p>\n<p>I bersagli in tubo metallico di itterbio devono essere conservati in film plastico o in sacchetti sottovuoto sigillati per imballaggi interni, scatole di legno o cartone per imballaggi esterni, posizionati verticalmente su appositi scaffali o scaffali ed evitare l&#8217;impilamento.<\/p>\n","protected":false},"excerpt":{"rendered":"<p>Il bersaglio del tubo metallico di <a href=\"https:\/\/vimaterial.de\/it\/product\/itterbio-metallico\/\"><span style=\"color: #0000ff;\">itterbio<\/span><\/a> \u00e8 un bersaglio sputtering con una forma tubolare e l&#8217;itterbio come componente principale, che pu\u00f2 essere trasferito sulla superficie di altri oggetti attraverso il processo di sputtering e viene utilizzato principalmente nei settori della produzione di semiconduttori, del rivestimento ottico, degli esperimenti di ricerca scientifica, delle celle solari, dei display a schermo piatto e cos\u00ec via.<\/p>\n","protected":false},"featured_media":1034932,"comment_status":"open","ping_status":"closed","template":"","meta":{"_acf_changed":false},"product_brand":[],"product_cat":[203,209],"product_tag":[],"class_list":{"0":"post-1031155","1":"product","2":"type-product","3":"status-publish","4":"has-post-thumbnail","6":"product_cat-materiali-per-terre-rare","7":"product_cat-obiettivi-di-sputtering-rotanti","9":"first","10":"instock","11":"shipping-taxable","12":"product-type-variable"},"acf":[],"_links":{"self":[{"href":"https:\/\/vimaterial.de\/it\/wp-json\/wp\/v2\/product\/1031155","targetHints":{"allow":["GET"]}}],"collection":[{"href":"https:\/\/vimaterial.de\/it\/wp-json\/wp\/v2\/product"}],"about":[{"href":"https:\/\/vimaterial.de\/it\/wp-json\/wp\/v2\/types\/product"}],"replies":[{"embeddable":true,"href":"https:\/\/vimaterial.de\/it\/wp-json\/wp\/v2\/comments?post=1031155"}],"wp:featuredmedia":[{"embeddable":true,"href":"https:\/\/vimaterial.de\/it\/wp-json\/wp\/v2\/media\/1034932"}],"wp:attachment":[{"href":"https:\/\/vimaterial.de\/it\/wp-json\/wp\/v2\/media?parent=1031155"}],"wp:term":[{"taxonomy":"product_brand","embeddable":true,"href":"https:\/\/vimaterial.de\/it\/wp-json\/wp\/v2\/product_brand?post=1031155"},{"taxonomy":"product_cat","embeddable":true,"href":"https:\/\/vimaterial.de\/it\/wp-json\/wp\/v2\/product_cat?post=1031155"},{"taxonomy":"product_tag","embeddable":true,"href":"https:\/\/vimaterial.de\/it\/wp-json\/wp\/v2\/product_tag?post=1031155"}],"curies":[{"name":"wp","href":"https:\/\/api.w.org\/{rel}","templated":true}]}}