{"id":1031133,"date":"2024-06-27T19:57:01","date_gmt":"2024-06-27T11:57:01","guid":{"rendered":"https:\/\/vimaterial.de\/product\/itterbio-metallico-6\/"},"modified":"2025-02-11T17:48:58","modified_gmt":"2025-02-11T09:48:58","slug":"itterbio-metallico-6","status":"publish","type":"product","link":"https:\/\/vimaterial.de\/it\/product\/itterbio-metallico-6\/","title":{"rendered":"Metallo itterbio"},"content":{"rendered":"<p>Il bersaglio sputtering di <span style=\"color: #0000ff;\"><a style=\"color: #0000ff;\" href=\"https:\/\/vimaterial.de\/it\/product\/itterbio-metallico\/\">itterbio<\/a> <\/span>\u00e8 un tipo di bersaglio sputtering con itterbio come componente principale, che ha una lucentezza metallica bianco-argento, una buona conduttivit\u00e0 elettrica, propriet\u00e0 ottiche uniche e alcune propriet\u00e0 magnetiche ed \u00e8 utilizzato principalmente nel campo dell&#8217;elettronica, dell&#8217;ottica e dell&#8217;energia.<\/p>\n<p>Siamo in grado di intraprendere prodotti personalizzati e progetti sperimentali e supportiamo pienamente il servizio di rilegatura target, i prodotti VIMATERIAL sono disponibili in piccoli pacchetti, con piccoli MOQ, scorte sufficienti e servizio post-vendita. Non esitate a <span style=\"color: #0000ff;\"><a style=\"color: #0000ff;\" href=\"https:\/\/vimaterial.de\/it\/contatto\/\">contattarci<\/a> <\/span>se avete esigenze correlate.<\/p>\n<h2><span style=\"font-size: 14pt;\">Caratteristiche<\/span><\/h2>\n<p>Formula molecolare: Yb<\/p>\n<p>Peso molecolare: 173,0546<\/p>\n<p>Aspetto: lucentezza metallica bianco-argento brillante<\/p>\n<p>Densit\u00e0: 6,979 g\/cm\u00b3 (\u03b1 fasi), 6,54 g\/cm\u00b3 (\u03b2 fasi)<\/p>\n<p>Punto di fusione: 824\u00b0C<\/p>\n<p>Punto di ebollizione: 1196\u00b0C<\/p>\n<p>Struttura cristallina: Face Centred Cubic (FCC) a temperatura ambiente.<\/p>\n<h2><span style=\"font-size: 14pt;\">Applicazioni<\/span><\/h2>\n<p>Elettronica: i film sottili di itterbio formati dall&#8217;uso di bersagli sputtering di itterbio nella produzione di dispositivi elettronici possono ottimizzare efficacemente le prestazioni dei componenti a semiconduttore e migliorare significativamente la stabilit\u00e0 e la velocit\u00e0 operativa dei circuiti integrati.<\/p>\n<p>Campo ottico: utilizzato nel rivestimento ottico, il film sottile spruzzato dal bersaglio sputtering di itterbio pu\u00f2 migliorare le propriet\u00e0 antiriflesso e trasmittanza delle lenti ottiche e migliorare significativamente la qualit\u00e0 dell&#8217;imaging degli strumenti ottici.<\/p>\n<p>Magnetismo: utilizzato nella preparazione di materiali magnetici, per aiutare a sviluppare pellicole magnetiche ad alte prestazioni, per l&#8217;archiviazione magnetica e sensori magnetici e altre tecnologie all&#8217;avanguardia per fornire un forte supporto.<\/p>\n<p>Campo energetico: nel processo di produzione di celle solari ed elettrodi per batterie, i materiali spruzzati dai bersagli di sputtering dell&#8217;itterbio possono migliorare efficacemente l&#8217;efficienza di conversione fotoelettrica e le prestazioni di carica e scarica della batteria e migliorare ulteriormente l&#8217;efficienza dell&#8217;uso dell&#8217;energia.<\/p>\n<h2><span style=\"font-size: 14pt;\">Controllo qualit\u00e0<\/span><\/h2>\n<p><span style=\"color: #0000ff;\"><a style=\"color: #0000ff;\" href=\"https:\/\/vimaterial.de\/it\/controllo-qualita\/\">I nostri prodotti<\/a><\/span> sono realizzati secondo un rigoroso sistema di garanzia della qualit\u00e0 che aderisce agli standard pi\u00f9 elevati durante l&#8217;intero processo, dalla ricerca e sviluppo, alla produzione alla spedizione e al servizio clienti, gestendo attentamente ogni fase del processo. Eventuali deviazioni o non conformit\u00e0 vengono esaminate in modo approfondito in stretta conformit\u00e0 con 8D procedure di risoluzione dei problemi, mantenendo una documentazione completa e la tracciabilit\u00e0 dei lotti per garantire l&#8217;affidabilit\u00e0 della qualit\u00e0 del prodotto.<\/p>\n<h2><span style=\"font-size: 14pt;\">Imballaggio e stoccaggio<\/span><\/h2>\n<p>I bersagli per sputtering di itterbio sono confezionati in doppi sacchetti sottovuoto e rinforzati con cartoni\/casse protettivi in schiuma morbida per garantire la massima sicurezza di trasporto.<\/p>\n<p>I bersagli di itterbio sputtering devono essere conservati in un ambiente a temperatura ambiente, l&#8217;intervallo di temperatura generale di 15 \u00b0C -35 \u00b0C \u00e8 appropriato, l&#8217;ambiente di stoccaggio richiede anche pulito, senza polvere, olio e altri inquinanti, in modo da non contaminare il bersaglio.<\/p>\n","protected":false},"excerpt":{"rendered":"<p>Il bersaglio sputtering di <span style=\"color: #0000ff;\"><a style=\"color: #0000ff;\" href=\"https:\/\/vimaterial.de\/it\/product\/itterbio-metallico\/\">itterbio<\/a> <\/span>\u00e8 un tipo di bersaglio sputtering con itterbio come componente principale, che ha una lucentezza metallica bianco-argento, una buona conduttivit\u00e0 elettrica, propriet\u00e0 ottiche uniche e alcune propriet\u00e0 magnetiche ed \u00e8 utilizzato principalmente nel campo dell&#8217;elettronica, dell&#8217;ottica e dell&#8217;energia.<\/p>\n","protected":false},"featured_media":1034927,"comment_status":"open","ping_status":"closed","template":"","meta":{"_acf_changed":false},"product_brand":[],"product_cat":[203,197],"product_tag":[],"class_list":{"0":"post-1031133","1":"product","2":"type-product","3":"status-publish","4":"has-post-thumbnail","6":"product_cat-materiali-per-terre-rare","7":"product_cat-obiettivi-di-sputtering-planari","9":"first","10":"instock","11":"shipping-taxable","12":"product-type-variable"},"acf":[],"_links":{"self":[{"href":"https:\/\/vimaterial.de\/it\/wp-json\/wp\/v2\/product\/1031133","targetHints":{"allow":["GET"]}}],"collection":[{"href":"https:\/\/vimaterial.de\/it\/wp-json\/wp\/v2\/product"}],"about":[{"href":"https:\/\/vimaterial.de\/it\/wp-json\/wp\/v2\/types\/product"}],"replies":[{"embeddable":true,"href":"https:\/\/vimaterial.de\/it\/wp-json\/wp\/v2\/comments?post=1031133"}],"wp:featuredmedia":[{"embeddable":true,"href":"https:\/\/vimaterial.de\/it\/wp-json\/wp\/v2\/media\/1034927"}],"wp:attachment":[{"href":"https:\/\/vimaterial.de\/it\/wp-json\/wp\/v2\/media?parent=1031133"}],"wp:term":[{"taxonomy":"product_brand","embeddable":true,"href":"https:\/\/vimaterial.de\/it\/wp-json\/wp\/v2\/product_brand?post=1031133"},{"taxonomy":"product_cat","embeddable":true,"href":"https:\/\/vimaterial.de\/it\/wp-json\/wp\/v2\/product_cat?post=1031133"},{"taxonomy":"product_tag","embeddable":true,"href":"https:\/\/vimaterial.de\/it\/wp-json\/wp\/v2\/product_tag?post=1031133"}],"curies":[{"name":"wp","href":"https:\/\/api.w.org\/{rel}","templated":true}]}}