{"id":1031103,"date":"2024-06-27T19:56:59","date_gmt":"2024-06-27T11:56:59","guid":{"rendered":"https:\/\/vimaterial.de\/product\/itterbio-metallico-4\/"},"modified":"2025-02-12T09:46:05","modified_gmt":"2025-02-12T01:46:05","slug":"lamina-di-itterbio-4","status":"publish","type":"product","link":"https:\/\/vimaterial.de\/it\/product\/lamina-di-itterbio-4\/","title":{"rendered":"Metallo itterbio"},"content":{"rendered":"<p>La <span style=\"color: #0000ff;\"><a style=\"color: #0000ff;\" href=\"https:\/\/vimaterial.de\/en\/product\/ytterbium-metal\/\">lamina di itterbio<\/a><\/span> \u00e8 un materiale costituito da itterbio come componente principale, trasformato in una lamina mediante un processo speciale che, con le sue propriet\u00e0 fisico-chimiche uniche, mostra il suo valore chiave in molti campi high-tech.<\/p>\n<p>Forniamo servizi personalizzati per creare lamine di itterbio in base alle vostre esigenze speciali e accogliamo con favore anche la collaborazione negli esperimenti di ricerca scientifica. Supportiamo il servizio di rilegatura mirata, che pu\u00f2 aiutarti a risolvere i problemi nell&#8217;applicazione dei materiali. I nostri prodotti sono confezionati in piccole confezioni con MOQ basso, che possono ridurre efficacemente i costi di acquisto e la pressione dell&#8217;inventario. Allo stesso tempo, disponiamo di scorte sufficienti per garantire una consegna tempestiva e non ritardare mai il programma di produzione. Inoltre, forniamo anche una gamma completa di servizi post-vendita di alta qualit\u00e0, in modo che tu non debba preoccuparti. Se hai esigenze correlate, non esitare a <span style=\"color: #0000ff;\"><a style=\"color: #0000ff;\" href=\"https:\/\/vimaterial.de\/en\/contact-us\/\">contattarci<\/a><\/span>.     <\/p>\n<h2><span style=\"font-size: 14pt;\">Caratteristiche<\/span><\/h2>\n<p>Formula molecolare: Yb<\/p>\n<p>Peso molecolare: 173,0546<\/p>\n<p>Aspetto: simile a una lamina, brillante con lucentezza metallica bianco-argento, consistenza leggera e buona flessibilit\u00e0, facile da elaborare e utilizzare.<\/p>\n<p>Densit\u00e0: 6,979 g\/cm\u00b3 (\u03b1 fasi), 6,54 g\/cm\u00b3 (\u03b2 fasi)<\/p>\n<p>Punto di fusione: 824\u00b0C<\/p>\n<p>Punto di ebollizione: 1196\u00b0C<\/p>\n<p>Struttura cristallina: struttura cristallina cubica centrata sulla faccia (FCC) a temperatura ambiente, che conferisce propriet\u00e0 fisiche stabili alla lamina di itterbio.<\/p>\n<h2><span style=\"font-size: 14pt;\">Applicazioni<\/span><\/h2>\n<p>Campo elettronico: nella produzione di chip elettronici, la lamina di itterbio pu\u00f2 essere utilizzata come materiale speciale per l&#8217;imballaggio elettronico, utilizzando la sua buona conduttivit\u00e0 elettrica e stabilit\u00e0 termica, migliorando efficacemente l&#8217;efficienza di dissipazione del calore del chip, per garantire la stabilit\u00e0 dei componenti elettronici nell&#8217;operazione ad alto carico, ridurre la probabilit\u00e0 di guasto e prolungare la durata del chip.<\/p>\n<p>Campo ottico: utilizzato nella produzione di filtri ottici, in virt\u00f9 del suo assorbimento selettivo di specifiche lunghezze d&#8217;onda della luce e delle caratteristiche di trasmittanza, controllo preciso della distribuzione spettrale della luce, migliora la risoluzione degli strumenti ottici e la chiarezza dell&#8217;immagine.<\/p>\n<p>Campo magnetico: \u00e8 una materia prima importante per la preparazione di film magnetici ad alte prestazioni, attraverso uno speciale processo di lamina di itterbio in un film magnetico, pu\u00f2 essere applicato a dispositivi di archiviazione magnetici, migliorare significativamente la densit\u00e0 di archiviazione e la velocit\u00e0 di lettura e scrittura, per l&#8217;era dell&#8217;archiviazione dei dati big data per fornire un forte supporto.<\/p>\n<p>Energia: nello sviluppo di nuove batterie, la lamina di itterbio pu\u00f2 essere utilizzata come additivo o strato di modifica dei materiali degli elettrodi della batteria per ottimizzare la struttura e le prestazioni dell&#8217;elettrodo, migliorare l&#8217;efficienza di carica e scarica e la stabilit\u00e0 del ciclo della batteria e fornire una soluzione energetica pi\u00f9 efficiente per lo sviluppo di veicoli elettrici,  apparecchiature per l&#8217;accumulo di energia e altri campi.<\/p>\n<h2><span style=\"font-size: 14pt;\">Controllo qualit\u00e0<\/span><\/h2>\n<p>Abbiamo stabilito un sistema di garanzia della qualit\u00e0 rigoroso e completo che segue gli standard pi\u00f9 elevati in ogni fase del processo, dal controllo alla fonte degli acquisti delle materie prime, a ogni fase del processo di produzione, alla spedizione dei prodotti e al servizio clienti post-vendita. Durante il processo di produzione, utilizziamo apparecchiature e tecnologie di collaudo avanzate per monitorare i nostri prodotti in tempo reale e, una volta riscontrata una deviazione o una non conformit\u00e0, avviamo immediatamente l&#8217;8D Procedura di risoluzione dei problemi per svolgere un&#8217;indagine e un&#8217;analisi approfondite, per garantire che il problema sia risolto a fondo. <\/p>\n<p>Allo stesso tempo, conserviamo una documentazione dettagliata dell&#8217;intero processo di produzione per ottenere la piena tracciabilit\u00e0 di ogni lotto di prodotti, in modo che tu possa essere certo della qualit\u00e0 dei nostri prodotti.<\/p>\n<h2><span style=\"font-size: 14pt;\">Imballaggio e stoccaggio<\/span><\/h2>\n<p>La pellicola di itterbio viene confezionata in un imballaggio protettivo multistrato, prima avvolta in una pellicola di plastica strettamente avvolta, quindi inserita in sacchetti sottovuoto per l&#8217;incapsulamento sottovuoto e infine inserita in scatole di cartone personalizzate o casse di legno e riempita con schiuma morbida e altri materiali di imbottitura all&#8217;interno, per garantire che non sia soggetta a collisioni e danni da estrusione durante il trasporto.<\/p>\n<p>L&#8217;ambiente di stoccaggio del foglio di itterbio richiede asciutto, pulito, lontano dal fuoco, forti ossidanti e sostanze chimiche corrosive per garantire la sicurezza dell&#8217;ambiente di stoccaggio.<\/p>\n","protected":false},"excerpt":{"rendered":"<p>La <span style=\"color: #0000ff;\"><a style=\"color: #0000ff;\" href=\"https:\/\/vimaterial.de\/en\/product\/ytterbium-metal\/\">lamina di itterbio<\/a><\/span> \u00e8 un materiale costituito da itterbio come componente principale, trasformato in una lamina mediante un processo speciale che, con le sue propriet\u00e0 fisico-chimiche uniche, mostra il suo valore chiave in molti campi high-tech.<\/p>\n","protected":false},"featured_media":1034917,"comment_status":"open","ping_status":"closed","template":"","meta":{"_acf_changed":false},"product_brand":[],"product_cat":[203,207],"product_tag":[],"class_list":{"0":"post-1031103","1":"product","2":"type-product","3":"status-publish","4":"has-post-thumbnail","6":"product_cat-materiali-per-terre-rare","7":"product_cat-profilo","9":"first","10":"instock","11":"shipping-taxable","12":"purchasable","13":"product-type-variable"},"acf":[],"_links":{"self":[{"href":"https:\/\/vimaterial.de\/it\/wp-json\/wp\/v2\/product\/1031103","targetHints":{"allow":["GET"]}}],"collection":[{"href":"https:\/\/vimaterial.de\/it\/wp-json\/wp\/v2\/product"}],"about":[{"href":"https:\/\/vimaterial.de\/it\/wp-json\/wp\/v2\/types\/product"}],"replies":[{"embeddable":true,"href":"https:\/\/vimaterial.de\/it\/wp-json\/wp\/v2\/comments?post=1031103"}],"wp:featuredmedia":[{"embeddable":true,"href":"https:\/\/vimaterial.de\/it\/wp-json\/wp\/v2\/media\/1034917"}],"wp:attachment":[{"href":"https:\/\/vimaterial.de\/it\/wp-json\/wp\/v2\/media?parent=1031103"}],"wp:term":[{"taxonomy":"product_brand","embeddable":true,"href":"https:\/\/vimaterial.de\/it\/wp-json\/wp\/v2\/product_brand?post=1031103"},{"taxonomy":"product_cat","embeddable":true,"href":"https:\/\/vimaterial.de\/it\/wp-json\/wp\/v2\/product_cat?post=1031103"},{"taxonomy":"product_tag","embeddable":true,"href":"https:\/\/vimaterial.de\/it\/wp-json\/wp\/v2\/product_tag?post=1031103"}],"curies":[{"name":"wp","href":"https:\/\/api.w.org\/{rel}","templated":true}]}}