{"id":1031095,"date":"2024-06-27T19:56:58","date_gmt":"2024-06-27T11:56:58","guid":{"rendered":"https:\/\/vimaterial.de\/product\/itterbio-metallico-3\/"},"modified":"2025-02-12T10:49:04","modified_gmt":"2025-02-12T02:49:04","slug":"itterbio-metallico-3","status":"publish","type":"product","link":"https:\/\/vimaterial.de\/it\/product\/itterbio-metallico-3\/","title":{"rendered":"Metallo itterbio"},"content":{"rendered":"<p>La <span style=\"color: #0000ff;\"><a style=\"color: #0000ff;\" href=\"https:\/\/vimaterial.de\/it\/product\/itterbio-metallico\/\">polvere di itterbio<\/a><\/span> ha un&#8217;elevata attivit\u00e0, un punto di fusione moderato, una struttura cristallina specifica e altre propriet\u00e0, utilizzate principalmente in elettronica, ottica, magnetismo, energia e altri campi.<\/p>\n<p>Offriamo servizi personalizzati e siamo in grado di personalizzare i prodotti in polvere di itterbio per soddisfare le vostre esigenze specifiche di dimensione delle particelle, purezza e cos\u00ec via. Allo stesso tempo, diamo il benvenuto agli istituti di ricerca scientifica che collaborano con noi per condurre vari esperimenti e aiutare la ricerca innovativa. Supportiamo il servizio di rilegatura mirata per risolvere i vostri problemi nell&#8217;applicazione dei materiali. La polvere di itterbio VIMATERIAL \u00e8 confezionata in piccole confezioni, con un MOQ basso, che riduce i costi di acquisto e la pressione dell&#8217;inventario, e un inventario sufficiente per garantire una consegna tempestiva senza ritardare il programma di produzione.<\/p>\n<p>Inoltre, forniamo un perfetto servizio post-vendita, in modo che tu non debba preoccuparti. Se hai esigenze correlate, non esitare a <span style=\"color: #0000ff;\"><a style=\"color: #0000ff;\" href=\"https:\/\/vimaterial.de\/it\/contatto\/\">contattarci<\/a><\/span>.<\/p>\n<h2><span style=\"font-size: 14pt;\">Caratteristiche<\/span><\/h2>\n<p>Formula molecolare: Yb<\/p>\n<p>Peso molecolare: 173,0546<\/p>\n<p>Aspetto: polvere fine, di colore bianco-argenteo.<\/p>\n<p>Densit\u00e0: 6,979 g\/cm\u00b3 (\u03b1 fasi), 6,54 g\/cm\u00b3 (\u03b2 fasi)<\/p>\n<p>Punto di fusione: 824\u00b0C<\/p>\n<p>Punto di ebollizione: 1196\u00b0C<\/p>\n<p>Struttura cristallina: cubica a facce centrate (FCC) a temperatura ambiente.<\/p>\n<h2><span style=\"font-size: 14pt;\">Applicazioni<\/span><\/h2>\n<p>Elettronica: la polvere di itterbio viene utilizzata come additivo chiave nella preparazione di paste elettroniche, che possono migliorare significativamente la conduttivit\u00e0 e l&#8217;adesione della pasta.<\/p>\n<p>Campo ottico: \u00e8 un&#8217;importante materia prima per la preparazione di vetro ottico e ceramica. L&#8217;aggiunta di polvere di itterbio al vetro ottico pu\u00f2 regolare con precisione l&#8217;indice di rifrazione e le caratteristiche di dispersione del vetro, creando lenti ottiche ad alte prestazioni per obiettivi fotografici di fascia alta, telescopi e altri strumenti ottici, per migliorare la nitidezza dell&#8217;imaging e la riproduzione dei colori.<\/p>\n<p>Magnetismo: la polvere di itterbio svolge un ruolo chiave nella sintesi dei materiali magnetici. Attraverso uno speciale processo di preparazione, la polvere di itterbio viene incorporata nei materiali magnetici, che possono regolare efficacemente le propriet\u00e0 magnetiche del materiale, migliorare la permeabilit\u00e0 e la coercitivit\u00e0 e creare materiali magnetici permanenti ad alte prestazioni e materiali magnetici morbidi.<\/p>\n<p>Campo energetico: la polvere di itterbio mostra un grande potenziale nella ricerca e nello sviluppo di nuovi materiali per batterie. Aggiunto al materiale dell&#8217;elettrodo della batteria, pu\u00f2 ottimizzare la struttura e le prestazioni dell&#8217;elettrodo e migliorare la capacit\u00e0 di carica e scarica, la durata del ciclo e le prestazioni del moltiplicatore della batteria.<\/p>\n<h2><span style=\"font-size: 14pt;\">Controllo qualit\u00e0<\/span><\/h2>\n<p><span style=\"color: #0000ff;\"><a style=\"color: #0000ff;\" href=\"https:\/\/vimaterial.de\/it\/controllo-qualita\/\">Abbiamo stabilito un sistema<\/a><\/span> di garanzia della qualit\u00e0 rigoroso e completo, dal controllo alla fonte dell&#8217;approvvigionamento delle materie prime, a ogni procedura nel processo di produzione, al trasporto dei prodotti e al servizio clienti post-vendita, ogni fase del processo \u00e8 rigorosamente conforme agli standard pi\u00f9 elevati. Durante il processo di produzione, vengono utilizzate apparecchiature e tecnologie di collaudo avanzate per monitorare i prodotti in tempo reale e, una volta rilevata una deviazione o una non conformit\u00e0, l&#8217;8D La procedura di risoluzione dei problemi viene immediatamente attivata per svolgere indagini e analisi approfondite per garantire che il problema sia risolto a fondo.<\/p>\n<h2><span style=\"font-size: 14pt;\">Imballaggio e stoccaggio<\/span><\/h2>\n<p>La polvere di itterbio viene confezionata in flaconi sottovuoto multistrato in scatole di cartone personalizzate o casse di legno e riempita con schiuma morbida e altri materiali di imbottitura per garantire che non venga danneggiata da collisione ed estrusione durante il trasporto.<\/p>\n<p>La polvere di itterbio deve essere conservata in un luogo al chiuso con temperatura e umidit\u00e0 adeguate, asciutto e ventilato, privo di forti campi magnetici e radiazioni, lontano dal fuoco e da materiali infiammabili e per garantire che l&#8217;ambiente sia pulito e privo di sostanze corrosive, solitamente in confezioni sigillate.<\/p>\n","protected":false},"excerpt":{"rendered":"<p>La <span style=\"color: #0000ff;\"><a style=\"color: #0000ff;\" href=\"https:\/\/vimaterial.de\/it\/product\/itterbio-metallico\/\">polvere di itterbio<\/a><\/span> ha un&#8217;elevata attivit\u00e0, un punto di fusione moderato, una struttura cristallina specifica e altre propriet\u00e0, utilizzate principalmente in elettronica, ottica, magnetismo, energia e altri campi.<\/p>\n","protected":false},"featured_media":1034912,"comment_status":"open","ping_status":"closed","template":"","meta":{"_acf_changed":false},"product_brand":[],"product_cat":[203],"product_tag":[],"class_list":{"0":"post-1031095","1":"product","2":"type-product","3":"status-publish","4":"has-post-thumbnail","6":"product_cat-materiali-per-terre-rare","8":"first","9":"instock","10":"shipping-taxable","11":"purchasable","12":"product-type-variable"},"acf":[],"_links":{"self":[{"href":"https:\/\/vimaterial.de\/it\/wp-json\/wp\/v2\/product\/1031095","targetHints":{"allow":["GET"]}}],"collection":[{"href":"https:\/\/vimaterial.de\/it\/wp-json\/wp\/v2\/product"}],"about":[{"href":"https:\/\/vimaterial.de\/it\/wp-json\/wp\/v2\/types\/product"}],"replies":[{"embeddable":true,"href":"https:\/\/vimaterial.de\/it\/wp-json\/wp\/v2\/comments?post=1031095"}],"wp:featuredmedia":[{"embeddable":true,"href":"https:\/\/vimaterial.de\/it\/wp-json\/wp\/v2\/media\/1034912"}],"wp:attachment":[{"href":"https:\/\/vimaterial.de\/it\/wp-json\/wp\/v2\/media?parent=1031095"}],"wp:term":[{"taxonomy":"product_brand","embeddable":true,"href":"https:\/\/vimaterial.de\/it\/wp-json\/wp\/v2\/product_brand?post=1031095"},{"taxonomy":"product_cat","embeddable":true,"href":"https:\/\/vimaterial.de\/it\/wp-json\/wp\/v2\/product_cat?post=1031095"},{"taxonomy":"product_tag","embeddable":true,"href":"https:\/\/vimaterial.de\/it\/wp-json\/wp\/v2\/product_tag?post=1031095"}],"curies":[{"name":"wp","href":"https:\/\/api.w.org\/{rel}","templated":true}]}}