{"id":1031087,"date":"2024-06-27T19:56:58","date_gmt":"2024-06-27T11:56:58","guid":{"rendered":"https:\/\/vimaterial.de\/product\/itterbio-metallico-2\/"},"modified":"2025-02-12T10:29:05","modified_gmt":"2025-02-12T02:29:05","slug":"itterbio-metallico-2","status":"publish","type":"product","link":"https:\/\/vimaterial.de\/it\/product\/itterbio-metallico-2\/","title":{"rendered":"Metallo itterbio"},"content":{"rendered":"<p><span style=\"color: #0000ff;\"><a style=\"color: #0000ff;\" href=\"https:\/\/vimaterial.de\/it\/product\/lamina-di-itterbio-4\/\">I granuli metallici di itterbio<\/a> <\/span>sono minuscoli materiali granulari costituiti da itterbio di elevata purezza come componente principale, lavorati mediante un processo speciale. Le sue propriet\u00e0 fisico-chimiche uniche, utilizzate principalmente nella produzione di semiconduttori, nel rivestimento ottico, negli esperimenti di ricerca scientifica, nelle celle solari, nei display a schermo piatto e in altri campi.<\/p>\n<p>Forniamo servizi personalizzati, che si tratti di dimensioni delle particelle, requisiti di purezza o esigenze applicative speciali, possiamo creare per te prodotti esclusivi con particelle di itterbio metallico. Nel frattempo, accogliamo con favore la collaborazione di esperimenti di ricerca scientifica per aiutare la vostra ricerca innovativa. I prodotti VIMATERIAL sono in confezioni piccole con MOQ basso, il che riduce i costi di acquisto e la pressione dell&#8217;inventario. Uno stock adeguato garantisce una consegna tempestiva senza ritardare il programma di produzione. Perfetto servizio post-vendita, in modo che tu non debba preoccuparti di. Se hai esigenze correlate, non esitare a <span style=\"color: #0000ff;\"><a style=\"color: #0000ff;\" href=\"https:\/\/vimaterial.de\/it\/contatto\/\">contattarci<\/a><\/span>.<\/p>\n<h2><span style=\"font-size: 14pt;\">Caratteristiche<\/span><\/h2>\n<p>Formula molecolare: Yb<\/p>\n<p>Peso molecolare: 173,0546<\/p>\n<p>Aspetto: particelle minuscole, colore bianco-argento, particelle uniformi.<\/p>\n<p>Densit\u00e0: 6,979 g\/cm\u00b3 (\u03b1 fasi), 6,54 g\/cm\u00b3 (\u03b2 fasi)<\/p>\n<p>Punto di fusione: 824\u00b0C<\/p>\n<p>Punto di ebollizione: 1196\u00b0C<\/p>\n<p>Struttura cristallina: cubica a facce centrate (FCC) a temperatura ambiente.<\/p>\n<h2><span style=\"font-size: 14pt;\">Applicazioni<\/span><\/h2>\n<p>Elettronica: i granuli di itterbio sono utilizzati come additivo chiave nella preparazione di paste elettroniche, che possono migliorare significativamente la conduttivit\u00e0 e l&#8217;adesione della pasta.<\/p>\n<p>Ottica: le particelle di itterbio sono un&#8217;importante materia prima per la preparazione del vetro ottico e della ceramica. L&#8217;aggiunta di particelle di itterbio al vetro ottico pu\u00f2 regolare con precisione l&#8217;indice di rifrazione e le caratteristiche di dispersione del vetro, creando lenti ottiche ad alte prestazioni per obiettivi fotografici di fascia alta, telescopi e altri strumenti ottici per migliorare la nitidezza dell&#8217;imaging e la riproduzione dei colori.<\/p>\n<p>Magnetismo: le particelle di itterbio svolgono un ruolo importante nella sintesi dei materiali magnetici. Attraverso uno speciale processo di preparazione, le particelle di itterbio vengono incorporate in materiali magnetici, che possono regolare efficacemente le propriet\u00e0 magnetiche del materiale, migliorare la permeabilit\u00e0 e la coercitivit\u00e0 e creare materiali magnetici permanenti ad alte prestazioni e materiali magnetici morbidi.<\/p>\n<p>Campo energetico: le particelle di itterbio mostrano un grande potenziale nella ricerca e nello sviluppo di nuovi materiali per batterie. Aggiunto al materiale dell&#8217;elettrodo della batteria, pu\u00f2 ottimizzare la struttura e le prestazioni dell&#8217;elettrodo e migliorare la capacit\u00e0 di carica e scarica, la durata del ciclo e le prestazioni del moltiplicatore della batteria.<\/p>\n<h2><span style=\"font-size: 14pt;\">Controllo qualit\u00e0<\/span><\/h2>\n<p><span style=\"color: #0000ff;\"><a style=\"color: #0000ff;\" href=\"https:\/\/vimaterial.de\/it\/controllo-qualita\/\">Abbiamo stabilito un<\/a><\/span> sistema di garanzia della qualit\u00e0 rigoroso e completo, dal controllo alla fonte dell&#8217;acquisto delle materie prime, ad ogni fase del processo di produzione, al trasporto dei prodotti e al servizio clienti post-vendita, ogni fase del processo aderisce rigorosamente agli standard pi\u00f9 elevati. Durante il processo di produzione, vengono utilizzate apparecchiature e tecnologie di collaudo avanzate per monitorare i prodotti in tempo reale e, una volta rilevata una deviazione o una non conformit\u00e0, l&#8217;8D La procedura di risoluzione dei problemi viene immediatamente attivata per effettuare indagini e analisi approfondite, per garantire che il problema sia completamente risolto.<\/p>\n<h2><span style=\"font-size: 14pt;\">Imballaggio e stoccaggio<\/span><\/h2>\n<p>I granuli metallici di itterbio sono confezionati in imballaggi protettivi multistrato in scatole di cartone personalizzate o casse di legno e riempiti con schiuma morbida e altri materiali di imbottitura per garantire che non vengano danneggiati da collisioni ed estrusione durante il trasporto.<\/p>\n<p>I granuli di itterbio metallico sono conservati in un ambiente asciutto e pulito, lontano da fuoco, forti ossidanti e sostanze chimiche corrosive per garantire la sicurezza dell&#8217;ambiente di stoccaggio.<\/p>\n","protected":false},"excerpt":{"rendered":"<p><span style=\"color: #0000ff;\"><a style=\"color: #0000ff;\" href=\"https:\/\/vimaterial.de\/it\/product\/lamina-di-itterbio-4\/\">I granuli metallici di itterbio<\/a> <\/span>sono minuscoli materiali granulari costituiti da itterbio di elevata purezza come componente principale, lavorati mediante un processo speciale. Le sue propriet\u00e0 fisico-chimiche uniche, utilizzate principalmente nella produzione di semiconduttori, nel rivestimento ottico, negli esperimenti di ricerca scientifica, nelle celle solari, nei display a schermo piatto e in altri campi.<\/p>\n","protected":false},"featured_media":1034907,"comment_status":"open","ping_status":"closed","template":"","meta":{"_acf_changed":false},"product_brand":[],"product_cat":[198,203],"product_tag":[],"class_list":{"0":"post-1031087","1":"product","2":"type-product","3":"status-publish","4":"has-post-thumbnail","6":"product_cat-materiali-per-levaporazione","7":"product_cat-materiali-per-terre-rare","9":"first","10":"instock","11":"shipping-taxable","12":"purchasable","13":"product-type-variable"},"acf":[],"_links":{"self":[{"href":"https:\/\/vimaterial.de\/it\/wp-json\/wp\/v2\/product\/1031087","targetHints":{"allow":["GET"]}}],"collection":[{"href":"https:\/\/vimaterial.de\/it\/wp-json\/wp\/v2\/product"}],"about":[{"href":"https:\/\/vimaterial.de\/it\/wp-json\/wp\/v2\/types\/product"}],"replies":[{"embeddable":true,"href":"https:\/\/vimaterial.de\/it\/wp-json\/wp\/v2\/comments?post=1031087"}],"wp:featuredmedia":[{"embeddable":true,"href":"https:\/\/vimaterial.de\/it\/wp-json\/wp\/v2\/media\/1034907"}],"wp:attachment":[{"href":"https:\/\/vimaterial.de\/it\/wp-json\/wp\/v2\/media?parent=1031087"}],"wp:term":[{"taxonomy":"product_brand","embeddable":true,"href":"https:\/\/vimaterial.de\/it\/wp-json\/wp\/v2\/product_brand?post=1031087"},{"taxonomy":"product_cat","embeddable":true,"href":"https:\/\/vimaterial.de\/it\/wp-json\/wp\/v2\/product_cat?post=1031087"},{"taxonomy":"product_tag","embeddable":true,"href":"https:\/\/vimaterial.de\/it\/wp-json\/wp\/v2\/product_tag?post=1031087"}],"curies":[{"name":"wp","href":"https:\/\/api.w.org\/{rel}","templated":true}]}}