{"id":1031060,"date":"2024-06-27T19:56:26","date_gmt":"2024-06-27T11:56:26","guid":{"rendered":"https:\/\/vimaterial.de\/product\/cloruro-di-gadolinio-2\/"},"modified":"2025-02-12T15:42:53","modified_gmt":"2025-02-12T07:42:53","slug":"cloruro-di-gadolinio-2","status":"publish","type":"product","link":"https:\/\/vimaterial.de\/it\/product\/cloruro-di-gadolinio-2\/","title":{"rendered":"Cloruro di gadolinio"},"content":{"rendered":"<p>La polvere di <span style=\"color: #0000ff;\"><a style=\"color: #0000ff;\" href=\"https:\/\/vimaterial.de\/it\/product\/cloruro-di-gadolinio\/\">cloruro di gadolinio<\/a><\/span> \u00e8 facilmente solubile in acqua e ha una buona stabilit\u00e0 termica, che viene utilizzata nei campi delle cure mediche, della scienza dei materiali, della preparazione di ceramiche elettroniche, dell&#8217;industria nucleare e dei catalizzatori, ecc.<\/p>\n<p>Supportiamo la personalizzazione e la sperimentazione del prodotto, i prodotti VIMATERIAL sono sotto forma di piccoli pacchetti, con MOQ basso e scorte sufficienti e un perfetto sistema di assistenza post-vendita, che risolver\u00e0 tutti i tipi di problemi nel processo di utilizzo per te. Se hai esigenze correlate, non esitare a<span style=\"color: #0000ff;\"><a style=\"color: #0000ff;\" href=\"https:\/\/vimaterial.de\/it\/contatto\/\"> contattarci<\/a><\/span>.<\/p>\n<h2><span style=\"font-size: 14pt;\">Caratteristiche<\/span><\/h2>\n<p>Formula molecolare: GdCl\u2083<\/p>\n<p>Peso molecolare: 263,61<\/p>\n<p>Aspetto: polvere solitamente bianca o giallastra, con buona fluidit\u00e0.<\/p>\n<p>Punto di fusione: circa 609\u00b0C<\/p>\n<p>Struttura cristallina: sistema cristallino monoclino<\/p>\n<h2><span style=\"font-size: 14pt;\">Applicazioni<\/span><\/h2>\n<p>Campo medico: nella tecnologia di risonanza magnetica (MRI), la polvere di cloruro di gadolinio \u00e8 una materia prima chiave per la preparazione di agenti di contrasto MRI.<\/p>\n<p>Campo della scienza dei materiali: Viene utilizzato per preparare materiali funzionali di terre rare ad alte prestazioni. L&#8217;introduzione di GdCl\u2083 nei materiali ceramici pu\u00f2 migliorare le propriet\u00e0 di sinterizzazione, le propriet\u00e0 meccaniche e le propriet\u00e0 elettriche delle ceramiche e preparare ceramiche elettroniche ad alte prestazioni, che possono essere utilizzate per produrre condensatori, sensori e altri componenti elettronici.<\/p>\n<p>Campo del catalizzatore: la polvere di GdCl\u2083 pu\u00f2 essere utilizzata come componente attivo o ausiliario del catalizzatore in alcune reazioni di sintesi organica e processi petrolchimici.<\/p>\n<p>Nel campo dell&#8217;industria nucleare: poich\u00e9 l&#8217;elemento gadolinio ha un&#8217;elevata sezione d&#8217;urto di assorbimento termico dei neutroni, la polvere di GdCl\u2083 pu\u00f2 essere utilizzata nei reattori nucleari per preparare materiali per barre di controllo o assorbitori di neutroni, che vengono utilizzati per controllare la velocit\u00e0 della reazione nucleare e garantire il funzionamento sicuro e stabile dei reattori nucleari.<\/p>\n<h2><span style=\"font-size: 14pt;\">Controllo qualit\u00e0<\/span><\/h2>\n<p><span style=\"color: #0000ff;\"><a style=\"color: #0000ff;\" href=\"https:\/\/vimaterial.de\/it\/controllo-qualita\/\">Abbiamo stabilito<\/a> <\/span>una serie di rigorosi e perfetti sistemi di garanzia della qualit\u00e0, a partire dal processo di acquisto delle materie prime, ogni lotto di materie prime \u00e8 rigorosamente testato per garantire che la sua purezza e il contenuto di impurit\u00e0 soddisfino lo standard. Durante il processo di produzione, adottiamo apparecchiature di produzione avanzate e una precisa tecnologia di controllo dei processi per monitorare ogni processo in tempo reale e controllare rigorosamente la distribuzione granulometrica, la purezza, la composizione chimica e altri indicatori chiave dei prodotti.<\/p>\n<h2><span style=\"font-size: 14pt;\">Imballaggio e stoccaggio<\/span><\/h2>\n<p>La polvere di cloruro di gadolinio \u00e8 confezionata in flaconi sottovuoto multistrato con imballaggio protettivo in scatole di cartone personalizzate o casse di legno e riempita con schiuma morbida e altri materiali di imbottitura all&#8217;interno, per garantire che non venga danneggiata da collisione ed estrusione durante il trasporto.<\/p>\n<p>L&#8217;ambiente di stoccaggio della polvere di cloruro di gadolinio deve essere asciutto e ben ventilato, lontano da fuoco, forti ossidanti e sostanze chimiche corrosive per garantire la sicurezza dell&#8217;ambiente di stoccaggio.<\/p>\n","protected":false},"excerpt":{"rendered":"<p>La polvere di cloruro di gadolinio \u00e8 facilmente solubile in acqua e ha una buona stabilit\u00e0 termica, che viene utilizzata nei campi delle cure mediche, della scienza dei materiali, della preparazione di ceramiche elettroniche, dell&#8217;industria nucleare e dei catalizzatori, ecc.<\/p>\n<p>&nbsp;<\/p>\n","protected":false},"featured_media":1037648,"comment_status":"open","ping_status":"closed","template":"","meta":{"_acf_changed":false},"product_brand":[],"product_cat":[201,203],"product_tag":[],"class_list":{"0":"post-1031060","1":"product","2":"type-product","3":"status-publish","4":"has-post-thumbnail","6":"product_cat-materiali-a-base-di-alogenuri","7":"product_cat-materiali-per-terre-rare","9":"first","10":"instock","11":"shipping-taxable","12":"purchasable","13":"product-type-variable"},"acf":[],"_links":{"self":[{"href":"https:\/\/vimaterial.de\/it\/wp-json\/wp\/v2\/product\/1031060","targetHints":{"allow":["GET"]}}],"collection":[{"href":"https:\/\/vimaterial.de\/it\/wp-json\/wp\/v2\/product"}],"about":[{"href":"https:\/\/vimaterial.de\/it\/wp-json\/wp\/v2\/types\/product"}],"replies":[{"embeddable":true,"href":"https:\/\/vimaterial.de\/it\/wp-json\/wp\/v2\/comments?post=1031060"}],"wp:featuredmedia":[{"embeddable":true,"href":"https:\/\/vimaterial.de\/it\/wp-json\/wp\/v2\/media\/1037648"}],"wp:attachment":[{"href":"https:\/\/vimaterial.de\/it\/wp-json\/wp\/v2\/media?parent=1031060"}],"wp:term":[{"taxonomy":"product_brand","embeddable":true,"href":"https:\/\/vimaterial.de\/it\/wp-json\/wp\/v2\/product_brand?post=1031060"},{"taxonomy":"product_cat","embeddable":true,"href":"https:\/\/vimaterial.de\/it\/wp-json\/wp\/v2\/product_cat?post=1031060"},{"taxonomy":"product_tag","embeddable":true,"href":"https:\/\/vimaterial.de\/it\/wp-json\/wp\/v2\/product_tag?post=1031060"}],"curies":[{"name":"wp","href":"https:\/\/api.w.org\/{rel}","templated":true}]}}