{"id":1031040,"date":"2024-06-27T19:52:54","date_gmt":"2024-06-27T11:52:54","guid":{"rendered":"https:\/\/vimaterial.de\/product\/tungsteno-lega-di-titanio-2\/"},"modified":"2025-02-12T16:09:26","modified_gmt":"2025-02-12T08:09:26","slug":"tungsteno-lega-di-titanio-2","status":"publish","type":"product","link":"https:\/\/vimaterial.de\/it\/product\/tungsteno-lega-di-titanio-2\/","title":{"rendered":"Lega di titanio di tungsteno"},"content":{"rendered":"<p>Il bersaglio rotante in <span style=\"color: #3366ff;\"><a style=\"color: #3366ff;\" href=\"https:\/\/vimaterial.de\/it\/product\/tungsteno-lega-di-titanio\/\">titanio di tungsteno<\/a> <\/span>\u00e8 un bersaglio rotante per sputtering realizzato in tungsteno e titanio come componenti principali, con alto punto di fusione, elevata durezza e altre caratteristiche, utilizzato principalmente in semiconduttori, display a schermo piatto, rivestimento ottico, archiviazione dati e altri campi.<\/p>\n<p>Sosteniamo la personalizzazione e la sperimentazione del prodotto e miriamo all&#8217;attivit\u00e0 di rilegatura, i prodotti VIMATERIAL sono sotto forma di piccoli pacchetti, con MOQ basso e scorte sufficienti e un perfetto sistema di assistenza post-vendita, che risolver\u00e0 tutti i tipi di problemi nel processo di utilizzo per te. Se hai esigenze correlate, non esitare a <span style=\"color: #3366ff;\"><a style=\"color: #3366ff;\" href=\"https:\/\/vimaterial.de\/it\/contatto\/\">contattarci<\/a><\/span>.<\/p>\n<h2><span style=\"font-size: 14pt;\">Caratteristiche<\/span><\/h2>\n<p>Formula chimica: WTi<\/p>\n<p>Peso molecolare: circa 231,71<\/p>\n<p>Aspetto: colore metallizzato, tubolare, lucido<\/p>\n<p>Struttura cristallina: la sua struttura cristallina \u00e8 una complessa struttura cristallina in lega, gli atomi di tungsteno e titanio interagiscono tra loro attraverso legami metallici, formando una struttura reticolare con buone propriet\u00e0 meccaniche e fisiche<\/p>\n<h2><span style=\"font-size: 14pt;\">Applicazioni<\/span><\/h2>\n<p>Campo dei semiconduttori: i bersagli rotanti in titanio di tungsteno vengono utilizzati per lo sputtering per formare strati barriera e materiali per elettrodi nel processo di produzione di chip semiconduttori. I film WTi vengono depositati sulla superficie dei wafer di silicio mediante sputtering, bloccando efficacemente la diffusione degli atomi tra diversi strati metallici e migliorando l&#8217;affidabilit\u00e0 e la stabilit\u00e0 del chip.<\/p>\n<p>Display a schermo piatto: i bersagli rotanti in titanio tungsteno svolgono un ruolo importante nella produzione di display a cristalli liquidi (LCD) e display a diodi organici a emissione di luce (OLED).<\/p>\n<p>Rivestimento ottico: i film sottili spruzzati da bersagli rotanti WTi possono essere utilizzati per aumentare la trasmissione e ridurre la riflessione delle lenti ottiche, nonch\u00e9 la preparazione di pellicole protettive.<\/p>\n<p>Campo di archiviazione dati: Nella produzione di dispositivi di archiviazione dati come i dischi rigidi, i target rotanti WTi vengono utilizzati per preparare pellicole magnetiche e materiali per strati di registrazione.<\/p>\n<h2><span style=\"font-size: 14pt;\">Controllo qualit\u00e0<\/span><\/h2>\n<p><span style=\"color: #3366ff;\"><a style=\"color: #3366ff;\" href=\"https:\/\/vimaterial.de\/it\/controllo-qualita\/\">Abbiamo stabilito<\/a><\/span> una serie di rigorosi e perfetti sistemi di garanzia della qualit\u00e0, a partire dal processo di acquisto delle materie prime, ogni lotto di materie prime \u00e8 rigorosamente testato per garantire che la sua purezza e il contenuto di impurit\u00e0 soddisfino lo standard. Durante il processo di produzione, adottiamo apparecchiature di produzione avanzate e una precisa tecnologia di controllo dei processi per monitorare ogni processo in tempo reale e controllare rigorosamente la distribuzione granulometrica, la purezza, la composizione chimica e altri indicatori chiave dei prodotti.<\/p>\n<h2><span style=\"font-size: 14pt;\">Imballaggio e stoccaggio<\/span><\/h2>\n<p>I bersagli rotanti in titanio di tungsteno sono confezionati in imballaggi sottovuoto multistrato in casse di legno personalizzate e riempiti con schiuma morbida e altri materiali di imbottitura per garantire che non vengano danneggiati da collisioni ed estrusione durante il trasporto.<\/p>\n<p>I bersagli rotanti in titanio di tungsteno sono conservati in un ambiente asciutto e ben ventilato, lontano da fuoco, forti ossidanti e sostanze chimiche corrosive per garantire la sicurezza dell&#8217;ambiente di stoccaggio.<\/p>\n","protected":false},"excerpt":{"rendered":"<p>Il bersaglio rotante in <span style=\"color: #3366ff;\"><a style=\"color: #3366ff;\" href=\"https:\/\/vimaterial.de\/it\/product\/tungsteno-lega-di-titanio\/\">titanio di tungsteno<\/a> <\/span>\u00e8 un bersaglio rotante per sputtering realizzato in tungsteno e titanio come componenti principali, con alto punto di fusione, elevata durezza e altre caratteristiche, utilizzato principalmente in semiconduttori, display a schermo piatto, rivestimento ottico, archiviazione dati e altri campi.<\/p>\n","protected":false},"featured_media":1034902,"comment_status":"open","ping_status":"closed","template":"","meta":{"_acf_changed":false},"product_brand":[],"product_cat":[209],"product_tag":[],"class_list":{"0":"post-1031040","1":"product","2":"type-product","3":"status-publish","4":"has-post-thumbnail","6":"product_cat-obiettivi-di-sputtering-rotanti","8":"first","9":"instock","10":"shipping-taxable","11":"product-type-variable"},"acf":[],"_links":{"self":[{"href":"https:\/\/vimaterial.de\/it\/wp-json\/wp\/v2\/product\/1031040","targetHints":{"allow":["GET"]}}],"collection":[{"href":"https:\/\/vimaterial.de\/it\/wp-json\/wp\/v2\/product"}],"about":[{"href":"https:\/\/vimaterial.de\/it\/wp-json\/wp\/v2\/types\/product"}],"replies":[{"embeddable":true,"href":"https:\/\/vimaterial.de\/it\/wp-json\/wp\/v2\/comments?post=1031040"}],"wp:featuredmedia":[{"embeddable":true,"href":"https:\/\/vimaterial.de\/it\/wp-json\/wp\/v2\/media\/1034902"}],"wp:attachment":[{"href":"https:\/\/vimaterial.de\/it\/wp-json\/wp\/v2\/media?parent=1031040"}],"wp:term":[{"taxonomy":"product_brand","embeddable":true,"href":"https:\/\/vimaterial.de\/it\/wp-json\/wp\/v2\/product_brand?post=1031040"},{"taxonomy":"product_cat","embeddable":true,"href":"https:\/\/vimaterial.de\/it\/wp-json\/wp\/v2\/product_cat?post=1031040"},{"taxonomy":"product_tag","embeddable":true,"href":"https:\/\/vimaterial.de\/it\/wp-json\/wp\/v2\/product_tag?post=1031040"}],"curies":[{"name":"wp","href":"https:\/\/api.w.org\/{rel}","templated":true}]}}