{"id":1031032,"date":"2024-06-27T19:52:26","date_gmt":"2024-06-27T11:52:26","guid":{"rendered":"https:\/\/vimaterial.de\/product\/tantalio-metallico-8\/"},"modified":"2025-02-13T14:07:53","modified_gmt":"2025-02-13T06:07:53","slug":"tantalio-metallico-8","status":"publish","type":"product","link":"https:\/\/vimaterial.de\/it\/product\/tantalio-metallico-8\/","title":{"rendered":"Metallo al tantalio"},"content":{"rendered":"<p>I bersagli rotanti <span style=\"color: #0000ff;\"><a style=\"color: #0000ff;\" href=\"https:\/\/vimaterial.de\/it\/product\/metallo-al-tantalio-4\/\">al tantalio<\/a> <\/span>sono bersagli rotanti sputtering con tantalio come componente principale. Grazie alle sue propriet\u00e0 fisico-chimiche uniche, i bersagli rotanti Ta sono utilizzati principalmente in una variet\u00e0 di campi come la produzione di semiconduttori, i display a schermo piatto, il rivestimento ottico, l&#8217;archiviazione dei dati e l&#8217;aerospaziale.<\/p>\n<p>Forniamo servizi personalizzati e accogliamo con favore gli istituti di ricerca scientifica a lavorare con noi nella cooperazione sperimentale, supportiamo anche servizi di vincolo degli obiettivi. I prodotti VIMATERIAL sono in piccoli pacchetti con MOQ basso e scorte sufficienti, fornendo un perfetto servizio post-vendita e un team tecnico professionale. <span style=\"color: #0000ff;\"><a style=\"color: #0000ff;\" href=\"https:\/\/vimaterial.de\/it\/contatto\/\">Contattaci<\/a><\/span> per maggiori informazioni.<\/p>\n<h2><span style=\"font-size: 14pt;\">Caratteristiche<\/span><\/h2>\n<p>Formula molecolare: Ta<\/p>\n<p>Peso molecolare: circa 180,9479<\/p>\n<p>Aspetto: lucentezza grigio-argento caratteristica del metallo<\/p>\n<p>Densit\u00e0: 16,69 g\/cm\u00b3<\/p>\n<p>Punto di fusione: 3017\u00b0C<\/p>\n<p>Punto di ebollizione: circa 5458\u00b0C<\/p>\n<p>Durezza: circa 6,5 sulla scala di durezza Mohs<\/p>\n<p>Struttura cristallina: struttura cristallina cubica centrata sul corpo (BCC) a temperatura ambiente.<\/p>\n<h2><span style=\"font-size: 14pt;\">Applicazioni<\/span><\/h2>\n<p>Produzione di semiconduttori: i bersagli rotanti in tantalio vengono utilizzati per lo sputtering per formare strati di barriera e diffusione nei processi di produzione di chip semiconduttori. I film di tantalio vengono depositati sulla superficie dei wafer di silicio mediante sputtering per bloccare efficacemente la diffusione degli atomi tra diversi strati di metallo, prevenendo cortocircuiti all&#8217;interno del chip e migliorando l&#8217;affidabilit\u00e0 e la stabilit\u00e0 del chip.<\/p>\n<p>Display a schermo piatto: i target rotanti in tantalio svolgono un ruolo chiave nel processo di produzione dei display a cristalli liquidi (LCD) e dei display a diodi organici a emissione di luce (OLED). Utilizzati per lo sputtering per preparare elettrodi conduttivi trasparenti e maschere metalliche, i film di tantalio hanno una buona conduttivit\u00e0 elettrica e stabilit\u00e0 chimica, possono ridurre efficacemente la resistenza dell&#8217;elettrodo, migliorare l&#8217;efficienza luminosa e la qualit\u00e0 dell&#8217;immagine del pannello del display<\/p>\n<p>Rivestimento ottico: nella produzione di lenti ottiche, lenti e altri componenti ottici, \u00e8 possibile utilizzare film sottili spruzzati con bersagli rotanti Ta per la preparazione di pellicole di miglioramento della trasmittanza, pellicole riflettenti e pellicole protettive.<\/p>\n<p>Archiviazione dei dati: nella produzione di dispositivi di archiviazione dati come dischi rigidi e unit\u00e0 a stato solido, i target rotanti in tantalio vengono utilizzati per preparare strati di archiviazione magnetici e materiali delle testine di lettura\/scrittura.<\/p>\n<p>Aerospaziale: A causa dell&#8217;alto punto di fusione, dell&#8217;elevata resistenza e della buona stabilit\u00e0 chimica del tantalio, i film sottili spruzzati da bersagli rotanti Ta vengono utilizzati nel settore aerospaziale per la protezione di componenti ad alta temperatura e la produzione di apparecchiature elettroniche.<\/p>\n<h2><span style=\"font-size: 14pt;\">Controllo qualit\u00e0<\/span><\/h2>\n<p><span style=\"color: #0000ff;\"><a style=\"color: #0000ff;\" href=\"https:\/\/vimaterial.de\/it\/controllo-qualita\/\">I nostri prodotti<\/a><\/span> seguono un rigoroso e consolidato sistema di garanzia della qualit\u00e0, che controlla rigorosamente l&#8217;uniformit\u00e0 della composizione del bersaglio, la densit\u00e0, la durezza, la planarit\u00e0 della superficie e altri indicatori chiave. Una volta rilevata una deviazione o una non conformit\u00e0, 8D Le procedure di risoluzione dei problemi vengono immediatamente attivate, la causa principale del problema viene analizzata in modo approfondito e vengono adottate misure correttive e preventive efficaci. Allo stesso tempo, documentazione dettagliata dell&#8217;intero processo produttivo, per ottenere la piena tracciabilit\u00e0 di ogni lotto di prodotti, in modo da avere piena fiducia nella qualit\u00e0 dei prodotti.<\/p>\n<h2><span style=\"font-size: 14pt;\">Imballaggio e stoccaggio<\/span><\/h2>\n<p>Il bersaglio rotante in tantalio adotta una soluzione di imballaggio protettivo professionale, viene inserito in una scatola di legno ad alta resistenza personalizzata e riempie l&#8217;interno con schiuma ad alta densit\u00e0 e altri materiali di ammortizzazione, per garantire che non venga danneggiato da collisione ed estrusione durante il trasporto.<\/p>\n<p>Il bersaglio rotante al tantalio viene generalmente conservato in un ambiente asciutto e ventilato, lontano da fuoco, forti ossidanti, sostanze chimiche corrosive e forti campi magnetici, utilizzando film plastico o sacchetti sottovuoto sigillati all&#8217;interno della confezione per la conservazione.<\/p>\n","protected":false},"excerpt":{"rendered":"<p>I bersagli rotanti <span style=\"color: #0000ff;\"><a style=\"color: #0000ff;\" href=\"https:\/\/vimaterial.de\/en\/product\/tantalum-metal\/\">al tantalio<\/a> <\/span>sono bersagli rotanti sputtering con tantalio come componente principale. Grazie alle sue propriet\u00e0 fisico-chimiche uniche, i bersagli rotanti Ta sono utilizzati principalmente in una variet\u00e0 di campi come la produzione di semiconduttori, i display a schermo piatto, il rivestimento ottico, l&#8217;archiviazione dei dati e l&#8217;aerospaziale.<\/p>\n","protected":false},"featured_media":1034897,"comment_status":"open","ping_status":"closed","template":"","meta":{"_acf_changed":false},"product_brand":[],"product_cat":[209],"product_tag":[],"class_list":{"0":"post-1031032","1":"product","2":"type-product","3":"status-publish","4":"has-post-thumbnail","6":"product_cat-obiettivi-di-sputtering-rotanti","8":"first","9":"instock","10":"shipping-taxable","11":"product-type-variable"},"acf":[],"_links":{"self":[{"href":"https:\/\/vimaterial.de\/it\/wp-json\/wp\/v2\/product\/1031032","targetHints":{"allow":["GET"]}}],"collection":[{"href":"https:\/\/vimaterial.de\/it\/wp-json\/wp\/v2\/product"}],"about":[{"href":"https:\/\/vimaterial.de\/it\/wp-json\/wp\/v2\/types\/product"}],"replies":[{"embeddable":true,"href":"https:\/\/vimaterial.de\/it\/wp-json\/wp\/v2\/comments?post=1031032"}],"wp:featuredmedia":[{"embeddable":true,"href":"https:\/\/vimaterial.de\/it\/wp-json\/wp\/v2\/media\/1034897"}],"wp:attachment":[{"href":"https:\/\/vimaterial.de\/it\/wp-json\/wp\/v2\/media?parent=1031032"}],"wp:term":[{"taxonomy":"product_brand","embeddable":true,"href":"https:\/\/vimaterial.de\/it\/wp-json\/wp\/v2\/product_brand?post=1031032"},{"taxonomy":"product_cat","embeddable":true,"href":"https:\/\/vimaterial.de\/it\/wp-json\/wp\/v2\/product_cat?post=1031032"},{"taxonomy":"product_tag","embeddable":true,"href":"https:\/\/vimaterial.de\/it\/wp-json\/wp\/v2\/product_tag?post=1031032"}],"curies":[{"name":"wp","href":"https:\/\/api.w.org\/{rel}","templated":true}]}}