{"id":1031007,"date":"2024-06-27T19:50:37","date_gmt":"2024-06-27T11:50:37","guid":{"rendered":"https:\/\/vimaterial.de\/product\/seleniuro-di-indio-4\/"},"modified":"2025-02-13T15:27:17","modified_gmt":"2025-02-13T07:27:17","slug":"seleniuro-di-indio-4","status":"publish","type":"product","link":"https:\/\/vimaterial.de\/it\/product\/seleniuro-di-indio-4\/","title":{"rendered":"Seleniuro di indio"},"content":{"rendered":"<p>Il bersaglio sputtering del <span style=\"color: #0000ff;\"><a style=\"color: #0000ff;\" href=\"https:\/\/vimaterial.de\/it\/product\/seleniuro-di-indio-2\/\">seleniuro di indio<\/a><\/span> \u00e8 un bersaglio sputtering con seleniuro di indio come componente principale, che viene utilizzato principalmente nei campi emergenti dell&#8217;elettronica, dell&#8217;energia e dell&#8217;ottica in virt\u00f9 delle sue propriet\u00e0 optoelettroniche e fisicochimiche uniche.<\/p>\n<p>Forniamo servizi personalizzati e accogliamo con favore gli istituti di ricerca scientifica a lavorare con noi nella cooperazione sperimentale, supportiamo anche servizi di vincolo degli obiettivi. I prodotti VIMATERIAL sono in piccoli pacchetti con MOQ basso e scorte sufficienti, fornendo un perfetto servizio post-vendita e un team tecnico professionale. <span style=\"color: #0000ff;\"><a style=\"color: #0000ff;\" href=\"https:\/\/vimaterial.de\/it\/contatto\/\">Contattaci<\/a><\/span> per maggiori informazioni.<\/p>\n<h2><span style=\"font-size: 14pt;\">Caratteristiche<\/span><\/h2>\n<p>Formula molecolare: In\u2082Se\u2083<\/p>\n<p>Peso molecolare: circa 564,52<\/p>\n<p>Aspetto: Di solito appare come un solido grigio-nero con una lucentezza metallica.<\/p>\n<p>Densit\u00e0: circa 5,67 g\/cm\u00b3.<\/p>\n<p>Punto di fusione: circa 695\u00b0C<\/p>\n<p>Struttura cristallina: Sistema cristallino tetragonale<\/p>\n<h2><span style=\"font-size: 14pt;\">Applicazioni<\/span><\/h2>\n<p>Fotovoltaico: i bersagli sputtering In\u2082Se\u2083 svolgono un ruolo chiave nella preparazione di celle solari altamente efficienti. Il film sottile In\u2082Se\u2083 viene depositato sul substrato mediante processo di sputtering, che funge da strato assorbente della luce ed \u00e8 in grado di assorbire completamente l&#8217;energia della luce solare e convertirla in elettricit\u00e0.<\/p>\n<p>Dispositivi optoelettronici: nella produzione di fotorivelatori, i film sottili preparati utilizzando bersagli sputtering In\u2082Se\u2083 hanno un&#8217;elevata sensibilit\u00e0 e caratteristiche di risposta rapida ai segnali luminosi e possono rilevare e convertire con precisione segnali luminosi deboli. I materiali a base di In\u2082Se\u2083 presentano anche propriet\u00e0 uniche di emissione della luce e si prevede che svilupperanno nuovi tipi di dispositivi emettitori di luce ad alta efficienza e ad alta luminosit\u00e0 da utilizzare nelle tecnologie di illuminazione e visualizzazione.<\/p>\n<p>Sensori: le pellicole sputtered a base di In\u2082Se\u2083 possono essere utilizzate per preparare vari tipi di sensori. Nel caso dei sensori di pressione, le propriet\u00e0 elettriche dei film sottili di In\u2082Se\u2083 cambiano in modo significativo con la pressione e possono essere utilizzate per produrre elementi di rilevamento della pressione ad alta precisione.<\/p>\n<p>Circuiti integrati: nella produzione avanzata di circuiti integrati, i target di sputtering In\u2082Se\u2083 possono essere utilizzati per preparare nuovi tipi di dispositivi a semiconduttore e materiali di interconnessione.<\/p>\n<h2><span style=\"font-size: 14pt;\">Controllo qualit\u00e0<\/span><\/h2>\n<p><span style=\"color: #0000ff;\"><a style=\"color: #0000ff;\" href=\"https:\/\/vimaterial.de\/it\/controllo-qualita\/\">I nostri prodotti<\/a><\/span> seguono un rigoroso e consolidato sistema di garanzia della qualit\u00e0, che controlla rigorosamente l&#8217;uniformit\u00e0 della composizione del bersaglio, la densit\u00e0, la durezza, la planarit\u00e0 della superficie e altri indicatori chiave. Una volta rilevata una deviazione o una non conformit\u00e0, 8D Le procedure di risoluzione dei problemi vengono immediatamente attivate, la causa principale del problema viene analizzata in modo approfondito e vengono adottate misure correttive e preventive efficaci. Allo stesso tempo, documentazione dettagliata dell&#8217;intero processo produttivo, per ottenere la piena tracciabilit\u00e0 di ogni lotto di prodotti, in modo da avere piena fiducia nella qualit\u00e0 dei prodotti.<\/p>\n<h2><span style=\"font-size: 14pt;\">Imballaggio e stoccaggio<\/span><\/h2>\n<p>I bersagli sputtering in seleniuro di indio sono protetti professionalmente dal vuoto, confezionati in casse di legno personalizzate ad alta resistenza e riempiti con materiali di imbottitura come schiuma ad alta densit\u00e0, per garantire che siano protetti da collisioni e danni da estrusione durante il trasporto.<\/p>\n<p>I bersagli sputtering di indio seleniuro sono conservati in un ambiente asciutto e ventilato e l&#8217;area di stoccaggio \u00e8 tenuta lontana da fonti di accensione, agenti fortemente ossidanti, sostanze chimiche corrosive e forti campi magnetici.<\/p>\n","protected":false},"excerpt":{"rendered":"<p>Il bersaglio sputtering del <span style=\"color: #0000ff;\"><a style=\"color: #0000ff;\" href=\"https:\/\/vimaterial.de\/it\/product\/seleniuro-di-indio-2\/\">seleniuro di indio<\/a><\/span> \u00e8 un bersaglio sputtering con seleniuro di indio come componente principale, che viene utilizzato principalmente nei campi emergenti dell&#8217;elettronica, dell&#8217;energia e dell&#8217;ottica in virt\u00f9 delle sue propriet\u00e0 optoelettroniche e fisicochimiche uniche.<\/p>\n","protected":false},"featured_media":1034892,"comment_status":"open","ping_status":"closed","template":"","meta":{"_acf_changed":false},"product_brand":[],"product_cat":[197],"product_tag":[],"class_list":{"0":"post-1031007","1":"product","2":"type-product","3":"status-publish","4":"has-post-thumbnail","6":"product_cat-obiettivi-di-sputtering-planari","8":"first","9":"instock","10":"shipping-taxable","11":"product-type-variable"},"acf":[],"_links":{"self":[{"href":"https:\/\/vimaterial.de\/it\/wp-json\/wp\/v2\/product\/1031007","targetHints":{"allow":["GET"]}}],"collection":[{"href":"https:\/\/vimaterial.de\/it\/wp-json\/wp\/v2\/product"}],"about":[{"href":"https:\/\/vimaterial.de\/it\/wp-json\/wp\/v2\/types\/product"}],"replies":[{"embeddable":true,"href":"https:\/\/vimaterial.de\/it\/wp-json\/wp\/v2\/comments?post=1031007"}],"wp:featuredmedia":[{"embeddable":true,"href":"https:\/\/vimaterial.de\/it\/wp-json\/wp\/v2\/media\/1034892"}],"wp:attachment":[{"href":"https:\/\/vimaterial.de\/it\/wp-json\/wp\/v2\/media?parent=1031007"}],"wp:term":[{"taxonomy":"product_brand","embeddable":true,"href":"https:\/\/vimaterial.de\/it\/wp-json\/wp\/v2\/product_brand?post=1031007"},{"taxonomy":"product_cat","embeddable":true,"href":"https:\/\/vimaterial.de\/it\/wp-json\/wp\/v2\/product_cat?post=1031007"},{"taxonomy":"product_tag","embeddable":true,"href":"https:\/\/vimaterial.de\/it\/wp-json\/wp\/v2\/product_tag?post=1031007"}],"curies":[{"name":"wp","href":"https:\/\/api.w.org\/{rel}","templated":true}]}}