{"id":1030994,"date":"2024-06-27T19:50:34","date_gmt":"2024-06-27T11:50:34","guid":{"rendered":"https:\/\/vimaterial.de\/product\/ossido-di-indio-e-stagno-ito-5\/"},"modified":"2025-02-13T17:34:26","modified_gmt":"2025-02-13T09:34:26","slug":"ossido-di-indio-e-stagno-ito-5","status":"publish","type":"product","link":"https:\/\/vimaterial.de\/it\/product\/ossido-di-indio-e-stagno-ito-5\/","title":{"rendered":"Ossido di indio-stagno (ITO)"},"content":{"rendered":"<p>I bersagli rotanti di <span style=\"color: #0000ff;\"><a style=\"color: #0000ff;\" href=\"https:\/\/vimaterial.de\/it\/product\/ossido-di-indio-e-stagno-ito-3\/\">ossido di indio e stagno<\/a><\/span> (ITO) sono bersagli rotanti sputtering con ossido di indio e ossido di stagno come componenti principali. Grazie alle loro eccellenti propriet\u00e0 elettriche, ottiche e fisico-chimiche, vengono utilizzati principalmente nei settori dei display a schermo piatto, delle batterie solari, dei pannelli touch, degli elettrodi conduttivi trasparenti per dispositivi elettronici, dei rivestimenti ottici e dei diodi organici a emissione di luce (OLED).<\/p>\n<p>Forniamo servizi personalizzati e accogliamo con favore gli istituti di ricerca scientifica a lavorare con noi nella cooperazione sperimentale, supportiamo anche servizi di vincolo degli obiettivi. I prodotti VIMATERIAL sono in piccoli pacchetti con MOQ basso e scorte sufficienti, fornendo un perfetto servizio post-vendita e un team tecnico professionale. <span style=\"color: #0000ff;\"><a style=\"color: #0000ff;\" href=\"https:\/\/vimaterial.de\/it\/contatto\/\">Contattaci<\/a><\/span> per maggiori informazioni.<\/p>\n<h2><span style=\"font-size: 14pt;\">Caratteristiche<\/span><\/h2>\n<p>Formula molecolare: In\u2082O\u2083-SnO\u2082.<\/p>\n<p>Aspetto: di solito si presenta come un tubo grigio scuro o nero con una lucentezza metallica<\/p>\n<p>Struttura cristallina: composta principalmente da fase cubica In\u2082O\u2083 e fase tetragonale SnO\u2082, questa struttura cristallina unica conferisce al bersaglio buone propriet\u00e0 elettriche e ottiche, come un&#8217;elevata conduttivit\u00e0 elettrica e un&#8217;elevata trasmissione della luce.<\/p>\n<h2><span style=\"font-size: 14pt;\">Applicazioni<\/span><\/h2>\n<p>Display a schermo piatto: i target rotanti in ossido di indio e stagno (ITO) sono utilizzati per la preparazione dello sputtering di elettrodi conduttivi trasparenti (TCO) in tecnologie di visualizzazione a schermo piatto come display a cristalli liquidi (LCD), display a diodi organici a emissione di luce (OLED) e display a punti quantici emergenti (QLED).<\/p>\n<p>Solare fotovoltaico: nel processo di produzione delle celle solari, i bersagli rotanti di ossido di indio e stagno (ITO) spruzzati per formare film conduttivi trasparenti possono essere utilizzati come elettrodo anteriore della cella.<\/p>\n<p>Tecnologia touch screen: con la diffusa popolarit\u00e0 di smartphone, tablet PC e altri dispositivi intelligenti, la tecnologia touch screen si \u00e8 sviluppata rapidamente. I film sottili conduttivi trasparenti preparati con target rotanti di ossido di indio e stagno (ITO) sono diventati il materiale ideale per gli elettrodi touch screen grazie alla loro buona conduttivit\u00e0 e propriet\u00e0 meccaniche.<\/p>\n<p>Sensori di gas: Sulla base delle speciali propriet\u00e0 di adsorbimento e reazione chimica dei film sottili spruzzati di ossido di indio e stagno (ITO) per alcune molecole di gas, possono essere utilizzati per preparare sensori di gas ad alte prestazioni.<\/p>\n<p>Finestre intelligenti: i film sottili elettrocromici preparati da target rotanti In\u2082O\u2083-SnO\u2082 possono essere applicati alla produzione di finestre intelligenti. Applicando un campo elettrico esterno, le propriet\u00e0 ottiche del film possono essere modificate in modo reversibile per ottenere una regolazione intelligente della trasmissione della luce e delle propriet\u00e0 di isolamento termico delle finestre, raggiungendo cos\u00ec lo scopo del risparmio energetico e della riduzione delle emissioni e migliorando il comfort interno.<\/p>\n<h2><span style=\"font-size: 14pt;\">Controllo qualit\u00e0<\/span><\/h2>\n<p><span style=\"color: #0000ff;\"><a style=\"color: #0000ff;\" href=\"https:\/\/vimaterial.de\/it\/controllo-qualita\/\">I nostri prodotti<\/a><\/span> seguono un rigoroso e consolidato sistema di garanzia della qualit\u00e0, che controlla rigorosamente l&#8217;uniformit\u00e0 della composizione del bersaglio, la densit\u00e0, la durezza, la planarit\u00e0 della superficie e altri indicatori chiave. Una volta rilevata una deviazione o una non conformit\u00e0, 8D Le procedure di risoluzione dei problemi vengono immediatamente attivate, la causa principale del problema viene analizzata in modo approfondito e vengono adottate misure correttive e preventive efficaci. Allo stesso tempo, documentazione dettagliata dell&#8217;intero processo produttivo, per ottenere la piena tracciabilit\u00e0 di ogni lotto di prodotti, in modo da avere piena fiducia nella qualit\u00e0 dei prodotti.<\/p>\n<h2><span style=\"font-size: 14pt;\">Imballaggio e stoccaggio<\/span><\/h2>\n<p>I bersagli sputtering in ossido di indio e stagno (ITO) sono confezionati in un imballaggio protettivo sottovuoto professionale in casse di legno personalizzate ad alta resistenza e riempiti con materiali di imbottitura come schiuma ad alta densit\u00e0 per garantire che siano protetti da collisioni e danni da estrusione durante il trasporto.<\/p>\n<p>I bersagli sputtering di ossido di indio e stagno (ITO) sono conservati in un ambiente asciutto e ventilato e l&#8217;area di stoccaggio deve essere tenuta lontana da fuoco, agenti ossidanti forti, sostanze chimiche corrosive e forti campi magnetici.<\/p>\n","protected":false},"excerpt":{"rendered":"<p>I bersagli rotanti di <span style=\"color: #0000ff;\"><a style=\"color: #0000ff;\" href=\"https:\/\/vimaterial.de\/it\/product\/ossido-di-indio-e-stagno-ito-3\/\">ossido di indio e stagno<\/a><\/span> (ITO) sono bersagli rotanti sputtering con ossido di indio e ossido di stagno come componenti principali. Grazie alle loro eccellenti propriet\u00e0 elettriche, ottiche e fisico-chimiche, vengono utilizzati principalmente nei settori dei display a schermo piatto, delle batterie solari, dei pannelli touch, degli elettrodi conduttivi trasparenti per dispositivi elettronici, dei rivestimenti ottici e dei diodi organici a emissione di luce (OLED).<\/p>\n","protected":false},"featured_media":1034887,"comment_status":"open","ping_status":"closed","template":"","meta":{"_acf_changed":false},"product_brand":[],"product_cat":[209],"product_tag":[],"class_list":{"0":"post-1030994","1":"product","2":"type-product","3":"status-publish","4":"has-post-thumbnail","6":"product_cat-obiettivi-di-sputtering-rotanti","8":"first","9":"instock","10":"shipping-taxable","11":"product-type-variable"},"acf":[],"_links":{"self":[{"href":"https:\/\/vimaterial.de\/it\/wp-json\/wp\/v2\/product\/1030994","targetHints":{"allow":["GET"]}}],"collection":[{"href":"https:\/\/vimaterial.de\/it\/wp-json\/wp\/v2\/product"}],"about":[{"href":"https:\/\/vimaterial.de\/it\/wp-json\/wp\/v2\/types\/product"}],"replies":[{"embeddable":true,"href":"https:\/\/vimaterial.de\/it\/wp-json\/wp\/v2\/comments?post=1030994"}],"wp:featuredmedia":[{"embeddable":true,"href":"https:\/\/vimaterial.de\/it\/wp-json\/wp\/v2\/media\/1034887"}],"wp:attachment":[{"href":"https:\/\/vimaterial.de\/it\/wp-json\/wp\/v2\/media?parent=1030994"}],"wp:term":[{"taxonomy":"product_brand","embeddable":true,"href":"https:\/\/vimaterial.de\/it\/wp-json\/wp\/v2\/product_brand?post=1030994"},{"taxonomy":"product_cat","embeddable":true,"href":"https:\/\/vimaterial.de\/it\/wp-json\/wp\/v2\/product_cat?post=1030994"},{"taxonomy":"product_tag","embeddable":true,"href":"https:\/\/vimaterial.de\/it\/wp-json\/wp\/v2\/product_tag?post=1030994"}],"curies":[{"name":"wp","href":"https:\/\/api.w.org\/{rel}","templated":true}]}}