{"id":1030973,"date":"2024-06-27T19:50:07","date_gmt":"2024-06-27T11:50:07","guid":{"rendered":"https:\/\/vimaterial.de\/product\/metallo-argentato-5\/"},"modified":"2025-02-13T18:08:52","modified_gmt":"2025-02-13T10:08:52","slug":"metallo-argentato-5","status":"publish","type":"product","link":"https:\/\/vimaterial.de\/it\/product\/metallo-argentato-5\/","title":{"rendered":"Metallo argentato"},"content":{"rendered":"<p><span style=\"color: #0000ff;\"><a style=\"color: #0000ff;\" href=\"https:\/\/vimaterial.de\/it\/product\/metallo-argentato-3\/\">I bersagli del tubo d&#8217;argento<\/a><\/span> sono bersagli tubolari sputtering con l&#8217;argento come componente principale e svolgono un ruolo chiave nell&#8217;elettronica, nell&#8217;ottica, nella decorazione e in molti campi di produzione industriale grazie alle eccellenti propriet\u00e0 fisiche e chimiche dell&#8217;argento.<\/p>\n<p>Forniamo servizi personalizzati e accogliamo con favore gli istituti di ricerca scientifica che si uniscono a noi per svolgere una cooperazione sperimentale, supportiamo anche servizi di vincolo mirato. I prodotti VIMATERIAL sono in piccoli pacchetti, con MOQ basso e scorte sufficienti, fornendo un perfetto servizio post-vendita e un team tecnico professionale. <span style=\"color: #0000ff;\"><a style=\"color: #0000ff;\" href=\"https:\/\/vimaterial.de\/it\/contatto\/\">Contattaci<\/a><\/span> per maggiori informazioni.<\/p>\n<h2><span style=\"font-size: 14pt;\">Caratteristiche<\/span><\/h2>\n<p>Formula molecolare: Ag<\/p>\n<p>Peso molecolare: 107,8682<\/p>\n<p>Aspetto: con una tipica lucentezza metallica bianco-argento<\/p>\n<p>Densit\u00e0: 10,49 g\/cm\u00b3<\/p>\n<p>Punto di fusione: 961,78\u00b0C<\/p>\n<p>Punto di ebollizione: 2162\u00b0C<\/p>\n<p>Struttura cristallina: struttura cristallina FCC (Face Centred Cube), che conferisce all&#8217;argento una buona conduttivit\u00e0 elettrica, termica e duttile, rendendolo eccellente in applicazioni come l&#8217;elettronica e la gestione termica.<\/p>\n<h2><span style=\"font-size: 14pt;\">Applicazioni<\/span><\/h2>\n<p>Produzione di chip elettronici: nella produzione di chip, i film sottili d&#8217;argento spruzzati su bersagli rotanti Ag vengono utilizzati per creare circuiti conduttivi ad alte prestazioni, riducendo la resistenza, accelerando la trasmissione del segnale e contribuendo a migliorare le prestazioni del chip.<\/p>\n<p>Produzione di strumenti ottici: Nella produzione di strumenti ottici, il rivestimento del bersaglio rotante Ag viene utilizzato per ottenere un&#8217;elevata riflettivit\u00e0 per lenti e specchi per migliorare la qualit\u00e0 dell&#8217;imaging.<\/p>\n<p>Lavorazione del vetro per autoveicoli: nella lavorazione del vetro per autoveicoli, attraverso il processo di sputtering a bersaglio rotante Ag, si forma un film d&#8217;argento termoisolante sulla superficie del vetro, bloccando efficacemente il calore della radiazione solare e migliorando il comfort dell&#8217;auto.<\/p>\n<p>Produzione di display a schermo piatto: nella produzione di display a schermo piatto, i bersagli rotanti Ag vengono utilizzati per preparare elettrodi conduttivi trasparenti per schermi OLED e LCD, migliorando l&#8217;efficienza luminosa e la nitidezza dell&#8217;immagine degli schermi.<\/p>\n<h2><span style=\"font-size: 14pt;\">Controllo qualit\u00e0<\/span><\/h2>\n<p><span style=\"color: #0000ff;\"><a style=\"color: #0000ff;\" href=\"https:\/\/vimaterial.de\/it\/controllo-qualita\/\">I nostri prodotti<\/a><\/span> seguono un rigoroso e perfetto sistema di garanzia della qualit\u00e0, che controlla rigorosamente l&#8217;uniformit\u00e0 della composizione, la densit\u00e0, la durezza, la planarit\u00e0 della superficie e altri indicatori chiave degli obiettivi. Una volta rilevata una deviazione o una non conformit\u00e0, 8D Le procedure di risoluzione dei problemi vengono immediatamente attivate, la causa principale del problema viene analizzata in modo approfondito e vengono adottate misure correttive e preventive efficaci. Allo stesso tempo, documentazione dettagliata dell&#8217;intero processo produttivo, per ottenere la piena tracciabilit\u00e0 di ogni lotto di prodotti, in modo da avere piena fiducia nella qualit\u00e0 dei prodotti.<\/p>\n<h2><span style=\"font-size: 14pt;\">Imballaggio e stoccaggio<\/span><\/h2>\n<p>I bersagli in tubo d&#8217;argento sono confezionati in imballaggi professionali protetti sottovuoto in casse di legno ad alta resistenza personalizzate e riempiti con schiuma ad alta densit\u00e0 e altri materiali di imbottitura per garantire che siano protetti da collisioni e danni da estrusione durante il trasporto.<\/p>\n<p>I bersagli d&#8217;argento devono essere conservati in un ambiente asciutto, ventilato e non magnetico per garantire che non entrino in contatto con altri metalli o sostanze chimiche.<\/p>\n","protected":false},"excerpt":{"rendered":"<p><span style=\"color: #0000ff;\"><a style=\"color: #0000ff;\" href=\"https:\/\/vimaterial.de\/en\/product\/silver-metal\/\">I bersagli del tubo d&#8217;argento<\/a><\/span> sono bersagli tubolari sputtering con l&#8217;argento come componente principale e svolgono un ruolo chiave nell&#8217;elettronica, nell&#8217;ottica, nella decorazione e in molti campi di produzione industriale grazie alle eccellenti propriet\u00e0 fisiche e chimiche dell&#8217;argento.<\/p>\n","protected":false},"featured_media":1034882,"comment_status":"open","ping_status":"closed","template":"","meta":{"_acf_changed":false},"product_brand":[],"product_cat":[209],"product_tag":[],"class_list":{"0":"post-1030973","1":"product","2":"type-product","3":"status-publish","4":"has-post-thumbnail","6":"product_cat-obiettivi-di-sputtering-rotanti","8":"first","9":"instock","10":"shipping-taxable","11":"product-type-variable"},"acf":[],"_links":{"self":[{"href":"https:\/\/vimaterial.de\/it\/wp-json\/wp\/v2\/product\/1030973","targetHints":{"allow":["GET"]}}],"collection":[{"href":"https:\/\/vimaterial.de\/it\/wp-json\/wp\/v2\/product"}],"about":[{"href":"https:\/\/vimaterial.de\/it\/wp-json\/wp\/v2\/types\/product"}],"replies":[{"embeddable":true,"href":"https:\/\/vimaterial.de\/it\/wp-json\/wp\/v2\/comments?post=1030973"}],"wp:featuredmedia":[{"embeddable":true,"href":"https:\/\/vimaterial.de\/it\/wp-json\/wp\/v2\/media\/1034882"}],"wp:attachment":[{"href":"https:\/\/vimaterial.de\/it\/wp-json\/wp\/v2\/media?parent=1030973"}],"wp:term":[{"taxonomy":"product_brand","embeddable":true,"href":"https:\/\/vimaterial.de\/it\/wp-json\/wp\/v2\/product_brand?post=1030973"},{"taxonomy":"product_cat","embeddable":true,"href":"https:\/\/vimaterial.de\/it\/wp-json\/wp\/v2\/product_cat?post=1030973"},{"taxonomy":"product_tag","embeddable":true,"href":"https:\/\/vimaterial.de\/it\/wp-json\/wp\/v2\/product_tag?post=1030973"}],"curies":[{"name":"wp","href":"https:\/\/api.w.org\/{rel}","templated":true}]}}