{"id":1030936,"date":"2024-06-27T19:49:19","date_gmt":"2024-06-27T11:49:19","guid":{"rendered":"https:\/\/vimaterial.de\/product\/niobio-metallico-6\/"},"modified":"2025-02-17T14:15:18","modified_gmt":"2025-02-17T06:15:18","slug":"niobio-metallico-6","status":"publish","type":"product","link":"https:\/\/vimaterial.de\/it\/product\/niobio-metallico-6\/","title":{"rendered":"Niobio metallico"},"content":{"rendered":"<p>I bersagli del tubo di <span style=\"color: #0000ff;\"><a style=\"color: #0000ff;\" href=\"https:\/\/vimaterial.de\/it\/product\/niobio-metallico-5\/\">niobio<\/a> <\/span>sono bersagli tubolari sputtering con niobio (Nb) come componente principale. Grazie alle sue eccellenti propriet\u00e0 fisiche e chimiche, il niobio svolge un ruolo chiave nell&#8217;elettronica, nella superconduttivit\u00e0, nell&#8217;aerospaziale e in altri campi.<\/p>\n<p>Offriamo una gamma completa di servizi di personalizzazione e supportiamo anche i servizi di rilegatura degli obiettivi. I prodotti VIMATERIAL sono confezionati in piccole confezioni personalizzate, con MOQ ridotti, prezzi bassi e scorte sufficienti per soddisfare le tue esigenze in qualsiasi momento. Siamo inoltre dotati di un perfetto servizio post-vendita e di un team tecnico professionale, se necessario, vi preghiamo di <span style=\"color: #0000ff;\"><a style=\"color: #0000ff;\" href=\"https:\/\/vimaterial.de\/it\/contatto\/\">contattarci<\/a><\/span>.<\/p>\n<h2><span style=\"font-size: 14pt;\">Caratteristiche<\/span><\/h2>\n<p>Formula molecolare: Nb<\/p>\n<p>Peso molecolare: 92,90638<\/p>\n<p>Aspetto: Lucentezza metallizzata grigio argento<\/p>\n<p>Densit\u00e0: 8,57 g\/cm3<\/p>\n<p>Punto di fusione: 2468\u00b0C<\/p>\n<p>Punto di ebollizione: 4742\u00b0C<\/p>\n<p>Struttura cristallina: Struttura cristallina cubica centrata sul corpo (BCC).<\/p>\n<h2><span style=\"font-size: 14pt;\">Applicazioni<\/span><\/h2>\n<p>Preparazione di materiali superconduttori: nella produzione di materiali superconduttori come cavi superconduttori e magneti superconduttori, i film sottili di niobio formati da bersagli di tubi Nb sputtering sono la chiave per la preparazione di materiali superconduttori ad alte prestazioni. Ad esempio, nei magneti superconduttori per apparecchiature di risonanza magnetica (MRI), le leghe niobio-titanio (di cui il niobio \u00e8 un componente importante) generano forti campi magnetici che forniscono immagini chiare per la diagnosi medica.<\/p>\n<p>Produzione di componenti elettronici: nella produzione di dispositivi elettronici come chip semiconduttori e circuiti integrati, i film sottili di niobio ottenuti mediante sputtering con target di tubi in Nb possono essere utilizzati per produrre elettrodi, circuiti di interconnessione e strati barriera.<\/p>\n<p>Produzione di componenti ad alta temperatura aerospaziali: il campo aerospaziale, l&#8217;aereo nel volo ad alta quota e nello spazio dovr\u00e0 affrontare un ambiente di temperatura e pressione estremamente elevate.<\/p>\n<p>Preparazione del rivestimento resistente alla corrosione: nel campo dell&#8217;ingegneria navale, delle apparecchiature chimiche e di altre aree in cui \u00e8 richiesta resistenza ad ambienti corrosivi difficili, i rivestimenti in niobio vengono formati su superfici metalliche mediante sputtering di bersagli del tubo Nb, che migliora significativamente la resistenza alla corrosione del materiale di base.<\/p>\n<h2><span style=\"font-size: 14pt;\">Controllo qualit\u00e0<\/span><\/h2>\n<p>Sosteniamo sempre un sistema di garanzia <span style=\"color: #0000ff;\"><a style=\"color: #0000ff;\" href=\"https:\/\/vimaterial.de\/it\/controllo-qualita\/\">della qualit\u00e0 rigoroso e completo<\/a><\/span> , dall&#8217;approvvigionamento delle materie prime, alla produzione e alla lavorazione fino all&#8217;ispezione del prodotto finito, ogni fase \u00e8 rigorosamente controllata. Gli indicatori chiave dei materiali target, come la purezza della composizione, l&#8217;uniformit\u00e0 della densit\u00e0, la consistenza della durezza, la planarit\u00e0 della superficie e la rugosit\u00e0, sono monitorati in tempo reale. Una volta rilevata una deviazione o una non conformit\u00e0, 8D Il processo di risoluzione dei problemi viene avviato immediatamente. Un team di professionisti \u00e8 organizzato per analizzare in profondit\u00e0 la causa principale del problema e sviluppare e implementare misure correttive e preventive efficaci.<\/p>\n<p>Allo stesso tempo, l&#8217;intero processo di produzione viene registrato e archiviato in dettaglio per ottenere la piena tracciabilit\u00e0 di ogni lotto di prodotti, in modo che tu non possa preoccuparti della qualit\u00e0 del prodotto.<\/p>\n<h2><span style=\"font-size: 14pt;\">Imballaggio e stoccaggio<\/span><\/h2>\n<p>I bersagli in tubo di niobio vengono confezionati sottovuoto professionalmente e quindi collocati in casse di legno ad alta resistenza personalizzate riempite con schiuma ad alta densit\u00e0 e altri materiali di imbottitura di alta qualit\u00e0 per garantire che non vengano danneggiati da collisioni ed estrusione durante il trasporto.<\/p>\n<p>I bersagli in provetta di niobio devono essere conservati in un ambiente asciutto e ben ventilato, dove la temperatura e l&#8217;umidit\u00e0 devono essere mantenute entro l&#8217;intervallo appropriato. Tenere lontano da acidi, alcali e altre sostanze corrosive, nonch\u00e9 da forti ossidanti, evitare il contatto con umidit\u00e0 e gas nocivi per prevenire reazioni chimiche e influire sulle prestazioni del bersaglio.<\/p>\n","protected":false},"excerpt":{"rendered":"<p>I bersagli del tubo di <span style=\"color: #0000ff;\"><a style=\"color: #0000ff;\" href=\"https:\/\/vimaterial.de\/it\/product\/niobio-metallico-5\/\">niobio<\/a> <\/span>sono bersagli tubolari sputtering con niobio (Nb) come componente principale. Grazie alle sue eccellenti propriet\u00e0 fisiche e chimiche, il niobio svolge un ruolo chiave nell&#8217;elettronica, nella superconduttivit\u00e0, nell&#8217;aerospaziale e in altri campi.<\/p>\n","protected":false},"featured_media":1034862,"comment_status":"open","ping_status":"closed","template":"","meta":{"_acf_changed":false},"product_brand":[],"product_cat":[209],"product_tag":[],"class_list":{"0":"post-1030936","1":"product","2":"type-product","3":"status-publish","4":"has-post-thumbnail","6":"product_cat-obiettivi-di-sputtering-rotanti","8":"first","9":"instock","10":"shipping-taxable","11":"product-type-variable"},"acf":[],"_links":{"self":[{"href":"https:\/\/vimaterial.de\/it\/wp-json\/wp\/v2\/product\/1030936","targetHints":{"allow":["GET"]}}],"collection":[{"href":"https:\/\/vimaterial.de\/it\/wp-json\/wp\/v2\/product"}],"about":[{"href":"https:\/\/vimaterial.de\/it\/wp-json\/wp\/v2\/types\/product"}],"replies":[{"embeddable":true,"href":"https:\/\/vimaterial.de\/it\/wp-json\/wp\/v2\/comments?post=1030936"}],"wp:featuredmedia":[{"embeddable":true,"href":"https:\/\/vimaterial.de\/it\/wp-json\/wp\/v2\/media\/1034862"}],"wp:attachment":[{"href":"https:\/\/vimaterial.de\/it\/wp-json\/wp\/v2\/media?parent=1030936"}],"wp:term":[{"taxonomy":"product_brand","embeddable":true,"href":"https:\/\/vimaterial.de\/it\/wp-json\/wp\/v2\/product_brand?post=1030936"},{"taxonomy":"product_cat","embeddable":true,"href":"https:\/\/vimaterial.de\/it\/wp-json\/wp\/v2\/product_cat?post=1030936"},{"taxonomy":"product_tag","embeddable":true,"href":"https:\/\/vimaterial.de\/it\/wp-json\/wp\/v2\/product_tag?post=1030936"}],"curies":[{"name":"wp","href":"https:\/\/api.w.org\/{rel}","templated":true}]}}