{"id":1030911,"date":"2024-06-27T19:47:51","date_gmt":"2024-06-27T11:47:51","guid":{"rendered":"https:\/\/vimaterial.de\/product\/lega-di-zinco-e-stagno-3\/"},"modified":"2025-02-17T15:51:22","modified_gmt":"2025-02-17T07:51:22","slug":"lega-di-zinco-stagno","status":"publish","type":"product","link":"https:\/\/vimaterial.de\/it\/product\/lega-di-zinco-stagno\/","title":{"rendered":"Lega di zinco-stagno"},"content":{"rendered":"<p>I bersagli del tubo di <span style=\"color: #0000ff;\"><a style=\"color: #0000ff;\" href=\"https:\/\/vimaterial.de\/it\/product\/lega-di-zinco-e-stagno\/\">stagno di zinco<\/a> <\/span> sono bersagli tubolari sputtering con zinco (Zn) e stagno (Sn) come componenti principali. La combinazione delle propriet\u00e0 fisico-chimiche uniche dello zinco e dello stagno rende i bersagli dei tubi ZnSn importanti in molti campi come l&#8217;elettronica, l&#8217;ottica e l&#8217;energia.<\/p>\n<p>Forniamo un servizio personalizzato e supportiamo il servizio di rilegatura degli obiettivi. I prodotti VIMATERIAL sono confezionati in piccole confezioni, con un piccolo MOQ e scorte sufficienti, prezzo basso e buona qualit\u00e0. Abbiamo anche un perfetto servizio post-vendita e un team tecnico professionale, <span style=\"color: #0000ff;\"><a style=\"color: #0000ff;\" href=\"https:\/\/vimaterial.de\/it\/contatto\/\">vi preghiamo di contattarci<\/a><\/span> se necessario.<\/p>\n<h2><span style=\"font-size: 14pt;\">Caratteristiche<\/span><\/h2>\n<p>Formula molecolare: ZnSn<\/p>\n<p>Peso molecolare: circa 192,21<\/p>\n<p>Aspetto: lucentezza metallica grigio argento, consistenza uniforme, superficie metallica.<\/p>\n<p>Struttura cristallina: struttura cristallina in lega<\/p>\n<h2><span style=\"font-size: 14pt;\">Applicazioni<\/span><\/h2>\n<p>Preparazione di pellicole conduttive trasparenti: nei display a schermo piatto, nei pannelli tattili e in altri prodotti, le pellicole conduttive trasparenti ottenute mediante sputtering di bersagli di tubi ZnSn hanno sia una buona conduttivit\u00e0 che una trasparenza ottica.<\/p>\n<p>Produzione di celle solari: nel processo di produzione di celle solari, i film sottili formati dallo sputtering con bersagli di tubi di stagno di zinco possono essere utilizzati come materiali per strati tampone o assorbenti.<\/p>\n<p>Produzione di sensori: nel campo dei sensori di gas e dei sensori di pressione, i film sottili formati dallo sputtering di bersagli di tubi di zinco-stagno hanno speciali propriet\u00e0 di adsorbimento e risposta elettrica per determinati gas.<\/p>\n<h2><span style=\"font-size: 14pt;\">Controllo qualit\u00e0<\/span><\/h2>\n<p><span style=\"color: #0000ff;\"><a style=\"color: #0000ff;\" href=\"https:\/\/vimaterial.de\/it\/controllo-qualita\/\">I nostri prodotti<\/a> <\/span>seguono un sistema di garanzia della qualit\u00e0 rigoroso e completo. I rapporti di composizione, l&#8217;uniformit\u00e0 della densit\u00e0, la consistenza della durezza, la planarit\u00e0 della superficie e la rugosit\u00e0 sono rigorosamente monitorati. Le registrazioni dettagliate dell&#8217;intero processo di produzione vengono archiviate per ottenere la completa tracciabilit\u00e0 del processo per ogni lotto di prodotto.<\/p>\n<h2><span style=\"font-size: 14pt;\">Imballaggio e stoccaggio<\/span><\/h2>\n<p>I bersagli in tubo di stagno di zinco sono imballati in un imballaggio protettivo sottovuoto professionale e quindi inseriti in casse di legno personalizzate ad alta resistenza riempite con schiuma ad alta densit\u00e0 e altri materiali di imbottitura per garantire che non vengano danneggiati da collisioni ed estrusione durante il trasporto.<\/p>\n<p>I bersagli in tubo di stagno di zinco devono essere conservati in un ambiente asciutto e ben ventilato dove la temperatura e l&#8217;umidit\u00e0 devono essere mantenute entro l&#8217;intervallo appropriato. Tenere lontano da sostanze acide, alcaline e agenti fortemente ossidanti ed evitare il contatto con umidit\u00e0 e gas nocivi per prevenire reazioni chimiche e influire sulle prestazioni del bersaglio.<\/p>\n","protected":false},"excerpt":{"rendered":"<p>I bersagli del tubo di zinco-stagno sono bersagli tubolari sputtering con zinco (Zn) e stagno (Sn) come componenti principali. La combinazione delle propriet\u00e0 fisico-chimiche uniche dello zinco e dello stagno rende i bersagli dei tubi ZnSn importanti in molti campi come l&#8217;elettronica, l&#8217;ottica e l&#8217;energia.<\/p>\n","protected":false},"featured_media":1034857,"comment_status":"open","ping_status":"closed","template":"","meta":{"_acf_changed":false},"product_brand":[],"product_cat":[209],"product_tag":[],"class_list":{"0":"post-1030911","1":"product","2":"type-product","3":"status-publish","4":"has-post-thumbnail","6":"product_cat-obiettivi-di-sputtering-rotanti","8":"first","9":"instock","10":"shipping-taxable","11":"product-type-variable"},"acf":[],"_links":{"self":[{"href":"https:\/\/vimaterial.de\/it\/wp-json\/wp\/v2\/product\/1030911","targetHints":{"allow":["GET"]}}],"collection":[{"href":"https:\/\/vimaterial.de\/it\/wp-json\/wp\/v2\/product"}],"about":[{"href":"https:\/\/vimaterial.de\/it\/wp-json\/wp\/v2\/types\/product"}],"replies":[{"embeddable":true,"href":"https:\/\/vimaterial.de\/it\/wp-json\/wp\/v2\/comments?post=1030911"}],"wp:featuredmedia":[{"embeddable":true,"href":"https:\/\/vimaterial.de\/it\/wp-json\/wp\/v2\/media\/1034857"}],"wp:attachment":[{"href":"https:\/\/vimaterial.de\/it\/wp-json\/wp\/v2\/media?parent=1030911"}],"wp:term":[{"taxonomy":"product_brand","embeddable":true,"href":"https:\/\/vimaterial.de\/it\/wp-json\/wp\/v2\/product_brand?post=1030911"},{"taxonomy":"product_cat","embeddable":true,"href":"https:\/\/vimaterial.de\/it\/wp-json\/wp\/v2\/product_cat?post=1030911"},{"taxonomy":"product_tag","embeddable":true,"href":"https:\/\/vimaterial.de\/it\/wp-json\/wp\/v2\/product_tag?post=1030911"}],"curies":[{"name":"wp","href":"https:\/\/api.w.org\/{rel}","templated":true}]}}