{"id":1030896,"date":"2024-06-27T19:47:27","date_gmt":"2024-06-27T11:47:27","guid":{"rendered":"https:\/\/vimaterial.de\/product\/ossido-di-zinco-e-stagno-zto-2\/"},"modified":"2025-02-17T16:21:22","modified_gmt":"2025-02-17T08:21:22","slug":"ossido-di-zinco-e-stagno-zto-2","status":"publish","type":"product","link":"https:\/\/vimaterial.de\/it\/product\/ossido-di-zinco-e-stagno-zto-2\/","title":{"rendered":"Ossido di zinco-stagno"},"content":{"rendered":"<p>Le polveri di <span style=\"color: #0000ff;\"><a style=\"color: #0000ff;\" href=\"https:\/\/vimaterial.de\/it\/product\/ossido-di-zinco-e-stagno-zto\/\">ossido di zinco-stagno<\/a><\/span> (ZTO) sono materiali in polvere ibridi con ossido di zinco (ZnO) e biossido di stagno (SnO\u2082) come componenti principali. A causa delle propriet\u00e0 fisiche e chimiche uniche di ZnO e SnO\u2082 e del loro effetto sinergico, sono utilizzati principalmente nei sensori di gas, nella fotocatalisi, nelle celle solari, ecc. Offriamo servizi personalizzati.<\/p>\n<p>Offriamo servizi personalizzati e i prodotti VIMATERIAL sono caratterizzati da imballaggi flessibili, bassi quantitativi minimi d&#8217;ordine (MOQ) e un ampio inventario. Offriamo anche un servizio post-vendita completo e un team tecnico professionale, non esitate <span style=\"color: #0000ff;\"><a style=\"color: #0000ff;\" href=\"https:\/\/vimaterial.de\/it\/contatto\/\">a contattarci<\/a><\/span>.<\/p>\n<h2><span style=\"font-size: 14pt;\">Caratteristiche<\/span><\/h2>\n<p>Formula molecolare: ZnO &#8211; SnO\u2082<\/p>\n<p>Aspetto: Di solito appare come una polvere bianca o leggermente giallastra.<\/p>\n<h2><span style=\"font-size: 14pt;\">Applicazioni<\/span><\/h2>\n<p>Produzione di sensori di gas: la polvere di ossido di zinco-stagno ha un&#8217;elevata sensibilit\u00e0 e selettivit\u00e0 a molti tipi di gas, che possono essere utilizzati per produrre sensori di gas per il rilevamento di gas nocivi e gas combustibili nell&#8217;ambiente.<\/p>\n<p>Applicazioni dei dispositivi optoelettronici: nel campo dei dispositivi optoelettronici, come celle solari, diodi emettitori di luce, ecc., La polvere di ZnO &#8211; SnO\u2082 pu\u00f2 essere utilizzata come materiale funzionale per migliorare l&#8217;efficienza di conversione fotoelettrica del dispositivo, il trasporto del vettore e altre propriet\u00e0, che aiutano a migliorare le prestazioni complessive e la stabilit\u00e0 dei dispositivi optoelettronici.<\/p>\n<p>Campo del catalizzatore: la polvere di ossido di zinco-stagno ha una buona attivit\u00e0 catalitica e stabilit\u00e0, pu\u00f2 essere utilizzata in una variet\u00e0 di reazioni catalitiche.<\/p>\n<p>Preparazione di film conduttivi trasparenti: viene utilizzato per la preparazione di film conduttivi trasparenti, ampiamente utilizzati in display a schermo piatto, touch screen, elettrodi trasparenti per celle solari, ecc. La sua buona conduttivit\u00e0 e trasparenza ottica contribuiscono a migliorare le prestazioni e la visualizzazione di questi dispositivi.<\/p>\n<h2><span style=\"font-size: 14pt;\">Controllo qualit\u00e0<\/span><\/h2>\n<p><span style=\"color: #0000ff;\"><a style=\"color: #0000ff;\" href=\"https:\/\/vimaterial.de\/it\/controllo-qualita\/\">I nostri prodotti<\/a><\/span> seguono un sistema di garanzia della qualit\u00e0 rigoroso e completo. I rapporti di composizione, l&#8217;uniformit\u00e0 della densit\u00e0, la consistenza della durezza, la planarit\u00e0 della superficie e la rugosit\u00e0 sono rigorosamente monitorati. Le registrazioni dettagliate dell&#8217;intero processo di produzione vengono archiviate per ottenere la completa tracciabilit\u00e0 del processo per ogni lotto di prodotto.<\/p>\n<h2><span style=\"font-size: 14pt;\">Imballaggio e stoccaggio<\/span><\/h2>\n<p>Le polveri di Ossido di Zinco-Stagno (ZTO) sono confezionate in flaconi sigillati professionalmente, quindi inserite in cartoni personalizzati riempiti con materiale di imbottitura per garantire la protezione dagli urti e dall&#8217;umidit\u00e0 durante il trasporto.<\/p>\n<p>La polvere di ossido di zinco-stagno (ZTO) deve essere conservata in un ambiente asciutto, fresco e ventilato, lontano da umidit\u00e0, acidi e alcali e agenti ossidanti forti per prevenire reazioni chimiche, agglomerazione o degradazione delle sue propriet\u00e0.<\/p>\n","protected":false},"excerpt":{"rendered":"<p>Le polveri di <span style=\"color: #0000ff;\"><a style=\"color: #0000ff;\" href=\"https:\/\/vimaterial.de\/it\/product\/ossido-di-zinco-e-stagno-zto\/\">ossido di zinco-stagno<\/a><\/span> (ZTO) sono materiali in polvere ibridi con ossido di zinco (ZnO) e biossido di stagno (SnO\u2082) come componenti principali. A causa delle propriet\u00e0 fisiche e chimiche uniche di ZnO e SnO\u2082 e del loro effetto sinergico, sono utilizzati principalmente nei sensori di gas, nella fotocatalisi, nelle celle solari, ecc. Offriamo servizi personalizzati.<\/p>\n","protected":false},"featured_media":1034852,"comment_status":"open","ping_status":"closed","template":"","meta":{"_acf_changed":false},"product_brand":[],"product_cat":[205],"product_tag":[],"class_list":{"0":"post-1030896","1":"product","2":"type-product","3":"status-publish","4":"has-post-thumbnail","6":"product_cat-materiali-ossidi-idrossidi","8":"first","9":"instock","10":"shipping-taxable","11":"product-type-variable"},"acf":[],"_links":{"self":[{"href":"https:\/\/vimaterial.de\/it\/wp-json\/wp\/v2\/product\/1030896","targetHints":{"allow":["GET"]}}],"collection":[{"href":"https:\/\/vimaterial.de\/it\/wp-json\/wp\/v2\/product"}],"about":[{"href":"https:\/\/vimaterial.de\/it\/wp-json\/wp\/v2\/types\/product"}],"replies":[{"embeddable":true,"href":"https:\/\/vimaterial.de\/it\/wp-json\/wp\/v2\/comments?post=1030896"}],"wp:featuredmedia":[{"embeddable":true,"href":"https:\/\/vimaterial.de\/it\/wp-json\/wp\/v2\/media\/1034852"}],"wp:attachment":[{"href":"https:\/\/vimaterial.de\/it\/wp-json\/wp\/v2\/media?parent=1030896"}],"wp:term":[{"taxonomy":"product_brand","embeddable":true,"href":"https:\/\/vimaterial.de\/it\/wp-json\/wp\/v2\/product_brand?post=1030896"},{"taxonomy":"product_cat","embeddable":true,"href":"https:\/\/vimaterial.de\/it\/wp-json\/wp\/v2\/product_cat?post=1030896"},{"taxonomy":"product_tag","embeddable":true,"href":"https:\/\/vimaterial.de\/it\/wp-json\/wp\/v2\/product_tag?post=1030896"}],"curies":[{"name":"wp","href":"https:\/\/api.w.org\/{rel}","templated":true}]}}