{"id":1030883,"date":"2024-06-27T19:47:26","date_gmt":"2024-06-27T11:47:26","guid":{"rendered":"https:\/\/vimaterial.de\/product\/ossido-di-zinco-drogato-con-allumina-3\/"},"modified":"2025-04-09T17:53:35","modified_gmt":"2025-04-09T09:53:35","slug":"ossido-di-zinco-drogato-con-allumina-3","status":"publish","type":"product","link":"https:\/\/vimaterial.de\/it\/product\/ossido-di-zinco-drogato-con-allumina-3\/","title":{"rendered":"Ossido di zinco drogato con allumina (AZO)"},"content":{"rendered":"<p>I bersagli per tubi <span style=\"color: #0000ff;\"><a style=\"color: #0000ff;\" href=\"https:\/\/vimaterial.de\/en\/product\/alumina-doped-zinc-oxide\/\">di ossido di zinco drogato con allumina<\/a> <\/span>(AZO) sono bersagli per sputtering tubolari con ossido di zinco drogato con alluminio come componente principale. Grazie alle propriet\u00e0 fisiche e chimiche uniche di AZO, le principali applicazioni sono nei settori dell&#8217;optoelettronica e dell&#8217;energia. <\/p>\n<p>Offriamo prodotti personalizzati e servizi di rilegatura mirata, mentre i prodotti VIMATERIAL sono caratterizzati da imballaggi flessibili, quantit\u00e0 minime d&#8217;ordine (MOQ) ridotte e scorte sufficienti. Offriamo anche un servizio post-vendita completo e un team tecnico professionale, non esitate <span style=\"color: #0000ff;\"><a style=\"color: #0000ff;\" href=\"https:\/\/vimaterial.de\/en\/contact-us\/\">a contattarci<\/a><\/span>. <\/p>\n<h2><span style=\"font-size: 14pt;\">Caratteristiche<\/span><\/h2>\n<p>Formula molecolare: ZnO-Al2O3<\/p>\n<p>Aspetto: Solitamente grigio argento lucido metallizzato<\/p>\n<p>Densit\u00e0: circa 5,606 g\/cm3 <\/p>\n<p>Punto di fusione: circa 1975\u00b0C, il drogaggio ha scarso effetto sul punto di fusione <\/p>\n<p>Punto di ebollizione: circa 2360\u00b0C<\/p>\n<p>Struttura cristallina: Struttura esagonale in zincite.<\/p>\n<h2><span style=\"font-size: 14pt;\">Applicazioni<\/span><\/h2>\n<p>Preparazione di film conduttivi trasparenti: i film conduttivi trasparenti ottenuti mediante sputtering di bersagli di tubi di ossido di zinco drogati con allumina sono ampiamente utilizzati in dispositivi optoelettronici come display a schermo piatto, pannelli touch e diodi organici a emissione di luce (OLED). La sua eccellente conduttivit\u00e0 e trasparenza ottica non solo possono ridurre efficacemente la resistenza del dispositivo e migliorare la mobilit\u00e0 degli elettroni, ma anche migliorare significativamente la nitidezza dell&#8217;immagine e la saturazione del colore del pannello del display, che \u00e8 un&#8217;alternativa al tradizionale materiale in ossido di indio e stagno (ITO). <\/p>\n<p>Produzione di celle solari: nel campo delle celle solari, il film AZO pu\u00f2 essere utilizzato come elettrodo conduttivo trasparente o materiale per lo strato di finestra. Da un lato, pu\u00f2 raccogliere in modo efficiente i portatori fotogenerati e migliorare l&#8217;efficienza di conversione fotoelettrica della batteria; D&#8217;altra parte, la sua buona stabilit\u00e0 chimica aiuta a prolungare la durata della batteria, ridurre i costi di produzione e promuovere lo sviluppo dell&#8217;industria solare fotovoltaica. <\/p>\n<p>Vetro a risparmio energetico per l&#8217;edilizia: nel campo delle costruzioni, la pellicola AZO pu\u00f2 essere applicata alla preparazione di vetri a risparmio energetico. Sputtering pellicola AZO sulla superficie del vetro, pu\u00f2 ottenere un controllo efficace della radiazione solare, che non solo garantisce l&#8217;illuminazione interna, ma blocca anche l&#8217;ingresso di calore eccessivo nella stanza, riduce il consumo energetico dell&#8217;edificio e raggiunge lo scopo del risparmio energetico e della protezione ambientale. <\/p>\n<h2><span style=\"font-size: 14pt;\">Controllo qualit\u00e0<\/span><\/h2>\n<p><a href=\"https:\/\/vimaterial.de\/en\/quality-control\/\"><span style=\"color: #0000ff;\">I nostri prodotti <\/span>sono dotati<\/a>di un sistema di garanzia della qualit\u00e0 rigoroso e completo. I rapporti di composizione, l&#8217;uniformit\u00e0 della densit\u00e0, la consistenza della durezza, la planarit\u00e0 della superficie e la rugosit\u00e0 sono rigorosamente monitorati. Le registrazioni dettagliate dell&#8217;intero processo di produzione vengono archiviate per ottenere la completa tracciabilit\u00e0 del processo per ogni lotto di prodotto.  <\/p>\n<h2><span style=\"font-size: 14pt;\">Imballaggio e stoccaggio<\/span><\/h2>\n<p>I bersagli in tubo di ossido di zinco drogati con allumina sono protetti professionalmente dal vuoto, confezionati in casse di legno personalizzate e riempiti con materiale di imbottitura per garantire che siano protetti dagli urti e dall&#8217;umidit\u00e0 durante il trasporto.<\/p>\n<p>I bersagli in tubo di ossido di zinco drogati con allumina devono essere conservati in un ambiente asciutto e ben ventilato, dove la temperatura e l&#8217;umidit\u00e0 devono essere mantenute entro un intervallo adeguato. Tenere lontano da acidi, alcali e altre sostanze corrosive, nonch\u00e9 da forti ossidanti, evitare il contatto con umidit\u00e0 e gas nocivi per prevenire reazioni chimiche e influire sulle prestazioni del materiale target. <\/p>\n","protected":false},"excerpt":{"rendered":"<p>I bersagli per tubi <span style=\"color: #0000ff;\"><a style=\"color: #0000ff;\" href=\"https:\/\/vimaterial.de\/en\/product\/alumina-doped-zinc-oxide\/\">di ossido di zinco drogato con allumina<\/a> <\/span>(AZO) sono bersagli per sputtering tubolari con ossido di zinco drogato con alluminio come componente principale. Grazie alle propriet\u00e0 fisiche e chimiche uniche di AZO, le principali applicazioni sono nei settori dell&#8217;optoelettronica e dell&#8217;energia. <\/p>\n","protected":false},"featured_media":1034847,"comment_status":"open","ping_status":"closed","template":"","meta":{"_acf_changed":false},"product_brand":[],"product_cat":[209],"product_tag":[],"class_list":{"0":"post-1030883","1":"product","2":"type-product","3":"status-publish","4":"has-post-thumbnail","6":"product_cat-obiettivi-di-sputtering-rotanti","8":"first","9":"instock","10":"shipping-taxable","11":"product-type-variable"},"acf":[],"_links":{"self":[{"href":"https:\/\/vimaterial.de\/it\/wp-json\/wp\/v2\/product\/1030883","targetHints":{"allow":["GET"]}}],"collection":[{"href":"https:\/\/vimaterial.de\/it\/wp-json\/wp\/v2\/product"}],"about":[{"href":"https:\/\/vimaterial.de\/it\/wp-json\/wp\/v2\/types\/product"}],"replies":[{"embeddable":true,"href":"https:\/\/vimaterial.de\/it\/wp-json\/wp\/v2\/comments?post=1030883"}],"wp:featuredmedia":[{"embeddable":true,"href":"https:\/\/vimaterial.de\/it\/wp-json\/wp\/v2\/media\/1034847"}],"wp:attachment":[{"href":"https:\/\/vimaterial.de\/it\/wp-json\/wp\/v2\/media?parent=1030883"}],"wp:term":[{"taxonomy":"product_brand","embeddable":true,"href":"https:\/\/vimaterial.de\/it\/wp-json\/wp\/v2\/product_brand?post=1030883"},{"taxonomy":"product_cat","embeddable":true,"href":"https:\/\/vimaterial.de\/it\/wp-json\/wp\/v2\/product_cat?post=1030883"},{"taxonomy":"product_tag","embeddable":true,"href":"https:\/\/vimaterial.de\/it\/wp-json\/wp\/v2\/product_tag?post=1030883"}],"curies":[{"name":"wp","href":"https:\/\/api.w.org\/{rel}","templated":true}]}}