{"id":1030869,"date":"2024-06-27T19:47:20","date_gmt":"2024-06-27T11:47:20","guid":{"rendered":"https:\/\/vimaterial.de\/product\/lega-di-zinco-e-alluminio-4\/"},"modified":"2025-02-17T18:03:18","modified_gmt":"2025-02-17T10:03:18","slug":"lega-di-zinco-e-alluminio-4","status":"publish","type":"product","link":"https:\/\/vimaterial.de\/it\/product\/lega-di-zinco-e-alluminio-4\/","title":{"rendered":"Lega di zinco e alluminio"},"content":{"rendered":"<p><span style=\"color: #0000ff;\"><a style=\"color: #0000ff;\" href=\"https:\/\/vimaterial.de\/it\/product\/lega-di-zinco-e-alluminio-3\/\">Zinco Alluminio<\/a><\/span> I Tube Target sono bersagli tubolari sputtering con zinco e alluminio come componenti principali, che possono essere utilizzati per la preparazione di materiali funzionali come film sottili con propriet\u00e0 specifiche. A causa delle caratteristiche dello zinco e dell&#8217;alluminio, sono utilizzati principalmente nei settori del rivestimento ottico, della produzione di semiconduttori, dei display a schermo piatto, delle celle solari e dei rivestimenti protettivi per parti automobilistiche.<\/p>\n<p>Offriamo prodotti personalizzati e servizi di rilegatura mirata, mentre i prodotti VIMATERIAL sono caratterizzati da imballaggi flessibili, quantit\u00e0 minime d&#8217;ordine (MOQ) ridotte e scorte sufficienti. Offriamo anche un servizio post-vendita completo e un team tecnico professionale, non esitate <span style=\"color: #0000ff;\"><a style=\"color: #0000ff;\" href=\"https:\/\/vimaterial.de\/it\/contatto\/\">a contattarci<\/a><\/span>.<\/p>\n<h2><span style=\"font-size: 14pt;\">Caratteristiche<\/span><\/h2>\n<p>Formula molecolare: ZnAl<\/p>\n<p>Peso molecolare: circa 107,37<\/p>\n<p>Aspetto: bersaglio del tubo lucido metallizzato grigio argento<\/p>\n<p>Struttura cristallina: la struttura cristallina della lega risultante combina alcune delle propriet\u00e0 dello zinco e dell&#8217;alluminio, ha una buona duttilit\u00e0 e una certa resistenza alla corrosione e, in determinate condizioni, pu\u00f2 esibire propriet\u00e0 elettriche e ottiche uniche.<\/p>\n<h2><span style=\"font-size: 14pt;\">Applicazioni<\/span><\/h2>\n<p>Trattamento superficiale di parti automobilistiche: nella produzione di parti automobilistiche, il rivestimento in lega di zinco-alluminio formato da bersagli di tubi in zinco-alluminio sputtering pu\u00f2 migliorare significativamente la resistenza alla corrosione e all&#8217;usura delle parti. Ad esempio, il blocco motore dell&#8217;automobile, il mozzo della ruota e altre parti, dopo il trattamento di rivestimento, possono resistere efficacemente all&#8217;umidit\u00e0, agli acidi e agli alcali e ad altri ambienti difficili, prolungare la durata delle parti, migliorare le prestazioni complessive e l&#8217;affidabilit\u00e0 dell&#8217;auto.<\/p>\n<p>Materiali per la decorazione dell&#8217;edificio: nel campo della decorazione dell&#8217;edificio, il rivestimento sputtering per tubi in zinco alluminio pu\u00f2 essere applicato alla superficie di porte, finestre, facciate continue e altri materiali in lega di alluminio. Non solo pu\u00f2 migliorare la resistenza agli agenti atmosferici del materiale, rendere non facile lo sbiadimento e la deformazione sotto il sole e la pioggia a lungo termine, ma anche conferire al materiale una lucentezza e una consistenza metalliche uniche e migliorare l&#8217;estetica e il grado dell&#8217;aspetto dell&#8217;edificio.<\/p>\n<p>Protezione dei dispositivi elettronici: nella produzione di dispositivi elettronici, l&#8217;uso di un film di sputtering target in tubo di zinco alluminio pu\u00f2 essere utilizzato come strato protettivo per proteggere i componenti elettronici dall&#8217;impatto ambientale esterno. Ad esempio, sui circuiti stampati di telefoni cellulari, computer e altri prodotti elettronici, il rivestimento ZnAl pu\u00f2 prevenire l&#8217;ossidazione della linea e il cortocircuito, migliorare la stabilit\u00e0 e la durata dei dispositivi elettronici e allo stesso tempo avere un certo effetto schermante sulle interferenze elettromagnetiche.<\/p>\n<h2><span style=\"font-size: 14pt;\">Controllo qualit\u00e0<\/span><\/h2>\n<p><span style=\"color: #0000ff;\"><a style=\"color: #0000ff;\" href=\"https:\/\/vimaterial.de\/it\/controllo-qualita\/\">I nostri prodotti<\/a><\/span> seguono un sistema di garanzia della qualit\u00e0 rigoroso e completo. I rapporti di composizione, l&#8217;uniformit\u00e0 della densit\u00e0, la consistenza della durezza, la planarit\u00e0 della superficie e la rugosit\u00e0 sono rigorosamente monitorati. Le registrazioni dettagliate dell&#8217;intero processo di produzione vengono archiviate per ottenere la completa tracciabilit\u00e0 del processo per ogni lotto di prodotto.<\/p>\n<h2><span style=\"font-size: 14pt;\">Imballaggio e stoccaggio<\/span><\/h2>\n<p>I bersagli in tubo di zinco-alluminio sono protetti professionalmente dal vuoto, confezionati in casse di legno personalizzate riempite con materiale ammortizzante per garantire la protezione dagli urti e dall&#8217;umidit\u00e0 durante il trasporto.<\/p>\n<p>I bersagli in tubo di zinco e alluminio devono essere conservati in un ambiente asciutto e ben ventilato dove la temperatura e l&#8217;umidit\u00e0 siano mantenute entro limiti adeguati. Tenere lontano da acidi, alcali e altre sostanze corrosive, nonch\u00e9 da forti ossidanti, evitare il contatto con umidit\u00e0 e gas nocivi per prevenire reazioni chimiche e influire sulle prestazioni del materiale target.<\/p>\n","protected":false},"excerpt":{"rendered":"<p><span style=\"color: #0000ff;\"><a style=\"color: #0000ff;\" href=\"https:\/\/vimaterial.de\/it\/product\/lega-di-zinco-e-alluminio-3\/\">Zinco Alluminio<\/a><\/span> I Tube Target sono bersagli tubolari sputtering con zinco e alluminio come componenti principali, che possono essere utilizzati per la preparazione di materiali funzionali come film sottili con propriet\u00e0 specifiche. A causa delle caratteristiche dello zinco e dell&#8217;alluminio, sono utilizzati principalmente nei settori del rivestimento ottico, della produzione di semiconduttori, dei display a schermo piatto, delle celle solari e dei rivestimenti protettivi per parti automobilistiche.<\/p>\n","protected":false},"featured_media":1034842,"comment_status":"open","ping_status":"closed","template":"","meta":{"_acf_changed":false},"product_brand":[],"product_cat":[209],"product_tag":[],"class_list":{"0":"post-1030869","1":"product","2":"type-product","3":"status-publish","4":"has-post-thumbnail","6":"product_cat-obiettivi-di-sputtering-rotanti","8":"first","9":"instock","10":"shipping-taxable","11":"product-type-variable"},"acf":[],"_links":{"self":[{"href":"https:\/\/vimaterial.de\/it\/wp-json\/wp\/v2\/product\/1030869","targetHints":{"allow":["GET"]}}],"collection":[{"href":"https:\/\/vimaterial.de\/it\/wp-json\/wp\/v2\/product"}],"about":[{"href":"https:\/\/vimaterial.de\/it\/wp-json\/wp\/v2\/types\/product"}],"replies":[{"embeddable":true,"href":"https:\/\/vimaterial.de\/it\/wp-json\/wp\/v2\/comments?post=1030869"}],"wp:featuredmedia":[{"embeddable":true,"href":"https:\/\/vimaterial.de\/it\/wp-json\/wp\/v2\/media\/1034842"}],"wp:attachment":[{"href":"https:\/\/vimaterial.de\/it\/wp-json\/wp\/v2\/media?parent=1030869"}],"wp:term":[{"taxonomy":"product_brand","embeddable":true,"href":"https:\/\/vimaterial.de\/it\/wp-json\/wp\/v2\/product_brand?post=1030869"},{"taxonomy":"product_cat","embeddable":true,"href":"https:\/\/vimaterial.de\/it\/wp-json\/wp\/v2\/product_cat?post=1030869"},{"taxonomy":"product_tag","embeddable":true,"href":"https:\/\/vimaterial.de\/it\/wp-json\/wp\/v2\/product_tag?post=1030869"}],"curies":[{"name":"wp","href":"https:\/\/api.w.org\/{rel}","templated":true}]}}