{"id":1030851,"date":"2024-06-27T19:46:54","date_gmt":"2024-06-27T11:46:54","guid":{"rendered":"https:\/\/vimaterial.de\/product\/lega-di-rame-e-stagno-2\/"},"modified":"2025-02-18T17:02:15","modified_gmt":"2025-02-18T09:02:15","slug":"lega-di-rame-e-stagno-2","status":"publish","type":"product","link":"https:\/\/vimaterial.de\/it\/product\/lega-di-rame-e-stagno-2\/","title":{"rendered":"Lega di rame e stagno"},"content":{"rendered":"<p>I bersagli dei tubi di <span style=\"color: #0000ff;\"><a style=\"color: #0000ff;\" href=\"https:\/\/vimaterial.de\/it\/product\/lega-di-rame-e-stagno\/\">rame e stagno<\/a><\/span> sono leghe di rame (Cu) e stagno (Sn) fuse in un rapporto specifico, che vengono utilizzate principalmente nei settori della deposizione di film sottili, della produzione di semiconduttori e della ricerca e sviluppo di dispositivi elettronici di fascia alta grazie alle loro propriet\u00e0 fisico-chimiche uniche.<\/p>\n<p>VIMATERIAL fornisce bersagli di rame e stagno con elevata purezza, composizione omogenea e buone densit\u00e0, ed \u00e8 in grado di fornire prodotti personalizzati e servizi di incollaggio mirato. Il nostro team tecnico \u00e8 esperto nel fornire supporto tecnico professionale, non esitate <span style=\"color: #0000ff;\"><a style=\"color: #0000ff;\" href=\"https:\/\/vimaterial.de\/it\/contatto\/\">a contattarci<\/a><\/span>.<\/p>\n<h2><span style=\"font-size: 14pt;\">Applicazioni<\/span><\/h2>\n<p>Campo dell&#8217;informazione elettronica: nella produzione di semiconduttori, viene utilizzato nel processo di deposizione fisica da vapore (PVD) per preparare film in lega di rame-stagno, che possono essere utilizzati come materiali di interconnessione nei circuiti integrati per migliorare la conduttivit\u00e0 elettrica e la stabilit\u00e0 dei componenti elettronici, ridurre la resistenza e migliorare le prestazioni del chip.<\/p>\n<p>Campo ottico: i film CuSn preparati mediante magnetron sputtering e altri metodi possono essere applicati al rivestimento delle lenti ottiche per migliorare la resistenza all&#8217;usura e alla corrosione delle lenti, migliorando anche le propriet\u00e0 ottiche, come la regolazione della riflessione e della trasmissione della luce.<\/p>\n<p>Sensori: i film in lega CuSn preparati possono essere utilizzati nella produzione di componenti sensibili per sensori, utilizzando le loro speciali propriet\u00e0 fisico-chimiche per produrre una risposta sensibile a specifici gas, temperature, pressioni e altri fattori ambientali, ottenendo cos\u00ec un rilevamento accurato dei parametri ambientali.<\/p>\n<h2><span style=\"font-size: 14pt;\">Controllo qualit\u00e0<\/span><\/h2>\n<p>Per ogni lotto di produzione viene implementato <span style=\"color: #0000ff;\"><a style=\"color: #0000ff;\" href=\"https:\/\/vimaterial.de\/it\/controllo-qualita\/\">un rigoroso<\/a><\/span> sistema di controllo della qualit\u00e0, con test dettagliati di tutti gli aspetti, dal contenuto dei componenti, alle propriet\u00e0 fisiche alla microstruttura, e vengono forniti rapporti di prova dettagliati in modo tempestivo e accurato.<\/p>\n<h2><span style=\"font-size: 14pt;\">Imballaggio e stoccaggio<\/span><\/h2>\n<p>I bersagli in tubo di stagno di rame sono confezionati sottovuoto e rinforzati con scatole di legno personalizzate per garantire la sicurezza e l&#8217;integrit\u00e0 dei prodotti durante il trasporto e lo stoccaggio.<\/p>\n<p>Il bersaglio del tubo di stagno di rame sar\u00e0 confezionato sottovuoto e conservato in uno spazio di gas asciutto e non corrosivo per evitare umidit\u00e0, ossidazione e altre condizioni.<\/p>\n","protected":false},"excerpt":{"rendered":"<p>I bersagli dei tubi di <span style=\"color: #0000ff;\"><a style=\"color: #0000ff;\" href=\"https:\/\/vimaterial.de\/it\/product\/lega-di-rame-e-stagno\/\">rame e stagno<\/a><\/span> sono leghe di rame (Cu) e stagno (Sn) fuse in un rapporto specifico, che vengono utilizzate principalmente nei settori della deposizione di film sottili, della produzione di semiconduttori e della ricerca e sviluppo di dispositivi elettronici di fascia alta grazie alle loro propriet\u00e0 fisico-chimiche uniche.<\/p>\n","protected":false},"featured_media":1034837,"comment_status":"open","ping_status":"closed","template":"","meta":{"_acf_changed":false},"product_brand":[],"product_cat":[209],"product_tag":[],"class_list":{"0":"post-1030851","1":"product","2":"type-product","3":"status-publish","4":"has-post-thumbnail","6":"product_cat-obiettivi-di-sputtering-rotanti","8":"first","9":"instock","10":"shipping-taxable","11":"product-type-variable"},"acf":[],"_links":{"self":[{"href":"https:\/\/vimaterial.de\/it\/wp-json\/wp\/v2\/product\/1030851","targetHints":{"allow":["GET"]}}],"collection":[{"href":"https:\/\/vimaterial.de\/it\/wp-json\/wp\/v2\/product"}],"about":[{"href":"https:\/\/vimaterial.de\/it\/wp-json\/wp\/v2\/types\/product"}],"replies":[{"embeddable":true,"href":"https:\/\/vimaterial.de\/it\/wp-json\/wp\/v2\/comments?post=1030851"}],"wp:featuredmedia":[{"embeddable":true,"href":"https:\/\/vimaterial.de\/it\/wp-json\/wp\/v2\/media\/1034837"}],"wp:attachment":[{"href":"https:\/\/vimaterial.de\/it\/wp-json\/wp\/v2\/media?parent=1030851"}],"wp:term":[{"taxonomy":"product_brand","embeddable":true,"href":"https:\/\/vimaterial.de\/it\/wp-json\/wp\/v2\/product_brand?post=1030851"},{"taxonomy":"product_cat","embeddable":true,"href":"https:\/\/vimaterial.de\/it\/wp-json\/wp\/v2\/product_cat?post=1030851"},{"taxonomy":"product_tag","embeddable":true,"href":"https:\/\/vimaterial.de\/it\/wp-json\/wp\/v2\/product_tag?post=1030851"}],"curies":[{"name":"wp","href":"https:\/\/api.w.org\/{rel}","templated":true}]}}