{"id":1030803,"date":"2024-06-27T19:45:55","date_gmt":"2024-06-27T11:45:55","guid":{"rendered":"https:\/\/vimaterial.de\/product\/lega-di-nichel-e-ferro-5\/"},"modified":"2025-02-19T13:45:38","modified_gmt":"2025-02-19T05:45:38","slug":"lega-di-nichel-e-ferro-5","status":"publish","type":"product","link":"https:\/\/vimaterial.de\/it\/product\/lega-di-nichel-e-ferro-5\/","title":{"rendered":"Lega di nichel-ferro"},"content":{"rendered":"<p>I bersagli rotanti in <span style=\"color: #0000ff;\"><a style=\"color: #0000ff;\" href=\"https:\/\/vimaterial.de\/it\/product\/lega-di-nichel-e-ferro-4\/\">nichel-ferro<\/a> <\/span>sono bersagli rotanti in lega realizzati fondendo nichel (Ni) e ferro (Fe) in proporzioni specifiche. L&#8217;intelligente combinazione di atomi di nichel e ferro conferisce ai bersagli rotanti nichel-ferro eccellenti propriet\u00e0 fisiche e chimiche, utilizzate principalmente nell&#8217;informazione elettronica, nell&#8217;industria automobilistica, nell&#8217;energia e in altri campi.<\/p>\n<p>I target rotanti in nichel-ferro forniti da VIMATERIAL sono caratterizzati da elevata purezza, composizione omogenea e buona densificazione. Siamo in grado di fornire prodotti personalizzati in base alle esigenze dei clienti e al servizio vincolante target. Il nostro team tecnico ha molta esperienza e pu\u00f2 fornirti un supporto tecnico professionale, <span style=\"color: #0000ff;\"><a style=\"color: #0000ff;\" href=\"https:\/\/vimaterial.de\/it\/contatto\/\">contattaci<\/a><\/span>.<\/p>\n<h2><span style=\"font-size: 14pt;\">Caratteristiche<\/span><\/h2>\n<p>Formula molecolare: NiFe<\/p>\n<p>Aspetto: Lucentezza grigio argento con trama metallica.<\/p>\n<p>Punto di ebollizione: circa 2730\u00b0C<\/p>\n<p>Struttura cristallina: Generalmente cubica a facce centrate (FCC) o cubiche a corpo centrato (BCC).<\/p>\n<h2><span style=\"font-size: 14pt;\">Applicazione<\/span><\/h2>\n<p>Campo dell&#8217;informazione elettronica: nella produzione di semiconduttori, attraverso la tecnologia di deposizione fisica da vapore (PVD), l&#8217;uso della preparazione del bersaglio rotante nichel-ferro del film sottile in lega di nichel-ferro, utilizzata nella produzione di componenti di archiviazione magnetica, fili di interconnessione di circuiti integrati e cos\u00ec via. Le buone propriet\u00e0 magnetiche e conduttive della lega di nichel-ferro aiutano a migliorare la densit\u00e0 di stoccaggio e la velocit\u00e0 operativa dei dispositivi elettronici e garantiscono il funzionamento efficiente e stabile delle apparecchiature elettroniche.<\/p>\n<p>Industria automobilistica: viene utilizzato per la produzione di parti chiave dei motori delle automobili, come fasce elastiche, anelli di sede delle valvole e cos\u00ec via. Le propriet\u00e0 ad alta resistenza, resistenti all&#8217;usura e alle alte temperature della lega di nichel-ferro possono migliorare efficacemente la durata e le prestazioni di potenza del motore, ridurre il consumo di energia e le emissioni dell&#8217;auto e migliorare le prestazioni complessive e l&#8217;affidabilit\u00e0 dell&#8217;auto.<\/p>\n<p>Campo energetico: nel processo di produzione dei pannelli solari, il film di lega preparato dal bersaglio rotante di nichel-ferro pu\u00f2 essere utilizzato come materiale dell&#8217;elettrodo per migliorare l&#8217;efficienza di conversione fotoelettrica e la stabilit\u00e0 della batteria. Nel frattempo, in alcuni dispositivi di accumulo di energia, anche le leghe di nichel-ferro mostrano buone prospettive applicative, contribuendo a migliorare l&#8217;efficienza dell&#8217;accumulo e della conversione dell&#8217;energia.<\/p>\n<h2><span style=\"font-size: 14pt;\">Controllo qualit\u00e0<\/span><\/h2>\n<p><a href=\"https:\/\/vimaterial.de\/it\/controllo-qualita\/\"><span style=\"color: #0000ff;\">Un sistema completo<\/span> <\/a>di controllo della qualit\u00e0 viene rigorosamente implementato durante la produzione di ogni lotto di prodotti. Vengono effettuati controlli rigorosi dalle materie prime ai prodotti finiti e i test delle propriet\u00e0 fisiche e le analisi microstrutturali dei prodotti dopo che i prodotti finiti vengono meticolosamente ispezionati e registrati e forniremo ai clienti rapporti di ispezione dettagliati in modo tempestivo e accurato.<\/p>\n<h2><span style=\"font-size: 14pt;\">Imballaggio e stoccaggio<\/span><\/h2>\n<p>I bersagli rotanti in nichel-ferro sono confezionati sottovuoto e inseriti in casse di legno personalizzate ad alta resistenza per il rinforzo per garantire la sicurezza e l&#8217;integrit\u00e0 dei prodotti durante il trasporto a lunga distanza e lo stoccaggio a lungo termine.<\/p>\n<p>Dopo il confezionamento sottovuoto, il bersaglio rotante in nichel-ferro deve essere conservato in un ambiente asciutto e ventilato senza gas corrosivi per evitare umidit\u00e0 e ossidazione.<\/p>\n","protected":false},"excerpt":{"rendered":"<p>I bersagli rotanti in <span style=\"color: #0000ff;\"><a style=\"color: #0000ff;\" href=\"https:\/\/vimaterial.de\/it\/product\/lega-di-nichel-e-ferro-4\/\">nichel-ferro<\/a> <\/span>sono bersagli rotanti in lega realizzati fondendo nichel (Ni) e ferro (Fe) in proporzioni specifiche. L&#8217;intelligente combinazione di atomi di nichel e ferro conferisce ai bersagli rotanti nichel-ferro eccellenti propriet\u00e0 fisiche e chimiche, utilizzate principalmente nell&#8217;informazione elettronica, nell&#8217;industria automobilistica, nell&#8217;energia e in altri campi.<\/p>\n","protected":false},"featured_media":1034818,"comment_status":"open","ping_status":"closed","template":"","meta":{"_acf_changed":false},"product_brand":[],"product_cat":[209],"product_tag":[],"class_list":{"0":"post-1030803","1":"product","2":"type-product","3":"status-publish","4":"has-post-thumbnail","6":"product_cat-obiettivi-di-sputtering-rotanti","8":"first","9":"instock","10":"shipping-taxable","11":"purchasable","12":"product-type-variable"},"acf":[],"_links":{"self":[{"href":"https:\/\/vimaterial.de\/it\/wp-json\/wp\/v2\/product\/1030803","targetHints":{"allow":["GET"]}}],"collection":[{"href":"https:\/\/vimaterial.de\/it\/wp-json\/wp\/v2\/product"}],"about":[{"href":"https:\/\/vimaterial.de\/it\/wp-json\/wp\/v2\/types\/product"}],"replies":[{"embeddable":true,"href":"https:\/\/vimaterial.de\/it\/wp-json\/wp\/v2\/comments?post=1030803"}],"wp:featuredmedia":[{"embeddable":true,"href":"https:\/\/vimaterial.de\/it\/wp-json\/wp\/v2\/media\/1034818"}],"wp:attachment":[{"href":"https:\/\/vimaterial.de\/it\/wp-json\/wp\/v2\/media?parent=1030803"}],"wp:term":[{"taxonomy":"product_brand","embeddable":true,"href":"https:\/\/vimaterial.de\/it\/wp-json\/wp\/v2\/product_brand?post=1030803"},{"taxonomy":"product_cat","embeddable":true,"href":"https:\/\/vimaterial.de\/it\/wp-json\/wp\/v2\/product_cat?post=1030803"},{"taxonomy":"product_tag","embeddable":true,"href":"https:\/\/vimaterial.de\/it\/wp-json\/wp\/v2\/product_tag?post=1030803"}],"curies":[{"name":"wp","href":"https:\/\/api.w.org\/{rel}","templated":true}]}}