{"id":1030795,"date":"2024-06-27T19:45:52","date_gmt":"2024-06-27T11:45:52","guid":{"rendered":"https:\/\/vimaterial.de\/product\/lega-di-nichel-cromo-e-silicio\/"},"modified":"2025-02-19T15:24:39","modified_gmt":"2025-02-19T07:24:39","slug":"lega-di-nichel-cromo-e-silicio","status":"publish","type":"product","link":"https:\/\/vimaterial.de\/it\/product\/lega-di-nichel-cromo-e-silicio\/","title":{"rendered":"Lega di nichel-cromo-silicio"},"content":{"rendered":"<p>I bersagli sputtering in lega di nichel-cromo-silicio sono bersagli metallici grigio argento realizzati fondendo nichel (Ni), cromo (Cr) e silicio (Si) in proporzioni specifiche. La combinazione atomica unica di nichel, cromo e silicio conferisce alla lega di nichel-cromo-silicio eccellenti propriet\u00e0 fisiche e chimiche, che vengono utilizzate principalmente nei settori dell&#8217;industria chimica, degli apparecchi elettronici ed elettrici, dell&#8217;aerospaziale e cos\u00ec via.<\/p>\n<p>I target forniti da VIMATERIAL sono caratterizzati da elevata purezza, composizione omogenea e buona densificazione. Siamo in grado di fornire prodotti personalizzati in base alle esigenze dei clienti e al servizio vincolante target. Il nostro team tecnico ha molta esperienza e pu\u00f2 fornirti un supporto tecnico professionale, <span style=\"color: #0000ff;\"><a style=\"color: #0000ff;\" href=\"https:\/\/vimaterial.de\/it\/contatto\/\">contattaci<\/a><\/span>.<\/p>\n<h2><span style=\"font-size: 14pt;\">Quali sono i vantaggi dei bersagli sputtering in lega di nichel-cromo-silicio?<\/span><\/h2>\n<p>Eccellenti propriet\u00e0 fisiche e chimiche, eccellente resistenza alle alte temperature e forte resistenza alla corrosione, stabile in ambienti corrosivi e ad alta temperatura, prolungandone la durata e garantendo le prestazioni del film.<\/p>\n<p>Buona compatibilit\u00e0 con il processo di sputtering, velocit\u00e0 di sputtering adeguata e pu\u00f2 essere efficacemente sputtered a bassa tensione, per migliorare l&#8217;efficienza della preparazione riducendo al contempo i requisiti per le apparecchiature e il consumo di energia;<\/p>\n<p>Buone caratteristiche di formazione del film, formazione del film di lega con eccellenti propriet\u00e0 elettriche, le propriet\u00e0 ottiche possono essere regolate per soddisfare le esigenze di diversi campi, come componenti elettronici e dispositivi ottici;<\/p>\n<p>Il basso costo complessivo, la composizione ecologica, la lunga durata, l&#8217;elevata efficienza di sputtering, possono ridurre una variet\u00e0 di costi nel ciclo di produzione, in modo conveniente.<\/p>\n<h2><span style=\"font-size: 14pt;\">Applicazioni<\/span><\/h2>\n<p>Campo elettronico ed elettrico: comunemente usato nella produzione di elementi riscaldanti, come forni elettrici, scaldabagni elettrici e altri apparecchi elettrici filo riscaldante. Il suo alto valore di resistenza e le buone prestazioni di resistenza alle alte temperature, possono generare rapidamente calore quando sono eccitati e funzionano stabilmente in ambienti ad alta temperatura, per garantire il riscaldamento efficiente e l&#8217;uso sicuro degli apparecchi elettrici. Allo stesso tempo, ci sono anche applicazioni nei componenti di protezione dei circuiti delle apparecchiature elettroniche, utilizzando il suo valore di resistenza a specifiche caratteristiche di variazione di temperatura, per ottenere la funzione di protezione da sovracorrente e surriscaldamento.<\/p>\n<p>Campo aerospaziale: utilizzato nella produzione di parti ad alta temperatura di motori aeronautici, come camere di combustione, pale di turbine, ecc. I bersagli sputtering in lega di nichel-cromo-silicio hanno un&#8217;eccellente resistenza alle alte temperature, resistenza all&#8217;ossidazione e resistenza alla fatica termica e sono in grado di resistere ai duri test dei motori aeronautici ad alte temperature, alte pressioni, alte velocit\u00e0 di rotazione e altre condizioni estreme, che pu\u00f2 migliorare efficacemente le prestazioni e l&#8217;affidabilit\u00e0 del motore e garantire la sicurezza del volo. Pu\u00f2 migliorare efficacemente le prestazioni e l&#8217;affidabilit\u00e0 del motore e garantire la sicurezza del volo.<\/p>\n<p>Industria chimica: come materiale resistente alla corrosione utilizzato nella produzione di reattori chimici, condutture e altre apparecchiature. Grazie alla sua buona resistenza alla corrosione a una variet\u00e0 di mezzi chimici, \u00e8 in grado di mantenere la stabilit\u00e0 in ambienti difficili come acidi e alcali forti, che possono prolungare efficacemente la durata delle apparecchiature chimiche, ridurre i costi di manutenzione delle apparecchiature e migliorare la sicurezza e la stabilit\u00e0 della produzione chimica.<\/p>\n<h2><span style=\"font-size: 14pt;\">Controllo qualit\u00e0<\/span><\/h2>\n<p><a href=\"https:\/\/vimaterial.de\/it\/controllo-qualita\/\"><span style=\"color: #0000ff;\">Un sistema completo di controllo<\/span><\/a> della qualit\u00e0 viene rigorosamente implementato durante la produzione di ogni lotto di prodotti. Vengono effettuati controlli rigorosi dalle materie prime ai prodotti finiti e i test delle propriet\u00e0 fisiche e le analisi microstrutturali dei prodotti dopo che i prodotti finiti vengono meticolosamente ispezionati e registrati e forniremo ai clienti rapporti di ispezione dettagliati in modo tempestivo e accurato.<\/p>\n<h2><span style=\"font-size: 14pt;\">Imballaggio e stoccaggio<\/span><\/h2>\n<p>I bersagli sputtering in lega di nichel-cromo-silicio sono confezionati sottovuoto e inseriti in casse di legno personalizzate ad alta resistenza per il rinforzo, per garantire la sicurezza e l&#8217;integrit\u00e0 del prodotto durante il trasporto a lunga distanza e lo stoccaggio a lungo termine.<\/p>\n<p>I bersagli sputtering in lega di nichel-cromo-silicio devono essere conservati in un ambiente asciutto e ventilato, privo di gas corrosivi e protetto da umidit\u00e0, pioggia e contatto con sostanze chimiche per mantenere le loro eccellenti prestazioni e soddisfare le esigenze dei clienti in ogni momento.<\/p>\n","protected":false},"excerpt":{"rendered":"<p>I bersagli sputtering in lega di nichel-cromo-silicio sono bersagli metallici grigio argento realizzati fondendo nichel (Ni), cromo (Cr) e silicio (Si) in proporzioni specifiche. La combinazione atomica unica di nichel, cromo e silicio conferisce alla lega di nichel-cromo silicio eccellenti propriet\u00e0 fisiche e chimiche, che vengono utilizzate principalmente nei settori dell&#8217;industria chimica, degli apparecchi elettronici ed elettrici, dell&#8217;aerospaziale e cos\u00ec via.<\/p>\n","protected":false},"featured_media":1037872,"comment_status":"open","ping_status":"closed","template":"","meta":{"_acf_changed":false},"product_brand":[],"product_cat":[197],"product_tag":[],"class_list":{"0":"post-1030795","1":"product","2":"type-product","3":"status-publish","4":"has-post-thumbnail","6":"product_cat-obiettivi-di-sputtering-planari","8":"first","9":"instock","10":"shipping-taxable","11":"product-type-variable"},"acf":[],"_links":{"self":[{"href":"https:\/\/vimaterial.de\/it\/wp-json\/wp\/v2\/product\/1030795","targetHints":{"allow":["GET"]}}],"collection":[{"href":"https:\/\/vimaterial.de\/it\/wp-json\/wp\/v2\/product"}],"about":[{"href":"https:\/\/vimaterial.de\/it\/wp-json\/wp\/v2\/types\/product"}],"replies":[{"embeddable":true,"href":"https:\/\/vimaterial.de\/it\/wp-json\/wp\/v2\/comments?post=1030795"}],"wp:featuredmedia":[{"embeddable":true,"href":"https:\/\/vimaterial.de\/it\/wp-json\/wp\/v2\/media\/1037872"}],"wp:attachment":[{"href":"https:\/\/vimaterial.de\/it\/wp-json\/wp\/v2\/media?parent=1030795"}],"wp:term":[{"taxonomy":"product_brand","embeddable":true,"href":"https:\/\/vimaterial.de\/it\/wp-json\/wp\/v2\/product_brand?post=1030795"},{"taxonomy":"product_cat","embeddable":true,"href":"https:\/\/vimaterial.de\/it\/wp-json\/wp\/v2\/product_cat?post=1030795"},{"taxonomy":"product_tag","embeddable":true,"href":"https:\/\/vimaterial.de\/it\/wp-json\/wp\/v2\/product_tag?post=1030795"}],"curies":[{"name":"wp","href":"https:\/\/api.w.org\/{rel}","templated":true}]}}