{"id":1030783,"date":"2024-06-27T19:45:29","date_gmt":"2024-06-27T11:45:29","guid":{"rendered":"https:\/\/vimaterial.de\/product\/siliciuro-di-nichel-3\/"},"modified":"2025-02-19T16:08:11","modified_gmt":"2025-02-19T08:08:11","slug":"siliciuro-di-nichel-3","status":"publish","type":"product","link":"https:\/\/vimaterial.de\/it\/product\/siliciuro-di-nichel-3\/","title":{"rendered":"Nichel Siliciuro"},"content":{"rendered":"<p>La polvere di <span style=\"color: #0000ff;\"><a style=\"color: #0000ff;\" href=\"https:\/\/vimaterial.de\/it\/product\/siliciuro-di-nichel\/\">nichel siliciuro Ni2Si<\/a> <\/span>\u00e8 un materiale in polvere ottenuto dalla fusione e dalla macinazione di nichel (Ni) e silicio (Si) in un rapporto atomico di 2:1. La combinazione atomica unica di nichel e silicio gli conferisce eccellenti propriet\u00e0 fisiche e chimiche ed \u00e8 utilizzato principalmente nei materiali elettronici, nella catalisi, nella metallurgia e in altri campi.<\/p>\n<p>Le polveri fornite da VIMATERIAL sono caratterizzate da elevata purezza, granulometria uniforme e buona stabilit\u00e0 chimica. Siamo in grado di fornire un servizio di personalizzazione del prodotto in base alle esigenze dei clienti, mentre i nostri prodotti sono confezionati in piccole confezioni, con piccoli MOQ, scorte di prodotto sufficienti e tempi di consegna brevi. Il nostro team tecnico ha molta esperienza e pu\u00f2 fornirti un supporto tecnico professionale, <span style=\"color: #0000ff;\"><a style=\"color: #0000ff;\" href=\"https:\/\/vimaterial.de\/it\/contatto\/\">contattaci<\/a><\/span>.<\/p>\n<h2><span style=\"font-size: 14pt;\">Caratteristiche<\/span><\/h2>\n<p>Formula molecolare: Ni2Si<\/p>\n<p>Peso molecolare: circa 129,41<\/p>\n<p>Aspetto: polvere grigio-nera<\/p>\n<p>Densit\u00e0: circa 7,2 &#8211; 7,3 g\/cm\u00b3.<\/p>\n<p>Punto di fusione: circa 1110\u00b0C<\/p>\n<p>Struttura cristallina: struttura cristallina tetragonale, questa struttura determina le sue prestazioni uniche nell&#8217;attivit\u00e0 di reazione chimica, nelle propriet\u00e0 elettriche e in altri aspetti.<\/p>\n<h2><span style=\"font-size: 14pt;\">Applicazioni<\/span><\/h2>\n<p>Campo dei materiali elettronici: come additivo chiave per le paste elettroniche, la polvere di Ni2Si pu\u00f2 migliorare significativamente la conduttivit\u00e0 e l&#8217;adesione delle paste. \u00c8 ampiamente utilizzato nel collegamento di elettrodi nella produzione di chip e nella produzione di circuiti stampati, ecc. Pu\u00f2 migliorare l&#8217;affidabilit\u00e0 della connessione tra i componenti elettronici, ridurre la resistenza e migliorare l&#8217;efficienza operativa delle apparecchiature elettroniche.<\/p>\n<p>Metallurgia: nella preparazione di leghe speciali, l&#8217;aggiunta di polvere di Ni2Si pu\u00f2 migliorare efficacemente la forza, la durezza e la resistenza al calore della lega. Ad esempio, nella produzione di leghe ad alta temperatura, l&#8217;aggiunta di polvere Ni2Si pu\u00f2 migliorare la resistenza all&#8217;ossidazione e la stabilit\u00e0 strutturale delle leghe in ambienti ad alta temperatura, in modo che siano adatte per la produzione di parti ad alta temperatura di motori aeronautici e componenti resistenti al calore di forni industriali.<\/p>\n<p>Campo del catalizzatore: la polvere di Ni2Si ha una certa attivit\u00e0 catalitica e pu\u00f2 essere utilizzata come catalizzatore o vettore del catalizzatore in alcune reazioni di sintesi organica. Ad esempio, nella reazione di idrogenazione, nella reazione di deidrogenazione e in altri processi, pu\u00f2 ridurre l&#8217;energia di attivazione della reazione, migliorare la velocit\u00e0 di reazione e la selettivit\u00e0, il che pu\u00f2 aiutare il processo di produzione chimica a essere eseguito in modo efficiente e ridurre i costi di produzione.<\/p>\n<h2><span style=\"font-size: 14pt;\">Controllo qualit\u00e0<\/span><\/h2>\n<p><span style=\"color: #0000ff;\"><a style=\"color: #0000ff;\" href=\"https:\/\/vimaterial.de\/it\/controllo-qualita\/\">Il processo di produzione<\/a> <\/span>di ogni lotto di polvere segue rigorosamente il sistema internazionale di controllo della qualit\u00e0 avanzato. Controlli rigorosi vengono effettuati in ogni fase, dalle materie prime, alla produzione fino al controllo del prodotto finito. L&#8217;ispezione comprende la diffrazione di raggi X (XRD), il microscopio elettronico a scansione (SEM), l&#8217;analisi delle dimensioni delle particelle laser, la composizione della polvere, le propriet\u00e0 fisiche (come densit\u00e0 apparente, densit\u00e0 di vibrazione, ecc.), la composizione chimica e la microstruttura.<\/p>\n<h2><span style=\"font-size: 14pt;\">Imballaggio e stoccaggio<\/span><\/h2>\n<p>Le polveri di Nichel Siliciuro Ni2Si sono confezionate sottovuoto in flaconi, riempite di schiuma, in cartoni personalizzati.<\/p>\n<p>La polvere di nichel siliciuro Ni2Si \u00e8 confezionata sottovuoto e posta in un ambiente asciutto e ventilato, evitando la luce solare diretta, e la temperatura deve essere mantenuta bassa e stabile.<\/p>\n","protected":false},"excerpt":{"rendered":"<p>La polvere di <span style=\"color: #0000ff;\"><a style=\"color: #0000ff;\" href=\"https:\/\/vimaterial.de\/it\/product\/siliciuro-di-nichel\/\">nichel siliciuro Ni2Si<\/a> <\/span>\u00e8 un materiale in polvere ottenuto dalla fusione e dalla macinazione di nichel (Ni) e silicio (Si) in un rapporto atomico di 2:1. La combinazione atomica unica di nichel e silicio gli conferisce eccellenti propriet\u00e0 fisiche e chimiche ed \u00e8 utilizzato principalmente nei materiali elettronici, nella catalisi, nella metallurgia e in altri campi.<\/p>\n","protected":false},"featured_media":1034808,"comment_status":"open","ping_status":"closed","template":"","meta":{"_acf_changed":false},"product_brand":[],"product_cat":[202],"product_tag":[],"class_list":{"0":"post-1030783","1":"product","2":"type-product","3":"status-publish","4":"has-post-thumbnail","6":"product_cat-materiali-c-n-b-si","8":"first","9":"instock","10":"shipping-taxable","11":"product-type-variable"},"acf":[],"_links":{"self":[{"href":"https:\/\/vimaterial.de\/it\/wp-json\/wp\/v2\/product\/1030783","targetHints":{"allow":["GET"]}}],"collection":[{"href":"https:\/\/vimaterial.de\/it\/wp-json\/wp\/v2\/product"}],"about":[{"href":"https:\/\/vimaterial.de\/it\/wp-json\/wp\/v2\/types\/product"}],"replies":[{"embeddable":true,"href":"https:\/\/vimaterial.de\/it\/wp-json\/wp\/v2\/comments?post=1030783"}],"wp:featuredmedia":[{"embeddable":true,"href":"https:\/\/vimaterial.de\/it\/wp-json\/wp\/v2\/media\/1034808"}],"wp:attachment":[{"href":"https:\/\/vimaterial.de\/it\/wp-json\/wp\/v2\/media?parent=1030783"}],"wp:term":[{"taxonomy":"product_brand","embeddable":true,"href":"https:\/\/vimaterial.de\/it\/wp-json\/wp\/v2\/product_brand?post=1030783"},{"taxonomy":"product_cat","embeddable":true,"href":"https:\/\/vimaterial.de\/it\/wp-json\/wp\/v2\/product_cat?post=1030783"},{"taxonomy":"product_tag","embeddable":true,"href":"https:\/\/vimaterial.de\/it\/wp-json\/wp\/v2\/product_tag?post=1030783"}],"curies":[{"name":"wp","href":"https:\/\/api.w.org\/{rel}","templated":true}]}}