{"id":1030774,"date":"2024-06-27T19:45:28","date_gmt":"2024-06-27T11:45:28","guid":{"rendered":"https:\/\/vimaterial.de\/product\/nichel-metallico-9\/"},"modified":"2025-02-19T17:09:58","modified_gmt":"2025-02-19T09:09:58","slug":"nichel-metallico-9","status":"publish","type":"product","link":"https:\/\/vimaterial.de\/it\/product\/nichel-metallico-9\/","title":{"rendered":"Nichel metallico"},"content":{"rendered":"<p>I bersagli <span style=\"color: #0000ff;\"><a style=\"color: #0000ff;\" href=\"https:\/\/vimaterial.de\/it\/product\/nichel-metallico-6\/\">rotanti in nichel<\/a><\/span> sono realizzati in nichel (Ni) ad alta purezza, che possiede propriet\u00e0 come una migliore duttilit\u00e0, magnetismo, buona stabilit\u00e0 e conduttivit\u00e0 elettrica e svolge un ruolo importante in molte aree critiche, principalmente nell&#8217;informazione elettronica, nell&#8217;ottica e nelle batterie.<\/p>\n<p>I target rotanti in nichel forniti da VIMATERIAL sono caratterizzati da elevata purezza, composizione omogenea e buona densificazione. Siamo in grado di fornire prodotti personalizzati in base alle esigenze dei clienti e ai servizi di rilegatura mirata. Il nostro team tecnico ha molta esperienza e pu\u00f2 fornirti un supporto tecnico professionale, <span style=\"color: #0000ff;\"><a style=\"color: #0000ff;\" href=\"https:\/\/vimaterial.de\/it\/contatto\/\">contattaci<\/a><\/span>.<\/p>\n<h2><span style=\"font-size: 14pt;\">Caratteristiche<\/span><\/h2>\n<p>Formula molecolare: Ni<\/p>\n<p>Peso molecolare: circa 58,69<\/p>\n<p>Aspetto: lucentezza bianco-argento con trama metallica<\/p>\n<p>Densit\u00e0: circa 8.908g\/cm\u00b3.<\/p>\n<p>Punto di fusione: circa 1453\u00b0C<\/p>\n<p>Punto di ebollizione: circa 2913\u00b0C<\/p>\n<p>Struttura cristallina: struttura cristallina cubica a facce centrate (FCC), questa struttura conferisce al nichel una buona duttilit\u00e0 e plasticit\u00e0, ma influisce anche sulle sue propriet\u00e0 elettriche e termiche.<\/p>\n<h2><span style=\"font-size: 14pt;\">Applicazione<\/span><\/h2>\n<p>Campo dell&#8217;informazione elettronica: nella produzione di semiconduttori, i film sottili di nichel vengono preparati mediante la tecnologia di deposizione fisica da vapore (PVD) utilizzando bersagli rotanti di nichel, che vengono utilizzati per produrre strati di interconnessione metallica e strati barriera nei circuiti integrati. La buona conduttivit\u00e0 e stabilit\u00e0 del nichel aiutano a migliorare le prestazioni e l&#8217;affidabilit\u00e0 del chip e garantiscono il funzionamento efficiente delle apparecchiature elettroniche.<\/p>\n<p>Campo di rivestimento ottico: viene utilizzato nella preparazione di lenti ottiche, specchi e altri elementi ottici. Il film di nichel pu\u00f2 migliorare la riflettivit\u00e0, la resistenza all&#8217;usura e altre propriet\u00e0 dei componenti ottici, ampiamente utilizzati negli obiettivi delle fotocamere, negli obiettivi dei telescopi, ecc., Per migliorare la qualit\u00e0 dell&#8217;imaging e la durata dei prodotti ottici.<\/p>\n<p>Campo delle batterie: Nella preparazione dei materiali degli elettrodi per batterie al nichel-metallo idruro, batterie al nichel-cadmio e altre batterie, i bersagli rotanti al nichel svolgono un ruolo importante. L&#8217;elettrodo a film sottile di nichel formato dallo sputtering pu\u00f2 migliorare le prestazioni di carica e scarica, la durata del ciclo e la stabilit\u00e0 della batteria, per soddisfare le esigenze di diversi dispositivi sulle prestazioni della batteria.<\/p>\n<h2><span style=\"font-size: 14pt;\">Controllo qualit\u00e0<\/span><\/h2>\n<p>Un sistema completo di <span style=\"color: #0000ff;\"><a style=\"color: #0000ff;\" href=\"https:\/\/vimaterial.de\/it\/controllo-qualita\/\">controllo della qualit\u00e0<\/a><\/span> \u00e8 rigorosamente implementato per ogni lotto di obiettivi durante il processo di produzione. Dallo screening e dal collaudo delle materie prime, al controllo preciso della composizione e al monitoraggio dei parametri di processo durante il processo produttivo, al collaudo delle propriet\u00e0 fisiche (come durezza, densit\u00e0, conducibilit\u00e0 elettrica, ecc.), all&#8217;analisi della composizione chimica e al collaudo della microstruttura del prodotto finito, ogni fase del processo \u00e8 sottoposta a test meticolosi. Inoltre, forniremo ai clienti rapporti di prova dettagliati in modo tempestivo e accurato per garantire che i clienti siano completamente certi della qualit\u00e0 dei nostri prodotti.<\/p>\n<h2><span style=\"font-size: 14pt;\">Imballaggio e stoccaggio<\/span><\/h2>\n<p>I bersagli rotanti in nichel sono insaccati sottovuoto e collocati in casse di legno ad alta resistenza personalizzate per il rinforzo per garantire la sicurezza e l&#8217;integrit\u00e0 del prodotto durante il trasporto a lunga distanza e lo stoccaggio a lungo termine.<\/p>\n<p>I bersagli rotanti in nichel sono confezionati sottovuoto e devono essere conservati in un ambiente asciutto e ventilato senza gas corrosivi per evitare umidit\u00e0 e ossidazione.<\/p>\n","protected":false},"excerpt":{"rendered":"<p>I bersagli <span style=\"color: #0000ff;\"><a style=\"color: #0000ff;\" href=\"https:\/\/vimaterial.de\/it\/product\/nichel-metallico-6\/\">rotanti in nichel<\/a><\/span> sono realizzati in nichel (Ni) ad alta purezza, che possiede propriet\u00e0 come una migliore duttilit\u00e0, magnetismo, buona stabilit\u00e0 e conduttivit\u00e0 elettrica e svolge un ruolo importante in molte aree critiche, principalmente nell&#8217;informazione elettronica, nell&#8217;ottica e nelle batterie.<\/p>\n<p>&nbsp;<\/p>\n","protected":false},"featured_media":1034803,"comment_status":"open","ping_status":"closed","template":"","meta":{"_acf_changed":false},"product_brand":[],"product_cat":[209],"product_tag":[],"class_list":{"0":"post-1030774","1":"product","2":"type-product","3":"status-publish","4":"has-post-thumbnail","6":"product_cat-obiettivi-di-sputtering-rotanti","8":"first","9":"instock","10":"shipping-taxable","11":"product-type-variable"},"acf":[],"_links":{"self":[{"href":"https:\/\/vimaterial.de\/it\/wp-json\/wp\/v2\/product\/1030774","targetHints":{"allow":["GET"]}}],"collection":[{"href":"https:\/\/vimaterial.de\/it\/wp-json\/wp\/v2\/product"}],"about":[{"href":"https:\/\/vimaterial.de\/it\/wp-json\/wp\/v2\/types\/product"}],"replies":[{"embeddable":true,"href":"https:\/\/vimaterial.de\/it\/wp-json\/wp\/v2\/comments?post=1030774"}],"wp:featuredmedia":[{"embeddable":true,"href":"https:\/\/vimaterial.de\/it\/wp-json\/wp\/v2\/media\/1034803"}],"wp:attachment":[{"href":"https:\/\/vimaterial.de\/it\/wp-json\/wp\/v2\/media?parent=1030774"}],"wp:term":[{"taxonomy":"product_brand","embeddable":true,"href":"https:\/\/vimaterial.de\/it\/wp-json\/wp\/v2\/product_brand?post=1030774"},{"taxonomy":"product_cat","embeddable":true,"href":"https:\/\/vimaterial.de\/it\/wp-json\/wp\/v2\/product_cat?post=1030774"},{"taxonomy":"product_tag","embeddable":true,"href":"https:\/\/vimaterial.de\/it\/wp-json\/wp\/v2\/product_tag?post=1030774"}],"curies":[{"name":"wp","href":"https:\/\/api.w.org\/{rel}","templated":true}]}}