{"id":1030741,"date":"2024-06-27T19:43:49","date_gmt":"2024-06-27T11:43:49","guid":{"rendered":"https:\/\/vimaterial.de\/product\/subossido-di-titanio-4\/"},"modified":"2025-02-19T18:41:07","modified_gmt":"2025-02-19T10:41:07","slug":"subossido-di-titanio-4","status":"publish","type":"product","link":"https:\/\/vimaterial.de\/it\/product\/subossido-di-titanio-4\/","title":{"rendered":"Subossido di titanio"},"content":{"rendered":"<p>I bersagli rotanti<a href=\"https:\/\/vimaterial.de\/it\/product\/subossido-di-titanio-3\/\"><span style=\"color: #0000ff;\"> Subossido di titani<\/span>o<\/a>\u00a0sono sintetizzati mediante un processo specifico di titanio e ossigeno, con una lucentezza metallica grigio-nera e una struttura cristallina cubica di tipo cloruro di sodio, e sono ampiamente utilizzati in rivestimenti ottici, materiali elettronici, rivestimenti resistenti alla corrosione e altri campi.<\/p>\n<p>I bersagli per tubi forniti da VIMATERIAL sono caratterizzati da elevata purezza, composizione omogenea e buone densit\u00e0. Siamo in grado di fornire servizi personalizzati in base alle esigenze del cliente, come la regolazione della dimensione del target, l&#8217;ottimizzazione del rapporto di composizione, ecc. Forniamo anche soluzioni professionali di imballaggio e spedizione. Il nostro team tecnico ha una vasta esperienza e pu\u00f2 fornirti un supporto tecnico professionale, <span style=\"color: #0000ff;\"><a style=\"color: #0000ff;\" href=\"https:\/\/vimaterial.de\/it\/contatto\/\">contattaci<\/a><\/span>.<\/p>\n<h2><span style=\"font-size: 14pt;\">Caratteristiche<\/span><\/h2>\n<p>Formula molecolare: TiO<\/p>\n<p>Peso molecolare: circa 63,87<\/p>\n<p>Aspetto: lucentezza metallizzata grigio-nera<\/p>\n<p>Densit\u00e0: circa 4,93 g\/cm\u00b3.<\/p>\n<p>Punto di fusione: circa 1750\u00b0C<\/p>\n<p>Struttura cristallina: Appartiene alla struttura cristallina cubica del tipo cloruro di sodio, con atomi di titanio e ossigeno disposti in modo ordinato nel reticolo cristallino. Questa struttura ha un&#8217;influenza importante sulla stabilit\u00e0 elettrica, ottica e chimica del monossido di titanio.<\/p>\n<h2><span style=\"font-size: 14pt;\">Applicazione<\/span><\/h2>\n<p>Rivestimento ottico: attraverso il processo di deposizione fisica da vapore (PVD), i bersagli rotanti di monossido di titanio possono essere preparati per produrre film sottili con speciali propriet\u00e0 ottiche. Questi film hanno un alto indice di rifrazione e una buona trasmissione della luce e sono comunemente usati nella produzione di lenti ottiche, filtri, pellicole per il miglioramento della trasmittanza e altri componenti ottici.<\/p>\n<p>Campo dei materiali elettronici: il sottoossido di titanio ha un certo grado di conduttivit\u00e0 e propriet\u00e0 elettriche uniche, pu\u00f2 essere utilizzato nella produzione di dispositivi elettronici nei materiali degli elettrodi, materiali resistivi e dispositivi a semiconduttore, come lo strato tampone. In alcuni nuovi dispositivi elettronici, l&#8217;uso delle caratteristiche del monossido di titanio pu\u00f2 ottimizzare le prestazioni del dispositivo.<\/p>\n<p>Rivestimenti resistenti alla corrosione: grazie alla sua buona stabilit\u00e0 chimica e alla certa durezza, i rivestimenti preparati da bersagli rotanti di subossido di titanio possono migliorare efficacemente la resistenza alla corrosione dei materiali metallici.<\/p>\n<h2><span style=\"font-size: 14pt;\">Controllo qualit\u00e0<\/span><\/h2>\n<p>Per ogni lotto di produzione viene implementato <span style=\"color: #0000ff;\"><a style=\"color: #0000ff;\" href=\"https:\/\/vimaterial.de\/it\/controllo-qualita\/\">un rigoroso<\/a><\/span> sistema di controllo della qualit\u00e0 e vengono eseguiti test dettagliati in tutti gli aspetti, dal contenuto della composizione, alle propriet\u00e0 fisiche alla microstruttura e vengono forniti rapporti di prova dettagliati in modo tempestivo e accurato.<\/p>\n<h2><span style=\"font-size: 14pt;\">Imballaggio e stoccaggio<\/span><\/h2>\n<p>I bersagli rotanti in titanio subossido vengono insaccati e collocati in casse di legno personalizzate professionalmente, riempite di schiuma per garantire un trasporto sicuro.<\/p>\n<p>I bersagli rotanti in subossido di titanio devono essere conservati in un ambiente asciutto e ventilato, privo di gas corrosivi e luce solare diretta, con temperatura e umidit\u00e0 adeguate.<\/p>\n","protected":false},"excerpt":{"rendered":"<p>I bersagli rotanti<a href=\"https:\/\/vimaterial.de\/it\/product\/subossido-di-titanio-3\/\"><span style=\"color: #0000ff;\"> Subossido di titani<\/span>o<\/a>\u00a0sono sintetizzati mediante un processo specifico di titanio e ossigeno, con una lucentezza metallica grigio-nera e una struttura cristallina cubica di tipo cloruro di sodio, e sono ampiamente utilizzati in rivestimenti ottici, materiali elettronici, rivestimenti resistenti alla corrosione e altri campi.<\/p>\n","protected":false},"featured_media":1034788,"comment_status":"open","ping_status":"closed","template":"","meta":{"_acf_changed":false},"product_brand":[],"product_cat":[209],"product_tag":[],"class_list":{"0":"post-1030741","1":"product","2":"type-product","3":"status-publish","4":"has-post-thumbnail","6":"product_cat-obiettivi-di-sputtering-rotanti","8":"first","9":"instock","10":"shipping-taxable","11":"product-type-variable"},"acf":[],"_links":{"self":[{"href":"https:\/\/vimaterial.de\/it\/wp-json\/wp\/v2\/product\/1030741","targetHints":{"allow":["GET"]}}],"collection":[{"href":"https:\/\/vimaterial.de\/it\/wp-json\/wp\/v2\/product"}],"about":[{"href":"https:\/\/vimaterial.de\/it\/wp-json\/wp\/v2\/types\/product"}],"replies":[{"embeddable":true,"href":"https:\/\/vimaterial.de\/it\/wp-json\/wp\/v2\/comments?post=1030741"}],"wp:featuredmedia":[{"embeddable":true,"href":"https:\/\/vimaterial.de\/it\/wp-json\/wp\/v2\/media\/1034788"}],"wp:attachment":[{"href":"https:\/\/vimaterial.de\/it\/wp-json\/wp\/v2\/media?parent=1030741"}],"wp:term":[{"taxonomy":"product_brand","embeddable":true,"href":"https:\/\/vimaterial.de\/it\/wp-json\/wp\/v2\/product_brand?post=1030741"},{"taxonomy":"product_cat","embeddable":true,"href":"https:\/\/vimaterial.de\/it\/wp-json\/wp\/v2\/product_cat?post=1030741"},{"taxonomy":"product_tag","embeddable":true,"href":"https:\/\/vimaterial.de\/it\/wp-json\/wp\/v2\/product_tag?post=1030741"}],"curies":[{"name":"wp","href":"https:\/\/api.w.org\/{rel}","templated":true}]}}