{"id":1030726,"date":"2024-06-27T19:42:45","date_gmt":"2024-06-27T11:42:45","guid":{"rendered":"https:\/\/vimaterial.de\/product\/biossido-di-silicio-6\/"},"modified":"2025-02-20T17:52:41","modified_gmt":"2025-02-20T09:52:41","slug":"diossido-del-silicone-6","status":"publish","type":"product","link":"https:\/\/vimaterial.de\/it\/product\/diossido-del-silicone-6\/","title":{"rendered":"Diossido del silicone"},"content":{"rendered":"<p><span style=\"color: #0000ff;\"><a style=\"color: #0000ff;\" href=\"https:\/\/vimaterial.de\/it\/product\/biossido-di-silicio-5\/\">L&#8217;anello di diossido del silicone<\/a><\/span> \u00e8 un materiale inorganico non metallico incolore, trasparente e chimicamente stabile composto da silicio e ossigeno, che viene utilizzato principalmente nei settori dell&#8217;ottica, dei materiali elettronici, della comunicazione in fibra ottica e cos\u00ec via.<\/p>\n<p>VIMATERIAL si concentra sulla produzione di materiali di alta qualit\u00e0. I nostri anelli di diossido del silicone presentano i vantaggi di un&#8217;elevata purezza, un&#8217;elevata precisione dimensionale e prestazioni stabili. Siamo in grado di fornire un servizio personalizzato in base alle esigenze specifiche del cliente e possiamo anche fornire un servizio di rilegatura mirata. Il nostro team tecnico \u00e8 esperto e pu\u00f2 fornirti un supporto tecnico professionale in qualsiasi momento, <span style=\"color: #0000ff;\"><a style=\"color: #0000ff;\" href=\"https:\/\/vimaterial.de\/it\/contatto\/\">contattaci<\/a><\/span>.<\/p>\n<h2><span style=\"font-size: 14pt;\">Caratteristiche<\/span><\/h2>\n<p>Formula molecolare: SiO\u2082<\/p>\n<p>Peso molecolare: circa 60,08<\/p>\n<p>Aspetto: incolore e trasparente con lucentezza vetrosa<\/p>\n<p>Densit\u00e0: circa 2,20 g\/cm\u00b3.<\/p>\n<p>Punto di fusione: circa 1713\u00b0C<\/p>\n<p>Struttura cristallina: in generale, l&#8217;anello SiO\u2082 \u00e8 una struttura amorfa con ordinamento a corto raggio e disordine a lungo raggio degli atomi. Questa struttura conferisce al prodotto una buona omogeneit\u00e0 ottica e stabilit\u00e0 chimica.<\/p>\n<h2><span style=\"font-size: 14pt;\">Applicazioni<\/span><\/h2>\n<p>Campo ottico: nel rivestimento ottico, l&#8217;anello di diossido del silicone pu\u00f2 essere utilizzato per preparare pellicole ottiche come pellicole di miglioramento della trasmittanza e pellicole riflettenti dopo un processo speciale. Questi film possono regolare efficacemente la trasmittanza e la riflettanza della luce e sono ampiamente utilizzati in lenti ottiche, telescopi, microscopi e altri strumenti ottici per migliorare la qualit\u00e0 dell&#8217;immagine.<\/p>\n<p>Campo dei materiali elettronici: L&#8217;anello SiO\u2082 \u00e8 un importante materiale isolante nel processo di produzione dei semiconduttori. Nella produzione di circuiti integrati, pu\u00f2 essere utilizzato per realizzare strati isolanti per isolare diverse aree conduttive, prevenire fenomeni di perdita e garantire il normale funzionamento dei dispositivi elettronici.<\/p>\n<p>Comunicazione in fibra ottica: il SiO\u2082 \u00e8 il materiale principale utilizzato nella produzione di fibre ottiche e gli anelli di SiO\u2082 svolgono un ruolo chiave nel processo di produzione delle fibre ottiche. Pu\u00f2 essere utilizzato come parte della preforma in fibra ottica e influisce sulla distribuzione dell&#8217;indice di rifrazione e sulle propriet\u00e0 ottiche della fibra.<\/p>\n<h2><span style=\"font-size: 14pt;\">Controllo qualit\u00e0<\/span><\/h2>\n<p>Per ogni lotto di prodotti viene implementato <span style=\"color: #0000ff;\"><a style=\"color: #0000ff;\" href=\"https:\/\/vimaterial.de\/it\/controllo-qualita\/\">un rigoroso<\/a><\/span> sistema di controllo della qualit\u00e0. Dalla selezione delle materie prime alla consegna del prodotto finale, ogni passaggio viene testato nei minimi dettagli. Gli elementi di prova coprono tutti gli aspetti come la purezza della composizione, la densit\u00e0, l&#8217;accuratezza dimensionale, le propriet\u00e0 ottiche, la qualit\u00e0 della superficie, ecc. Inoltre, forniremo ai clienti rapporti di prova dettagliati in modo tempestivo e accurato per garantire che la qualit\u00e0 dei prodotti soddisfi le esigenze dei clienti.<\/p>\n<h2><span style=\"font-size: 14pt;\">Imballaggio e stoccaggio<\/span><\/h2>\n<p>Gli anelli di diossido del silicone e sono imballati con materiale morbido e quindi inseriti in scatole di cartone personalizzate o casse di legno per garantire che non vengano danneggiati da collisioni durante il trasporto.<\/p>\n<p>Gli anelli di diossido del silicone devono essere conservati in un ambiente asciutto e pulito, evitando il contatto con sostanze corrosive come acidi e alcali. La temperatura dell&#8217;ambiente di stoccaggio deve essere mantenuta relativamente stabile, evitando drastici sbalzi di temperatura e la luce solare diretta.<\/p>\n","protected":false},"excerpt":{"rendered":"<p><span style=\"color: #0000ff;\"><a style=\"color: #0000ff;\" href=\"https:\/\/vimaterial.de\/it\/product\/biossido-di-silicio-5\/\">L&#8217;anello di diossido del silicone<\/a><\/span> \u00e8 un materiale inorganico non metallico incolore, trasparente e chimicamente stabile composto da silicio e ossigeno, che viene utilizzato principalmente nei settori dell&#8217;ottica, dei materiali elettronici, della comunicazione in fibra ottica e cos\u00ec via.<\/p>\n","protected":false},"featured_media":1034783,"comment_status":"open","ping_status":"closed","template":"","meta":{"_acf_changed":false},"product_brand":[],"product_cat":[209],"product_tag":[],"class_list":{"0":"post-1030726","1":"product","2":"type-product","3":"status-publish","4":"has-post-thumbnail","6":"product_cat-obiettivi-di-sputtering-rotanti","8":"first","9":"instock","10":"shipping-taxable","11":"product-type-variable"},"acf":[],"_links":{"self":[{"href":"https:\/\/vimaterial.de\/it\/wp-json\/wp\/v2\/product\/1030726","targetHints":{"allow":["GET"]}}],"collection":[{"href":"https:\/\/vimaterial.de\/it\/wp-json\/wp\/v2\/product"}],"about":[{"href":"https:\/\/vimaterial.de\/it\/wp-json\/wp\/v2\/types\/product"}],"replies":[{"embeddable":true,"href":"https:\/\/vimaterial.de\/it\/wp-json\/wp\/v2\/comments?post=1030726"}],"wp:featuredmedia":[{"embeddable":true,"href":"https:\/\/vimaterial.de\/it\/wp-json\/wp\/v2\/media\/1034783"}],"wp:attachment":[{"href":"https:\/\/vimaterial.de\/it\/wp-json\/wp\/v2\/media?parent=1030726"}],"wp:term":[{"taxonomy":"product_brand","embeddable":true,"href":"https:\/\/vimaterial.de\/it\/wp-json\/wp\/v2\/product_brand?post=1030726"},{"taxonomy":"product_cat","embeddable":true,"href":"https:\/\/vimaterial.de\/it\/wp-json\/wp\/v2\/product_cat?post=1030726"},{"taxonomy":"product_tag","embeddable":true,"href":"https:\/\/vimaterial.de\/it\/wp-json\/wp\/v2\/product_tag?post=1030726"}],"curies":[{"name":"wp","href":"https:\/\/api.w.org\/{rel}","templated":true}]}}